{"id":466,"date":"2026-03-18T05:39:59","date_gmt":"2026-03-18T05:39:59","guid":{"rendered":"https:\/\/soydeaqui.ddns.net\/pachuca\/index.php\/producto\/minisplit-aufit-triple-inverter-seer-19-24000-btus-2-ton-r32-solo-frio-220-vca-filtro-de-salud-compatible-con-alexa-y-google\/"},"modified":"2026-03-18T05:40:00","modified_gmt":"2026-03-18T05:40:00","slug":"minisplit-aufit-triple-inverter-seer-19-24000-btus-2-ton-r32-solo-frio-220-vca-filtro-de-salud-compatible-con-alexa-y-google","status":"publish","type":"product","link":"https:\/\/soydeaqui.ddns.net\/pachuca\/index.php\/producto\/minisplit-aufit-triple-inverter-seer-19-24000-btus-2-ton-r32-solo-frio-220-vca-filtro-de-salud-compatible-con-alexa-y-google\/","title":{"rendered":"Minisplit AUFIT \/  Triple Inverter \/ SEER 19 \/ 24,000 BTUs ( 2 TON ) \/ R32 \/ Solo Fr\u00edo \/ 220 Vca \/ Filtro de salud \/ Compatible con  Alexa y Google."},"content":{"rendered":"<div style='width: 100%; max-width: 1200px; margin: 0 auto; font-family: sans-serif; line-height: 1.6; color: inherit; background-color: transparent;'> <!-- Secci\u00f3n de cards con caracter\u00edsticas --> <\/p>\n<div style='display: flex; flex-wrap: wrap; gap: 20px; margin-bottom: 30px;'> <!-- Card Caracter\u00edsticas principales --> <\/p>\n<div style='flex: 1 1 300px; border: 1px solid rgba(150&comma; 150&comma; 150&comma; 0.4); border-radius: 8px; overflow: hidden; display: flex; flex-direction: column;'>\n<div style='padding: 15px; border-bottom: 1px solid rgba(150&comma; 150&comma; 150&comma; 0.2); font-weight: bold; font-size: 18px; color: inherit;'>Caracter\u00edsticas principales:<\/div>\n<div style='padding: 15px; color: inherit;'>\n<ul style='padding-left: 20px; margin: 0; font-size: 14px; list-style-type: disc;'>\n<li style='margin-bottom: 5px;'>Viento 4D<\/li>\n<li style='margin-bottom: 5px;'>Extracci\u00f3n directa de tarjeta electr\u00f3nica IDU<\/li>\n<li style='margin-bottom: 5px;'>R\u00e1pido enfriamiento de 6<span style='color: inherit; font-family: arial&comma; helvetica&comma; sans-serif; font-size: 14px; background-color: transparent;'> \u00b0C<\/span> en 10 minutos<\/li>\n<li style='margin-bottom: 5px;'>M\u00f3dulo <strong>WIFI<\/strong><\/li>\n<li style='margin-bottom: 5px;'>Tecnolog\u00eda: <strong>TRIPLE INVERTER<\/strong><\/li>\n<li style='margin-bottom: 5px;'><strong>SEER: 19<\/strong> (Relaci\u00f3n de eficiencia de energ\u00eda de estaci\u00f3n)<\/li>\n<li style='margin-bottom: 5px;'><strong>Modo: Fr\u00edo<\/strong><\/li>\n<li style='margin-bottom: 5px;'>Filtro de alta densidad<\/li>\n<li style='margin-bottom: 5px;'>Limpieza autom\u00e1tica<\/li>\n<li style='margin-bottom: 5px;'>Auto diagn\u00f3stico<\/li>\n<li style='margin-bottom: 5px;'>Eco friendly<\/li>\n<li style='margin-bottom: 5px;'>Aplicaci\u00f3n m\u00f3vil gratuita<\/li>\n<li style='margin-bottom: 5px;'>Integraci\u00f3n: <strong>Alexa y Google Home<\/strong><\/li>\n<li style='margin-bottom: 5px;'>Garant\u00eda Unidad completa: <strong>3 a\u00f1os<\/strong><\/li>\n<li style='margin-bottom: 5px;'>Garant\u00eda Compresor: <strong>10 a\u00f1os<\/strong><\/li>\n<li style='margin-bottom: 5px;'>Garant\u00eda Resto de los componentes: <strong>2 a\u00f1os<\/strong><\/li>\n<li style='margin-bottom: 5px;'><strong>Para obtener la garant\u00eda&comma; es necesario sea evaluada por centro de servicio<\/strong><\/li>\n<\/ul><\/div>\n<\/p><\/div>\n<p> <!-- Card Caracter\u00edsticas F\u00edsicas y El\u00e9ctricas --> <\/p>\n<div style='flex: 1 1 300px; border: 1px solid rgba(150&comma; 150&comma; 150&comma; 0.4); border-radius: 8px; overflow: hidden; display: flex; flex-direction: column;'>\n<div style='padding: 15px; border-bottom: 1px solid rgba(150&comma; 150&comma; 150&comma; 0.2); font-weight: bold; font-size: 18px; color: inherit;'>Caracter\u00edsticas F\u00edsicas y El\u00e9ctricas:<\/div>\n<div style='padding: 15px; color: inherit;'>\n<ul style='padding-left: 20px; margin: 0; font-size: 14px; list-style-type: disc;'>\n<li style='margin-bottom: 5px;'>Potencia en refrigeraci\u00f3n: <strong>1&comma;115 W<\/strong><\/li>\n<li style='margin-bottom: 5px;'>Capacidad: 2 Toneladas (24&comma;000 BTU)<\/li>\n<li style='margin-bottom: 5px;'>Alimentaci\u00f3n: 220 Vca \/ 60 Hz<\/li>\n<li style='margin-bottom: 5px;'>Refrigerante ecol\u00f3gico: R32<\/li>\n<li style='margin-bottom: 5px;'>Peso unidad interior: 7.5 Kg<\/li>\n<li style='margin-bottom: 5px;'>Peso unidad exterior: 20.5 Kg<\/li>\n<li style='margin-bottom: 5px;'>Medidas unidad interior: 762 x 295 x 200 mm<\/li>\n<li style='margin-bottom: 5px;'>Medidas unidad exterior: 810 x 352 x 252 mm<\/li>\n<li style='margin-bottom: 5px;'>Longitud de tuber\u00eda de cobre: 3 metros<\/li>\n<li style='margin-bottom: 5px;'>Di\u00e1metros tuber\u00edas de cobre: 1\/4&#8242; y 5\/8&#8242;<\/li>\n<li style='margin-bottom: 5px;'>Longitud de tuber\u00eda de desague: 2.10 metros<\/li>\n<li style='margin-bottom: 5px;'>Di\u00e1metro tuber\u00edas de desag\u00fce: 11\/16&#8242;<\/li>\n<\/ul><\/div>\n<\/p><\/div>\n<p> <!-- Card Caracter\u00edsticas Destacadas --> <\/p>\n<div style='flex: 1 1 300px; border: 1px solid rgba(150&comma; 150&comma; 150&comma; 0.4); border-radius: 8px; overflow: hidden; display: flex; flex-direction: column;'>\n<div style='padding: 15px; border-bottom: 1px solid rgba(150&comma; 150&comma; 150&comma; 0.2); font-weight: bold; font-size: 18px; color: inherit;'>Caracter\u00edsticas Destacadas:<\/div>\n<div style='padding: 15px; color: inherit;'>\n<p style='margin-bottom: 15px; font-size: 14px;'>Los aires acondicionados de AUFIT son ideales para controlar la temperatura de una forma sencilla&comma; r\u00e1pida y pr\u00e1ctica.<\/p>\n<p style='margin-bottom: 15px; font-size: 14px;'>Su dise\u00f1o interno permite mejorar la distribuci\u00f3n y el flujo de aire en cuatro direcciones logrando un r\u00e1pido enfriamiento en alrededor de 30s.<\/p>\n<p style='margin-bottom: 0; font-size: 14px;'>Super silencioso con un ruido tan bajo como 23 dB&comma; luz indicadora inteligente&comma; auto diagn\u00f3stico para facilitar servicio de mantenimiento&comma; auto reinicio&comma; entre otras m\u00e1s funciones que hacen del equipo potente y profesional.<\/p>\n<\/p><\/div>\n<\/p><\/div>\n<\/p><\/div>\n<\/p><\/div>\n","protected":false},"excerpt":{"rendered":"<p>Minisplit AUFIT \/  Triple Inverter \/ SEER 19 \/ 24,000 BTUs ( 2 TON ) \/ R32 \/ Solo Fr\u00edo \/ 220 Vca \/ Filtro de salud \/ Compatible con  Alexa y Google.<\/p>\n","protected":false},"featured_media":465,"comment_status":"open","ping_status":"closed","template":"","meta":[],"product_brand":[],"product_cat":[98],"product_tag":[186,30,99],"class_list":{"0":"post-466","1":"product","2":"type-product","3":"status-publish","4":"has-post-thumbnail","6":"product_cat-climatizacion","7":"product_tag-aufit","8":"product_tag-automatizacion-casa-inteligente","9":"product_tag-climatizacion","11":"first","12":"outofstock","13":"sale","14":"shipping-taxable","15":"purchasable","16":"product-type-simple"},"_links":{"self":[{"href":"https:\/\/soydeaqui.ddns.net\/pachuca\/index.php\/wp-json\/wp\/v2\/product\/466","targetHints":{"allow":["GET"]}}],"collection":[{"href":"https:\/\/soydeaqui.ddns.net\/pachuca\/index.php\/wp-json\/wp\/v2\/product"}],"about":[{"href":"https:\/\/soydeaqui.ddns.net\/pachuca\/index.php\/wp-json\/wp\/v2\/types\/product"}],"replies":[{"embeddable":true,"href":"https:\/\/soydeaqui.ddns.net\/pachuca\/index.php\/wp-json\/wp\/v2\/comments?post=466"}],"wp:featuredmedia":[{"embeddable":true,"href":"https:\/\/soydeaqui.ddns.net\/pachuca\/index.php\/wp-json\/wp\/v2\/media\/465"}],"wp:attachment":[{"href":"https:\/\/soydeaqui.ddns.net\/pachuca\/index.php\/wp-json\/wp\/v2\/media?parent=466"}],"wp:term":[{"taxonomy":"product_brand","embeddable":true,"href":"https:\/\/soydeaqui.ddns.net\/pachuca\/index.php\/wp-json\/wp\/v2\/product_brand?post=466"},{"taxonomy":"product_cat","embeddable":true,"href":"https:\/\/soydeaqui.ddns.net\/pachuca\/index.php\/wp-json\/wp\/v2\/product_cat?post=466"},{"taxonomy":"product_tag","embeddable":true,"href":"https:\/\/soydeaqui.ddns.net\/pachuca\/index.php\/wp-json\/wp\/v2\/product_tag?post=466"}],"curies":[{"name":"wp","href":"https:\/\/api.w.org\/{rel}","templated":true}]}}