{"id":46588,"date":"2026-03-18T20:42:39","date_gmt":"2026-03-18T20:42:39","guid":{"rendered":"https:\/\/soydeaqui.ddns.net\/pachuca\/index.php\/producto\/modulo-wifi-para-monitoreo-de-controladores-epever-linea-xtra-y-tracer-2\/"},"modified":"2026-03-18T20:42:45","modified_gmt":"2026-03-18T20:42:45","slug":"modulo-wifi-para-monitoreo-de-controladores-epever-linea-xtra-y-tracer-2","status":"publish","type":"product","link":"https:\/\/soydeaqui.ddns.net\/pachuca\/index.php\/producto\/modulo-wifi-para-monitoreo-de-controladores-epever-linea-xtra-y-tracer-2\/","title":{"rendered":"M\u00f3dulo WiFi para Monitoreo de Controladores EPEVER L\u00ednea XTRA y TRACER"},"content":{"rendered":"<div style='width: 100%; max-width: 1200px; margin: 0 auto; font-family: sans-serif; line-height: 1.6; color: inherit; background-color: transparent;'>\n<div style='text-align: center; margin-bottom: 30px;'> <img style='width: 100%; max-width: 450px; height: auto; border: 1px solid rgba(150&comma;150&comma;150&comma;0.3); border-radius: 8px;' src='https:\/\/ftp3.syscom.mx\/usuarios\/anavarro\/EPEVER\/IPOWER\/LOGOEPEVER.png' alt=''> <\/div>\n<div style='display: flex; flex-wrap: wrap; gap: 30px; margin-bottom: 30px;'>\n<div style='flex: 1 1 300px; min-width: 280px;'>\n<h3 style='font-size: 22px; border-bottom: 2px solid currentColor; padding-bottom: 5px; margin-top: 0; color: inherit; opacity: 0.8;'>Descripci\u00f3n<\/h3>\n<p style='font-size: 15px; color: inherit;'>A trav\u00e9s de una red local WiFi 2.4G&comma; el adaptador WiFi 2.4G puede transmitir todos los datos operativos del controlador solar&comma; inversor o inversor \/ cargador EPEVER al servidor en la nube EPEVER en tiempo real. Los usuarios pueden monitorear de forma remota los dispositivos conectados y los par\u00e1metros del programa a trav\u00e9s del servidor EPEVER o la aplicaci\u00f3n m\u00f3vil &#8216;Solar Guardian&#8217;.<\/p>\n<\/p><\/div>\n<div style='flex: 1 1 300px; min-width: 280px;'>\n<h3 style='font-size: 22px; border-bottom: 2px solid currentColor; padding-bottom: 5px; margin-top: 0; color: inherit; opacity: 0.8;'>Modelos compatibles<\/h3>\n<ul style='padding-left: 20px; font-size: 15px; color: inherit;'>\n<li style='margin-bottom: 5px;'>TRACER-XXXX-BN<\/li>\n<li style='margin-bottom: 5px;'>TRACER-XXXX-AN<\/li>\n<li style='margin-bottom: 5px;'>XTRA-XXXX-N<\/li>\n<\/ul><\/div>\n<\/p><\/div>\n<div style='display: flex; flex-wrap: wrap; gap: 20px; margin-bottom: 30px;'>\n<div style='flex: 1 1 250px; border: 1px solid rgba(150&comma; 150&comma; 150&comma; 0.4); border-radius: 8px; overflow: hidden; display: flex; flex-direction: column;'>\n<div style='padding: 15px; border-bottom: 1px solid rgba(150&comma; 150&comma; 150&comma; 0.2); font-weight: bold; font-size: 18px; color: inherit;'>Caracter\u00edsticas principales<\/div>\n<div style='padding: 15px; color: inherit;'>\n<ul style='padding-left: 20px; margin: 0; font-size: 14px; list-style-type: disc;'>\n<li style='margin-bottom: 5px;'>Transmisi\u00f3n en tiempo real a trav\u00e9s de WiFi 2.4G<\/li>\n<li style='margin-bottom: 5px;'>Monitorizaci\u00f3n remota mediante aplicaci\u00f3n &#8216;Solar Guardian&#8217;<\/li>\n<li style='margin-bottom: 5px;'>Compatible con series Tracer-XXXX-BN y AN<\/li>\n<li style='margin-bottom: 5px;'>Enlace con servidor Epever para datos operativos<\/li>\n<li style='margin-bottom: 5px;'>Admite energ\u00eda solar en inversor\/cargador Epever<\/li>\n<\/ul><\/div>\n<\/p><\/div>\n<\/p><\/div>\n<div style='position: relative; padding-bottom: 56.25%; height: 0; overflow: hidden; margin-bottom: 30px;'>   <\/div>\n<hr style='border: 0; border-top: 1px solid rgba(150&comma; 150&comma; 150&comma; 0.3); margin: 30px 0;'> <\/div>\n","protected":false},"excerpt":{"rendered":"<p>M\u00f3dulo WiFi para Monitoreo de Controladores EPEVER L\u00ednea XTRA y TRACER<\/p>\n","protected":false},"featured_media":46587,"comment_status":"open","ping_status":"closed","template":"","meta":[],"product_brand":[],"product_cat":[1067],"product_tag":[1068,964,1182],"class_list":{"0":"post-46588","1":"product","2":"type-product","3":"status-publish","4":"has-post-thumbnail","6":"product_cat-accesorios-cables-jumpers","7":"product_tag-accesorios-cables-jumpers","8":"product_tag-energia-solar","9":"product_tag-epever","11":"first","12":"outofstock","13":"sale","14":"shipping-taxable","15":"purchasable","16":"product-type-simple"},"_links":{"self":[{"href":"https:\/\/soydeaqui.ddns.net\/pachuca\/index.php\/wp-json\/wp\/v2\/product\/46588","targetHints":{"allow":["GET"]}}],"collection":[{"href":"https:\/\/soydeaqui.ddns.net\/pachuca\/index.php\/wp-json\/wp\/v2\/product"}],"about":[{"href":"https:\/\/soydeaqui.ddns.net\/pachuca\/index.php\/wp-json\/wp\/v2\/types\/product"}],"replies":[{"embeddable":true,"href":"https:\/\/soydeaqui.ddns.net\/pachuca\/index.php\/wp-json\/wp\/v2\/comments?post=46588"}],"wp:featuredmedia":[{"embeddable":true,"href":"https:\/\/soydeaqui.ddns.net\/pachuca\/index.php\/wp-json\/wp\/v2\/media\/46587"}],"wp:attachment":[{"href":"https:\/\/soydeaqui.ddns.net\/pachuca\/index.php\/wp-json\/wp\/v2\/media?parent=46588"}],"wp:term":[{"taxonomy":"product_brand","embeddable":true,"href":"https:\/\/soydeaqui.ddns.net\/pachuca\/index.php\/wp-json\/wp\/v2\/product_brand?post=46588"},{"taxonomy":"product_cat","embeddable":true,"href":"https:\/\/soydeaqui.ddns.net\/pachuca\/index.php\/wp-json\/wp\/v2\/product_cat?post=46588"},{"taxonomy":"product_tag","embeddable":true,"href":"https:\/\/soydeaqui.ddns.net\/pachuca\/index.php\/wp-json\/wp\/v2\/product_tag?post=46588"}],"curies":[{"name":"wp","href":"https:\/\/api.w.org\/{rel}","templated":true}]}}