{"id":46555,"date":"2026-03-18T20:41:43","date_gmt":"2026-03-18T20:41:43","guid":{"rendered":"https:\/\/soydeaqui.ddns.net\/pachuca\/index.php\/producto\/caja-chalupa-4x2-profundidad-1-7-8-7-entradas-de-3-4-troquelada\/"},"modified":"2026-03-18T20:41:49","modified_gmt":"2026-03-18T20:41:49","slug":"caja-chalupa-4x2-profundidad-1-7-8-7-entradas-de-3-4-troquelada","status":"publish","type":"product","link":"https:\/\/soydeaqui.ddns.net\/pachuca\/index.php\/producto\/caja-chalupa-4x2-profundidad-1-7-8-7-entradas-de-3-4-troquelada\/","title":{"rendered":"Caja (Chalupa) 4&#215;2&#8243; \/ Profundidad 1-7\/8&#8243; \/ 7 Entradas de 3\/4&#8243; \/ Troquelada."},"content":{"rendered":"<div style='width: 100%; max-width: 1200px; margin: 0 auto; font-family: sans-serif; line-height: 1.6; color: inherit; background-color: transparent;'>\n<div style='display: flex; flex-wrap: wrap; gap: 30px; margin-bottom: 30px;'>\n<div style='flex: 1 1 300px; min-width: 280px;'>\n<h3 style='font-size: 22px; border-bottom: 2px solid currentColor; padding-bottom: 5px; margin-top: 0; color: inherit; opacity: 0.8;'>Descripci\u00f3n<\/h3>\n<p style='font-size: 15px; color: inherit; margin: 0 0 15px 0;'>Caja galvanizada tipo chalupa para instalaciones el\u00e9ctricas.<\/p>\n<\/p><\/div>\n<\/p><\/div>\n<div style='display: flex; flex-wrap: wrap; gap: 30px; margin-bottom: 30px;'>\n<div style='flex: 1 1 300px; min-width: 280px;'>\n<h3 style='font-size: 22px; border-bottom: 2px solid currentColor; padding-bottom: 5px; margin-top: 0; color: inherit; opacity: 0.8;'>Aplicaciones<\/h3>\n<ul style='padding-left: 20px; font-size: 15px; color: inherit;'>\n<li style='margin-bottom: 5px;'>Las cajas RACO\u00ae&comma; tambi\u00e9n llamadas cajas utilitarias son utilizadas para implementar tomacorrientes&comma; interruptores o peque\u00f1as cajas de conexiones.<\/li>\n<li style='margin-bottom: 5px;'>Son muy pr\u00e1cticas ya que ofrecen completa exposici\u00f3n para f\u00e1cil trabajo de cableado al instalarse sobre la pared.<\/li>\n<li style='margin-bottom: 5px;'>La norma NEC recomienda en todo momento utilizar estas cajas con tuber\u00eda conduit EMT (pared delgada) para asegurar una correcta instalaci\u00f3n.<\/li>\n<\/ul><\/div>\n<\/p><\/div>\n<div style='display: flex; flex-wrap: wrap; gap: 20px; margin-bottom: 30px;'>\n<div style='flex: 1 1 250px; border: 1px solid rgba(150&comma; 150&comma; 150&comma; 0.4); border-radius: 8px; overflow: hidden; display: flex; flex-direction: column;'>\n<div style='padding: 15px; border-bottom: 1px solid rgba(150&comma; 150&comma; 150&comma; 0.2); font-weight: bold; font-size: 18px; color: inherit;'>Especificaciones<\/div>\n<div style='padding: 15px; color: inherit;'>\n<ul style='padding-left: 20px; margin: 0; font-size: 14px; list-style-type: disc;'>\n<li style='margin-bottom: 5px;'><strong>Montaje:<\/strong> Caja<\/li>\n<li style='margin-bottom: 5px;'><strong>Resistencia al Fuego:<\/strong> Aceptable para uso en paredes resistentes al fuego de 2 horas.<\/li>\n<li style='margin-bottom: 5px;'><strong>Material:<\/strong> Acero<\/li>\n<li style='margin-bottom: 5px;'><strong>Tipo:<\/strong> Troquelada<\/li>\n<li style='margin-bottom: 5px;'><strong>Entradas:<\/strong> 3\/4 in 4 laterales&comma; 2 finales&comma; 1 de fondo<\/li>\n<li style='margin-bottom: 5px;'><strong>Profundidad:<\/strong> 1.875 in<\/li>\n<li style='margin-bottom: 5px;'><strong>Capacidad:<\/strong> 13 in\u00b3<\/li>\n<li style='margin-bottom: 5px;'><strong>Alto:<\/strong> 4 in<\/li>\n<li style='margin-bottom: 5px;'><strong>Ancho:<\/strong> 2.125 in<\/li>\n<li style='margin-bottom: 5px;'><strong>Peso:<\/strong> 0.473 lb (0.21 kg)<\/li>\n<li style='margin-bottom: 5px;'><strong>Certificado:<\/strong> UL Listed FILE E195978<\/li>\n<\/ul><\/div>\n<\/p><\/div>\n<\/p><\/div>\n<hr style='border: 0; border-top: 1px solid rgba(150&comma; 150&comma; 150&comma; 0.3); margin: 30px 0;'> <\/div>\n","protected":false},"excerpt":{"rendered":"<p>Caja (Chalupa) 4&#215;2&#8243; \/ Profundidad 1-7\/8&#8243; \/ 7 Entradas de 3\/4&#8243; \/ Troquelada.<\/p>\n","protected":false},"featured_media":46554,"comment_status":"open","ping_status":"closed","template":"","meta":[],"product_brand":[],"product_cat":[655],"product_tag":[572,699,656],"class_list":{"0":"post-46555","1":"product","2":"type-product","3":"status-publish","4":"has-post-thumbnail","6":"product_cat-tuberia-metalica-conduit-accesorios","7":"product_tag-canalizacion","8":"product_tag-raco","9":"product_tag-tuberia-metalica-conduit-accesorios","11":"first","12":"instock","13":"sale","14":"shipping-taxable","15":"purchasable","16":"product-type-simple"},"_links":{"self":[{"href":"https:\/\/soydeaqui.ddns.net\/pachuca\/index.php\/wp-json\/wp\/v2\/product\/46555","targetHints":{"allow":["GET"]}}],"collection":[{"href":"https:\/\/soydeaqui.ddns.net\/pachuca\/index.php\/wp-json\/wp\/v2\/product"}],"about":[{"href":"https:\/\/soydeaqui.ddns.net\/pachuca\/index.php\/wp-json\/wp\/v2\/types\/product"}],"replies":[{"embeddable":true,"href":"https:\/\/soydeaqui.ddns.net\/pachuca\/index.php\/wp-json\/wp\/v2\/comments?post=46555"}],"wp:featuredmedia":[{"embeddable":true,"href":"https:\/\/soydeaqui.ddns.net\/pachuca\/index.php\/wp-json\/wp\/v2\/media\/46554"}],"wp:attachment":[{"href":"https:\/\/soydeaqui.ddns.net\/pachuca\/index.php\/wp-json\/wp\/v2\/media?parent=46555"}],"wp:term":[{"taxonomy":"product_brand","embeddable":true,"href":"https:\/\/soydeaqui.ddns.net\/pachuca\/index.php\/wp-json\/wp\/v2\/product_brand?post=46555"},{"taxonomy":"product_cat","embeddable":true,"href":"https:\/\/soydeaqui.ddns.net\/pachuca\/index.php\/wp-json\/wp\/v2\/product_cat?post=46555"},{"taxonomy":"product_tag","embeddable":true,"href":"https:\/\/soydeaqui.ddns.net\/pachuca\/index.php\/wp-json\/wp\/v2\/product_tag?post=46555"}],"curies":[{"name":"wp","href":"https:\/\/api.w.org\/{rel}","templated":true}]}}