{"id":46497,"date":"2026-03-18T20:39:52","date_gmt":"2026-03-18T20:39:52","guid":{"rendered":"https:\/\/soydeaqui.ddns.net\/pachuca\/index.php\/producto\/kit-de-centro-de-carga-para-corriente-directa-breaker-de-hasta-800-vcc-de-20-a-con-supresor-de-descargas-atmosfericas\/"},"modified":"2026-03-18T20:39:53","modified_gmt":"2026-03-18T20:39:53","slug":"kit-de-centro-de-carga-para-corriente-directa-breaker-de-hasta-800-vcc-de-20-a-con-supresor-de-descargas-atmosfericas","status":"publish","type":"product","link":"https:\/\/soydeaqui.ddns.net\/pachuca\/index.php\/producto\/kit-de-centro-de-carga-para-corriente-directa-breaker-de-hasta-800-vcc-de-20-a-con-supresor-de-descargas-atmosfericas\/","title":{"rendered":"Kit de Centro de Carga Para Corriente Directa, Breaker de hasta  800 Vcc de 20 A con Supresor de Descargas Atmosf\u00e9ricas."},"content":{"rendered":"<div style='width: 100%; max-width: 1200px; margin: 0 auto; font-family: sans-serif; line-height: 1.6; color: inherit; background-color: transparent;'> <!-- T\u00edtulo principal --> <\/p>\n<div style='margin: 20px 0 10px;'>\n<h2 style='font-size: 28px; font-weight: 600; margin: 0; color: inherit;'> Kit de Centro de Carga con Supresor de Descargas Atmosf\u00e9ricas y Pastilla T\u00e9rmica en CD <\/h2>\n<\/p><\/div>\n<p> <!-- Descripci\u00f3n principal --> <\/p>\n<div style='margin: 20px 0;'>\n<p style='font-size: 15px; margin: 0 0 15px; color: inherit;'> El uso del KIT es recomendado en sistemas fotovoltaicos para protecci\u00f3n de corriente directa&comma; su principal aplicaci\u00f3n son los sistemas de interconexi\u00f3n entre la cadena de paneles solares y el inversor central&comma; la pastilla t\u00e9rmica es de 800 Vcc en 20 A de 2 polos&comma; donde se pretende proteger el positivo y el negativo del arreglo. <\/p>\n<\/p><\/div>\n<p> <!-- Contenido principal con grid --> <\/p>\n<div style='display: grid; grid-template-columns: 1fr; gap: 30px; margin: 30px 0;'> <!-- Secci\u00f3n de contenido --> <\/p>\n<div style='display: flex; flex-direction: column; gap: 20px;'> <!-- Incluye --> <\/p>\n<div>\n<h3 style='font-size: 20px; border-bottom: 2px solid currentColor; padding-bottom: 5px; margin-top: 0; color: inherit; opacity: 0.8;'>El kit incluye:<\/h3>\n<ul style='padding-left: 20px; font-size: 15px; color: inherit; list-style-type: disc;'>\n<li style='margin-bottom: 8px;'><strong>1-<\/strong> <a style='color: inherit; text-decoration: underline;' href='https:\/\/www.syscom.mx\/producto\/LA302DC-DELTA-21419.html'>LA302DC<\/a><\/li>\n<li style='margin-bottom: 8px;'><strong>1-<\/strong> <a style='color: inherit; text-decoration: underline;' href='https:\/\/www.syscom.mx\/principal\/searchcont?route=FPV632PC20-EPCOM-POWERLINE-193745&#038;autodetect=fpv63'>FPV632PC20<\/a><\/li>\n<li style='margin-bottom: 8px;'><strong>1- F56CB4N<\/strong><\/li>\n<\/ul><\/div>\n<p> <!-- Uso recomendado --> <\/p>\n<div>\n<h3 style='font-size: 20px; border-bottom: 2px solid currentColor; padding-bottom: 5px; margin-top: 0; color: inherit; opacity: 0.8;'>Uso recomendado del LA302DC<\/h3>\n<p style='font-size: 15px; margin: 0 0 15px; color: inherit;'> Use este restrictor de picos de voltaje antes del regulador en su sistema fotovoltaico. As\u00ed evitar\u00e1 da\u00f1os debido a picos de corriente originados por descargas el\u00e9ctricas inesperadas. <\/p>\n<ul style='padding-left: 20px; font-size: 15px; color: inherit; list-style-type: disc;'>\n<li style='margin-bottom: 8px;'>Varistor de Oxido Silic\u00f3n<\/li>\n<li style='margin-bottom: 8px;'>N\u00famero ilimitado de protecciones<\/li>\n<li style='margin-bottom: 8px;'>Tiempo de respuesta 5 nanosegundos<\/li>\n<\/ul><\/div>\n<p> <!-- Funcionamiento --> <\/p>\n<div>\n<h3 style='font-size: 20px; border-bottom: 2px solid currentColor; padding-bottom: 5px; margin-top: 0; color: inherit; opacity: 0.8;'>Funcionamiento<\/h3>\n<p style='font-size: 15px; margin: 0 0 15px; color: inherit;'> Cuando exista una descarga atmosf\u00e9rica&comma; el supresor recibir\u00e1 el da\u00f1o; cuando la descarga sea directa&comma; de mayor intensidad que la indicada en la ficha t\u00e9cnica y tenga suficiente calor y tensi\u00f3n acumulada&comma; el supresor abrir\u00e1 un orificio de aproximadamente una pulgada en el inferior del bote y expulsar\u00e1 silicio caliente y trozos de pl\u00e1stico&comma; realizando su m\u00e1xima funci\u00f3n de bloqueo y protegiendo el circuito. Instale el bote fuera del gabinete como muestran las im\u00e1genes. <\/p>\n<\/p><\/div>\n<p> <!-- Aplicaci\u00f3n en sistemas --> <\/p>\n<div>\n<h3 style='font-size: 20px; border-bottom: 2px solid currentColor; padding-bottom: 5px; margin-top: 0; color: inherit; opacity: 0.8;'>Aplicaci\u00f3n en sistemas<\/h3>\n<p style='font-size: 15px; margin: 0 0 15px; color: inherit;'> En un sistema de interconexi\u00f3n se hace la instalaci\u00f3n en la pastilla t\u00e9rmica donde llegan los m\u00f3dulos en el inversor&comma; respetando los colores y polaridades como la imagen anterior&comma; en microinversores se puede omitir. <\/p>\n<\/p><\/div>\n<p> <!-- Video --> <\/p>\n<div style='margin: 30px 0;'>\n<div style='position: relative; padding-bottom: 56.25%; height: 0; overflow: hidden;'>   <\/div>\n<\/p><\/div>\n<p> <!-- Im\u00e1genes --> <\/p>\n<div style='display: flex; flex-wrap: wrap; gap: 20px;'>\n<div style='flex: 1 1 300px; min-width: 280px;'> <img style='width: 100%; height: auto; border: 1px solid rgba(150&comma;150&comma;150&comma;0.3); border-radius: 8px;' src='https:\/\/ftp3.syscom.mx\/usuarios\/oavila\/Carlos%20Chaparro\/Model%20LA302-1.png' alt='Diagrama de conexi\u00f3n LA302DC'> <\/div>\n<div style='flex: 1 1 300px; min-width: 280px;'> <img style='width: 100%; height: auto; border: 1px solid rgba(150&comma;150&comma;150&comma;0.3); border-radius: 8px;' src='https:\/\/ftp3.syscom.mx\/usuarios\/oavila\/Carlos%20Chaparro\/Captura%20de%20Pantalla%202020-01-09%20a%20la%28s%29%2016.32.28.png' alt='Instalaci\u00f3n en sistema fotovoltaico'> <\/div>\n<\/p><\/div>\n<p> <!-- Enlaces relacionados --> <\/p>\n<div>\n<h3 style='font-size: 20px; border-bottom: 2px solid currentColor; padding-bottom: 5px; margin-top: 30px; color: inherit; opacity: 0.8;'>Supresores para corriente alterna<\/h3>\n<p style='font-size: 15px; margin: 0 0 15px; color: inherit;'> En corriente alterna se observa otro supresor (especial para corriente alterna) modelo <a style='color: inherit; text-decoration: underline;' href='https:\/\/www.syscom.mx\/producto\/LA302R-DELTA-167343.html'>LA302R<\/a> <\/p>\n<\/p><\/div>\n<\/p><\/div>\n<\/p><\/div>\n<p> <!-- Separador final --> <\/p>\n<hr style='border: 0; border-top: 1px solid rgba(150&comma; 150&comma; 150&comma; 0.3); margin: 30px 0;'> <\/div>\n","protected":false},"excerpt":{"rendered":"<p>Kit de Centro de Carga Para Corriente Directa, Breaker de hasta  800 Vcc de 20 A con Supresor de Descargas Atmosf\u00e9ricas.<\/p>\n","protected":false},"featured_media":46496,"comment_status":"open","ping_status":"closed","template":"","meta":[],"product_brand":[],"product_cat":[1090],"product_tag":[1091,1088,454],"class_list":{"0":"post-46497","1":"product","2":"type-product","3":"status-publish","4":"has-post-thumbnail","6":"product_cat-accesorios-para-tierra-fisica","7":"product_tag-accesorios-para-tierra-fisica","8":"product_tag-calidad-de-la-energia","9":"product_tag-epcom-powerline","11":"first","12":"instock","13":"sale","14":"shipping-taxable","15":"purchasable","16":"product-type-simple"},"_links":{"self":[{"href":"https:\/\/soydeaqui.ddns.net\/pachuca\/index.php\/wp-json\/wp\/v2\/product\/46497","targetHints":{"allow":["GET"]}}],"collection":[{"href":"https:\/\/soydeaqui.ddns.net\/pachuca\/index.php\/wp-json\/wp\/v2\/product"}],"about":[{"href":"https:\/\/soydeaqui.ddns.net\/pachuca\/index.php\/wp-json\/wp\/v2\/types\/product"}],"replies":[{"embeddable":true,"href":"https:\/\/soydeaqui.ddns.net\/pachuca\/index.php\/wp-json\/wp\/v2\/comments?post=46497"}],"wp:featuredmedia":[{"embeddable":true,"href":"https:\/\/soydeaqui.ddns.net\/pachuca\/index.php\/wp-json\/wp\/v2\/media\/46496"}],"wp:attachment":[{"href":"https:\/\/soydeaqui.ddns.net\/pachuca\/index.php\/wp-json\/wp\/v2\/media?parent=46497"}],"wp:term":[{"taxonomy":"product_brand","embeddable":true,"href":"https:\/\/soydeaqui.ddns.net\/pachuca\/index.php\/wp-json\/wp\/v2\/product_brand?post=46497"},{"taxonomy":"product_cat","embeddable":true,"href":"https:\/\/soydeaqui.ddns.net\/pachuca\/index.php\/wp-json\/wp\/v2\/product_cat?post=46497"},{"taxonomy":"product_tag","embeddable":true,"href":"https:\/\/soydeaqui.ddns.net\/pachuca\/index.php\/wp-json\/wp\/v2\/product_tag?post=46497"}],"curies":[{"name":"wp","href":"https:\/\/api.w.org\/{rel}","templated":true}]}}