{"id":46484,"date":"2026-03-18T20:39:30","date_gmt":"2026-03-18T20:39:30","guid":{"rendered":"https:\/\/soydeaqui.ddns.net\/pachuca\/index.php\/producto\/kit-de-centro-de-carga-para-corriente-directa-breaker-de-hasta-800-vcc-de-63-a-con-supresor-de-descargas-atmosfericas\/"},"modified":"2026-03-18T20:39:31","modified_gmt":"2026-03-18T20:39:31","slug":"kit-de-centro-de-carga-para-corriente-directa-breaker-de-hasta-800-vcc-de-63-a-con-supresor-de-descargas-atmosfericas","status":"publish","type":"product","link":"https:\/\/soydeaqui.ddns.net\/pachuca\/index.php\/producto\/kit-de-centro-de-carga-para-corriente-directa-breaker-de-hasta-800-vcc-de-63-a-con-supresor-de-descargas-atmosfericas\/","title":{"rendered":"Kit de Centro de Carga Para Corriente Directa, Breaker de hasta  800 Vcc de 63 A con Supresor de Descargas Atmosf\u00e9ricas."},"content":{"rendered":"<div style='width: 100%; max-width: 1200px; margin: 0 auto; font-family: sans-serif; line-height: 1.6; color: inherit; background-color: transparent;'>\n<div style='display: flex; flex-wrap: wrap; gap: 30px; margin-bottom: 30px;'>\n<div style='flex: 1 1 300px; min-width: 280px;'>\n<h3 style='font-size: 22px; border-bottom: 2px solid currentColor; padding-bottom: 5px; margin-top: 0; color: inherit; opacity: 0.8;'>Descripci\u00f3n<\/h3>\n<p style='font-size: 15px; color: inherit; margin: 15px 0;'> El uso del KIT es recomendado en sistemas fotovoltaicos para protecci\u00f3n de corriente directa&comma; su principal aplicaci\u00f3n son los sistemas de interconexi\u00f3n entre la cadena de paneles solares y el inversor central&comma; la pastilla t\u00e9rmica es de 800 Vcc en 63 A de 2 polos&comma; donde se pretende proteger el positivo y el negativo del arreglo. <\/p>\n<\/p><\/div>\n<\/p><\/div>\n<div style='display: flex; flex-wrap: wrap; gap: 20px; margin-bottom: 30px;'>\n<div style='flex: 1 1 250px; border: 1px solid rgba(150&comma; 150&comma; 150&comma; 0.4); border-radius: 8px; overflow: hidden; display: flex; flex-direction: column;'>\n<div style='padding: 15px; border-bottom: 1px solid rgba(150&comma; 150&comma; 150&comma; 0.2); font-weight: bold; font-size: 18px; color: inherit;'>Contenido del Kit<\/div>\n<div style='padding: 15px; color: inherit;'>\n<ul style='padding-left: 20px; margin: 0; font-size: 14px; list-style-type: disc;'>\n<li style='margin-bottom: 5px;'><a href='https:\/\/www.syscom.mx\/producto\/LA302DC-DELTA-21419.html' style='color: inherit; text-decoration: none; font-weight: bold;'>LA302DC<\/a><\/li>\n<li style='margin-bottom: 5px;'><a href='https:\/\/www.syscom.mx\/principal\/searchcont?route=FPV632PC63-EPCOM-POWERLINE-193749&#038;autodetect=fpv63' style='color: inherit; text-decoration: none; font-weight: bold;'>FPV632PC63<\/a><\/li>\n<li style='margin-bottom: 5px;'>F56CB4N<\/li>\n<\/ul><\/div>\n<\/p><\/div>\n<div style='flex: 1 1 250px; border: 1px solid rgba(150&comma; 150&comma; 150&comma; 0.4); border-radius: 8px; overflow: hidden; display: flex; flex-direction: column;'>\n<div style='padding: 15px; border-bottom: 1px solid rgba(150&comma; 150&comma; 150&comma; 0.2); font-weight: bold; font-size: 18px; color: inherit;'>Caracter\u00edsticas del Supresor<\/div>\n<div style='padding: 15px; color: inherit;'>\n<ul style='padding-left: 20px; margin: 0; font-size: 14px; list-style-type: disc;'>\n<li style='margin-bottom: 5px;'>Varistor de Oxido Silic\u00f3n<\/li>\n<li style='margin-bottom: 5px;'>N\u00famero ilimitado de protecciones<\/li>\n<li style='margin-bottom: 5px;'>Tiempo de respuesta 5 nanosegundos<\/li>\n<\/ul><\/div>\n<\/p><\/div>\n<div style='flex: 1 1 250px; border: 1px solid rgba(150&comma; 150&comma; 150&comma; 0.4); border-radius: 8px; overflow: hidden; display: flex; flex-direction: column;'>\n<div style='padding: 15px; border-bottom: 1px solid rgba(150&comma; 150&comma; 150&comma; 0.2); font-weight: bold; font-size: 18px; color: inherit;'>Aplicaci\u00f3n<\/div>\n<div style='padding: 15px; color: inherit;'>\n<p style='margin: 0 0 10px; font-size: 14px;'>Cuando exista una descarga atmosf\u00e9rica&comma; el supresor recibir\u00e1 el da\u00f1o; cuando la descarga sea directa&comma; de mayor intensidad que la indicada en la ficha t\u00e9cnica y tenga suficiente calor y tensi\u00f3n acumulada&comma; el supresor abrir\u00e1 un orificio de aproximadamente una pulgada en el inferior del bote y expulsar\u00e1 silicio caliente y trozos de pl\u00e1stico&comma; realizando su m\u00e1xima funci\u00f3n de bloqueo y protegiendo el circuito. Instale el bote fuera del gabinete como muestran las im\u00e1genes.<\/p>\n<\/p><\/div>\n<\/p><\/div>\n<\/p><\/div>\n<div style='display: flex; flex-wrap: wrap; gap: 20px; margin-bottom: 30px;'>\n<div style='flex: 1 1 300px; min-width: 280px;'>\n<h3 style='font-size: 20px; border-bottom: 2px solid currentColor; padding-bottom: 5px; margin-top: 0; color: inherit; opacity: 0.8;'>Instalaci\u00f3n<\/h3>\n<p style='font-size: 14px; color: inherit; margin: 15px 0;'> En un sistema de interconexi\u00f3n se hace la instalaci\u00f3n en la pastilla t\u00e9rmica donde llegan los m\u00f3dulos en el inversor&comma; respetando los colores y polaridades como la imagen anterior&comma; en microinversores se puede omitir. <\/p>\n<\/p><\/div>\n<\/p><\/div>\n<div style='display: flex; flex-wrap: wrap; gap: 20px; margin-bottom: 30px;'>\n<div style='flex: 1 1 100%;'>\n<div style='position: relative; padding-bottom: 56.25%; height: 0; overflow: hidden; margin-bottom: 30px;'>   <\/div>\n<\/p><\/div>\n<\/p><\/div>\n<div style='display: flex; flex-wrap: wrap; gap: 20px; margin-bottom: 30px;'>\n<div style='flex: 1 1 300px; min-width: 280px;'>\n<h3 style='font-size: 20px; border-bottom: 2px solid currentColor; padding-bottom: 5px; margin-top: 0; color: inherit; opacity: 0.8;'>Documentaci\u00f3n<\/h3>\n<p style='font-size: 14px; color: inherit; margin: 15px 0;'> En corriente alterna se observa otro supresor (especial para corriente alterna) modelo <a href='https:\/\/www.syscom.mx\/producto\/LA302R-DELTA-167343.html' style='color: inherit; text-decoration: none; font-weight: bold;'>LA302R<\/a> <\/p>\n<\/p><\/div>\n<\/p><\/div>\n<div style='display: flex; flex-wrap: wrap; gap: 20px; margin-bottom: 30px;'>\n<div style='flex: 1 1 100%;'> <img style='width: 100%; height: auto; border: 1px solid rgba(150&comma;150&comma;150&comma;0.3); border-radius: 8px;' src='https:\/\/ftp3.syscom.mx\/usuarios\/oavila\/Carlos%20Chaparro\/Model%20LA302-1.png' alt=''> <\/div>\n<\/p><\/div>\n<div style='display: flex; flex-wrap: wrap; gap: 20px; margin-bottom: 30px;'>\n<div style='flex: 1 1 100%;'> <img style='width: 100%; height: auto; border: 1px solid rgba(150&comma;150&comma;150&comma;0.3); border-radius: 8px;' src='https:\/\/ftp3.syscom.mx\/usuarios\/oavila\/Carlos%20Chaparro\/Captura%20de%20Pantalla%202020-01-09%20a%20la%28s%29%2016.32.28.png' alt=''> <\/div>\n<\/p><\/div>\n<hr style='border: 0; border-top: 1px solid rgba(150&comma; 150&comma; 150&comma; 0.3); margin: 30px 0;'> <\/div>\n","protected":false},"excerpt":{"rendered":"<p>Kit de Centro de Carga Para Corriente Directa, Breaker de hasta  800 Vcc de 63 A con Supresor de Descargas Atmosf\u00e9ricas.<\/p>\n","protected":false},"featured_media":46483,"comment_status":"open","ping_status":"closed","template":"","meta":[],"product_brand":[],"product_cat":[1131],"product_tag":[1088,454,1132],"class_list":{"0":"post-46484","1":"product","2":"type-product","3":"status-publish","4":"has-post-thumbnail","6":"product_cat-tierras-fisicas","7":"product_tag-calidad-de-la-energia","8":"product_tag-epcom-powerline","9":"product_tag-tierras-fisicas","11":"first","12":"outofstock","13":"sale","14":"shipping-taxable","15":"purchasable","16":"product-type-simple"},"_links":{"self":[{"href":"https:\/\/soydeaqui.ddns.net\/pachuca\/index.php\/wp-json\/wp\/v2\/product\/46484","targetHints":{"allow":["GET"]}}],"collection":[{"href":"https:\/\/soydeaqui.ddns.net\/pachuca\/index.php\/wp-json\/wp\/v2\/product"}],"about":[{"href":"https:\/\/soydeaqui.ddns.net\/pachuca\/index.php\/wp-json\/wp\/v2\/types\/product"}],"replies":[{"embeddable":true,"href":"https:\/\/soydeaqui.ddns.net\/pachuca\/index.php\/wp-json\/wp\/v2\/comments?post=46484"}],"wp:featuredmedia":[{"embeddable":true,"href":"https:\/\/soydeaqui.ddns.net\/pachuca\/index.php\/wp-json\/wp\/v2\/media\/46483"}],"wp:attachment":[{"href":"https:\/\/soydeaqui.ddns.net\/pachuca\/index.php\/wp-json\/wp\/v2\/media?parent=46484"}],"wp:term":[{"taxonomy":"product_brand","embeddable":true,"href":"https:\/\/soydeaqui.ddns.net\/pachuca\/index.php\/wp-json\/wp\/v2\/product_brand?post=46484"},{"taxonomy":"product_cat","embeddable":true,"href":"https:\/\/soydeaqui.ddns.net\/pachuca\/index.php\/wp-json\/wp\/v2\/product_cat?post=46484"},{"taxonomy":"product_tag","embeddable":true,"href":"https:\/\/soydeaqui.ddns.net\/pachuca\/index.php\/wp-json\/wp\/v2\/product_tag?post=46484"}],"curies":[{"name":"wp","href":"https:\/\/api.w.org\/{rel}","templated":true}]}}