{"id":46477,"date":"2026-03-18T20:39:16","date_gmt":"2026-03-18T20:39:16","guid":{"rendered":"https:\/\/soydeaqui.ddns.net\/pachuca\/index.php\/producto\/gua-jalacables-de-acero-inoxidable-de-20-metros-65-62-pies-de-largo-x-3-2-mm-de-ancho\/"},"modified":"2026-03-18T20:39:26","modified_gmt":"2026-03-18T20:39:26","slug":"gua-jalacables-de-acero-inoxidable-de-20-metros-65-62-pies-de-largo-x-3-2-mm-de-ancho","status":"publish","type":"product","link":"https:\/\/soydeaqui.ddns.net\/pachuca\/index.php\/producto\/gua-jalacables-de-acero-inoxidable-de-20-metros-65-62-pies-de-largo-x-3-2-mm-de-ancho\/","title":{"rendered":"Gu?a Jalacables de Acero Inoxidable de 20 Metros (65.62 Pies) de Largo x 3.2 mm de Ancho"},"content":{"rendered":"<div style='width: 100%; max-width: 1200px; margin: 0 auto; font-family: sans-serif; line-height: 1.6; color: inherit; background-color: transparent;'> <!-- Secci\u00f3n de caracter\u00edsticas --> <\/p>\n<div style='display: flex; flex-wrap: wrap; gap: 30px; margin-bottom: 30px;'>\n<div style='flex: 1 1 300px; min-width: 280px;'>\n<h3 style='font-size: 22px; border-bottom: 2px solid currentColor; padding-bottom: 5px; margin-top: 0; color: inherit; opacity: 0.8;'>Caracter\u00edsticas<\/h3>\n<ul style='padding-left: 20px; font-size: 15px; color: inherit;'>\n<li style='margin-bottom: 5px;'>Gu\u00edas jalacables de 1\/8&#8242; de ancho con resorte de acero de alta resistencia que son r\u00edgidas para largos tramos e ideales para jalar cables de alta resistencia.<\/li>\n<li style='margin-bottom: 5px;'>Marcas de los incrementos de 1&#8242; (0&comma;3 m) grabadas con l\u00e1ser que le permiten medir con mayor precisi\u00f3n la profundidad de los tramos de tubos conduit y determinar la cantidad de gu\u00eda que le queda para utilizar.<\/li>\n<li style='margin-bottom: 5px;'>Estuche y mango de polipropileno que ofrecen m\u00e1xima resistencia a impactos.<\/li>\n<li style='margin-bottom: 5px;'>Agarres en relieve que transfieren el 100 % de la potencia de bobinado de la mano y los dedos.<\/li>\n<li style='margin-bottom: 5px;'>Mango de agarre completo que le proporciona un agarre firme y uniforme a medida que saca la gu\u00eda del estuche.<\/li>\n<li style='margin-bottom: 5px;'>Exclusivo mango inclinado que optimiza la posici\u00f3n de la mano para efectuar rebobinados r\u00e1pidos palmo a palmo.<\/li>\n<li style='margin-bottom: 5px;'>Patentes: D574&comma;277; 8&comma;212&comma;178; 8&comma;168&comma;921; 8&comma;164&comma;025. Otras patentes pendientes.<\/li>\n<\/ul><\/div>\n<\/p><\/div>\n<p> <!-- Secci\u00f3n de especificaciones --> <\/p>\n<div style='display: flex; flex-wrap: wrap; gap: 20px; margin-bottom: 30px;'>\n<div style='flex: 1 1 250px; border: 1px solid rgba(150&comma; 150&comma; 150&comma; 0.4); border-radius: 8px; overflow: hidden; display: flex; flex-direction: column;'>\n<div style='padding: 15px; border-bottom: 1px solid rgba(150&comma; 150&comma; 150&comma; 0.2); font-weight: bold; font-size: 18px; color: inherit;'>Especificaciones f\u00edsicas<\/div>\n<div style='padding: 15px; color: inherit;'>\n<ul style='padding-left: 20px; margin: 0; font-size: 14px; list-style-type: disc;'>\n<li style='margin-bottom: 5px;'><strong>Material:<\/strong> Acero inoxidable<\/li>\n<li style='margin-bottom: 5px;'><strong>Ancho total:<\/strong> 0.125&#8242; (0.3 cm)<\/li>\n<li style='margin-bottom: 5px;'><strong>Color:<\/strong> Naranja\/negro<\/li>\n<li style='margin-bottom: 5px;'><strong>Tama\u00f1o de la gu\u00eda:<\/strong> 125&#8242; x 0.125&#8242; x 0.062&#8242; (38.1m x 0.3cm x 0.2 cm)<\/li>\n<li style='margin-bottom: 5px;'><strong>Di\u00e1metro:<\/strong> 9&#8242; (22.9 cm)<\/li>\n<li style='margin-bottom: 5px;'><strong>Peso:<\/strong> 1.2 kg (2.6 lb)<\/li>\n<\/ul><\/div>\n<\/p><\/div>\n<\/p><\/div>\n<p> <!-- Separador --> <\/p>\n<hr style='border: 0; border-top: 1px solid rgba(150&comma; 150&comma; 150&comma; 0.3); margin: 30px 0;'> <\/div>\n","protected":false},"excerpt":{"rendered":"<p>Gu?a Jalacables de Acero Inoxidable de 20 Metros (65.62 Pies) de Largo x 3.2 mm de Ancho<\/p>\n","protected":false},"featured_media":46476,"comment_status":"open","ping_status":"closed","template":"","meta":[],"product_brand":[],"product_cat":[608],"product_tag":[586,25,432],"class_list":{"0":"post-46477","1":"product","2":"type-product","3":"status-publish","4":"has-post-thumbnail","6":"product_cat-herramientas-cableado-de-cobre","7":"product_tag-cableado-de-cobre","8":"product_tag-herramientas","9":"product_tag-klein-tools","11":"first","12":"instock","13":"sale","14":"shipping-taxable","15":"purchasable","16":"product-type-simple"},"_links":{"self":[{"href":"https:\/\/soydeaqui.ddns.net\/pachuca\/index.php\/wp-json\/wp\/v2\/product\/46477","targetHints":{"allow":["GET"]}}],"collection":[{"href":"https:\/\/soydeaqui.ddns.net\/pachuca\/index.php\/wp-json\/wp\/v2\/product"}],"about":[{"href":"https:\/\/soydeaqui.ddns.net\/pachuca\/index.php\/wp-json\/wp\/v2\/types\/product"}],"replies":[{"embeddable":true,"href":"https:\/\/soydeaqui.ddns.net\/pachuca\/index.php\/wp-json\/wp\/v2\/comments?post=46477"}],"wp:featuredmedia":[{"embeddable":true,"href":"https:\/\/soydeaqui.ddns.net\/pachuca\/index.php\/wp-json\/wp\/v2\/media\/46476"}],"wp:attachment":[{"href":"https:\/\/soydeaqui.ddns.net\/pachuca\/index.php\/wp-json\/wp\/v2\/media?parent=46477"}],"wp:term":[{"taxonomy":"product_brand","embeddable":true,"href":"https:\/\/soydeaqui.ddns.net\/pachuca\/index.php\/wp-json\/wp\/v2\/product_brand?post=46477"},{"taxonomy":"product_cat","embeddable":true,"href":"https:\/\/soydeaqui.ddns.net\/pachuca\/index.php\/wp-json\/wp\/v2\/product_cat?post=46477"},{"taxonomy":"product_tag","embeddable":true,"href":"https:\/\/soydeaqui.ddns.net\/pachuca\/index.php\/wp-json\/wp\/v2\/product_tag?post=46477"}],"curies":[{"name":"wp","href":"https:\/\/api.w.org\/{rel}","templated":true}]}}