{"id":46473,"date":"2026-03-18T20:39:10","date_gmt":"2026-03-18T20:39:10","guid":{"rendered":"https:\/\/soydeaqui.ddns.net\/pachuca\/index.php\/producto\/kit-de-centro-de-carga-para-corriente-alterna-breaker-de-hasta-400-vca-de-40-a-con-supresor-de-picos-transitorios\/"},"modified":"2026-03-18T20:39:11","modified_gmt":"2026-03-18T20:39:11","slug":"kit-de-centro-de-carga-para-corriente-alterna-breaker-de-hasta-400-vca-de-40-a-con-supresor-de-picos-transitorios","status":"publish","type":"product","link":"https:\/\/soydeaqui.ddns.net\/pachuca\/index.php\/producto\/kit-de-centro-de-carga-para-corriente-alterna-breaker-de-hasta-400-vca-de-40-a-con-supresor-de-picos-transitorios\/","title":{"rendered":"Kit de Centro de Carga Para Corriente Alterna, Breaker de hasta  400 Vca de 40 A con Supresor de Picos Transitorios."},"content":{"rendered":"<div style='width: 100%; max-width: 1200px; margin: 0 auto; font-family: sans-serif; line-height: 1.6; color: inherit; background-color: transparent;'> <!-- Descripci\u00f3n principal --> <\/p>\n<div style='margin-bottom: 30px;'>\n<h2 style='font-size: 24px; border-bottom: 2px solid currentColor; padding-bottom: 8px; margin-top: 0; color: inherit; opacity: 0.85;'> Kit de Centro de Carga con Supresor de Picos Transitorios y Pastilla T\u00e9rmica en CA <\/h2>\n<p style='margin-top: 15px; margin-bottom: 15px; font-size: 15px; color: inherit;'> El KIT es recomendado para uso en sistemas fotovoltaicos en protecci\u00f3n de corriente alterna&comma; la principal aplicaci\u00f3n son los sistemas de interconexi\u00f3n entre el inversor y el centro de carga. La pastilla t\u00e9rmica es de 400 Vca&comma; 40 A&comma; de 2 polos&comma; donde se pretende proteger 2 fases o una fase y un neutro. <\/p>\n<\/p><\/div>\n<p> <!-- Secci\u00f3n de contenido con flex --> <\/p>\n<div style='display: flex; flex-wrap: wrap; gap: 30px; margin-bottom: 30px;'>\n<div style='flex: 1 1 300px; min-width: 280px;'>\n<h3 style='font-size: 20px; border-bottom: 2px solid currentColor; padding-bottom: 5px; margin-top: 0; color: inherit; opacity: 0.8;'> El kit incluye: <\/h3>\n<ul style='padding-left: 20px; font-size: 15px; color: inherit; list-style-type: disc;'>\n<li style='margin-bottom: 8px;'> <a href='https:\/\/www.syscom.mx\/producto\/LA302R-DELTA-167343.html' style='color: inherit; text-decoration: underline;'> LA302R <\/a> <\/li>\n<li style='margin-bottom: 8px;'> <a href='https:\/\/www.syscom.mx\/principal\/consultarproductosazul?global_search=FE7632PC40&#038;ordenar=Relevancia&#038;pag=1' style='color: inherit; text-decoration: underline;'> FE7632PC40 <\/a> <\/li>\n<li style='margin-bottom: 8px;'> <a href='https:\/\/www.syscom.mx\/producto\/F56CB4N-EPCOM-POWERLINE-190812.html' style='color: inherit; text-decoration: underline;'> F56CB4N <\/a> <\/li>\n<\/ul><\/div>\n<div style='flex: 1 1 300px; min-width: 280px;'>\n<h3 style='font-size: 20px; border-bottom: 2px solid currentColor; padding-bottom: 5px; margin-top: 0; color: inherit; opacity: 0.8;'> Caracter\u00edsticas t\u00e9cnicas <\/h3>\n<ul style='padding-left: 20px; font-size: 15px; color: inherit; list-style-type: disc;'>\n<li style='margin-bottom: 8px;'>* Varistor de \u00d3xido de Silicio<\/li>\n<li style='margin-bottom: 8px;'>* N\u00famero ilimitado de protecciones<\/li>\n<li style='margin-bottom: 8px;'>* Tiempo de respuesta 5 nanosegundos<\/li>\n<\/ul><\/div>\n<\/p><\/div>\n<p> <!-- Video --> <\/p>\n<div style='margin-bottom: 30px;'>\n<div style='position: relative; padding-bottom: 56.25%; height: 0; overflow: hidden; margin-bottom: 30px;'>   <\/div>\n<\/p><\/div>\n<p> <!-- Secci\u00f3n de aplicaci\u00f3n --> <\/p>\n<div style='margin-bottom: 30px;'>\n<h3 style='font-size: 20px; border-bottom: 2px solid currentColor; padding-bottom: 5px; margin-top: 0; color: inherit; opacity: 0.8;'> Aplicaci\u00f3n <\/h3>\n<p style='margin-top: 15px; margin-bottom: 15px; font-size: 15px; color: inherit;'> Conecte los cables negros en las pastillas t\u00e9rmicas empalmandolos con las 2 fases que van al inversor&comma; el cable blanco llevelo a neutro-tierra f\u00edsica. <\/p>\n<p style='margin-top: 15px; margin-bottom: 15px; font-size: 15px; color: inherit;'> Tambi\u00e9n lo puede usar en un tablero de distribuci\u00f3n para protecci\u00f3n de equipos electr\u00f3nicos. <\/p>\n<\/p><\/div>\n<p> <!-- Im\u00e1genes --> <\/p>\n<div style='display: flex; flex-wrap: wrap; gap: 20px; margin-bottom: 30px;'>\n<div style='flex: 1 1 300px; min-width: 280px;'> <img style='width: 100%; height: auto; border: 1px solid rgba(150&comma;150&comma;150&comma;0.3); border-radius: 8px;' src='https:\/\/ftp3.syscom.mx\/usuarios\/oavila\/Carlos%20Chaparro\/Model%20LA302.png' alt='Modelo LA302'> <\/div>\n<div style='flex: 1 1 300px; min-width: 280px;'> <img style='width: 100%; height: auto; border: 1px solid rgba(150&comma;150&comma;150&comma;0.3); border-radius: 8px;' src='https:\/\/ftp3.syscom.mx\/usuarios\/oavila\/Carlos%20Chaparro\/Captura%20de%20Pantalla%202020-01-10%20a%20la%28s%29%2015.48.11.png' alt='Diagrama de conexi\u00f3n'> <\/div>\n<\/p><\/div>\n<p> <!-- Advertencia de seguridad --> <\/p>\n<div style='margin-bottom: 30px;'>\n<h3 style='font-size: 20px; border-bottom: 2px solid currentColor; padding-bottom: 5px; margin-top: 0; color: inherit; opacity: 0.8;'> Advertencia de seguridad <\/h3>\n<p style='margin-top: 15px; margin-bottom: 15px; font-size: 15px; color: inherit;'> El trabajo el\u00e9ctrico es peligroso&comma; las malas conexiones pueden provocar incendios&comma; lesiones o la muerte&comma; una instalaci\u00f3n el\u00e9ctrica solo debe ser realizada por profesionales calificados. <\/p>\n<p style='margin-top: 15px; margin-bottom: 15px; font-size: 15px; color: inherit;'> Cuando exista una descarga en la red el\u00e9ctrica el supresor recibir\u00e1 el da\u00f1o&comma; cuando la descarga sea de mayor intensidad que la indicada en la ficha t\u00e9cnica y tenga suficiente calor y tensi\u00f3n acumulada&comma; el supresor abrir\u00e1 un orificio de aproximadamente una pulgada en el inferior del bote y expulsar\u00e1 silicio caliente y trozos de pl\u00e1stico&comma; realizando su m\u00e1xima funci\u00f3n de bloqueo protegiendo el circuito. <\/p>\n<p style='margin-top: 15px; margin-bottom: 15px; font-size: 15px; color: inherit;'> Use este restrictor de picos de voltaje en corriente alterna antes de su inversor. As\u00ed evitar\u00e1 da\u00f1os debido a picos de corriente originados por descargas el\u00e9ctricas inesperadas. <\/p>\n<\/p><\/div>\n<p> <!-- Separador final --> <\/p>\n<hr style='border: 0; border-top: 1px solid rgba(150&comma; 150&comma; 150&comma; 0.3); margin: 30px 0;'> <\/div>\n","protected":false},"excerpt":{"rendered":"<p>Kit de Centro de Carga Para Corriente Alterna, Breaker de hasta  400 Vca de 40 A con Supresor de Picos Transitorios.<\/p>\n","protected":false},"featured_media":46472,"comment_status":"open","ping_status":"closed","template":"","meta":[],"product_brand":[],"product_cat":[1131],"product_tag":[1088,454,1132],"class_list":{"0":"post-46473","1":"product","2":"type-product","3":"status-publish","4":"has-post-thumbnail","6":"product_cat-tierras-fisicas","7":"product_tag-calidad-de-la-energia","8":"product_tag-epcom-powerline","9":"product_tag-tierras-fisicas","11":"first","12":"outofstock","13":"sale","14":"shipping-taxable","15":"purchasable","16":"product-type-simple"},"_links":{"self":[{"href":"https:\/\/soydeaqui.ddns.net\/pachuca\/index.php\/wp-json\/wp\/v2\/product\/46473","targetHints":{"allow":["GET"]}}],"collection":[{"href":"https:\/\/soydeaqui.ddns.net\/pachuca\/index.php\/wp-json\/wp\/v2\/product"}],"about":[{"href":"https:\/\/soydeaqui.ddns.net\/pachuca\/index.php\/wp-json\/wp\/v2\/types\/product"}],"replies":[{"embeddable":true,"href":"https:\/\/soydeaqui.ddns.net\/pachuca\/index.php\/wp-json\/wp\/v2\/comments?post=46473"}],"wp:featuredmedia":[{"embeddable":true,"href":"https:\/\/soydeaqui.ddns.net\/pachuca\/index.php\/wp-json\/wp\/v2\/media\/46472"}],"wp:attachment":[{"href":"https:\/\/soydeaqui.ddns.net\/pachuca\/index.php\/wp-json\/wp\/v2\/media?parent=46473"}],"wp:term":[{"taxonomy":"product_brand","embeddable":true,"href":"https:\/\/soydeaqui.ddns.net\/pachuca\/index.php\/wp-json\/wp\/v2\/product_brand?post=46473"},{"taxonomy":"product_cat","embeddable":true,"href":"https:\/\/soydeaqui.ddns.net\/pachuca\/index.php\/wp-json\/wp\/v2\/product_cat?post=46473"},{"taxonomy":"product_tag","embeddable":true,"href":"https:\/\/soydeaqui.ddns.net\/pachuca\/index.php\/wp-json\/wp\/v2\/product_tag?post=46473"}],"curies":[{"name":"wp","href":"https:\/\/api.w.org\/{rel}","templated":true}]}}