{"id":46469,"date":"2026-03-18T20:39:03","date_gmt":"2026-03-18T20:39:03","guid":{"rendered":"https:\/\/soydeaqui.ddns.net\/pachuca\/index.php\/producto\/kit-de-centro-de-carga-para-corriente-alterna-breaker-de-hasta-400-vca-de-16-a-con-supresor-de-picos-transitorios\/"},"modified":"2026-03-18T20:39:03","modified_gmt":"2026-03-18T20:39:03","slug":"kit-de-centro-de-carga-para-corriente-alterna-breaker-de-hasta-400-vca-de-16-a-con-supresor-de-picos-transitorios","status":"publish","type":"product","link":"https:\/\/soydeaqui.ddns.net\/pachuca\/index.php\/producto\/kit-de-centro-de-carga-para-corriente-alterna-breaker-de-hasta-400-vca-de-16-a-con-supresor-de-picos-transitorios\/","title":{"rendered":"Kit de Centro de Carga Para Corriente Alterna, Breaker de hasta  400 Vca de 16 A con Supresor de Picos Transitorios."},"content":{"rendered":"<div style='width: 100%; max-width: 1200px; margin: 0 auto; font-family: sans-serif; line-height: 1.6; color: inherit; background-color: transparent;'>\n<h2 style='font-size: 28px; margin-top: 20px; margin-bottom: 10px; font-weight: 600; color: inherit; opacity: 0.9; border-bottom: 2px solid currentColor; padding-bottom: 5px;'> Kit de Centro de Carga con Supresor de Picos Transitorios y Pastilla Termica en CA <\/h2>\n<div style='margin: 20px 0;'>\n<p style='margin: 15px 0; color: inherit; font-size: 15px;'> El KIT es recomendado para uso en sistemas fotovoltaicos en protecci\u00f3n de corriente alterna&comma; la principal aplicaci\u00f3n son los sistemas de interconexi\u00f3n entre el inversor y el centro de carga. La pastilla t\u00e9rmica es de 400 Vca&comma; 16 A&comma; de 2 polos&comma; donde se pretende proteger 2 fases o una fase y un neutro. <\/p>\n<\/p><\/div>\n<div style='margin: 30px 0;'>\n<h3 style='font-size: 20px; margin-top: 0; color: inherit; opacity: 0.8; border-bottom: 2px solid currentColor; padding-bottom: 5px;'> El kit incluye: <\/h3>\n<ul style='padding-left: 20px; margin: 15px 0; color: inherit; font-size: 15px;'>\n<li style='margin-bottom: 8px;'><a href='https:\/\/www.syscom.mx\/producto\/LA302R-DELTA-167343.html' style='color: inherit; text-decoration: underline;'>LA302R<\/a><\/li>\n<li style='margin-bottom: 8px;'><a href='https:\/\/www.syscom.mx\/producto\/FE7632PC16-EPCOM-POWERLINE-193740.html' style='color: inherit; text-decoration: underline;'>FE7632PC16<\/a><\/li>\n<li style='margin-bottom: 8px;'><a href='https:\/\/www.syscom.mx\/producto\/F56CB4N-EPCOM-POWERLINE-190812.html' style='color: inherit; text-decoration: underline;'>F56CB4N<\/a><\/li>\n<\/ul><\/div>\n<div style='margin: 30px 0;'>\n<div style='position: relative; padding-bottom: 56.25%; height: 0; overflow: hidden; margin-bottom: 30px;'>   <\/div>\n<\/p><\/div>\n<div style='margin: 30px 0;'>\n<div style='display: flex; flex-wrap: wrap; gap: 20px;'>\n<div style='flex: 1 1 300px; min-width: 250px;'>\n<div style='padding: 15px; border: 1px solid rgba(150&comma;150&comma;150&comma;0.4); border-radius: 8px;'>\n<h3 style='margin-top: 0; margin-bottom: 15px; font-size: 18px; color: inherit; opacity: 0.85; font-weight: 600;'>Caracter\u00edsticas de protecci\u00f3n<\/h3>\n<ul style='padding-left: 20px; margin: 0; color: inherit; font-size: 14px;'>\n<li style='margin-bottom: 8px;'>Varistor de Oxido Silicon<\/li>\n<li style='margin-bottom: 8px;'>N\u00famero ilimitado de protecciones<\/li>\n<li style='margin-bottom: 8px;'>Tiempo de respuesta 5 nanosegundos<\/li>\n<\/ul><\/div>\n<\/p><\/div>\n<div style='flex: 1 1 300px; min-width: 250px;'>\n<div style='padding: 15px; border: 1px solid rgba(150&comma;150&comma;150&comma;0.4); border-radius: 8px;'>\n<h3 style='margin-top: 0; margin-bottom: 15px; font-size: 18px; color: inherit; opacity: 0.85; font-weight: 600;'>Aplicaciones<\/h3>\n<ul style='padding-left: 20px; margin: 0; color: inherit; font-size: 14px;'>\n<li style='margin-bottom: 8px;'>Conecte los cables negros en las pastillas t\u00e9rmicas empalmandolos con las 2 fases que van al inversor<\/li>\n<li style='margin-bottom: 8px;'>El cable blanco llevelo a neutro-tierra f\u00edsica<\/li>\n<li style='margin-bottom: 8px;'>Tambi\u00e9n lo puede usar en un tablero de distribuci\u00f3n para protecci\u00f3n de equipos electr\u00f3nicos<\/li>\n<\/ul><\/div>\n<\/p><\/div>\n<\/p><\/div>\n<\/p><\/div>\n<div style='margin: 30px 0;'> <img style='width: 100%; height: auto; border: 1px solid rgba(150&comma;150&comma;150&comma;0.3); border-radius: 8px; margin-bottom: 20px;' src='https:\/\/ftp3.syscom.mx\/usuarios\/oavila\/Carlos%20Chaparro\/Model%20LA302.png' alt=''> <img style='width: 100%; height: auto; border: 1px solid rgba(150&comma;150&comma;150&comma;0.3); border-radius: 8px;' src='https:\/\/ftp3.syscom.mx\/usuarios\/oavila\/Carlos%20Chaparro\/Captura%20de%20Pantalla%202020-01-10%20a%20la%28s%29%2015.48.11.png' alt=''> <\/div>\n<div style='margin: 30px 0;'>\n<div style='padding: 15px; border-left: 3px solid rgba(255&comma; 0&comma; 0&comma; 0.8); background-color: rgba(255&comma; 0&comma; 0&comma; 0.05); color: inherit;'>\n<p style='margin: 0 0 10px; color: inherit; font-size: 14px;'> El trabajo el\u00e9ctrico es peligroso&comma; las malas conexiones pueden provocar incendios&comma; lesiones o la muerte&comma; una instalaci\u00f3n el\u00e9ctrica solo debe ser realizada por profesionales calificados. <\/p>\n<p style='margin: 0; color: inherit; font-size: 14px;'> Cuando exista una descarga en la red el\u00e9ctrica el supresor recibir\u00e1 el da\u00f1o&comma; cuando la descarga sea de mayor intensidad que la indicada en la ficha t\u00e9cnica y tenga suficiente calor y tensi\u00f3n acumulada&comma; el supresor abrir\u00e1 un orificio de aproximadamente una pulgada en el inferior del bote y expulsar\u00e1 silicio caliente y trozos de pl\u00e1stico&comma; realizando su m\u00e1xima funci\u00f3n de bloqueo protegiendo el circuito. <\/p>\n<\/p><\/div>\n<\/p><\/div>\n<\/p><\/div>\n","protected":false},"excerpt":{"rendered":"<p>Kit de Centro de Carga Para Corriente Alterna, Breaker de hasta  400 Vca de 16 A con Supresor de Picos Transitorios.<\/p>\n","protected":false},"featured_media":46468,"comment_status":"open","ping_status":"closed","template":"","meta":[],"product_brand":[],"product_cat":[1090],"product_tag":[1091,1088,454],"class_list":{"0":"post-46469","1":"product","2":"type-product","3":"status-publish","4":"has-post-thumbnail","6":"product_cat-accesorios-para-tierra-fisica","7":"product_tag-accesorios-para-tierra-fisica","8":"product_tag-calidad-de-la-energia","9":"product_tag-epcom-powerline","11":"first","12":"instock","13":"sale","14":"shipping-taxable","15":"purchasable","16":"product-type-simple"},"_links":{"self":[{"href":"https:\/\/soydeaqui.ddns.net\/pachuca\/index.php\/wp-json\/wp\/v2\/product\/46469","targetHints":{"allow":["GET"]}}],"collection":[{"href":"https:\/\/soydeaqui.ddns.net\/pachuca\/index.php\/wp-json\/wp\/v2\/product"}],"about":[{"href":"https:\/\/soydeaqui.ddns.net\/pachuca\/index.php\/wp-json\/wp\/v2\/types\/product"}],"replies":[{"embeddable":true,"href":"https:\/\/soydeaqui.ddns.net\/pachuca\/index.php\/wp-json\/wp\/v2\/comments?post=46469"}],"wp:featuredmedia":[{"embeddable":true,"href":"https:\/\/soydeaqui.ddns.net\/pachuca\/index.php\/wp-json\/wp\/v2\/media\/46468"}],"wp:attachment":[{"href":"https:\/\/soydeaqui.ddns.net\/pachuca\/index.php\/wp-json\/wp\/v2\/media?parent=46469"}],"wp:term":[{"taxonomy":"product_brand","embeddable":true,"href":"https:\/\/soydeaqui.ddns.net\/pachuca\/index.php\/wp-json\/wp\/v2\/product_brand?post=46469"},{"taxonomy":"product_cat","embeddable":true,"href":"https:\/\/soydeaqui.ddns.net\/pachuca\/index.php\/wp-json\/wp\/v2\/product_cat?post=46469"},{"taxonomy":"product_tag","embeddable":true,"href":"https:\/\/soydeaqui.ddns.net\/pachuca\/index.php\/wp-json\/wp\/v2\/product_tag?post=46469"}],"curies":[{"name":"wp","href":"https:\/\/api.w.org\/{rel}","templated":true}]}}