{"id":46465,"date":"2026-03-18T20:38:57","date_gmt":"2026-03-18T20:38:57","guid":{"rendered":"https:\/\/soydeaqui.ddns.net\/pachuca\/index.php\/producto\/juego-de-5-brocas-para-vidrio-de-1-8-3-16-1-4-3-8-1-2\/"},"modified":"2026-03-18T20:38:59","modified_gmt":"2026-03-18T20:38:59","slug":"juego-de-5-brocas-para-vidrio-de-1-8-3-16-1-4-3-8-1-2","status":"publish","type":"product","link":"https:\/\/soydeaqui.ddns.net\/pachuca\/index.php\/producto\/juego-de-5-brocas-para-vidrio-de-1-8-3-16-1-4-3-8-1-2\/","title":{"rendered":"Juego de 5 brocas para vidrio de 1\/8&#8243;-3\/16&#8243;-1\/4&#8243;-3\/8&#8243;-1\/2&#8243;"},"content":{"rendered":"<div style='width: 100%; max-width: 1200px; margin: 0 auto; font-family: sans-serif; line-height: 1.6; color: inherit; background-color: transparent;'>\n<div style='display: flex; flex-wrap: wrap; gap: 30px; margin-bottom: 30px;'>\n<div style='flex: 1 1 300px; min-width: 280px;'>\n<h3 style='font-size: 22px; border-bottom: 2px solid currentColor; padding-bottom: 5px; margin-top: 0; color: inherit; opacity: 0.8;'>DESCRIPCION<\/h3>\n<ul style='padding-left: 20px; font-size: 15px; color: inherit;'>\n<li style='margin-bottom: 5px;'><strong>APLICACIONES:<\/strong> Para perforar hasta azulejo de cer\u00e1mica clase 3&comma; vidrio no templado&comma; pl\u00e1stico&comma; compuesto&comma; ladrillo y m\u00e1rmol<\/li>\n<li style='margin-bottom: 5px;'><strong>DISE\u00d1O:<\/strong> El eje de tres lados planos provee un agarre superior para portabrocas de taladros-atornilladores<\/li>\n<li style='margin-bottom: 5px;'><strong>CONVENIENCIA:<\/strong> Puede ser utilizada mojada o seca para m\u00e1s conveniencia<\/li>\n<li style='margin-bottom: 5px;'><strong>PRODUCTIVIDAD:<\/strong> Dise\u00f1o en espiral para r\u00e1pida evacuaci\u00f3n de polvo<\/li>\n<li style='margin-bottom: 5px;'><strong>INCLUYE:<\/strong> 1 de cada una: 1\/8&#8242; x 3&#8242; de eje redondo&comma; 3\/16&#8242; x 3&#8242; de eje redondo&comma;1\/4&#8242; x 4&#8242; de eje de 3 lados planos&comma; 3\/8&#8242; x 4&#8242; de eje de 3 lados planos&comma;1\/2&#8242; x 4&#8242; de eje de 3 lados planos.<\/li>\n<\/ul><\/div>\n<\/p><\/div>\n<div style='display: flex; flex-wrap: wrap; gap: 20px; margin-bottom: 30px;'>\n<div style='flex: 1 1 250px; border: 1px solid rgba(150&comma; 150&comma; 150&comma; 0.4); border-radius: 8px; overflow: hidden; display: flex; flex-direction: column;'>\n<div style='padding: 15px; border-bottom: 1px solid rgba(150&comma; 150&comma; 150&comma; 0.2); font-weight: bold; font-size: 18px; color: inherit;'>ACERCA DEL MODELO<\/div>\n<div style='padding: 15px; color: inherit;'>\n<p style='margin: 0 0 10px;'>La Broca para Vidrio y Azulejo de Makita est\u00e1 dise\u00f1ada para taladrar a trav\u00e9s de sin templar&comma; pl\u00e1stico&comma; compuesto&comma; ladrillo y m\u00e1rmol. La broca tiene una punta de carburo soldada con cobre para larga duraci\u00f3n. Un dise\u00f1o en espiral elimina el material de manera m\u00e1s r\u00e1pida. Cada broca est\u00e1 manufacturada con acero de alta calidad para durabilidad adicional.<\/p>\n<\/p><\/div>\n<\/p><\/div>\n<\/p><\/div>\n<div style='display: flex; flex-wrap: wrap; gap: 20px; margin-bottom: 30px;'>\n<div style='flex: 1 1 250px; border: 1px solid rgba(150&comma; 150&comma; 150&comma; 0.4); border-radius: 8px; overflow: hidden; display: flex; flex-direction: column;'>\n<div style='padding: 15px; border-bottom: 1px solid rgba(150&comma; 150&comma; 150&comma; 0.2); font-weight: bold; font-size: 18px; color: inherit;'>CARACTERISTICAS<\/div>\n<div style='padding: 15px; color: inherit;'>\n<ul style='padding-left: 20px; margin: 0; font-size: 14px; list-style-type: disc;'>\n<li style='margin-bottom: 5px;'>Brocas para perforaci\u00f3n de vidrio y azulejo presentan punta de carburo y forma de espada para perforar agujeros en vidrio y azulejo con un taladro-atornillador<\/li>\n<li style='margin-bottom: 5px;'>El eje de tres lados planos provee un agarre superior para portabrocas de taladros-atornilladores<\/li>\n<li style='margin-bottom: 5px;'>Punta de carburo soldada con cobre<\/li>\n<li style='margin-bottom: 5px;'>Apta para vidrio no templado&comma; pl\u00e1stico&comma; compuesto&comma; ladrillo y m\u00e1rmol<\/li>\n<li style='margin-bottom: 5px;'>Para perforaci\u00f3n a trav\u00e9s de hasta azulejos de cer\u00e1mica clase 3<\/li>\n<li style='margin-bottom: 5px;'>Dise\u00f1o en espiral para r\u00e1pida evacuaci\u00f3n de polvo<\/li>\n<li style='margin-bottom: 5px;'>Puede ser utilizada mojada o seca para m\u00e1s conveniencia<\/li>\n<li style='margin-bottom: 5px;'>Incluye: 1\/8&#8242; x 3&#8242; de eje redondo&comma; 3\/16&#8242; x 3&#8242; de eje redondo&comma;1\/4&#8242; x 4&#8242; de eje de 3 lados planos&comma; 3\/8&#8242; x 4&#8242; de eje de 3 lados planos&comma;1\/2&#8242; x 4&#8242; de eje de 3 lados planos<\/li>\n<\/ul><\/div>\n<\/p><\/div>\n<\/p><\/div>\n<div style='display: flex; flex-wrap: wrap; gap: 20px; margin-bottom: 30px;'>\n<div style='flex: 1 1 250px; border: 1px solid rgba(150&comma; 150&comma; 150&comma; 0.4); border-radius: 8px; overflow: hidden; display: flex; flex-direction: column;'>\n<div style='padding: 15px; border-bottom: 1px solid rgba(150&comma; 150&comma; 150&comma; 0.2); font-weight: bold; font-size: 18px; color: inherit;'>ESPECIFICACIONES<\/div>\n<div style='padding: 15px; color: inherit;'>\n<ul style='padding-left: 20px; margin: 0; font-size: 14px; list-style-type: none;'>\n<li style='margin-bottom: 8px; padding-bottom: 8px; border-bottom: 1px solid rgba(150&comma; 150&comma; 150&comma; 0.2);'> <strong style='display: inline-block; width: 45%;'>Tipo de Producto (DB&comma; HS):<\/strong> <span style='display: inline-block; width: 50%; text-align: right;'>Brocas para Mamposter\u00eda<\/span> <\/li>\n<li style='margin-bottom: 8px; padding-bottom: 8px; border-bottom: 1px solid rgba(150&comma; 150&comma; 150&comma; 0.2);'> <strong style='display: inline-block; width: 45%;'>Cantidad Paquetes en Estante:<\/strong> <span style='display: inline-block; width: 50%; text-align: right;'>0<\/span> <\/li>\n<li style='margin-bottom: 8px; padding-bottom: 8px; border-bottom: 1px solid rgba(150&comma; 150&comma; 150&comma; 0.2);'> <strong style='display: inline-block; width: 45%;'>Peso del Env\u00edo:<\/strong> <span style='display: inline-block; width: 50%; text-align: right;'>.35 lbs.<\/span> <\/li>\n<li style='margin-bottom: 0;'> <strong style='display: inline-block; width: 45%;'>C\u00f3digo UPC:<\/strong> <span style='display: inline-block; width: 50%; text-align: right;'>088381-547550<\/span> <\/li>\n<\/ul><\/div>\n<\/p><\/div>\n<\/p><\/div>\n<\/p><\/div>\n","protected":false},"excerpt":{"rendered":"<p>Juego de 5 brocas para vidrio de 1\/8&#8243;-3\/16&#8243;-1\/4&#8243;-3\/8&#8243;-1\/2&#8243;<\/p>\n","protected":false},"featured_media":46464,"comment_status":"open","ping_status":"closed","template":"","meta":[],"product_brand":[],"product_cat":[24],"product_tag":[26,25,252],"class_list":{"0":"post-46465","1":"product","2":"type-product","3":"status-publish","4":"has-post-thumbnail","6":"product_cat-accesorios-de-instalacion","7":"product_tag-accesorios-de-instalacion","8":"product_tag-herramientas","9":"product_tag-makita","11":"first","12":"outofstock","13":"sale","14":"shipping-taxable","15":"purchasable","16":"product-type-simple"},"_links":{"self":[{"href":"https:\/\/soydeaqui.ddns.net\/pachuca\/index.php\/wp-json\/wp\/v2\/product\/46465","targetHints":{"allow":["GET"]}}],"collection":[{"href":"https:\/\/soydeaqui.ddns.net\/pachuca\/index.php\/wp-json\/wp\/v2\/product"}],"about":[{"href":"https:\/\/soydeaqui.ddns.net\/pachuca\/index.php\/wp-json\/wp\/v2\/types\/product"}],"replies":[{"embeddable":true,"href":"https:\/\/soydeaqui.ddns.net\/pachuca\/index.php\/wp-json\/wp\/v2\/comments?post=46465"}],"wp:featuredmedia":[{"embeddable":true,"href":"https:\/\/soydeaqui.ddns.net\/pachuca\/index.php\/wp-json\/wp\/v2\/media\/46464"}],"wp:attachment":[{"href":"https:\/\/soydeaqui.ddns.net\/pachuca\/index.php\/wp-json\/wp\/v2\/media?parent=46465"}],"wp:term":[{"taxonomy":"product_brand","embeddable":true,"href":"https:\/\/soydeaqui.ddns.net\/pachuca\/index.php\/wp-json\/wp\/v2\/product_brand?post=46465"},{"taxonomy":"product_cat","embeddable":true,"href":"https:\/\/soydeaqui.ddns.net\/pachuca\/index.php\/wp-json\/wp\/v2\/product_cat?post=46465"},{"taxonomy":"product_tag","embeddable":true,"href":"https:\/\/soydeaqui.ddns.net\/pachuca\/index.php\/wp-json\/wp\/v2\/product_tag?post=46465"}],"curies":[{"name":"wp","href":"https:\/\/api.w.org\/{rel}","templated":true}]}}