{"id":4646,"date":"2026-03-18T06:21:29","date_gmt":"2026-03-18T06:21:29","guid":{"rendered":"https:\/\/soydeaqui.ddns.net\/pachuca\/index.php\/producto\/comunicador-de-alarma-2g-compatible-honeywell-dsc-crow-pimamn01-v3\/"},"modified":"2026-03-18T06:21:34","modified_gmt":"2026-03-18T06:21:34","slug":"comunicador-de-alarma-2g-compatible-honeywell-dsc-crow-pimamn01-v3","status":"publish","type":"product","link":"https:\/\/soydeaqui.ddns.net\/pachuca\/index.php\/producto\/comunicador-de-alarma-2g-compatible-honeywell-dsc-crow-pimamn01-v3\/","title":{"rendered":"Comunicador de Alarma 2G \/ Compatible Honeywell\/DSC\/CROW\/PIMA(MN01-V3)"},"content":{"rendered":"<div style='width: 100%; max-width: 1200px; margin: 0 auto; font-family: sans-serif; line-height: 1.6; color: inherit; background-color: transparent;'> <!-- Banner principal --> <\/p>\n<div style='width: 100%; text-align: center; margin-bottom: 20px;'> <img style='width: 100%; max-width: 800px; height: auto; border: 1px solid rgba(150&comma;150&comma;150&comma;0.3); border-radius: 8px;' src='https:\/\/ftp3.syscom.mx\/usuarios\/vvega\/M2M\/mini012g\/MINI012G - Banner.jpg' alt=''> <\/div>\n<p> <!-- Nota importante --> <\/p>\n<div style='width: 100%; text-align: center; margin: 20px 0; font-size: 14px; color: inherit; opacity: 0.7;'> *NOTA: Estos equipos adquiridos en cualquier categoria de &#8216;asterisco&#8217; pueden variar los meses de servicio <\/div>\n<p> <!-- Logo del producto --> <\/p>\n<div style='width: 100%; text-align: center; margin-bottom: 30px;'> <img style='width: 100%; max-width: 300px; height: auto; border: 1px solid rgba(150&comma;150&comma;150&comma;0.3); border-radius: 8px;' src='https:\/\/ftp3.syscom.mx\/usuarios\/vvega\/M2M\/mini012g\/MINI012G Nombre.png' alt=''> <\/div>\n<p> <!-- Descripci\u00f3n principal --> <\/p>\n<div style='width: 100%; margin: 0 20px 40px; max-width: 900px; margin-left: auto; margin-right: auto;'>\n<h3 style='font-size: 24px; text-align: center; color: inherit; opacity: 0.9; margin-top: 0;'>Comunicador de Alarma UNIVERSAL 2G<\/h3>\n<p style='font-size: 16px; text-align: center; margin: 20px 0 30px; color: inherit; opacity: 0.8;'> Comunicador Multimarca \u00fanico en el mercado extremadamente peque\u00f1o compatible con el 99% de paneles de alarma para el env\u00edo de eventos y poder armar y desarmar&comma; todo desde una sola aplicaci\u00f3n (RCONTROL)&comma; ideal para convertir tu panel de alarma en un equipo inteligente! <\/p>\n<p style='text-align: center; margin: 20px 0;'> <a href='https:\/\/sites.google.com\/syscom.mx\/m2m-services\/inicio' target='_blank' rel='noopener' style='font-size: 16px; color: #1449b8; text-decoration: underline;'>CONFIGURACIONES DE EQUIPOS M2M dando CLIC AQUI<\/a> <\/p>\n<\/p><\/div>\n<p> <!-- Secci\u00f3n de 3 columnas --> <\/p>\n<div style='display: flex; flex-wrap: wrap; gap: 30px; margin-bottom: 40px;'> <!-- Card 1 --> <\/p>\n<div style='flex: 1 1 300px; min-width: 280px;'>\n<div style='border: 1px solid rgba(150&comma;150&comma;150&comma;0.3); border-radius: 8px; overflow: hidden; display: flex; flex-direction: column;'>\n<div style='background-color: rgba(238&comma;238&comma;238&comma;0.5); padding: 0;'> <img style='width: 100%; height: auto; border: none;' src='https:\/\/ftp3.syscom.mx\/usuarios\/vvega\/M2M\/mini012g\/mini012g.png' alt=''> <\/div>\n<div style='padding: 15px; border-top: 5px solid #1449b8;'>\n<h2 style='font-size: 20px; color: inherit; margin-top: 0;'>Comunicador LITE Red 2G<\/h2>\n<h4 style='color: gray; font-size: 16px;'>Principales<\/h4>\n<ul style='padding-left: 20px; margin: 0; font-size: 14px; list-style-type: disc;'>\n<li style='margin-bottom: 8px;'>Extremo Alta Seguridad.<\/li>\n<li style='margin-bottom: 8px;'>SIM Incluido (opera con TELCEL).<\/li>\n<li style='margin-bottom: 8px;'>Incluye 1 A\u00d1O servicio 2G sin Costo.<\/li>\n<li style='margin-bottom: 8px;'>A\u00f1o adicional agregando <a href='https:\/\/www.syscom.mx\/principal\/searchcont?route=VOUCHER1Y-M2M-SERVICES-93423&#038;autodetect=voucher1y' target='_blank' rel='noopener' style='color: #1449b8; text-decoration: underline;'>VOUCHER1Y.<\/a><\/li>\n<li style='margin-bottom: 0;'> <strong style='color: inherit;'>NOTA:<\/strong> <em style='color: inherit; opacity: 0.8;'>Si el voucher no es renovado dentro del mes correspondiente una vez finalizado su anualidad&comma; el equipo pasara a suspendido y se tendra que adquirir un REACTIVAM2M + VOUCHER1Y<\/em> <\/li>\n<\/ul><\/div>\n<\/p><\/div>\n<\/p><\/div>\n<p> <!-- Card 2 --> <\/p>\n<div style='flex: 1 1 300px; min-width: 280px;'>\n<div style='border: 1px solid rgba(150&comma;150&comma;150&comma;0.3); border-radius: 8px; overflow: hidden; display: flex; flex-direction: column;'>\n<div style='background-color: rgba(238&comma;238&comma;238&comma;0.5); padding: 0;'> <img style='width: 100%; height: auto; border: none;' src='https:\/\/ftp3.syscom.mx\/usuarios\/vvega\/M2M\/mini012g\/Mini012g - RControl.png' alt=''> <\/div>\n<div style='padding: 15px; border-top: 5px solid #1449b8;'>\n<h2 style='font-size: 20px; color: inherit; margin-top: 0;'>1 A\u00f1o de Servicio GRATIS<\/h2>\n<h4 style='color: gray; font-size: 16px;'>Aplicacion y Plataforma<\/h4>\n<ul style='padding-left: 20px; margin: 0; font-size: 14px; list-style-type: disc;'>\n<li style='margin-bottom: 8px;'><strong style='color: inherit;'>LOGO<\/strong> Directo en la aplicacion GRATIS!<\/li>\n<li style='margin-bottom: 8px;'><strong style='color: inherit;'>Armado Total y Desarmado<\/strong> desde la APP.<\/li>\n<li style='margin-bottom: 8px;'><strong style='color: inherit;'>Notificaciones PUSH<\/strong> y por correo electronico.<\/li>\n<li style='margin-bottom: 8px;'>Identificacion de usuarios y posibilidad de etiquetado de zonas.<\/li>\n<li style='margin-bottom: 8px;'>Soporta hasta 100 usuarios en la APP con identificacion (quien armo \/desarmo)<\/li>\n<li style='margin-bottom: 0;'>1 a\u00f1o de Historial de Eventos.<\/li>\n<\/ul><\/div>\n<\/p><\/div>\n<\/p><\/div>\n<p> <!-- Card 3 --> <\/p>\n<div style='flex: 1 1 300px; min-width: 280px;'>\n<div style='border: 1px solid rgba(150&comma;150&comma;150&comma;0.3); border-radius: 8px; overflow: hidden; display: flex; flex-direction: column;'>\n<div style='background-color: rgba(238&comma;238&comma;238&comma;0.5); padding: 0;'> <img style='width: 100%; height: auto; border: none;' src='https:\/\/ftp3.syscom.mx\/usuarios\/vvega\/M2M\/mini012g\/mini012g.png' alt=''> <\/div>\n<div style='padding: 15px; border-top: 5px solid #1449b8;'>\n<h2 style='font-size: 20px; color: inherit; margin-top: 0;'>Peque\u00f1o y Ligero<\/h2>\n<h4 style='color: gray; font-size: 16px;'>Especificaciones Tecnicas<\/h4>\n<ul style='padding-left: 20px; margin: 0; font-size: 14px; list-style-type: disc;'>\n<li style='margin-bottom: 8px;'>GSM\/GPRS Quaq-band<\/li>\n<li style='margin-bottom: 8px;'>Fuente Principal de 12 Vcc<\/li>\n<li style='margin-bottom: 8px;'>Consumo: 15 mA en espera&comma; pico 200 mA<\/li>\n<li style='margin-bottom: 8px;'>Soporta ContactID \/ SIA<\/li>\n<li style='margin-bottom: 8px;'>Antena: SMA&comma; 50 ohms<\/li>\n<li style='margin-bottom: 8px;'>Dimensiones: 3 x 4.5 x 1.5 cms<\/li>\n<li style='margin-bottom: 0;'>Peso sin Antena: 25 gr<\/li>\n<\/ul><\/div>\n<\/p><\/div>\n<\/p><\/div>\n<\/p><\/div>\n<p> <!-- Nota final --> <\/p>\n<div style='width: 100%; text-align: center; margin: 40px 0; font-size: 14px; color: inherit; opacity: 0.8;'>\n<p style='margin: 0 0 15px;'><strong>NOTA:<\/strong> Estos dispositivos trabajan sobre redes celulares por lo que su operatividad depende de la estabilidad de estos servicios.<\/p>\n<p style='margin: 0;'>*NOTA: Estos equipos adquiridos en cualquier categoria de &#8216;asterisco&#8217; pueden variar los meses de servicio<\/p>\n<\/p><\/div>\n<p> <!-- Imagen CMS --> <\/p>\n<div style='width: 100%; text-align: center; margin: 40px 0;'> <img style='width: 100%; max-width: 900px; height: auto; border: 1px solid rgba(150&comma;150&comma;150&comma;0.3); border-radius: 8px;' src='https:\/\/ftp3.syscom.mx\/usuarios\/vvega\/M2M\/mini012g\/CMS.jpg' alt=''> <\/div>\n<p> <!-- Secci\u00f3n de programaci\u00f3n remota --> <\/p>\n<div style='width: 100%; max-width: 900px; margin: 40px auto; padding: 20px; border-left: 4px solid #c0392b; border-right: 4px solid #c0392b; text-align: center;'>\n<h2 style='font-size: 20px; color: #c0392b; margin-top: 0; margin-bottom: 15px;'>Evite traslados Innecesarios con Programaci\u00f3n Remota<\/h2>\n<p style='margin: 10px 0; color: inherit;'><strong>Programaci\u00f3n Remota (Compatible con Honeywell\u00ae y DSC)<\/strong><\/p>\n<p style='margin: 10px 0; color: inherit;'>Realizar configuraciones en el panel sin tener que ir al lugar donde est\u00e1 instalado.<\/p>\n<p style='margin: 10px 0; color: inherit;'>El t\u00e9cnico \u00fanicamente reemplaza o instala equipos pero la configuraci\u00f3n se realiza remotamente desde la Central (mayor seguridad).<\/p>\n<p style='margin: 20px 0 10px; color: inherit;'><strong>Para la programacion remota se requiere:<\/strong><\/p>\n<ul style='padding-left: 20px; margin: 0 auto 0 auto; max-width: 600px; font-size: 14px; list-style-type: disc;'>\n<li style='margin-bottom: 10px;'><a href='https:\/\/www.syscom.mx\/producto\/UDLSERVICEM2M-M2M-SERVICES-143760.html' target='_blank' rel='noopener' style='color: #1449b8; text-decoration: underline;'>UDLSERVICEM2M<\/a>: Anualidad para conexiones ilimitadas a paneles de alarma.<\/li>\n<li style='margin-bottom: 10px;'><a href='https:\/\/www.syscom.mx\/producto\/MN-01RNGR-M2M-SERVICES-143761.html' target='_blank' rel='noopener' style='color: #1449b8; text-decoration: underline;'>MN01RNGR<\/a>: Se requiere uno por panel de alarma&comma; es un accesorio del MN02LTEM.<\/li>\n<li style='margin-bottom: 0;'><a href='https:\/\/www.syscom.mx\/producto\/MODEMVISTA-M2M-SERVICES-143755.html' target='_blank' rel='noopener' style='color: #1449b8; text-decoration: underline;'>MODEMVISTA<\/a> o <a href='https:\/\/www.syscom.mx\/producto\/MODEMDSC-M2M-SERVICES-143754.html' target='_blank' rel='noopener' style='color: #1449b8; text-decoration: underline;'>MODEMDSC<\/a>: Se requiere uno en la Central en la PC donde realizaremos la configuraci\u00f3n remota.<\/li>\n<\/ul><\/div>\n<p> <!-- Imagen UDL --> <\/p>\n<div style='width: 100%; text-align: center; margin: 40px 0;'> <img style='width: 100%; max-width: 900px; height: auto; border: 1px solid rgba(150&comma;150&comma;150&comma;0.3); border-radius: 8px;' src='https:\/\/ftp3.syscom.mx\/usuarios\/vvega\/M2M\/mini012g\/UDL.jpg' alt=''> <\/div>\n<\/p><\/div>\n","protected":false},"excerpt":{"rendered":"<p>Comunicador de Alarma 2G \/ Compatible Honeywell\/DSC\/CROW\/PIMA(MN01-V3)<\/p>\n","protected":false},"featured_media":4645,"comment_status":"open","ping_status":"closed","template":"","meta":[],"product_brand":[],"product_cat":[386],"product_tag":[40,207,188],"class_list":{"0":"post-4646","1":"product","2":"type-product","3":"status-publish","4":"has-post-thumbnail","6":"product_cat-comunicadores-centrales-de-monitoreo","7":"product_tag-centrales-de-monitoreo","8":"product_tag-comunicadores","9":"product_tag-m2m-services","11":"first","12":"instock","13":"sale","14":"shipping-taxable","15":"purchasable","16":"product-type-simple"},"_links":{"self":[{"href":"https:\/\/soydeaqui.ddns.net\/pachuca\/index.php\/wp-json\/wp\/v2\/product\/4646","targetHints":{"allow":["GET"]}}],"collection":[{"href":"https:\/\/soydeaqui.ddns.net\/pachuca\/index.php\/wp-json\/wp\/v2\/product"}],"about":[{"href":"https:\/\/soydeaqui.ddns.net\/pachuca\/index.php\/wp-json\/wp\/v2\/types\/product"}],"replies":[{"embeddable":true,"href":"https:\/\/soydeaqui.ddns.net\/pachuca\/index.php\/wp-json\/wp\/v2\/comments?post=4646"}],"wp:featuredmedia":[{"embeddable":true,"href":"https:\/\/soydeaqui.ddns.net\/pachuca\/index.php\/wp-json\/wp\/v2\/media\/4645"}],"wp:attachment":[{"href":"https:\/\/soydeaqui.ddns.net\/pachuca\/index.php\/wp-json\/wp\/v2\/media?parent=4646"}],"wp:term":[{"taxonomy":"product_brand","embeddable":true,"href":"https:\/\/soydeaqui.ddns.net\/pachuca\/index.php\/wp-json\/wp\/v2\/product_brand?post=4646"},{"taxonomy":"product_cat","embeddable":true,"href":"https:\/\/soydeaqui.ddns.net\/pachuca\/index.php\/wp-json\/wp\/v2\/product_cat?post=4646"},{"taxonomy":"product_tag","embeddable":true,"href":"https:\/\/soydeaqui.ddns.net\/pachuca\/index.php\/wp-json\/wp\/v2\/product_tag?post=4646"}],"curies":[{"name":"wp","href":"https:\/\/api.w.org\/{rel}","templated":true}]}}