{"id":46435,"date":"2026-03-18T20:38:05","date_gmt":"2026-03-18T20:38:05","guid":{"rendered":"https:\/\/soydeaqui.ddns.net\/pachuca\/index.php\/producto\/sello-de-3-4-19-mm-de-al-libre-de-cu-para-areas-peligrosas-tipo-eys\/"},"modified":"2026-03-18T20:38:06","modified_gmt":"2026-03-18T20:38:06","slug":"sello-de-3-4-19-mm-de-al-libre-de-cu-para-areas-peligrosas-tipo-eys","status":"publish","type":"product","link":"https:\/\/soydeaqui.ddns.net\/pachuca\/index.php\/producto\/sello-de-3-4-19-mm-de-al-libre-de-cu-para-areas-peligrosas-tipo-eys\/","title":{"rendered":"Sello de 3\/4&#8243; (19 mm) de Al libre de Cu\/ Para \u00c1reas Peligrosas\/ Tipo EYS."},"content":{"rendered":"<div style='width: 100%; max-width: 1200px; margin: 0 auto; font-family: sans-serif; line-height: 1.6; color: inherit; background-color: transparent;'> <!-- Caracter\u00edsticas principales --> <\/p>\n<div style='display: flex; flex-wrap: wrap; gap: 30px; margin-bottom: 30px;'>\n<div style='flex: 1 1 300px; min-width: 280px;'>\n<h3 style='font-size: 22px; border-bottom: 2px solid currentColor; padding-bottom: 5px; margin-top: 0; color: inherit; opacity: 0.8;'>Caracter\u00edsticas principales<\/h3>\n<ul style='padding-left: 20px; font-size: 15px; color: inherit;'>\n<li style='margin-bottom: 5px;'><strong>Material:<\/strong> Aluminio libre de cobre inyectado a presi\u00f3n (diecast).<\/li>\n<li style='margin-bottom: 5px;'><strong>Acabados:<\/strong> Pintura electrost\u00e1tica ep\u00f3xica\/poli\u00e9ster polimerizada.<\/li>\n<li style='margin-bottom: 5px;'><strong>Medida nominal:<\/strong> 3\/4&#8242; (19 mm).<\/li>\n<li style='margin-bottom: 5px;'><strong>Tap\u00f3n llenado:<\/strong> Horiz. 3\/4&#8242; (19 mm) Vert. 1\/4&#8242; (6.35 mm).<\/li>\n<li style='margin-bottom: 5px;'><strong>N\u00famero y tama\u00f1o de conductor:<\/strong> 10 # 16 AWG.<\/li>\n<li style='margin-bottom: 5px;'>A prueba de explosi\u00f3n.<\/li>\n<li style='margin-bottom: 5px;'>A prueba de polvos inflamables.<\/li>\n<li style='margin-bottom: 5px;'>A prueba de agua.<\/li>\n<li style='margin-bottom: 5px;'>A prueba de ambientes h\u00famedos.<\/li>\n<li style='margin-bottom: 5px;'><strong>Peso:<\/strong> 0.21 kg<\/li>\n<\/ul><\/div>\n<\/p><\/div>\n<p> <!-- Aplicaciones --> <\/p>\n<div style='display: flex; flex-wrap: wrap; gap: 30px; margin-bottom: 30px;'>\n<div style='flex: 1 1 300px; min-width: 280px;'>\n<h3 style='font-size: 22px; border-bottom: 2px solid currentColor; padding-bottom: 5px; margin-top: 0; color: inherit; opacity: 0.8;'>Aplicaciones<\/h3>\n<ul style='padding-left: 20px; font-size: 15px; color: inherit;'>\n<li style='margin-bottom: 5px;'>Impide el paso de gases&comma; vapores y flamas de una parte de la instalaci\u00f3n el\u00e9ctrica a otra de presi\u00f3n atmosf\u00e9rica y temperatura ambiente normales.<\/li>\n<li style='margin-bottom: 5px;'>Rosca NPT para usarse con tubo conduit r\u00edgido.<\/li>\n<li style='margin-bottom: 5px;'>Posiciones: vertical u horizontal.<\/li>\n<li style='margin-bottom: 5px;'>25% de llenado del conduit.<\/li>\n<\/ul><\/div>\n<\/p><\/div>\n<p> <!-- Informaci\u00f3n adicional --> <\/p>\n<div style='display: flex; flex-wrap: wrap; gap: 30px; margin-bottom: 30px;'>\n<div style='flex: 1 1 300px; min-width: 280px;'>\n<h3 style='font-size: 22px; border-bottom: 2px solid currentColor; padding-bottom: 5px; margin-top: 0; color: inherit; opacity: 0.8;'>Informaci\u00f3n adicional<\/h3>\n<ul style='padding-left: 20px; font-size: 15px; color: inherit;'>\n<li style='margin-bottom: 5px;'>Opcional: Niple removible de acero galvanizado (No incluido).<\/li>\n<\/ul><\/div>\n<\/p><\/div>\n<p> <!-- Instrucciones --> <\/p>\n<div style='display: flex; flex-wrap: wrap; gap: 30px; margin-bottom: 30px;'>\n<div style='flex: 1 1 300px; min-width: 280px;'>\n<h3 style='font-size: 22px; border-bottom: 2px solid currentColor; padding-bottom: 5px; margin-top: 0; color: inherit; opacity: 0.8;'>Instrucciones<\/h3>\n<ul style='padding-left: 20px; font-size: 15px; color: inherit;'>\n<li style='margin-bottom: 5px;'>Deber\u00e1n colocarse a una distancia no mayor de 457 mm (18&#8242;) de cualquier aparato que provoque chispas&comma; arcos \u00f3 altas temperaturas.<\/li>\n<li style='margin-bottom: 5px;'>El espesor del cemento sellador no deber\u00e1 de ser menor del di\u00e1metro de la tuber\u00eda y en ning\u00fan caso menor a 16 mm (5\/8&#8242;).<\/li>\n<li style='margin-bottom: 5px;'>Fabricado en base a: UL 886 UL 1203 CAN\/CSA &#8211; C22.2 No. 30<\/li>\n<\/ul><\/div>\n<\/p><\/div>\n<p> <!-- Certificaciones --> <\/p>\n<div style='display: flex; flex-wrap: wrap; gap: 30px; margin-bottom: 30px;'>\n<div style='flex: 1 1 300px; min-width: 280px;'>\n<h3 style='font-size: 22px; border-bottom: 2px solid currentColor; padding-bottom: 5px; margin-top: 0; color: inherit; opacity: 0.8;'>Certificaciones<\/h3>\n<ul style='padding-left: 20px; font-size: 15px; color: inherit;'>\n<li style='margin-bottom: 5px;'>Clase I&comma; Div. 1 y 2&comma; grupos A&comma;B&comma;C&comma;D.<\/li>\n<li style='margin-bottom: 5px;'>Clase II&comma; Div. 1 y 2&comma; grupos E&comma;F&comma;G.<\/li>\n<li style='margin-bottom: 5px;'>Clase II&comma; Div. 1 y 2.<\/li>\n<\/ul><\/div>\n<\/p><\/div>\n<p> <!-- Nota importante --> <\/p>\n<div style='margin-top: 30px; padding: 15px; border-left: 4px solid rgba(150&comma; 150&comma; 150&comma; 0.5); color: inherit; font-style: italic;'> *Revisar modelos con certificaciones disponibles para las clasificaciones. <\/div>\n<p> <!-- Separador final --> <\/p>\n<hr style='border: 0; border-top: 1px solid rgba(150&comma; 150&comma; 150&comma; 0.3); margin: 30px 0;'> <\/div>\n","protected":false},"excerpt":{"rendered":"<p>Sello de 3\/4&#8243; (19 mm) de Al libre de Cu\/ Para \u00c1reas Peligrosas\/ Tipo EYS.<\/p>\n","protected":false},"featured_media":46434,"comment_status":"open","ping_status":"closed","template":"","meta":[],"product_brand":[],"product_cat":[655],"product_tag":[572,661,656],"class_list":{"0":"post-46435","1":"product","2":"type-product","3":"status-publish","4":"has-post-thumbnail","6":"product_cat-tuberia-metalica-conduit-accesorios","7":"product_tag-canalizacion","8":"product_tag-rawelt","9":"product_tag-tuberia-metalica-conduit-accesorios","11":"first","12":"instock","13":"sale","14":"shipping-taxable","15":"purchasable","16":"product-type-simple"},"_links":{"self":[{"href":"https:\/\/soydeaqui.ddns.net\/pachuca\/index.php\/wp-json\/wp\/v2\/product\/46435","targetHints":{"allow":["GET"]}}],"collection":[{"href":"https:\/\/soydeaqui.ddns.net\/pachuca\/index.php\/wp-json\/wp\/v2\/product"}],"about":[{"href":"https:\/\/soydeaqui.ddns.net\/pachuca\/index.php\/wp-json\/wp\/v2\/types\/product"}],"replies":[{"embeddable":true,"href":"https:\/\/soydeaqui.ddns.net\/pachuca\/index.php\/wp-json\/wp\/v2\/comments?post=46435"}],"wp:featuredmedia":[{"embeddable":true,"href":"https:\/\/soydeaqui.ddns.net\/pachuca\/index.php\/wp-json\/wp\/v2\/media\/46434"}],"wp:attachment":[{"href":"https:\/\/soydeaqui.ddns.net\/pachuca\/index.php\/wp-json\/wp\/v2\/media?parent=46435"}],"wp:term":[{"taxonomy":"product_brand","embeddable":true,"href":"https:\/\/soydeaqui.ddns.net\/pachuca\/index.php\/wp-json\/wp\/v2\/product_brand?post=46435"},{"taxonomy":"product_cat","embeddable":true,"href":"https:\/\/soydeaqui.ddns.net\/pachuca\/index.php\/wp-json\/wp\/v2\/product_cat?post=46435"},{"taxonomy":"product_tag","embeddable":true,"href":"https:\/\/soydeaqui.ddns.net\/pachuca\/index.php\/wp-json\/wp\/v2\/product_tag?post=46435"}],"curies":[{"name":"wp","href":"https:\/\/api.w.org\/{rel}","templated":true}]}}