{"id":46423,"date":"2026-03-18T20:37:46","date_gmt":"2026-03-18T20:37:46","guid":{"rendered":"https:\/\/soydeaqui.ddns.net\/pachuca\/index.php\/producto\/ferrule-aislado-pan-term-para-cable-16-awg-largo-16-5mm-din-color-negro-paquete-500-piezas\/"},"modified":"2026-03-18T20:37:52","modified_gmt":"2026-03-18T20:37:52","slug":"ferrule-aislado-pan-term-para-cable-16-awg-largo-16-5mm-din-color-negro-paquete-500-piezas","status":"publish","type":"product","link":"https:\/\/soydeaqui.ddns.net\/pachuca\/index.php\/producto\/ferrule-aislado-pan-term-para-cable-16-awg-largo-16-5mm-din-color-negro-paquete-500-piezas\/","title":{"rendered":"Ferrule Aislado PAN-TERM para Cable 16 AWG, Largo 16.5mm, DIN Color Negro. Paquete 500 Piezas"},"content":{"rendered":"<div style='width: 100%; max-width: 1200px; margin: 0 auto; font-family: sans-serif; line-height: 1.6; color: inherit; background-color: transparent;'> <!-- Secci\u00f3n de especificaciones --> <\/p>\n<div style='display: flex; flex-wrap: wrap; gap: 30px; margin-bottom: 30px;'>\n<div style='flex: 1 1 300px; min-width: 280px;'>\n<h3 style='font-size: 22px; border-bottom: 2px solid currentColor; padding-bottom: 5px; margin-top: 0; color: inherit; opacity: 0.8;'>Especificaciones<\/h3>\n<ul style='padding-left: 20px; font-size: 15px; color: inherit;'>\n<li style='margin-bottom: 5px;'><strong>Tipo de f\u00e9rula:<\/strong> Est\u00e1ndar de cable individual<\/li>\n<li style='margin-bottom: 5px;'><strong>Material de cubierta:<\/strong> Polipropileno<\/li>\n<li style='margin-bottom: 5px;'><strong>Copper Conductor Size:<\/strong> 16 AWG<\/li>\n<li style='margin-bottom: 5px;'><strong>Tama\u00f1o m\u00e1ximo de conductor en sistema m\u00e9trico (mm\u00b2):<\/strong> 1.5<\/li>\n<li style='margin-bottom: 5px;'><strong>Tama\u00f1o m\u00ednimo de conductor en sistema m\u00e9trico (mm\u00b2):<\/strong> 1.5<\/li>\n<li style='margin-bottom: 5px;'><strong>Clasificaci\u00f3n de temperatura UL (\u00b0C):<\/strong> 105<\/li>\n<li style='margin-bottom: 5px;'><strong>Clasificaci\u00f3n de temperatura CSA (\u00b0C):<\/strong> 105<\/li>\n<li style='margin-bottom: 5px;'><strong>Grado de inflamabilidad:<\/strong> UL94-HB<\/li>\n<li style='margin-bottom: 5px;'><strong>Longitud de la banda del cable (in):<\/strong> 17\/32<\/li>\n<li style='margin-bottom: 5px;'><strong>Longitud de la banda del cable (mm):<\/strong> 13.5<\/li>\n<li style='margin-bottom: 5px;'><strong>Largo de clavija (in):<\/strong> 0.39<\/li>\n<li style='margin-bottom: 5px;'><strong>Largo de clavija (mm):<\/strong> 10<\/li>\n<li style='margin-bottom: 5px;'><strong>Di\u00e1metro interior (in):<\/strong> 0.07<\/li>\n<li style='margin-bottom: 5px;'><strong>Di\u00e1metro interior (mm):<\/strong> 1.8<\/li>\n<li style='margin-bottom: 5px;'><strong>Temperatura m\u00e1xima de funcionamiento (\u00b0C):<\/strong> 105<\/li>\n<li style='margin-bottom: 5px;'><strong>Temperatura m\u00e1xima de funcionamiento (\u00b0F):<\/strong> 221<\/li>\n<li style='margin-bottom: 5px;'><strong>Temperatura m\u00ednima de funcionamiento (\u00b0C):<\/strong> -54<\/li>\n<li style='margin-bottom: 5px;'><strong>Temperatura m\u00ednima de funcionamiento (\u00b0F):<\/strong> -60<\/li>\n<li style='margin-bottom: 5px;'><strong>Di\u00e1metro m\u00e1ximo de aislamiento de cable (in):<\/strong> 0.12<\/li>\n<li style='margin-bottom: 5px;'><strong>Di\u00e1metro m\u00e1ximo de aislamiento de cable (mm):<\/strong> 3<\/li>\n<li style='margin-bottom: 5px;'><strong>Longitud total (in):<\/strong> 0.65<\/li>\n<li style='margin-bottom: 5px;'><strong>Longitud total (mm):<\/strong> 16.5<\/li>\n<li style='margin-bottom: 5px;'><strong>Tipo de producto:<\/strong> F\u00e9rula de cable individual con cubierta<\/li>\n<li style='margin-bottom: 5px;'><strong>Cumple las normas:<\/strong> DIN 46228; CSA C22.2 n.\u00ba 291-14; UL 486F; cULus 486F<\/li>\n<li style='margin-bottom: 5px;'><strong>Acabado\/recubrimiento:<\/strong> Esta\u00f1ado<\/li>\n<li style='margin-bottom: 5px;'><strong>Para usar con:<\/strong> CT-1002&comma; CT-1003&comma; CT-1090&comma; CT-1123&comma; CT-1160&comma; CT-1170&comma; CP-991&comma; CTFP-25&comma; CTFP-40&comma; CT-2300\/ST (CD-090)&comma; CT-2500\/L (CT-2523CH)<\/li>\n<li style='margin-bottom: 5px;'><strong>Tipo de empaque:<\/strong> Bolso<\/li>\n<li style='margin-bottom: 5px;'><strong>Material de base:<\/strong> Cobre<\/li>\n<li style='margin-bottom: 5px;'><strong>C\u00f3digo de color:<\/strong> Negro<\/li>\n<li style='margin-bottom: 5px;'><strong>Submarca:<\/strong> Pan-Term\u2122<\/li>\n<li style='margin-bottom: 5px;'><strong>Caracts. pza.:<\/strong> La carcasa con aislamiento de polipropileno cumple con los requisitos de color de DIN Cumple con los est\u00e1ndares DIN&comma; UL y CSA para contenci\u00f3n de cable individual Acceso tipo embudo para inserci\u00f3n m\u00e1s r\u00e1pida y menor costo de instalaci\u00f3n Dise\u00f1ado con un tambor integrado que contiene trenzados de cable suelto para brindar mejores terminaciones Facilita la inserci\u00f3n del cable en el bloque de uni\u00f3n Adecuado para aplicaciones de panel de espacio limitado Varios largos de clavija disponibles para una variedad de bloques de uni\u00f3n<\/li>\n<\/ul><\/div>\n<\/p><\/div>\n<p> <!-- Separador --> <\/p>\n<hr style='border: 0; border-top: 1px solid rgba(150&comma; 150&comma; 150&comma; 0.3); margin: 30px 0;'> <\/div>\n","protected":false},"excerpt":{"rendered":"<p>Ferrule Aislado PAN-TERM para Cable 16 AWG, Largo 16.5mm, DIN Color Negro. Paquete 500 Piezas<\/p>\n","protected":false},"featured_media":46422,"comment_status":"open","ping_status":"closed","template":"","meta":[],"product_brand":[],"product_cat":[1095],"product_tag":[1058,445,1096],"class_list":{"0":"post-46423","1":"product","2":"type-product","3":"status-publish","4":"has-post-thumbnail","6":"product_cat-terminales-y-conectores-electricos","7":"product_tag-ferreteria","8":"product_tag-panduit","9":"product_tag-terminales-y-conectores-electricos","11":"first","12":"instock","13":"sale","14":"shipping-taxable","15":"purchasable","16":"product-type-simple"},"_links":{"self":[{"href":"https:\/\/soydeaqui.ddns.net\/pachuca\/index.php\/wp-json\/wp\/v2\/product\/46423","targetHints":{"allow":["GET"]}}],"collection":[{"href":"https:\/\/soydeaqui.ddns.net\/pachuca\/index.php\/wp-json\/wp\/v2\/product"}],"about":[{"href":"https:\/\/soydeaqui.ddns.net\/pachuca\/index.php\/wp-json\/wp\/v2\/types\/product"}],"replies":[{"embeddable":true,"href":"https:\/\/soydeaqui.ddns.net\/pachuca\/index.php\/wp-json\/wp\/v2\/comments?post=46423"}],"wp:featuredmedia":[{"embeddable":true,"href":"https:\/\/soydeaqui.ddns.net\/pachuca\/index.php\/wp-json\/wp\/v2\/media\/46422"}],"wp:attachment":[{"href":"https:\/\/soydeaqui.ddns.net\/pachuca\/index.php\/wp-json\/wp\/v2\/media?parent=46423"}],"wp:term":[{"taxonomy":"product_brand","embeddable":true,"href":"https:\/\/soydeaqui.ddns.net\/pachuca\/index.php\/wp-json\/wp\/v2\/product_brand?post=46423"},{"taxonomy":"product_cat","embeddable":true,"href":"https:\/\/soydeaqui.ddns.net\/pachuca\/index.php\/wp-json\/wp\/v2\/product_cat?post=46423"},{"taxonomy":"product_tag","embeddable":true,"href":"https:\/\/soydeaqui.ddns.net\/pachuca\/index.php\/wp-json\/wp\/v2\/product_tag?post=46423"}],"curies":[{"name":"wp","href":"https:\/\/api.w.org\/{rel}","templated":true}]}}