{"id":46417,"date":"2026-03-18T20:37:33","date_gmt":"2026-03-18T20:37:33","guid":{"rendered":"https:\/\/soydeaqui.ddns.net\/pachuca\/index.php\/producto\/inversor-ipower-plus-2000-w-ent-24-v-salida-120-vca-ideal-para-baterias-de-litio\/"},"modified":"2026-03-18T20:37:42","modified_gmt":"2026-03-18T20:37:42","slug":"inversor-ipower-plus-2000-w-ent-24-v-salida-120-vca-ideal-para-baterias-de-litio","status":"publish","type":"product","link":"https:\/\/soydeaqui.ddns.net\/pachuca\/index.php\/producto\/inversor-ipower-plus-2000-w-ent-24-v-salida-120-vca-ideal-para-baterias-de-litio\/","title":{"rendered":"Inversor IPower-Plus 2000 W, Ent: 24 V, Salida: 120 Vca Ideal para Bater\u00edas de Litio"},"content":{"rendered":"<div style='width: 100%; max-width: 1200px; margin: 0 auto; font-family: sans-serif; line-height: 1.6; color: inherit; background-color: transparent;'> <!-- Logo y t\u00edtulo --> <\/p>\n<div style='text-align: center; margin-bottom: 20px;'> <img style='width: 100%; max-width: 450px; height: auto; border: 1px solid rgba(150&comma;150&comma;150&comma;0.3); border-radius: 8px;' src='https:\/\/ftp3.syscom.mx\/usuarios\/anavarro\/EPEVER\/IPOWER\/LOGOEPEVER.png' alt='Logo EPEVER'> <\/p>\n<h1 style='font-size: 24px; margin-top: 15px; margin-bottom: 10px; color: inherit; opacity: 0.9;'>Inversor de Onda Senoidal Pura Serie IPower-Plus<\/h1>\n<\/p><\/div>\n<p> <!-- Descripci\u00f3n general --> <\/p>\n<div style='margin-bottom: 30px; font-size: 15px;'>\n<p>IPower-Plus es una nueva generaci\u00f3n de inversores de onda sinusoidal pura compatibles con sistemas que utilizan bater\u00edas de litio.<\/p>\n<p>Esta l\u00ednea de inversores adopta la tecnolog\u00eda de supresi\u00f3n de corriente para prevenir eficazmente el da\u00f1o hacia las celdas por las cuales se componen las bater\u00edas de litio adem\u00e1s del BMS interno en ellas.<\/p>\n<p>Adem\u00e1s&comma; la adopci\u00f3n del algoritmo de control de doble circuito cerrado de voltaje y corriente brinda al inversor una respuesta m\u00e1s r\u00e1pida y mejor resistencia al impacto de la carga.<\/p>\n<p>Esta l\u00ednea de inversores selecciona componentes clave de alto impacto y larga vida \u00fatil para proporcionar una garant\u00eda de energ\u00eda estable y confiable.<\/p>\n<\/p><\/div>\n<p> <!-- Secci\u00f3n de compatibilidad --> <\/p>\n<div style='margin-bottom: 30px; font-size: 15px;'>\n<h3 style='font-size: 20px; border-bottom: 2px solid currentColor; padding-bottom: 5px; margin-top: 0; color: inherit; opacity: 0.8;'>Compatibilidad<\/h3>\n<ul style='padding-left: 20px;'>\n<li style='margin-bottom: 5px;'><strong>Compatibilidad:<\/strong> Bater\u00edas de Litio&comma; AGM-VRLA&comma; Gel&comma; etc.<\/li>\n<\/ul><\/div>\n<p> <!-- Secci\u00f3n de caracter\u00edsticas con grid --> <\/p>\n<div style='display: grid; grid-template-columns: repeat(auto-fit&comma; minmax(280px&comma; 1fr)); gap: 30px; margin-bottom: 30px;'> <!-- Caracter\u00edsticas destacadas --> <\/p>\n<div style='border: 1px solid rgba(150&comma; 150&comma; 150&comma; 0.4); border-radius: 8px; overflow: hidden; display: flex; flex-direction: column;'>\n<div style='padding: 15px; border-bottom: 1px solid rgba(150&comma; 150&comma; 150&comma; 0.2); font-weight: bold; font-size: 18px; color: inherit; background-color: rgba(0&comma; 145&comma; 255&comma; 0.05);'>Caracter\u00edsticas Destacadas<\/div>\n<div style='padding: 15px; color: inherit;'>\n<ul style='padding-left: 20px; margin: 0; font-size: 14px; list-style-type: disc;'>\n<li style='margin-bottom: 8px;'>Salida de Onda Senoidal Pura<\/li>\n<li style='margin-bottom: 8px;'>Dise\u00f1o de entrada y salida el\u00e9ctricamente aislado<\/li>\n<li style='margin-bottom: 8px;'>Supresi\u00f3n de picos de corriente de entrada para sistemas de bater\u00edas de litio<\/li>\n<li style='margin-bottom: 8px;'>Factor de salida de Potencia de hasta 1<\/li>\n<li style='margin-bottom: 8px;'>Alta eficiencia de conversi\u00f3n<\/li>\n<li style='margin-bottom: 8px;'>Pantalla LCD giratoria y amigable para monitoreo y configuraci\u00f3n de par\u00e1metros<\/li>\n<li style='margin-bottom: 8px;'>Salida de voltaje tipo bornera<\/li>\n<li style='margin-bottom: 8px;'>Puerto USB para alimentaci\u00f3n de equipos<\/li>\n<\/ul><\/div>\n<\/p><\/div>\n<p> <!-- Aplicaci\u00f3n --> <\/p>\n<div style='border: 1px solid rgba(150&comma; 150&comma; 150&comma; 0.4); border-radius: 8px; overflow: hidden; display: flex; flex-direction: column;'>\n<div style='padding: 15px; border-bottom: 1px solid rgba(150&comma; 150&comma; 150&comma; 0.2); font-weight: bold; font-size: 18px; color: inherit; background-color: rgba(0&comma; 145&comma; 255&comma; 0.05);'>Aplicaci\u00f3n<\/div>\n<div style='padding: 15px; color: inherit;'>\n<p>Este inversor puede ser utilizado en cualquier soluci\u00f3n en lugares remotos en donde sea requerida la conversi\u00f3n de corriente directa almacenada en bater\u00edas a corriente alterna para alimentar equipos el\u00e9ctricos. Algunos ramos en donde se puede implementar son:<\/p>\n<ul style='padding-left: 20px; margin: 0; font-size: 14px; list-style-type: disc;'>\n<li style='margin-bottom: 8px;'>Telecomunicaciones<\/li>\n<li style='margin-bottom: 8px;'>Videovigilancia<\/li>\n<li style='margin-bottom: 8px;'>Radiocomunicaci\u00f3n<\/li>\n<li style='margin-bottom: 8px;'>Seguridad<\/li>\n<li style='margin-bottom: 8px;'>Control de acceso<\/li>\n<\/ul><\/div>\n<\/p><\/div>\n<p> <!-- Caracter\u00edsticas f\u00edsicas y el\u00e9ctricas --> <\/p>\n<div style='border: 1px solid rgba(150&comma; 150&comma; 150&comma; 0.4); border-radius: 8px; overflow: hidden; display: flex; flex-direction: column;'>\n<div style='padding: 15px; border-bottom: 1px solid rgba(150&comma; 150&comma; 150&comma; 0.2); font-weight: bold; font-size: 18px; color: inherit; background-color: rgba(0&comma; 145&comma; 255&comma; 0.05);'>Caracter\u00edsticas F\u00edsicas y El\u00e9ctricas<\/div>\n<div style='padding: 15px; color: inherit;'>\n<ul style='padding-left: 20px; margin: 0; font-size: 14px; list-style-type: disc;'>\n<li style='margin-bottom: 8px;'><strong>Voltaje de Entrada (Vcc):<\/strong> 24<\/li>\n<li style='margin-bottom: 8px;'><strong>Voltaje de Salida (Vca):<\/strong> 120 \/ 110<\/li>\n<li style='margin-bottom: 8px;'><strong>Potencia Nominal (W):<\/strong> 2000<\/li>\n<li style='margin-bottom: 8px;'><strong>Tipo de Onda:<\/strong> Sinusoidal Pura<\/li>\n<li style='margin-bottom: 8px;'><strong>Peso (kg):<\/strong> 6.5<\/li>\n<li style='margin-bottom: 8px;'><strong>Dimensiones (mm):<\/strong> 421 x 231.5 x 123<\/li>\n<li style='margin-bottom: 8px;'><strong>Pico de Corriente:<\/strong> 4000W @ 5 seg<\/li>\n<li style='margin-bottom: 8px;'><strong>Protecci\u00f3n de entrada:<\/strong> polaridad inversa&comma; bajo voltaje&comma; sobrevoltaje<\/li>\n<li style='margin-bottom: 8px;'><strong>Protecci\u00f3n de salida:<\/strong> sobrecarga&comma; cortocircuito&comma; sobrecalentamiento<\/li>\n<\/ul><\/div>\n<\/p><\/div>\n<\/p><\/div>\n<p> <!-- Video de instalaci\u00f3n --> <\/p>\n<div style='margin-bottom: 30px;'>\n<h3 style='font-size: 20px; border-bottom: 2px solid currentColor; padding-bottom: 5px; margin-top: 0; color: inherit; opacity: 0.8;'>Instalaci\u00f3n de Sistema Tipo Isla con Inversor IPowerPlus<\/h3>\n<div style='position: relative; padding-bottom: 56.25%; height: 0; overflow: hidden; margin-top: 15px;'>   <\/div>\n<\/p><\/div>\n<p> <!-- Separador final --> <\/p>\n<hr style='border: 0; border-top: 1px solid rgba(150&comma; 150&comma; 150&comma; 0.3); margin: 30px 0;'> <\/div>\n","protected":false},"excerpt":{"rendered":"<p>Inversor IPower-Plus 2000 W, Ent: 24 V, Salida: 120 Vca Ideal para Bater\u00edas de Litio<\/p>\n","protected":false},"featured_media":46416,"comment_status":"open","ping_status":"closed","template":"","meta":[],"product_brand":[],"product_cat":[1120],"product_tag":[964,1182,1121],"class_list":{"0":"post-46417","1":"product","2":"type-product","3":"status-publish","4":"has-post-thumbnail","6":"product_cat-inversores-aislados-off-grid","7":"product_tag-energia-solar","8":"product_tag-epever","9":"product_tag-inversores-aislados-off-grid","11":"first","12":"instock","13":"sale","14":"shipping-taxable","15":"purchasable","16":"product-type-simple"},"_links":{"self":[{"href":"https:\/\/soydeaqui.ddns.net\/pachuca\/index.php\/wp-json\/wp\/v2\/product\/46417","targetHints":{"allow":["GET"]}}],"collection":[{"href":"https:\/\/soydeaqui.ddns.net\/pachuca\/index.php\/wp-json\/wp\/v2\/product"}],"about":[{"href":"https:\/\/soydeaqui.ddns.net\/pachuca\/index.php\/wp-json\/wp\/v2\/types\/product"}],"replies":[{"embeddable":true,"href":"https:\/\/soydeaqui.ddns.net\/pachuca\/index.php\/wp-json\/wp\/v2\/comments?post=46417"}],"wp:featuredmedia":[{"embeddable":true,"href":"https:\/\/soydeaqui.ddns.net\/pachuca\/index.php\/wp-json\/wp\/v2\/media\/46416"}],"wp:attachment":[{"href":"https:\/\/soydeaqui.ddns.net\/pachuca\/index.php\/wp-json\/wp\/v2\/media?parent=46417"}],"wp:term":[{"taxonomy":"product_brand","embeddable":true,"href":"https:\/\/soydeaqui.ddns.net\/pachuca\/index.php\/wp-json\/wp\/v2\/product_brand?post=46417"},{"taxonomy":"product_cat","embeddable":true,"href":"https:\/\/soydeaqui.ddns.net\/pachuca\/index.php\/wp-json\/wp\/v2\/product_cat?post=46417"},{"taxonomy":"product_tag","embeddable":true,"href":"https:\/\/soydeaqui.ddns.net\/pachuca\/index.php\/wp-json\/wp\/v2\/product_tag?post=46417"}],"curies":[{"name":"wp","href":"https:\/\/api.w.org\/{rel}","templated":true}]}}