{"id":4640,"date":"2026-03-18T06:21:24","date_gmt":"2026-03-18T06:21:24","guid":{"rendered":"https:\/\/soydeaqui.ddns.net\/pachuca\/index.php\/producto\/radiora2-switch-on-off-rrd-8s-dv-wh-de-doble-voltaje-un-solo-polo-120v-8a-1-10hp-3a-en-motores-apaga-y-enciende-iluminacion-o-motor-no-requiere-cable-neutro-2\/"},"modified":"2026-03-18T06:21:28","modified_gmt":"2026-03-18T06:21:28","slug":"radiora2-switch-on-off-rrd-8s-dv-wh-de-doble-voltaje-un-solo-polo-120v-8a-1-10hp-3a-en-motores-apaga-y-enciende-iluminacion-o-motor-no-requiere-cable-neutro-2","status":"publish","type":"product","link":"https:\/\/soydeaqui.ddns.net\/pachuca\/index.php\/producto\/radiora2-switch-on-off-rrd-8s-dv-wh-de-doble-voltaje-un-solo-polo-120v-8a-1-10hp-3a-en-motores-apaga-y-enciende-iluminacion-o-motor-no-requiere-cable-neutro-2\/","title":{"rendered":"(RadioRA2) Switch on\/off  RRD-8S-DV-WH de doble voltaje, un solo polo 120V\/, 8A\/, 1\/10HP 3A en motores, apaga y enciende iluminaci\u00f3n \u00f3 motor, NO requiere cable neutro."},"content":{"rendered":"<div style='width: 100%; max-width: 1200px; margin: 0 auto; font-family: sans-serif; line-height: 1.6; color: inherit; background-color: transparent;'> <!-- Bot\u00f3n de Single Page --> <\/p>\n<div style='margin-bottom: 20px;'> <a style='display: inline-block; padding: 10px 20px; background-color: #005cb9; color: white; text-decoration: none; border-radius: 4px; font-weight: bold;' href='https:\/\/www.syscom.mx\/singlepage\/lutron_radiora' target='_blank' rel='noopener'>Ver Single Page<\/a> <\/div>\n<p> <!-- Lista de caracter\u00edsticas --> <\/p>\n<ul style='padding-left: 20px; font-size: 15px; color: inherit; margin-bottom: 30px;'>\n<li style='margin-bottom: 5px;'>Switch de doble voltaje&comma; equivale al modelo <u>RRD-8S-DV-WH<\/u><\/li>\n<li style='margin-bottom: 5px;'>En iluminaci\u00f3n 8A&comma; motores 1\/10HP 3A<\/li>\n<li style='margin-bottom: 5px;'>Integrelo al HUB <a style='color: #005cb9; text-decoration: underline; font-size: 12px; font-weight: 600;' href='https:\/\/www.syscom.mx\/producto\/RRSELREP2BL-LUTRON-ELECTRONICS-151827.html'>RRSELREP2BL<\/a> (este soporta hasta 100 dispositivos) o <a style='color: #005cb9; text-decoration: underline; font-size: 12px; font-weight: 600;' href='https:\/\/www.syscom.mx\/producto\/RR-MAIN-REP-LUTRON-ELECTRONICS-93098.html'>RR-MAIN-REP<\/a> (200 dispositivos usando 2)<\/li>\n<li style='margin-bottom: 5px;'>Control de iluminaci\u00f3n por App desde su celular<\/li>\n<li style='margin-bottom: 5px;'><span style='color: #7e8c8d;'><strong>No incluye tapa&comma; contemplar el modelo CW1WH<\/strong><\/span><\/li>\n<\/ul>\n<p> <!-- Descripci\u00f3n general --> <\/p>\n<div style='margin-bottom: 30px;'>\n<p style='margin-bottom: 15px;'>Se instala un interruptor montado en la pared en lugar de un interruptor de luz est\u00e1ndar para controlar el encendido y apagado de las luces a las que est\u00e1 conectado&comma; y tambi\u00e9n para un control desde botoneras&comma; sensores y otros dispositivos del sistema.<\/p>\n<\/p><\/div>\n<p> <!-- Secci\u00f3n de \u00bfQu\u00e9 es RadioRA\u00ae 2? --> <\/p>\n<div style='margin-bottom: 30px;'>\n<h3 style='font-size: 22px; border-bottom: 2px solid currentColor; padding-bottom: 5px; margin-top: 0; margin-bottom: 15px; color: inherit; opacity: 0.8;'>\u00bfQu\u00e9 es RadioRA\u00ae 2?<\/h3>\n<p style='margin-bottom: 15px;'>RadioRA 2 es un sistema inal\u00e1mbrico de control total del hogar que permite el control conveniente e intuitivo de luces&comma; cortinas&comma; electrodom\u00e9sticos y temperatura en una habitaci\u00f3n sencilla o en una casa entera. Se instala con facilidad&comma; se programa con rapidez y se opera de manera confiable gracias a la Tecnolog\u00eda RF Clear Connect\u2122.<\/p>\n<\/p><\/div>\n<p> <!-- Secci\u00f3n de beneficios --> <\/p>\n<div style='margin-bottom: 30px;'>\n<h3 style='font-size: 22px; border-bottom: 2px solid currentColor; padding-bottom: 5px; margin-top: 0; margin-bottom: 15px; color: inherit; opacity: 0.8;'>\u00bfCu\u00e1les son algunos de los beneficios?<\/h3>\n<div style='display: flex; flex-wrap: wrap; gap: 20px;'>\n<div style='flex: 1 1 250px; border: 1px solid rgba(150&comma; 150&comma; 150&comma; 0.4); border-radius: 8px; overflow: hidden; display: flex; flex-direction: column;'>\n<div style='padding: 15px; border-bottom: 1px solid rgba(150&comma; 150&comma; 150&comma; 0.2); font-weight: bold; font-size: 18px; color: inherit;'>Ahorra energ\u00eda<\/div>\n<div style='padding: 15px; color: inherit;'>\n<p style='margin: 0;'>Los propietarios de hoy quieren reducir los costos&comma; tener seguridad y proteger el planeta. Con RadioRA 2&comma; pueden lograr ambos objetivos.<\/p>\n<\/p><\/div>\n<\/p><\/div>\n<div style='flex: 1 1 250px; border: 1px solid rgba(150&comma; 150&comma; 150&comma; 0.4); border-radius: 8px; overflow: hidden; display: flex; flex-direction: column;'>\n<div style='padding: 15px; border-bottom: 1px solid rgba(150&comma; 150&comma; 150&comma; 0.2); font-weight: bold; font-size: 18px; color: inherit;'>Integraci\u00f3n abierta con terceros<\/div>\n<div style='padding: 15px; color: inherit;'>\n<ul style='padding-left: 20px; margin: 0; font-size: 14px; list-style-type: disc;'>\n<li style='margin-bottom: 5px;'>Man\u00e9jelo con controles remotos&comma; sistemas de automatizaci\u00f3n del hogar&comma; dispositivos m\u00f3viles y m\u00e1s; todo desde un repetidor<\/li>\n<li style='margin-bottom: 5px;'>El protocolo de integraci\u00f3n p\u00fablica con RS232 o IP<\/li>\n<\/ul><\/div>\n<\/p><\/div>\n<div style='flex: 1 1 250px; border: 1px solid rgba(150&comma; 150&comma; 150&comma; 0.4); border-radius: 8px; overflow: hidden; display: flex; flex-direction: column;'>\n<div style='padding: 15px; border-bottom: 1px solid rgba(150&comma; 150&comma; 150&comma; 0.2); font-weight: bold; font-size: 18px; color: inherit;'>F\u00e1cil de instalar y programar<\/div>\n<div style='padding: 15px; color: inherit;'>\n<ul style='padding-left: 20px; margin: 0; font-size: 14px; list-style-type: disc;'>\n<li style='margin-bottom: 5px;'>La configuraci\u00f3n por computadora ahorra tiempo durante el dise\u00f1o y la programaci\u00f3n<\/li>\n<li style='margin-bottom: 5px;'>Para aplicaciones sencillas&comma; la configuraci\u00f3n mediante la botonera no requiere de una computadora<\/li>\n<\/ul><\/div>\n<\/p><\/div>\n<div style='flex: 1 1 250px; border: 1px solid rgba(150&comma; 150&comma; 150&comma; 0.4); border-radius: 8px; overflow: hidden; display: flex; flex-direction: column;'>\n<div style='padding: 15px; border-bottom: 1px solid rgba(150&comma; 150&comma; 150&comma; 0.2); font-weight: bold; font-size: 18px; color: inherit;'>Flexible&comma; expandible y confiable<\/div>\n<div style='padding: 15px; color: inherit;'>\n<ul style='padding-left: 20px; margin: 0; font-size: 14px; list-style-type: disc;'>\n<li style='margin-bottom: 5px;'>Elija entre una variedad de componentes inal\u00e1mbricos para personalizar un sistema que quepa en cualquier espacio soporte de 2 a 200 dispositivos<\/li>\n<\/ul><\/div>\n<\/p><\/div>\n<\/p><\/div>\n<\/p><\/div>\n<p> <!-- Bot\u00f3n de Single Page y separador --> <\/p>\n<div style='margin-bottom: 30px;'> <a style='display: inline-block; padding: 10px 20px; background-color: #005cb9; color: white; text-decoration: none; border-radius: 4px; font-weight: bold;' href='https:\/\/www.syscom.mx\/singlepage\/lutron_radiora' target='_blank' rel='noopener'>Ver Single Page<\/a> <\/div>\n<p> <!-- Imagen --> <\/p>\n<div style='margin-bottom: 30px;'> <img style='width: 100%; height: auto; border: 1px solid rgba(150&comma;150&comma;150&comma;0.3); border-radius: 8px;' src='http:\/\/ftp3.syscom.mx\/usuarios\/yhermosillo\/LUTRON\/RadioRa2\/SystemOverview.jpg' alt=''> <\/div>\n<p> <!-- Separador final --> <\/p>\n<hr style='border: 0; border-top: 1px solid rgba(150&comma; 150&comma; 150&comma; 0.3); margin: 30px 0;'> <\/div>\n","protected":false},"excerpt":{"rendered":"<p>(RadioRA2) Switch on\/off  RRD-8S-DV-WH de doble voltaje, un solo polo 120V\/, 8A\/, 1\/10HP 3A en motores, apaga y enciende iluminaci\u00f3n \u00f3 motor, NO requiere cable neutro.<\/p>\n","protected":false},"featured_media":4639,"comment_status":"open","ping_status":"closed","template":"","meta":[],"product_brand":[],"product_cat":[47],"product_tag":[30,36,48],"class_list":{"0":"post-4640","1":"product","2":"type-product","3":"status-publish","4":"has-post-thumbnail","6":"product_cat-lutron-radiora3","7":"product_tag-automatizacion-casa-inteligente","8":"product_tag-lutron-electronics","9":"product_tag-lutron-radiora3","11":"first","12":"instock","13":"sale","14":"shipping-taxable","15":"purchasable","16":"product-type-simple"},"_links":{"self":[{"href":"https:\/\/soydeaqui.ddns.net\/pachuca\/index.php\/wp-json\/wp\/v2\/product\/4640","targetHints":{"allow":["GET"]}}],"collection":[{"href":"https:\/\/soydeaqui.ddns.net\/pachuca\/index.php\/wp-json\/wp\/v2\/product"}],"about":[{"href":"https:\/\/soydeaqui.ddns.net\/pachuca\/index.php\/wp-json\/wp\/v2\/types\/product"}],"replies":[{"embeddable":true,"href":"https:\/\/soydeaqui.ddns.net\/pachuca\/index.php\/wp-json\/wp\/v2\/comments?post=4640"}],"wp:featuredmedia":[{"embeddable":true,"href":"https:\/\/soydeaqui.ddns.net\/pachuca\/index.php\/wp-json\/wp\/v2\/media\/4639"}],"wp:attachment":[{"href":"https:\/\/soydeaqui.ddns.net\/pachuca\/index.php\/wp-json\/wp\/v2\/media?parent=4640"}],"wp:term":[{"taxonomy":"product_brand","embeddable":true,"href":"https:\/\/soydeaqui.ddns.net\/pachuca\/index.php\/wp-json\/wp\/v2\/product_brand?post=4640"},{"taxonomy":"product_cat","embeddable":true,"href":"https:\/\/soydeaqui.ddns.net\/pachuca\/index.php\/wp-json\/wp\/v2\/product_cat?post=4640"},{"taxonomy":"product_tag","embeddable":true,"href":"https:\/\/soydeaqui.ddns.net\/pachuca\/index.php\/wp-json\/wp\/v2\/product_tag?post=4640"}],"curies":[{"name":"wp","href":"https:\/\/api.w.org\/{rel}","templated":true}]}}