{"id":46298,"date":"2026-03-18T20:33:57","date_gmt":"2026-03-18T20:33:57","guid":{"rendered":"https:\/\/soydeaqui.ddns.net\/pachuca\/index.php\/producto\/inversor-cargador-3kw-compatible-con-baterias-de-litio-monitoreo-remoto-y-sincronizacion-para-mayor-potencia-operacion-48vcc-3\/"},"modified":"2026-03-18T20:34:04","modified_gmt":"2026-03-18T20:34:04","slug":"inversor-cargador-3kw-compatible-con-baterias-de-litio-monitoreo-remoto-y-sincronizacion-para-mayor-potencia-operacion-48vcc-3","status":"publish","type":"product","link":"https:\/\/soydeaqui.ddns.net\/pachuca\/index.php\/producto\/inversor-cargador-3kw-compatible-con-baterias-de-litio-monitoreo-remoto-y-sincronizacion-para-mayor-potencia-operacion-48vcc-3\/","title":{"rendered":"Inversor Cargador 3kW Compatible con Bater\u00edas de Litio, Monitoreo Remoto y Sincronizaci\u00f3n para Mayor Potencia, Operaci\u00f3n 48Vcc"},"content":{"rendered":"<div style=\"width: 100%; max-width: 1200px; margin: 0 auto; font-family: sans-serif; line-height: 1.6; color: inherit; background-color: transparent;\">\n<div style=\"text-align: center; margin-bottom: 20px;\">\n<h2 style=\"font-size: 22px; margin: 0; color: inherit; opacity: 0.9;\">Inversor Cargador 3kW Compatible con Bater&iacute;as de Litio&comma; Monitoreo Remoto y Sincronizaci&oacute;n para Mayor Potencia&comma; Operaci&oacute;n 48Vcc<\/h2>\n<\/div>\n<p><!-- Secci\u00f3n de caracter\u00edsticas --><\/p>\n<div style=\"display: flex; flex-wrap: wrap; gap: 20px; margin-bottom: 30px;\">\n<div style=\"flex: 1 1 300px; min-width: 280px;\">\n<div style=\"border-left: 5px solid #0091ff; border-radius: 8px; padding: 10px; box-shadow: 2px 2px 10px rgba(216&comma;216&comma;216&comma;0.4);\">\n<h3 style=\"font-size: 18px; margin-top: 0; margin-bottom: 10px; color: inherit; opacity: 0.85;\"><strong>Cargador CA<\/strong><\/h3>\n<ul style=\"padding-left: 20px; font-size: 14px; color: inherit; list-style-type: disc;\">\n<li style=\"margin-bottom: 5px;\">Corriente de carga 40A<\/li>\n<li style=\"margin-bottom: 5px;\">Voltaje de entrada CA: 120Vca<\/li>\n<li style=\"margin-bottom: 5px;\">Rango de voltaje: 65 &#8211; 140Vca<\/li>\n<li style=\"margin-bottom: 5px;\">Rango de frecuencia: 50Hz \/ 60Hz sensado autom&aacute;tico<\/li>\n<\/ul>\n<\/div>\n<\/div>\n<div style=\"flex: 1 1 300px; min-width: 280px;\">\n<div style=\"border-left: 5px solid #0091ff; border-radius: 8px; padding: 10px; box-shadow: 2px 2px 10px rgba(216&comma;216&comma;216&comma;0.4);\">\n<h3 style=\"font-size: 18px; margin-top: 0; margin-bottom: 10px; color: inherit; opacity: 0.85;\"><strong>Salida del Inversor<\/strong><\/h3>\n<ul style=\"padding-left: 20px; font-size: 14px; color: inherit; list-style-type: disc;\">\n<li style=\"margin-bottom: 5px;\">Potencia de salida de 3kW<\/li>\n<li style=\"margin-bottom: 5px;\">Regulaci&oacute;n de Voltaje de Salida: 120Vac &plusmn; 5%<\/li>\n<li style=\"margin-bottom: 5px;\">Conexi&oacute;n en paralelo hasta 6 unidades<\/li>\n<li style=\"margin-bottom: 5px;\">Eficiencia m&aacute;xima 93%<\/li>\n<li style=\"margin-bottom: 5px;\">Tiempo de transferencia 10ms<\/li>\n<li style=\"margin-bottom: 5px;\">Frecuencia de Salida: 50Hz \/ 60Hz (pre determinado)<\/li>\n<li style=\"margin-bottom: 5px;\">Bajo Voltaje CD de Corte (solo &aacute;cido de plomo): 42.0Vdc @ carga &lt; 20% 40.8Vdc@20%&le;carga&lt;50% 38.4Vdc &copy; carga &ge; 50%<\/li>\n<\/ul>\n<\/div>\n<\/div>\n<div style=\"flex: 1 1 300px; min-width: 280px;\">\n<div style=\"border-left: 5px solid #0091ff; border-radius: 8px; padding: 10px; box-shadow: 2px 2px 10px rgba(216&comma;216&comma;216&comma;0.4);\">\n<h3 style=\"font-size: 18px; margin-top: 0; margin-bottom: 10px; color: inherit; opacity: 0.85;\"><strong>Cargador Solar<\/strong><\/h3>\n<ul style=\"padding-left: 20px; font-size: 14px; color: inherit; list-style-type: disc;\">\n<li style=\"margin-bottom: 5px;\">Max. Potencia PV 4.5kW<\/li>\n<li style=\"margin-bottom: 5px;\">Rango de Voltaje del MPPT: 60 Vcc &#8211; 115Vcc<\/li>\n<li style=\"margin-bottom: 5px;\">Voltaje M&aacute;ximo de Circuito Abierto: 145Vcc<\/li>\n<li style=\"margin-bottom: 5px;\">Corriente M&aacute;xima de Carga 80A<\/li>\n<li style=\"margin-bottom: 5px;\">Eficiencia m&aacute;xima 97%<\/li>\n<li style=\"margin-bottom: 5px;\">Consumo de Energ&iacute;a en Espera: 2W<\/li>\n<\/ul>\n<\/div>\n<\/div>\n<\/div>\n<p><!-- Secci\u00f3n de funcionamiento --><\/p>\n<div style=\"margin-bottom: 30px;\">\n<h2 style=\"text-align: center; font-size: 20px; color: inherit; opacity: 0.85; margin-bottom: 20px;\">&iquest;C&Oacute;MO FUNCIONA?<\/h2>\n<p><img decoding=\"async\" style=\"width: 100%; height: auto; border: 1px solid rgba(150&comma; 150&comma; 150&comma; 0.3); border-radius: 8px;\" src=\"https:\/\/ftp3.syscom.mx\/usuarios\/mtopete\/Imagen%20Pagina\/Growatt\/Ciclo%20Growatt.png\" alt=\"Ciclo de funcionamiento Growatt\" class=\"fr-fic fr-dii\">&nbsp;<img decoding=\"async\" style=\"width: 100%; height: auto; border: 1px solid rgba(150&comma; 150&comma; 150&comma; 0.3); border-radius: 8px;\" src=\"https:\/\/ftp3.syscom.mx\/usuarios\/mtopete\/Imagen%20Pagina\/Growatt\/Planta%20solar.jpg\" alt=\"Planta solar\" class=\"fr-fic fr-dii\"><\/div>\n<p><!-- Descripci\u00f3n detallada --><\/p>\n<div style=\"margin-bottom: 30px; font-size: 15px;\">\n<p style=\"margin-bottom: 15px;\">El inversor Growatt SPF 3000TL serie LVM tiene una salida de alimentaci&oacute;n de onda sinusoidal pura a 120VAC.<\/p>\n<p style=\"margin-bottom: 15px;\">Es perfecto para aplicaciones fuera de la red&comma; de energ&iacute;a de reserva y de autoconsumo&comma; aunque no es un inversor de interconexi&oacute;n. El SPF3000TLLVM48P es capaz de generar ahorros en nuestra factura de CFE gracias a que alimenta las cargas de salida desde el arreglo fotovoltaico mientras se tiene potencia suficiente para hacerlo&comma; de esta manera mitiga el consumo energ&eacute;tico durante las horas efectivas de sol.<\/p>\n<p style=\"margin-bottom: 15px;\">Gracias a su sistema de monitoreo podemos realizar el seguimiento de generaci&oacute;n&comma; consumos y niveles de bater&iacute;a v&iacute;a remota&comma; todo esto desde la aplicaci&oacute;n ShinePhone o bien desde el <a href=\"https:\/\/server.growatt.com\/login\/toViewExamlePlant\" style=\"color: #0091ff; text-decoration: none;\">server<\/a>.<\/p>\n<\/div>\n<p><!-- Imagen de sistema --><\/p>\n<div style=\"text-align: center; margin: 30px 0;\"><img decoding=\"async\" style=\"width: 100%; max-width: 600px; height: auto; border: 1px solid rgba(150&comma; 150&comma; 150&comma; 0.3); border-radius: 8px;\" src=\"https:\/\/www.growatt.mx\/upload\/file\/contents\/2021\/05\/60a75303e56d5.png\" alt=\"Sistema Growatt\" class=\"fr-fic fr-dii\"><\/div>\n<p><!-- Caracter\u00edsticas adicionales --><\/p>\n<div style=\"margin-bottom: 30px; font-size: 15px;\">\n<p style=\"margin-bottom: 15px;\">El SPF3000TLLVM48P puede conectarse en paralelo hasta 6 unidades&comma; para lograr arreglos de hasta 18kW&comma; esta configuraci&oacute;n la podemos realizar en arreglos a 110Vca&comma; 220Vca bif&aacute;sicos o 220Vca trif&aacute;sicos&comma; todo depender&aacute; de la conexi&oacute;n que realicemos y las configuraciones que hagamos en el equipo.<\/p>\n<\/div>\n<p><!-- Nota importante --><\/p>\n<div style=\"margin-bottom: 30px; font-size: 15px;\">\n<p style=\"margin: 0; padding: 15px; border-left: 5px solid #0091ff; background-color: rgba(0&comma; 145&comma; 255&comma; 0.05); border-radius: 4px;\">*Bater&iacute;as no incluidas&comma; el banco de bater&iacute;as es obligatorio y requiere un voltaje de operaci&oacute;n de 48Vcc.<\/p>\n<\/div>\n<\/div>\n","protected":false},"excerpt":{"rendered":"<p>Inversor Cargador 3kW Compatible con Bater\u00edas de Litio, Monitoreo Remoto y Sincronizaci\u00f3n para Mayor Potencia, Operaci\u00f3n 48Vcc<\/p>\n","protected":false},"featured_media":46297,"comment_status":"open","ping_status":"closed","template":"","meta":[],"product_brand":[],"product_cat":[1120],"product_tag":[964,1157,1121],"class_list":{"0":"post-46298","1":"product","2":"type-product","3":"status-publish","4":"has-post-thumbnail","6":"product_cat-inversores-aislados-off-grid","7":"product_tag-energia-solar","8":"product_tag-growatt","9":"product_tag-inversores-aislados-off-grid","11":"first","12":"outofstock","13":"sale","14":"shipping-taxable","15":"purchasable","16":"product-type-simple"},"_links":{"self":[{"href":"https:\/\/soydeaqui.ddns.net\/pachuca\/index.php\/wp-json\/wp\/v2\/product\/46298","targetHints":{"allow":["GET"]}}],"collection":[{"href":"https:\/\/soydeaqui.ddns.net\/pachuca\/index.php\/wp-json\/wp\/v2\/product"}],"about":[{"href":"https:\/\/soydeaqui.ddns.net\/pachuca\/index.php\/wp-json\/wp\/v2\/types\/product"}],"replies":[{"embeddable":true,"href":"https:\/\/soydeaqui.ddns.net\/pachuca\/index.php\/wp-json\/wp\/v2\/comments?post=46298"}],"wp:featuredmedia":[{"embeddable":true,"href":"https:\/\/soydeaqui.ddns.net\/pachuca\/index.php\/wp-json\/wp\/v2\/media\/46297"}],"wp:attachment":[{"href":"https:\/\/soydeaqui.ddns.net\/pachuca\/index.php\/wp-json\/wp\/v2\/media?parent=46298"}],"wp:term":[{"taxonomy":"product_brand","embeddable":true,"href":"https:\/\/soydeaqui.ddns.net\/pachuca\/index.php\/wp-json\/wp\/v2\/product_brand?post=46298"},{"taxonomy":"product_cat","embeddable":true,"href":"https:\/\/soydeaqui.ddns.net\/pachuca\/index.php\/wp-json\/wp\/v2\/product_cat?post=46298"},{"taxonomy":"product_tag","embeddable":true,"href":"https:\/\/soydeaqui.ddns.net\/pachuca\/index.php\/wp-json\/wp\/v2\/product_tag?post=46298"}],"curies":[{"name":"wp","href":"https:\/\/api.w.org\/{rel}","templated":true}]}}