{"id":46286,"date":"2026-03-18T20:33:33","date_gmt":"2026-03-18T20:33:33","guid":{"rendered":"https:\/\/soydeaqui.ddns.net\/pachuca\/index.php\/producto\/bateria-de-litio-lifepo4-48vdc-bateria-2-56kwh-instalacion-en-suelo-o-en-pared-apilable\/"},"modified":"2026-03-18T20:33:34","modified_gmt":"2026-03-18T20:33:34","slug":"bateria-de-litio-lifepo4-48vdc-bateria-2-56kwh-instalacion-en-suelo-o-en-pared-apilable","status":"publish","type":"product","link":"https:\/\/soydeaqui.ddns.net\/pachuca\/index.php\/producto\/bateria-de-litio-lifepo4-48vdc-bateria-2-56kwh-instalacion-en-suelo-o-en-pared-apilable\/","title":{"rendered":"Bater\u00eda de Litio LiFePO4 48Vdc Bater\u00eda 2.56kWh, Instalaci\u00f3n en Suelo o en Pared, Apilable"},"content":{"rendered":"<div style='width: 100%; max-width: 1200px; margin: 0 auto; font-family: sans-serif; line-height: 1.6; color: inherit; background-color: transparent;'>\n<div style='width: 100%; overflow: hidden; margin-bottom: 30px;'>\n<div style='position: relative; width: 100%; height: 0; padding-bottom: 56.25%;'>\n<div class='carousel slide' data-ride='carousel' id='carousel-basic_vp' style='position: absolute; top: 0; left: 0; width: 100%; height: 100%;'>\n<div class='carousel-inner' role='listbox'>\n<div class='item active' style='width: 100%; height: 100%;'> <img src='https:\/\/ftp3.syscom.mx\/usuarios\/mtopete\/Imagen%20Pagina\/Growatt\/ARK%20editado.jpg' alt='' style='width: 100%; height: auto; border: 1px solid rgba(150&comma;150&comma;150&comma;0.3); border-radius: 8px;'> <\/div>\n<\/p><\/div>\n<\/p><\/div>\n<\/p><\/div>\n<\/p><\/div>\n<div style='width: 100%; margin-bottom: 30px;'>\n<p style='text-align: center; font-size: 18pt; margin: 0 0 15px 0; color: inherit; font-weight: bold; opacity: 0.9;'>BATER\u00cdA DE LITIO-FERROFOSTATO DE RENDIMIENTO SUPERIOR<\/p>\n<div style='width: 100%;'>\n<p style='text-align: center; font-size: 15px; color: inherit; margin: 0; padding: 0;'> La familia ARK ofrece opciones de energ\u00eda flexibles para soluciones monof\u00e1sicas\/trif\u00e1sicas&comma; h\u00edbridas\/acopladas a CA y aptas para bater\u00eda para diferentes contextos. Incorpora la composici\u00f3n qu\u00edmica LiFePO4 sin cobalto&comma; junto con protecci\u00f3n de varios niveles del sistema de gesti\u00f3n de la bater\u00eda y de los inversores para garantizar su m\u00e1xima seguridad y fiabilidad&comma; un excepcional rendimiento y una prolongada vida \u00fatil. Cuenta con un dise\u00f1o modular apilado y es tan ligero que lo puede instalar una sola persona y&comma; as\u00ed&comma; ahorrar tiempo y costes. <\/p>\n<\/p><\/div>\n<\/p><\/div>\n<\/p><\/div>\n","protected":false},"excerpt":{"rendered":"<p>Bater\u00eda de Litio LiFePO4 48Vdc Bater\u00eda 2.56kWh, Instalaci\u00f3n en Suelo o en Pared, Apilable<\/p>\n","protected":false},"featured_media":46285,"comment_status":"open","ping_status":"closed","template":"","meta":[],"product_brand":[],"product_cat":[1084],"product_tag":[143,1085,1157],"class_list":{"0":"post-46286","1":"product","2":"type-product","3":"status-publish","4":"has-post-thumbnail","6":"product_cat-baterias-baterias-y-cargadores","7":"product_tag-baterias","8":"product_tag-baterias-y-cargadores","9":"product_tag-growatt","11":"first","12":"outofstock","13":"sale","14":"shipping-taxable","15":"purchasable","16":"product-type-simple"},"_links":{"self":[{"href":"https:\/\/soydeaqui.ddns.net\/pachuca\/index.php\/wp-json\/wp\/v2\/product\/46286","targetHints":{"allow":["GET"]}}],"collection":[{"href":"https:\/\/soydeaqui.ddns.net\/pachuca\/index.php\/wp-json\/wp\/v2\/product"}],"about":[{"href":"https:\/\/soydeaqui.ddns.net\/pachuca\/index.php\/wp-json\/wp\/v2\/types\/product"}],"replies":[{"embeddable":true,"href":"https:\/\/soydeaqui.ddns.net\/pachuca\/index.php\/wp-json\/wp\/v2\/comments?post=46286"}],"wp:featuredmedia":[{"embeddable":true,"href":"https:\/\/soydeaqui.ddns.net\/pachuca\/index.php\/wp-json\/wp\/v2\/media\/46285"}],"wp:attachment":[{"href":"https:\/\/soydeaqui.ddns.net\/pachuca\/index.php\/wp-json\/wp\/v2\/media?parent=46286"}],"wp:term":[{"taxonomy":"product_brand","embeddable":true,"href":"https:\/\/soydeaqui.ddns.net\/pachuca\/index.php\/wp-json\/wp\/v2\/product_brand?post=46286"},{"taxonomy":"product_cat","embeddable":true,"href":"https:\/\/soydeaqui.ddns.net\/pachuca\/index.php\/wp-json\/wp\/v2\/product_cat?post=46286"},{"taxonomy":"product_tag","embeddable":true,"href":"https:\/\/soydeaqui.ddns.net\/pachuca\/index.php\/wp-json\/wp\/v2\/product_tag?post=46286"}],"curies":[{"name":"wp","href":"https:\/\/api.w.org\/{rel}","templated":true}]}}