{"id":46150,"date":"2026-03-18T20:29:41","date_gmt":"2026-03-18T20:29:41","guid":{"rendered":"https:\/\/soydeaqui.ddns.net\/pachuca\/index.php\/producto\/cople-de-aluminio-con-recubrimiento-exterior-de-pvc-de-1-25-4-mm-interior-de-uretano-purpura\/"},"modified":"2026-03-18T20:29:41","modified_gmt":"2026-03-18T20:29:41","slug":"cople-de-aluminio-con-recubrimiento-exterior-de-pvc-de-1-25-4-mm-interior-de-uretano-purpura","status":"publish","type":"product","link":"https:\/\/soydeaqui.ddns.net\/pachuca\/index.php\/producto\/cople-de-aluminio-con-recubrimiento-exterior-de-pvc-de-1-25-4-mm-interior-de-uretano-purpura\/","title":{"rendered":"Cople de Aluminio con Recubrimiento Exterior de PVC de 1&#8243; (25.4 mm) \/ Interior de Uretano Purpura."},"content":{"rendered":"<div style='width: 100%; max-width: 1200px; margin: 0 auto; font-family: sans-serif; line-height: 1.6; color: inherit; background-color: transparent;'> <!-- Imagen del producto --> <\/p>\n<div style='width: 100%; margin-bottom: 30px;'> <img style='width: 100%; height: auto; border: 1px solid rgba(150&comma;150&comma;150&comma;0.3); border-radius: 8px;' src='https:\/\/ftp3.syscom.mx\/usuarios\/fotos\/COAL19PC\/202469-logo.png' alt=''> <\/div>\n<p> <!-- Caracter\u00edsticas principales --> <\/p>\n<div style='margin-bottom: 30px;'>\n<h3 style='font-size: 22px; border-bottom: 2px solid currentColor; padding-bottom: 5px; margin-top: 0; color: inherit; opacity: 0.8;'>Caracter\u00edsticas principales<\/h3>\n<ul style='padding-left: 20px; font-size: 15px; color: inherit;'>\n<li style='margin-bottom: 5px;'>A prueba de ambientes corrosivos<\/li>\n<li style='margin-bottom: 5px;'>Recubirimiento PVC: 40 mils m\u00ednimo<\/li>\n<li style='margin-bottom: 5px;'>Uretano Purpura: 2 mils m\u00ednimo<\/li>\n<li style='margin-bottom: 5px;'>Aleaci\u00f3n de aluminio libre de cobre 6063. T1&comma; T5<\/li>\n<li style='margin-bottom: 5px;'>Mangas para un sellado herm\u00e9tico.<\/li>\n<li style='margin-bottom: 5px;'>No magn\u00e9tico&comma; antichispa<\/li>\n<li style='margin-bottom: 5px;'>Cumple especificaciones de: Underwriters Laboratories UL-6A Est\u00e1ndard para conduit r\u00edgido met\u00e1lico el\u00e9ctrico<\/li>\n<li style='margin-bottom: 5px;'>Cumple con requerimientos de NEC 500 \u00e1reas peligrosas<\/li>\n<li style='margin-bottom: 5px;'>Resistente a la corrosi\u00f3n<\/li>\n<li style='margin-bottom: 5px;'>Mejora la puesta a tierra<\/li>\n<li style='margin-bottom: 5px;'>Mejora la conductividad t\u00e9rmica y el\u00e9ctrica<\/li>\n<li style='margin-bottom: 5px;'>Federal Specification WW-C-540 C\n<ul style='padding-left: 20px; margin-top: 5px; margin-bottom: 0;'>\n<li style='margin-bottom: 5px;'>ANSI C80.5<\/li>\n<\/ul>\n<\/li>\n<\/ul><\/div>\n<p> <!-- Especificaciones --> <\/p>\n<div style='margin-bottom: 30px;'>\n<h3 style='font-size: 22px; border-bottom: 2px solid currentColor; padding-bottom: 5px; margin-top: 0; color: inherit; opacity: 0.8;'>Especificaciones<\/h3>\n<ul style='padding-left: 20px; font-size: 15px; color: inherit;'>\n<li style='margin-bottom: 5px;'>Medida nominal: 25.4 mm (1&#8242;)<\/li>\n<li style='margin-bottom: 5px;'>Di\u00e1metro exterior: 43 mm (1.69&#8242;)<\/li>\n<li style='margin-bottom: 5px;'>Longitud sin mangas: 50.80 mm (2&#8242;)<\/li>\n<li style='margin-bottom: 5px;'>Peso x 100 pzas: 10.22 Kg<\/li>\n<\/ul><\/div>\n<p> <!-- Separador final --> <\/p>\n<hr style='border: 0; border-top: 1px solid rgba(150&comma; 150&comma; 150&comma; 0.3); margin: 30px 0;'> <\/div>\n","protected":false},"excerpt":{"rendered":"<p>Cople de Aluminio con Recubrimiento Exterior de PVC de 1&#8243; (25.4 mm) \/ Interior de Uretano Purpura.<\/p>\n","protected":false},"featured_media":46149,"comment_status":"open","ping_status":"closed","template":"","meta":[],"product_brand":[],"product_cat":[655],"product_tag":[572,661,656],"class_list":{"0":"post-46150","1":"product","2":"type-product","3":"status-publish","4":"has-post-thumbnail","6":"product_cat-tuberia-metalica-conduit-accesorios","7":"product_tag-canalizacion","8":"product_tag-rawelt","9":"product_tag-tuberia-metalica-conduit-accesorios","11":"first","12":"instock","13":"sale","14":"shipping-taxable","15":"purchasable","16":"product-type-simple"},"_links":{"self":[{"href":"https:\/\/soydeaqui.ddns.net\/pachuca\/index.php\/wp-json\/wp\/v2\/product\/46150","targetHints":{"allow":["GET"]}}],"collection":[{"href":"https:\/\/soydeaqui.ddns.net\/pachuca\/index.php\/wp-json\/wp\/v2\/product"}],"about":[{"href":"https:\/\/soydeaqui.ddns.net\/pachuca\/index.php\/wp-json\/wp\/v2\/types\/product"}],"replies":[{"embeddable":true,"href":"https:\/\/soydeaqui.ddns.net\/pachuca\/index.php\/wp-json\/wp\/v2\/comments?post=46150"}],"wp:featuredmedia":[{"embeddable":true,"href":"https:\/\/soydeaqui.ddns.net\/pachuca\/index.php\/wp-json\/wp\/v2\/media\/46149"}],"wp:attachment":[{"href":"https:\/\/soydeaqui.ddns.net\/pachuca\/index.php\/wp-json\/wp\/v2\/media?parent=46150"}],"wp:term":[{"taxonomy":"product_brand","embeddable":true,"href":"https:\/\/soydeaqui.ddns.net\/pachuca\/index.php\/wp-json\/wp\/v2\/product_brand?post=46150"},{"taxonomy":"product_cat","embeddable":true,"href":"https:\/\/soydeaqui.ddns.net\/pachuca\/index.php\/wp-json\/wp\/v2\/product_cat?post=46150"},{"taxonomy":"product_tag","embeddable":true,"href":"https:\/\/soydeaqui.ddns.net\/pachuca\/index.php\/wp-json\/wp\/v2\/product_tag?post=46150"}],"curies":[{"name":"wp","href":"https:\/\/api.w.org\/{rel}","templated":true}]}}