{"id":46148,"date":"2026-03-18T20:29:38","date_gmt":"2026-03-18T20:29:38","guid":{"rendered":"https:\/\/soydeaqui.ddns.net\/pachuca\/index.php\/producto\/cople-de-aluminio-con-recubrimiento-exterior-de-pvc-e-interior-de-uretano-purpura-para-conduit-de-3-4-19-mm\/"},"modified":"2026-03-18T20:29:39","modified_gmt":"2026-03-18T20:29:39","slug":"cople-de-aluminio-con-recubrimiento-exterior-de-pvc-e-interior-de-uretano-purpura-para-conduit-de-3-4-19-mm","status":"publish","type":"product","link":"https:\/\/soydeaqui.ddns.net\/pachuca\/index.php\/producto\/cople-de-aluminio-con-recubrimiento-exterior-de-pvc-e-interior-de-uretano-purpura-para-conduit-de-3-4-19-mm\/","title":{"rendered":"Cople de Aluminio con Recubrimiento Exterior de Pvc e Interior de Uretano Purpura para Conduit  de 3\/4&#8243; (19 mm)."},"content":{"rendered":"<div style='width: 100%; max-width: 1200px; margin: 0 auto; font-family: sans-serif; line-height: 1.6; color: inherit; background-color: transparent;'> <!-- Imagen del producto --> <\/p>\n<div style='margin-bottom: 30px;'> <img style='width: 100%; height: auto; border: 1px solid rgba(150&comma;150&comma;150&comma;0.3); border-radius: 8px;' src='https:\/\/ftp3.syscom.mx\/usuarios\/fotos\/COAL19PC\/202469-logo.png' alt=''> <\/div>\n<p> <!-- Secci\u00f3n de caracter\u00edsticas --> <\/p>\n<div style='display: flex; flex-wrap: wrap; gap: 30px; margin-bottom: 30px;'>\n<div style='flex: 1 1 300px; min-width: 280px;'>\n<h3 style='font-size: 22px; border-bottom: 2px solid currentColor; padding-bottom: 5px; margin-top: 0; color: inherit; opacity: 0.8;'>Caracter\u00edsticas principales<\/h3>\n<ul style='padding-left: 20px; font-size: 15px; color: inherit;'>\n<li style='margin-bottom: 5px;'>A prueba de ambientes corrosivos<\/li>\n<li style='margin-bottom: 5px;'>Recubirimiento PVC: 40 mils m\u00ednimo<\/li>\n<li style='margin-bottom: 5px;'>Uretano Purpura: 2 mils m\u00ednimo<\/li>\n<li style='margin-bottom: 5px;'>Aleaci\u00f3n de aluminio libre de cobre 6063. T1&comma; T5<\/li>\n<li style='margin-bottom: 5px;'>Mangas para un sellado herm\u00e9tico<\/li>\n<li style='margin-bottom: 5px;'>No magn\u00e9tico&comma; antichispa<\/li>\n<li style='margin-bottom: 5px;'>Cumple especificaciones de: Underwriters Laboratories UL-6A Est\u00e1ndard para conduit r\u00edgido met\u00e1lico<\/li>\n<li style='margin-bottom: 5px;'>Cumple con requerimientos de NEC 500 \u00e1reas peligrosas<\/li>\n<li style='margin-bottom: 5px;'>Resistente a la corrosi\u00f3n<\/li>\n<li style='margin-bottom: 5px;'>Mejora la puesta a tierra<\/li>\n<li style='margin-bottom: 5px;'>Mejora la conductividad t\u00e9rmica y el\u00e9ctrica<\/li>\n<li style='margin-bottom: 5px;'>Cumple con Federal Specification WW-C-540 C\n<ul style='padding-left: 20px; margin-top: 5px; margin-bottom: 0;'>\n<li style='margin-bottom: 5px;'>ANSI C80.5<\/li>\n<\/ul>\n<\/li>\n<\/ul><\/div>\n<\/p><\/div>\n<p> <!-- Secci\u00f3n de especificaciones --> <\/p>\n<div style='display: flex; flex-wrap: wrap; gap: 30px; margin-bottom: 30px;'>\n<div style='flex: 1 1 300px; min-width: 280px;'>\n<h3 style='font-size: 22px; border-bottom: 2px solid currentColor; padding-bottom: 5px; margin-top: 0; color: inherit; opacity: 0.8;'>Especificaciones<\/h3>\n<ul style='padding-left: 20px; font-size: 15px; color: inherit;'>\n<li style='margin-bottom: 5px;'>Medida nominal: 19 mm<\/li>\n<li style='margin-bottom: 5px;'>Di\u00e1metro exterior: 37mm<\/li>\n<li style='margin-bottom: 5px;'>Longitud sin mangas: 41.28 mm<\/li>\n<li style='margin-bottom: 5px;'>Peso x 100 pzas: 6.27 Kg<\/li>\n<\/ul><\/div>\n<\/p><\/div>\n<p> <!-- Separador --> <\/p>\n<hr style='border: 0; border-top: 1px solid rgba(150&comma; 150&comma; 150&comma; 0.3); margin: 30px 0;'> <\/div>\n","protected":false},"excerpt":{"rendered":"<p>Cople de Aluminio con Recubrimiento Exterior de Pvc e Interior de Uretano Purpura para Conduit  de 3\/4&#8243; (19 mm).<\/p>\n","protected":false},"featured_media":46147,"comment_status":"open","ping_status":"closed","template":"","meta":[],"product_brand":[],"product_cat":[655],"product_tag":[572,661,656],"class_list":{"0":"post-46148","1":"product","2":"type-product","3":"status-publish","4":"has-post-thumbnail","6":"product_cat-tuberia-metalica-conduit-accesorios","7":"product_tag-canalizacion","8":"product_tag-rawelt","9":"product_tag-tuberia-metalica-conduit-accesorios","11":"first","12":"instock","13":"sale","14":"shipping-taxable","15":"purchasable","16":"product-type-simple"},"_links":{"self":[{"href":"https:\/\/soydeaqui.ddns.net\/pachuca\/index.php\/wp-json\/wp\/v2\/product\/46148","targetHints":{"allow":["GET"]}}],"collection":[{"href":"https:\/\/soydeaqui.ddns.net\/pachuca\/index.php\/wp-json\/wp\/v2\/product"}],"about":[{"href":"https:\/\/soydeaqui.ddns.net\/pachuca\/index.php\/wp-json\/wp\/v2\/types\/product"}],"replies":[{"embeddable":true,"href":"https:\/\/soydeaqui.ddns.net\/pachuca\/index.php\/wp-json\/wp\/v2\/comments?post=46148"}],"wp:featuredmedia":[{"embeddable":true,"href":"https:\/\/soydeaqui.ddns.net\/pachuca\/index.php\/wp-json\/wp\/v2\/media\/46147"}],"wp:attachment":[{"href":"https:\/\/soydeaqui.ddns.net\/pachuca\/index.php\/wp-json\/wp\/v2\/media?parent=46148"}],"wp:term":[{"taxonomy":"product_brand","embeddable":true,"href":"https:\/\/soydeaqui.ddns.net\/pachuca\/index.php\/wp-json\/wp\/v2\/product_brand?post=46148"},{"taxonomy":"product_cat","embeddable":true,"href":"https:\/\/soydeaqui.ddns.net\/pachuca\/index.php\/wp-json\/wp\/v2\/product_cat?post=46148"},{"taxonomy":"product_tag","embeddable":true,"href":"https:\/\/soydeaqui.ddns.net\/pachuca\/index.php\/wp-json\/wp\/v2\/product_tag?post=46148"}],"curies":[{"name":"wp","href":"https:\/\/api.w.org\/{rel}","templated":true}]}}