{"id":46111,"date":"2026-03-18T20:28:34","date_gmt":"2026-03-18T20:28:34","guid":{"rendered":"https:\/\/soydeaqui.ddns.net\/pachuca\/index.php\/producto\/proteccion-termica-interruptor-3p-20a-corriente-alterna-690-v-ca-trifasica\/"},"modified":"2026-03-18T20:28:36","modified_gmt":"2026-03-18T20:28:36","slug":"proteccion-termica-interruptor-3p-20a-corriente-alterna-690-v-ca-trifasica","status":"publish","type":"product","link":"https:\/\/soydeaqui.ddns.net\/pachuca\/index.php\/producto\/proteccion-termica-interruptor-3p-20a-corriente-alterna-690-v-ca-trifasica\/","title":{"rendered":"Protecci\u00f3n T\u00e9rmica\/ Interruptor 3P, 20A,  Corriente Alterna  690 V CA Trif\u00e1sica."},"content":{"rendered":"<div style='width: 100%; max-width: 1200px; margin: 0 auto; font-family: sans-serif; line-height: 1.6; color: inherit; background-color: transparent;'>\n<div style='display: flex; flex-direction: column; gap: 20px;'>\n<div>\n<p style='font-size: 16px; margin: 0; color: inherit; font-weight: bold;'>FEM1-1253P20A<\/p>\n<\/p><\/div>\n<div style='border: 1px solid rgba(150&comma;150&comma;150&comma;0.3); border-radius: 8px; padding: 15px;'>\n<p style='margin: 0 0 15px 0; color: inherit; font-size: 14px; line-height: 1.5;'> Los protectores t\u00e9rmicos est\u00e1n dise\u00f1ados para proporcionar protecci\u00f3n contra sobre corriente dentro de circuitos en corriente alterna (CA) <\/p>\n<p style='margin: 0 0 15px 0; color: inherit; font-size: 14px; line-height: 1.5;'> <strong>2)<\/strong> Este producto es confiable con excelente rendimiento <\/p>\n<p style='margin: 0 0 15px 0; color: inherit; font-size: 14px; line-height: 1.5;'> <strong>3)<\/strong> Cuenta con una alta capacidad de ruptura y puede disiparse r\u00e1pidamente&comma; fabricado de pl\u00e1stico especialmente auto extinguible. <\/p>\n<p style='margin: 0 0 15px 0; color: inherit; font-size: 14px; line-height: 1.5;'> <strong>4)<\/strong> Producto de alta duraci\u00f3n usado en corriente alterna 50\/60 Hz hasta 800 Vca para protecci\u00f3n contra sobrecargas y cortocircuito&comma; as\u00ed como en equipos el\u00e9ctricos de encendido y apagado de iluminaci\u00f3n&comma; dise\u00f1ado para uso en aplicaciones fotovoltaicas en corriente alterna. <\/p>\n<p style='margin: 0 0 15px 0; color: inherit; font-size: 14px; line-height: 1.5;'> Es dise\u00f1ado especialmente para sistemas fotovoltaicos en corriente alterna&comma; tambi\u00e9n se puede usar en circuitos el\u00e9ctricos trif\u00e1sicos&comma; se conecta entre el inversor y la red el\u00e9ctrica <\/p>\n<\/p><\/div>\n<p> <!-- Tabla transformada en cards --> <\/p>\n<div style='display: flex; flex-wrap: wrap; gap: 20px;'>\n<div style='flex: 1 1 250px; border: 1px solid rgba(150&comma; 150&comma; 150&comma; 0.4); border-radius: 8px; overflow: hidden; display: flex; flex-direction: column;'>\n<div style='padding: 15px; border-bottom: 1px solid rgba(150&comma; 150&comma; 150&comma; 0.2); font-weight: bold; font-size: 16px; color: inherit; background-color: rgba(150&comma; 150&comma; 150&comma; 0.1);'>Caracter\u00edsticas<\/div>\n<div style='padding: 15px; color: inherit;'>\n<ul style='padding-left: 20px; margin: 0; font-size: 14px; list-style-type: disc;'>\n<li style='margin-bottom: 8px;'><strong>Voltaje Nominal:<\/strong> 690V<\/li>\n<li style='margin-bottom: 8px;'><strong>Capacidad de Ruptura Nominal:<\/strong> 63&comma; 20&comma; 100&comma; 125&comma; 50 A<\/li>\n<li style='margin-bottom: 8px;'><strong>Max. Fusbile al que se Puede Conectar:<\/strong> 100AGL(>10KA)<\/li>\n<li style='margin-bottom: 8px;'><strong>Grado Selectivo:<\/strong> 3<\/li>\n<li style='margin-bottom: 8px;'><strong>Temperatura Ambiente de Trabajo:<\/strong> -5\u00b0C ~ +40\u00b0C<\/li>\n<li style='margin-bottom: 8px;'><strong>Protecci\u00f3n:<\/strong> IP20<\/li>\n<li style='margin-bottom: 8px;'><strong>Vida El\u00e9ctrica:<\/strong> No Menos de 8000 Veces<\/li>\n<li style='margin-bottom: 8px;'><strong>Vida Mec\u00e1nica:<\/strong> No menos de 20000 Veces<\/li>\n<\/ul><\/div>\n<\/p><\/div>\n<div style='flex: 1 1 250px; border: 1px solid rgba(150&comma; 150&comma; 150&comma; 0.4); border-radius: 8px; overflow: hidden; display: flex; flex-direction: column;'>\n<div style='padding: 15px; border-bottom: 1px solid rgba(150&comma; 150&comma; 150&comma; 0.2); font-weight: bold; font-size: 16px; color: inherit; background-color: rgba(150&comma; 150&comma; 150&comma; 0.1);'>Especificaciones Adicionales<\/div>\n<div style='padding: 15px; color: inherit;'>\n<ul style='padding-left: 20px; margin: 0; font-size: 14px; list-style-type: disc;'>\n<li style='margin-bottom: 8px;'><strong>Max. Di\u00e1metro del Conductor:<\/strong> 50mm\u00b2<\/li>\n<li style='margin-bottom: 8px;'><strong>Dimensiones:<\/strong> 150 x 92 x 68 mm<\/li>\n<li style='margin-bottom: 8px;'><strong>Accesorios:<\/strong> Incluye torniller\u00eda para fijaci\u00f3n en platina y\/o gabinete<\/li>\n<\/ul><\/div>\n<\/p><\/div>\n<\/p><\/div>\n<p> <!-- Nota final --> <\/p>\n<div style='background-color: rgba(150&comma;150&comma;150&comma;0.05); border-left: 4px solid rgba(150&comma;150&comma;150&comma;0.4); padding: 15px; margin-top: 20px;'>\n<p style='margin: 0; font-size: 14px; color: inherit;'> Dise\u00f1ado especialmente para sistemas fotovoltaicos en corriente alterna&comma; tambi\u00e9n se puede usar en circuitos el\u00e9ctricos trif\u00e1sicos&comma; se conecta entre el inversor y la red el\u00e9ctrica <\/p>\n<\/p><\/div>\n<\/p><\/div>\n<\/p><\/div>\n","protected":false},"excerpt":{"rendered":"<p>Protecci\u00f3n T\u00e9rmica\/ Interruptor 3P, 20A,  Corriente Alterna  690 V CA Trif\u00e1sica.<\/p>\n","protected":false},"featured_media":46110,"comment_status":"open","ping_status":"closed","template":"","meta":[],"product_brand":[],"product_cat":[1069],"product_tag":[1066,1070,454],"class_list":{"0":"post-46111","1":"product","2":"type-product","3":"status-publish","4":"has-post-thumbnail","6":"product_cat-centros-de-carga-e-interruptores","7":"product_tag-area-electrica","8":"product_tag-centros-de-carga-e-interruptores","9":"product_tag-epcom-powerline","11":"first","12":"outofstock","13":"sale","14":"shipping-taxable","15":"purchasable","16":"product-type-simple"},"_links":{"self":[{"href":"https:\/\/soydeaqui.ddns.net\/pachuca\/index.php\/wp-json\/wp\/v2\/product\/46111","targetHints":{"allow":["GET"]}}],"collection":[{"href":"https:\/\/soydeaqui.ddns.net\/pachuca\/index.php\/wp-json\/wp\/v2\/product"}],"about":[{"href":"https:\/\/soydeaqui.ddns.net\/pachuca\/index.php\/wp-json\/wp\/v2\/types\/product"}],"replies":[{"embeddable":true,"href":"https:\/\/soydeaqui.ddns.net\/pachuca\/index.php\/wp-json\/wp\/v2\/comments?post=46111"}],"wp:featuredmedia":[{"embeddable":true,"href":"https:\/\/soydeaqui.ddns.net\/pachuca\/index.php\/wp-json\/wp\/v2\/media\/46110"}],"wp:attachment":[{"href":"https:\/\/soydeaqui.ddns.net\/pachuca\/index.php\/wp-json\/wp\/v2\/media?parent=46111"}],"wp:term":[{"taxonomy":"product_brand","embeddable":true,"href":"https:\/\/soydeaqui.ddns.net\/pachuca\/index.php\/wp-json\/wp\/v2\/product_brand?post=46111"},{"taxonomy":"product_cat","embeddable":true,"href":"https:\/\/soydeaqui.ddns.net\/pachuca\/index.php\/wp-json\/wp\/v2\/product_cat?post=46111"},{"taxonomy":"product_tag","embeddable":true,"href":"https:\/\/soydeaqui.ddns.net\/pachuca\/index.php\/wp-json\/wp\/v2\/product_tag?post=46111"}],"curies":[{"name":"wp","href":"https:\/\/api.w.org\/{rel}","templated":true}]}}