{"id":46004,"date":"2026-03-18T20:25:19","date_gmt":"2026-03-18T20:25:19","guid":{"rendered":"https:\/\/soydeaqui.ddns.net\/pachuca\/index.php\/producto\/boroscopio-habilitado-por-wifi-camara-de-9mm-alcance-wifi-9m-compatible-con-android-y-ios-ip67-640x480-px-cuello-de-cisne-1-8m-led-ajustables\/"},"modified":"2026-03-18T20:25:35","modified_gmt":"2026-03-18T20:25:35","slug":"boroscopio-habilitado-por-wifi-camara-de-9mm-alcance-wifi-9m-compatible-con-android-y-ios-ip67-640x480-px-cuello-de-cisne-1-8m-led-ajustables","status":"publish","type":"product","link":"https:\/\/soydeaqui.ddns.net\/pachuca\/index.php\/producto\/boroscopio-habilitado-por-wifi-camara-de-9mm-alcance-wifi-9m-compatible-con-android-y-ios-ip67-640x480-px-cuello-de-cisne-1-8m-led-ajustables\/","title":{"rendered":"Boroscopio Habilitado por WiFi \/ C\u00e1mara de 9mm \/ Alcance WiFi 9m \/ Compatible con Android y iOS \/ IP67 \/ 640&#215;480 px \/ Cuello de Cisne 1.8m \/ LED Ajustables"},"content":{"rendered":"<div style='width: 100%; max-width: 1200px; margin: 0 auto; font-family: sans-serif; line-height: 1.6; color: inherit; background-color: transparent;'> <!-- Secci\u00f3n de contenido principal --> <\/p>\n<div style='display: flex; flex-wrap: wrap; gap: 30px; margin-bottom: 30px;'>\n<div style='flex: 1 1 300px; min-width: 280px;'>\n<h3 style='font-size: 22px; border-bottom: 2px solid currentColor; padding-bottom: 5px; margin-top: 0; color: inherit; opacity: 0.8;'>Caracter\u00edsticas Principales<\/h3>\n<p style='font-size: 15px; color: inherit;'> El nuevo boroscopio ET20 de Klein Tools se conecta r\u00e1pidamente a su tel\u00e9fono inteligente gracias a la se\u00f1al wifi integrada que lo convierte en una herramienta inteligente. Instale la aplicaci\u00f3n compatible en su tel\u00e9fono para ver&comma; grabar&comma; guardar y compartir im\u00e1genes y videos por texto o correo electr\u00f3nico. Este boroscopio le permite capturar fotos y video de alta calidad directamente en el dispositivo a 30&#8242; (9m) de distancia. Cuenta con c\u00e1mara impermeable de 9 mm con cable blindado y cuello de cisne de 6&#8242; (1&comma;8 m)&comma; LED integrados&comma; conveniente clip de bolsillo y bater\u00eda recargable de iones de litio. <\/p>\n<\/p><\/div>\n<\/p><\/div>\n<p> <!-- Imagen --> <\/p>\n<div style='display: flex; flex-wrap: wrap; gap: 30px; margin-bottom: 30px;'>\n<div style='flex: 1 1 300px; min-width: 280px;'> <img style='width: 100%; height: auto; border: 1px solid rgba(150&comma;150&comma;150&comma;0.3); border-radius: 8px;' src='http:\/\/ftp3.syscom.mx\/usuarios\/ftp\/2025\/04\/25\/734\/1745614603020.png_froala_680bf70a7e7e3' alt=''> <\/div>\n<\/p><\/div>\n<p> <!-- Secci\u00f3n de especificaciones --> <\/p>\n<div style='display: flex; flex-wrap: wrap; gap: 20px; margin-bottom: 30px;'>\n<div style='flex: 1 1 250px; border: 1px solid rgba(150&comma; 150&comma; 150&comma; 0.4); border-radius: 8px; overflow: hidden; display: flex; flex-direction: column;'>\n<div style='padding: 15px; border-bottom: 1px solid rgba(150&comma; 150&comma; 150&comma; 0.2); font-weight: bold; font-size: 18px; color: inherit;'>Especificaciones<\/div>\n<div style='padding: 15px; color: inherit;'>\n<ul style='padding-left: 20px; margin: 0; font-size: 14px; list-style-type: disc;'>\n<li style='margin-bottom: 5px;'><strong>Aplicaci\u00f3n:<\/strong> El\u00e9ctricas&comma; de HVAC&comma; plomer\u00eda y aviaci\u00f3n<\/li>\n<li style='margin-bottom: 5px;'><strong>Caracter\u00edsticas especiales:<\/strong> Aplicaci\u00f3n disponible gratis<\/li>\n<li style='margin-bottom: 5px;'><strong>Longitud total:<\/strong> 7&comma;3&#8221; (18&comma;5 cm)<\/li>\n<li style='margin-bottom: 5px;'><strong>Altura total:<\/strong> 2&comma;3&#8221; (5&comma;8 cm)<\/li>\n<li style='margin-bottom: 5px;'><strong>Ancho total:<\/strong> 1&comma;5&#8221; (3&comma;8 cm)<\/li>\n<li style='margin-bottom: 5px;'><strong>Di\u00e1metro de la cabeza de la c\u00e1mara:<\/strong> 0&comma;35&#8221; (0&comma;9 cm)<\/li>\n<li style='margin-bottom: 5px;'><strong>Material:<\/strong> Policarbonato y ABS<\/li>\n<li style='margin-bottom: 5px;'><strong>Bater\u00edas:<\/strong> Bater\u00eda recargable de iones de litio<\/li>\n<\/ul><\/div>\n<\/p><\/div>\n<div style='flex: 1 1 250px; border: 1px solid rgba(150&comma; 150&comma; 150&comma; 0.4); border-radius: 8px; overflow: hidden; display: flex; flex-direction: column;'>\n<div style='padding: 15px; border-bottom: 1px solid rgba(150&comma; 150&comma; 150&comma; 0.2); font-weight: bold; font-size: 18px; color: inherit;'>Especificaciones<\/div>\n<div style='padding: 15px; color: inherit;'>\n<ul style='padding-left: 20px; margin: 0; font-size: 14px; list-style-type: disc;'>\n<li style='margin-bottom: 5px;'><strong>Vida \u00fatil de la bater\u00eda:<\/strong> 5&comma;5 h<\/li>\n<li style='margin-bottom: 5px;'><strong>Pantalla:<\/strong> V\u00eda aplicaci\u00f3n para tel\u00e9fono inteligente<\/li>\n<li style='margin-bottom: 5px;'><strong>Resoluci\u00f3n de la c\u00e1mara:<\/strong> 640 \u00d7 480p<\/li>\n<li style='margin-bottom: 5px;'><strong>Clasificaci\u00f3n IP:<\/strong> C\u00e1mara\/cable: IP67; cuerpo: IP42<\/li>\n<li style='margin-bottom: 5px;'><strong>Clasificaci\u00f3n de seguridad:<\/strong> Prueba de ca\u00edda desde 3 m<\/li>\n<li style='margin-bottom: 5px;'><strong>Incluidas:<\/strong> Boroscopio recargable&comma; cable de carga USB&comma; accesorio de gancho&comma; instrucciones y estuche para transporte<\/li>\n<li style='margin-bottom: 5px;'><strong>Peso:<\/strong> 20 oz (567 g)<\/li>\n<li style='margin-bottom: 5px;'><strong>UPC:<\/strong> 092644692314<\/li>\n<\/ul><\/div>\n<\/p><\/div>\n<\/p><\/div>\n<p> <!-- Separador --> <\/p>\n<hr style='border: 0; border-top: 1px solid rgba(150&comma; 150&comma; 150&comma; 0.3); margin: 30px 0;'> <\/div>\n","protected":false},"excerpt":{"rendered":"<p>Boroscopio Habilitado por WiFi \/ C\u00e1mara de 9mm \/ Alcance WiFi 9m \/ Compatible con Android y iOS \/ IP67 \/ 640&#215;480 px \/ Cuello de Cisne 1.8m \/ LED Ajustables<\/p>\n","protected":false},"featured_media":46003,"comment_status":"open","ping_status":"closed","template":"","meta":[],"product_brand":[],"product_cat":[1057],"product_tag":[1058,1059,432],"class_list":{"0":"post-46004","1":"product","2":"type-product","3":"status-publish","4":"has-post-thumbnail","6":"product_cat-herramientas-electrica-cableada","7":"product_tag-ferreteria","8":"product_tag-herramientas-electrica-cableada","9":"product_tag-klein-tools","11":"first","12":"instock","13":"sale","14":"shipping-taxable","15":"purchasable","16":"product-type-simple"},"_links":{"self":[{"href":"https:\/\/soydeaqui.ddns.net\/pachuca\/index.php\/wp-json\/wp\/v2\/product\/46004","targetHints":{"allow":["GET"]}}],"collection":[{"href":"https:\/\/soydeaqui.ddns.net\/pachuca\/index.php\/wp-json\/wp\/v2\/product"}],"about":[{"href":"https:\/\/soydeaqui.ddns.net\/pachuca\/index.php\/wp-json\/wp\/v2\/types\/product"}],"replies":[{"embeddable":true,"href":"https:\/\/soydeaqui.ddns.net\/pachuca\/index.php\/wp-json\/wp\/v2\/comments?post=46004"}],"wp:featuredmedia":[{"embeddable":true,"href":"https:\/\/soydeaqui.ddns.net\/pachuca\/index.php\/wp-json\/wp\/v2\/media\/46003"}],"wp:attachment":[{"href":"https:\/\/soydeaqui.ddns.net\/pachuca\/index.php\/wp-json\/wp\/v2\/media?parent=46004"}],"wp:term":[{"taxonomy":"product_brand","embeddable":true,"href":"https:\/\/soydeaqui.ddns.net\/pachuca\/index.php\/wp-json\/wp\/v2\/product_brand?post=46004"},{"taxonomy":"product_cat","embeddable":true,"href":"https:\/\/soydeaqui.ddns.net\/pachuca\/index.php\/wp-json\/wp\/v2\/product_cat?post=46004"},{"taxonomy":"product_tag","embeddable":true,"href":"https:\/\/soydeaqui.ddns.net\/pachuca\/index.php\/wp-json\/wp\/v2\/product_tag?post=46004"}],"curies":[{"name":"wp","href":"https:\/\/api.w.org\/{rel}","templated":true}]}}