{"id":45994,"date":"2026-03-18T20:24:57","date_gmt":"2026-03-18T20:24:57","guid":{"rendered":"https:\/\/soydeaqui.ddns.net\/pachuca\/index.php\/producto\/probador-scout-pro-3-con-kit-de-transmisores-remotos-test-n-map-inspeccion-poe\/"},"modified":"2026-03-18T20:24:57","modified_gmt":"2026-03-18T20:24:57","slug":"probador-scout-pro-3-con-kit-de-transmisores-remotos-test-n-map-inspeccion-poe","status":"publish","type":"product","link":"https:\/\/soydeaqui.ddns.net\/pachuca\/index.php\/producto\/probador-scout-pro-3-con-kit-de-transmisores-remotos-test-n-map-inspeccion-poe\/","title":{"rendered":"Probador Scout\u2122 Pro 3 con kit de transmisores remotos Test-n-Map\u2122 (Inspecci\u00f3n PoE)"},"content":{"rendered":"<div style='width: 100%; max-width: 1200px; margin: 0 auto; font-family: sans-serif; line-height: 1.6; color: inherit; background-color: transparent;'> <!-- Secci\u00f3n de caracter\u00edsticas --> <\/p>\n<div style='display: flex; flex-wrap: wrap; gap: 30px; margin-bottom: 30px;'>\n<div style='flex: 1 1 300px; min-width: 280px;'>\n<h3 style='font-size: 22px; border-bottom: 2px solid currentColor; padding-bottom: 5px; margin-top: 0; color: inherit; opacity: 0.8;'>Caracter\u00edsticas<\/h3>\n<ul style='padding-left: 20px; font-size: 15px; color: inherit;'>\n<li style='margin-bottom: 5px;'><span style='color: inherit;'>Prueba conexiones de cable coaxial de voz (RJ11\/12)&comma; datos (RJ45) y video (conector F).<\/span><\/li>\n<li style='margin-bottom: 5px;'><span style='color: inherit;'>Pantalla LCD retroiluminada que muestra la longitud de cable&comma; el mapa de cables&comma; la ID de cables y los resultados de la prueba.<\/span><\/li>\n<li style='margin-bottom: 5px;'><span style='color: inherit;'>Realiza pruebas de mapa de cables&comma; prueba errores de cableado&comma; pares divididos&comma; fallas de cortocircuito&comma; fallas de circuito abierto y blindaje.<\/span><\/li>\n<li style='margin-bottom: 5px;'><span style='color: inherit;'>Mide la longitud de cables hasta 2000&#8242;.<\/span><\/li>\n<li style='margin-bottom: 5px;'><span style='color: inherit;'>Rastree cables&comma; pares de cables y cables conductores individuales con un generador de tono de estilo m\u00faltiple (requiere una sonda anal\u00f3gica Cat. n.\u00ba VDV500-123; se vende por separado).<\/span><\/li>\n<li style='margin-bottom: 5px;'><span style='color: inherit;'>Detecta&comma; identifica y prueba la alimentaci\u00f3n el\u00e9ctrica a trav\u00e9s de Ethernet (PoE).<\/span><\/li>\n<li style='margin-bottom: 5px;'><span style='color: inherit;'>Permite identificar m\u00faltiples tramos de cables con transmisores remotos para mapeo de ubicaciones.<\/span><\/li>\n<li style='margin-bottom: 5px;'><span style='color: inherit;'>Modo de parpadeo del concentrador para identificar la ubicaci\u00f3n del puerto en un concentrador o un conmutador.<\/span><\/li>\n<li style='margin-bottom: 5px;'><span style='color: inherit;'>1 transmisor remoto inteligente acoplable&comma; 5 transmisores remotos inteligentes sueltos y 7 adaptadores de cable coaxial hembra a hembra y 7 adaptadores macho a hembra.<\/span><\/li>\n<li style='margin-bottom: 5px;'><span style='color: inherit;'>Incluye una bater\u00eda de 9 V y un pr\u00e1ctico estuche para transporte.<\/span><\/li>\n<\/ul><\/div>\n<\/p><\/div>\n<p> <!-- Secci\u00f3n de especificaciones --> <\/p>\n<div style='display: flex; flex-wrap: wrap; gap: 20px; margin-bottom: 30px;'>\n<div style='flex: 1 1 250px; border: 1px solid rgba(150&comma; 150&comma; 150&comma; 0.4); border-radius: 8px; overflow: hidden; display: flex; flex-direction: column;'>\n<div style='padding: 15px; border-bottom: 1px solid rgba(150&comma; 150&comma; 150&comma; 0.2); font-weight: bold; font-size: 18px; color: inherit;'>Especificaciones<\/div>\n<div style='padding: 15px; color: inherit;'>\n<ul style='padding-left: 20px; margin: 0; font-size: 14px; list-style-type: disc;'>\n<li style='margin-bottom: 5px;'><span style='color: inherit;'><strong>Tipo de cables:<\/strong> Cable de par trenzado&comma; de datos&comma; voz&comma; LAN y coaxial.<\/span><\/li>\n<li style='margin-bottom: 5px;'><span style='color: inherit;'><strong>Aplicaci\u00f3n:<\/strong> Prueba de cables.<\/span><\/li>\n<li style='margin-bottom: 5px;'><span style='color: inherit;'><strong>Caracter\u00edsticas especiales:<\/strong> Mide la longitud de cables; alimentaci\u00f3n el\u00e9ctrica a trav\u00e9s de Ethernet&comma; LCD retroiluminada; parpadeo del concentrador.<\/span><\/li>\n<li style='margin-bottom: 5px;'><span style='color: inherit;'><strong>Tipo de cable:<\/strong> Datos blindado o no blindado; CAT3&comma; CAT5E&comma; CAT6&comma; CAT6A&comma; CAT7&comma; COAXIAL: RG59&comma; RG6\/6Q<\/span><\/li>\n<li style='margin-bottom: 5px;'><span style='color: inherit;'><strong>Longitud total:<\/strong> 7&#8242; (17.8 cm)<\/span><\/li>\n<li style='margin-bottom: 5px;'><span style='color: inherit;'><strong>Altura total:<\/strong> 3.2&#8242; (8 cm)<\/span><\/li>\n<li style='margin-bottom: 5px;'><span style='color: inherit;'><strong>Ancho total:<\/strong> 1.5&#8242; (3.8 cm)<\/span><\/li>\n<li style='margin-bottom: 5px;'><span style='color: inherit;'><strong>Material:<\/strong> Pl\u00e1stico y metal<\/span><\/li>\n<li style='margin-bottom: 5px;'><span style='color: inherit;'><strong>Protecci\u00f3n antica\u00eddas:<\/strong> 2 m<\/span><\/li>\n<li style='margin-bottom: 5px;'><span style='color: inherit;'><strong>Transmisores remotos compatibles:<\/strong> 18<\/span><\/li>\n<li style='margin-bottom: 5px;'><span style='color: inherit;'><strong>Tipos de conexiones y adaptadores:<\/strong> RJ11&comma; RJ12&comma; RJ45 y cable coaxial F<\/span><\/li>\n<li style='margin-bottom: 5px;'><span style='color: inherit;'><strong>Pantalla:<\/strong> LCD retroiluminada<\/span><\/li>\n<li style='margin-bottom: 5px;'><span style='color: inherit;'><strong>Generador de tono de estilo m\u00faltiple:<\/strong> S\u00ed (5); requiere una sonda de rastreo (Cat. n.\u00ba VDV500-123); se vende por separado.<\/span><\/li>\n<li style='margin-bottom: 5px;'><span style='color: inherit;'><strong>Fallas detectadas:<\/strong> Circuito abierto&comma; cortocircuito&comma; error de cableado.<\/span><\/li>\n<li style='margin-bottom: 5px;'><span style='color: inherit;'><strong>Tipos de prueba:<\/strong> Ethernet&comma; datos y coaxial.<\/span><\/li>\n<li style='margin-bottom: 5px;'><span style='color: inherit;'><strong>Est\u00e1ndar:<\/strong> CE<\/span><\/li>\n<li style='margin-bottom: 5px;'><span style='color: inherit;'><strong>Peso:<\/strong> 0.5 kg (1.2 lb)<\/span><\/li>\n<\/ul><\/div>\n<\/p><\/div>\n<\/p><\/div>\n<p> <!-- Secci\u00f3n de im\u00e1genes --> <\/p>\n<div style='display: flex; flex-wrap: wrap; gap: 20px; margin-bottom: 30px;'>\n<div style='flex: 1 1 300px; min-width: 280px;'> <img style='width: 100%; height: auto; border: 1px solid rgba(150&comma;150&comma;150&comma;0.3); border-radius: 8px;' src='https:\/\/ftp3.syscom.mx\/usuarios\/fotos\/VDV501853\/202038-captura_de_pantalla_2022-12-14_a_la(s)_15.17.01.png' alt=''> <\/div>\n<div style='flex: 1 1 300px; min-width: 280px;'> <img style='width: 100%; height: auto; border: 1px solid rgba(150&comma;150&comma;150&comma;0.3); border-radius: 8px;' src='https:\/\/ftp3.syscom.mx\/usuarios\/fotos\/VDV501853\/202038-captura_de_pantalla_2022-12-14_a_la(s)_15.17.32.png' alt=''> <\/div>\n<\/p><\/div>\n<p> <!-- Separador --> <\/p>\n<hr style='border: 0; border-top: 1px solid rgba(150&comma; 150&comma; 150&comma; 0.3); margin: 30px 0;'> <\/div>\n","protected":false},"excerpt":{"rendered":"<p>Probador Scout\u2122 Pro 3 con kit de transmisores remotos Test-n-Map\u2122 (Inspecci\u00f3n PoE)<\/p>\n","protected":false},"featured_media":45993,"comment_status":"open","ping_status":"closed","template":"","meta":[],"product_brand":[],"product_cat":[130],"product_tag":[25,131,432],"class_list":{"0":"post-45994","1":"product","2":"type-product","3":"status-publish","4":"has-post-thumbnail","6":"product_cat-herramientas-electricas","7":"product_tag-herramientas","8":"product_tag-herramientas-electricas","9":"product_tag-klein-tools","11":"first","12":"instock","13":"sale","14":"shipping-taxable","15":"purchasable","16":"product-type-simple"},"_links":{"self":[{"href":"https:\/\/soydeaqui.ddns.net\/pachuca\/index.php\/wp-json\/wp\/v2\/product\/45994","targetHints":{"allow":["GET"]}}],"collection":[{"href":"https:\/\/soydeaqui.ddns.net\/pachuca\/index.php\/wp-json\/wp\/v2\/product"}],"about":[{"href":"https:\/\/soydeaqui.ddns.net\/pachuca\/index.php\/wp-json\/wp\/v2\/types\/product"}],"replies":[{"embeddable":true,"href":"https:\/\/soydeaqui.ddns.net\/pachuca\/index.php\/wp-json\/wp\/v2\/comments?post=45994"}],"wp:featuredmedia":[{"embeddable":true,"href":"https:\/\/soydeaqui.ddns.net\/pachuca\/index.php\/wp-json\/wp\/v2\/media\/45993"}],"wp:attachment":[{"href":"https:\/\/soydeaqui.ddns.net\/pachuca\/index.php\/wp-json\/wp\/v2\/media?parent=45994"}],"wp:term":[{"taxonomy":"product_brand","embeddable":true,"href":"https:\/\/soydeaqui.ddns.net\/pachuca\/index.php\/wp-json\/wp\/v2\/product_brand?post=45994"},{"taxonomy":"product_cat","embeddable":true,"href":"https:\/\/soydeaqui.ddns.net\/pachuca\/index.php\/wp-json\/wp\/v2\/product_cat?post=45994"},{"taxonomy":"product_tag","embeddable":true,"href":"https:\/\/soydeaqui.ddns.net\/pachuca\/index.php\/wp-json\/wp\/v2\/product_tag?post=45994"}],"curies":[{"name":"wp","href":"https:\/\/api.w.org\/{rel}","templated":true}]}}