{"id":45972,"date":"2026-03-18T20:24:20","date_gmt":"2026-03-18T20:24:20","guid":{"rendered":"https:\/\/soydeaqui.ddns.net\/pachuca\/index.php\/producto\/bateria-12v-26ah-para-respaldo-tecnologias-agm-vrla-5-anos-vida-util-terminales-nb-reconocida-ul\/"},"modified":"2026-03-18T20:24:26","modified_gmt":"2026-03-18T20:24:26","slug":"bateria-12v-26ah-para-respaldo-tecnologias-agm-vrla-5-anos-vida-util-terminales-nb-reconocida-ul","status":"publish","type":"product","link":"https:\/\/soydeaqui.ddns.net\/pachuca\/index.php\/producto\/bateria-12v-26ah-para-respaldo-tecnologias-agm-vrla-5-anos-vida-util-terminales-nb-reconocida-ul\/","title":{"rendered":"Bater\u00eda 12V, 26AH, Para Respaldo, Tecnolog\u00edas AGM\/VRLA, 5 A\u00f1os Vida \u00datil, Terminales NB, Reconocida UL"},"content":{"rendered":"<div style='width: 100%; max-width: 1200px; margin: 0 auto; font-family: sans-serif; line-height: 1.6; color: inherit; background-color: transparent;'> <!-- Descripci\u00f3n general --> <\/p>\n<div style='margin-bottom: 30px;'>\n<p style='margin: 0 0 15px; text-align: justify; font-size: 15px; color: inherit;'> <span style='font-weight: bold; color: inherit;'>Power Sonic<\/span> ofrece una amplia gama de productos de bater\u00eda innovadores que incluyen tecnolog\u00edas de litio y \u00e1cido de plomo selladas. Esto garantiza que tengamos la bater\u00eda adecuada para satisfacer las demandas \u00fanicas de su aplicaci\u00f3n. <\/p>\n<p style='margin: 0 0 15px; text-align: justify; font-size: 15px; color: inherit;'> <span style='font-weight: bold; color: inherit;'>Power Sonic<\/span> ha brindado soluciones de bater\u00edas seguras&comma; confiables y de calidad en todo el mundo durante m\u00e1s de 50 a\u00f1os. Nuestros productos de bater\u00eda est\u00e1n dise\u00f1ados y fabricados con los \u00faltimos equipos de \u00faltima generaci\u00f3n y est\u00e1n sujetos al control de calidad m\u00e1s estricto. Este proceso es clave para garantizar tanto la consistencia como la confiabilidad con cualquier producto que lleve el nombre de <span style='font-weight: bold; color: inherit;'>Power Sonic<\/span>. <\/p>\n<\/p><\/div>\n<p> <!-- Secci\u00f3n de caracter\u00edsticas --> <\/p>\n<div style='display: flex; flex-wrap: wrap; gap: 30px; margin-bottom: 30px;'>\n<div style='flex: 1 1 300px; min-width: 280px;'>\n<h3 style='font-size: 22px; border-bottom: 2px solid currentColor; padding-bottom: 5px; margin-top: 0; color: inherit; opacity: 0.8;'>Serie PS<\/h3>\n<p style='margin: 15px 0; font-size: 15px; color: inherit;'> La serie <span style='font-weight: bold; color: inherit;'>PS<\/span> de Power Sonic <span style='font-weight: bold; color: inherit;'>bater\u00edas selladas de plomo-\u00e1cido<\/span> se ha dise\u00f1ado con tecnolog\u00eda <span style='font-weight: bold; color: inherit;'>AGM<\/span> (Absorbent Glass Mat) para garantizar un rendimiento y una fiabilidad superiores. Disponibles en <strong style='color: inherit;'>2&comma; 4&comma; 6 y 12 V<\/strong> con capacidades desde <strong style='color: inherit;'>0.8 a 260 AH<\/strong>. Con gran variedad de modelos&comma; es la primera opci\u00f3n para la industria de seguridad humana. <\/p>\n<\/p><\/div>\n<div style='flex: 1 1 300px; min-width: 280px;'>\n<h3 style='font-size: 22px; border-bottom: 2px solid currentColor; padding-bottom: 5px; margin-top: 0; color: inherit; opacity: 0.8;'>Caracter\u00edsticas Generales Serie PS<\/h3>\n<ul style='padding-left: 20px; font-size: 15px; color: inherit;'>\n<li style='margin-bottom: 8px; color: inherit;'><span style='font-weight: bold; color: inherit;'>Bater\u00edas selladas de plomo \u00e1cido.<\/span><\/li>\n<li style='margin-bottom: 8px; color: inherit;'><span style='font-weight: bold; color: inherit;'>Dise\u00f1o de 5 a\u00f1os de vida \u00fatil.<\/span><\/li>\n<li style='margin-bottom: 8px; color: inherit;'><span style='font-weight: bold; color: inherit;'>Reconocida UL.<\/span><\/li>\n<li style='margin-bottom: 8px; color: inherit;'><span style='font-weight: bold; color: inherit;'>Tecnolog\u00eda VRLA<\/span> (Bater\u00edas Regulated Lead Acid) para larga vida \u00fatil por liberaci\u00f3n de gases.<\/li>\n<li style='margin-bottom: 8px; color: inherit;'><span style='font-weight: bold; color: inherit;'>Tecnolog\u00eda AGM<\/span> (Absorbent Glass Mat) para garantizar un rendimiento y una fiabilidad superiores.<\/li>\n<li style='margin-bottom: 8px; color: inherit;'>Relaci\u00f3n de potencia y volumen que produce una densidad de energ\u00eda inigualable.<\/li>\n<li style='margin-bottom: 8px; color: inherit;'><span style='font-weight: bold; color: inherit;'>Libre de mantenimiento.<\/span><\/li>\n<li style='margin-bottom: 8px; color: inherit;'><span style='font-weight: bold; color: inherit;'>Recargables con cargadores VRLA.<\/span><\/li>\n<li style='margin-bottom: 8px; color: inherit;'><span style='font-weight: bold; color: inherit;'>Construcci\u00f3n a prueba de derrames<\/span> regulada por v\u00e1lvula permite una operaci\u00f3n segura en cualquier orientaci\u00f3n (excepto el uso continuo invertido).<\/li>\n<li style='margin-bottom: 8px; color: inherit;'><span style='font-weight: bold; color: inherit;'>Caja de ABS resistente a impactos<\/span> y cubierta <span style='font-weight: bold; color: inherit;'>retardante de llama<\/span> seg\u00fan <span style='font-weight: bold; color: inherit;'>UL94:HB<\/span> y <span style='font-weight: bold; color: inherit;'>UL94:V0<\/span>.<\/li>\n<li style='margin-bottom: 8px; color: inherit;'><span style='font-weight: bold; color: inherit;'>Baja tasa de descarga<\/span> para una larga vida \u00fatil.<\/li>\n<li style='margin-bottom: 8px; color: inherit;'><span style='font-weight: bold; color: inherit;'>Certificado ISO 9001:2015<\/span>.<\/li>\n<\/ul><\/div>\n<div style='flex: 1 1 300px; min-width: 280px;'>\n<h3 style='font-size: 22px; border-bottom: 2px solid currentColor; padding-bottom: 5px; margin-top: 0; color: inherit; opacity: 0.8;'>Caracter\u00edsticas PS-12260-NB<\/h3>\n<ul style='padding-left: 20px; font-size: 15px; color: inherit;'>\n<li style='margin-bottom: 8px; color: inherit;'><span style='font-weight: bold; color: inherit;'>Dise\u00f1o de 5 a\u00f1os de vida \u00fatil.<\/span><\/li>\n<li style='margin-bottom: 8px; color: inherit;'><span style='font-weight: bold; color: inherit;'>Reconocida UL.<\/span><\/li>\n<li style='margin-bottom: 8px; color: inherit;'>Tipo de terminal: <span style='font-weight: bold; color: inherit;'>NB<\/span><\/li>\n<li style='margin-bottom: 8px; color: inherit;'>Voltaje Nominal: <span style='font-weight: bold; color: inherit;'>12V<\/span><\/li>\n<li style='margin-bottom: 8px; color: inherit;'>Capacidad @20HR (AH): <span style='font-weight: bold; color: inherit;'>26.00 AH<\/span><\/li>\n<li style='margin-bottom: 8px; color: inherit;'>Capacidad @10HR (AH): <span style='font-weight: bold; color: inherit;'>24.70 AH<\/span><\/li>\n<li style='margin-bottom: 8px; color: inherit;'>Peso: <span style='font-weight: bold; color: inherit;'>8.0 kg\/17.6 lbs<\/span><\/li>\n<li style='margin-bottom: 8px; color: inherit;'>Dimensiones: <span style='font-weight: bold; color: inherit;'>6.56\u201d\/167 mm Longitud x 6.97\u201d\/177 mm Ancho x 4.92\u201d\/125 mm Altura<\/span><\/li>\n<li style='margin-bottom: 8px; color: inherit;'>Cargador recomendado: <a style='color: #005cb9; text-decoration: none; font-weight: bold;' href='https:\/\/www.syscom.mx\/principal\/searchcont?route=PSC-124000ACX-POWER-SONIC-218376&#038;autodetect=PSC-'>PSC-124000ACX<\/a>&comma; <a style='color: #005cb9; text-decoration: none; font-weight: bold;' href='https:\/\/www.syscom.mx\/principal\/searchcont?route=PSC-126000ACX-POWER-SONIC-218411&#038;autodetect=PSC-'>PSC-126000ACX<\/a> <\/li>\n<\/ul><\/div>\n<\/p><\/div>\n<p> <!-- Aplicaciones --> <\/p>\n<div style='margin-bottom: 30px;'>\n<h3 style='font-size: 22px; border-bottom: 2px solid currentColor; padding-bottom: 5px; margin-top: 0; color: inherit; opacity: 0.8;'>Aplicaciones<\/h3>\n<ul style='padding-left: 20px; font-size: 15px; color: inherit;'>\n<li style='margin-bottom: 8px; color: inherit;'>Sistemas de seguridad y emergencia.<\/li>\n<li style='margin-bottom: 8px; color: inherit;'>Sistemas de control de acceso.<\/li>\n<li style='margin-bottom: 8px; color: inherit;'>Sistemas de alarma.<\/li>\n<li style='margin-bottom: 8px; color: inherit;'>Sistemas de detecci\u00f3n de incendio.<\/li>\n<li style='margin-bottom: 8px; color: inherit;'>Sistemas de videovigilancia.<\/li>\n<li style='margin-bottom: 8px; color: inherit;'>Muchas aplicaciones m\u00e1s&#8230;<\/li>\n<\/ul><\/div>\n<\/p><\/div>\n","protected":false},"excerpt":{"rendered":"<p>Bater\u00eda 12V, 26AH, Para Respaldo, Tecnolog\u00edas AGM\/VRLA, 5 A\u00f1os Vida \u00datil, Terminales NB, Reconocida UL<\/p>\n","protected":false},"featured_media":45971,"comment_status":"open","ping_status":"closed","template":"","meta":[],"product_brand":[],"product_cat":[141],"product_tag":[143,142,236],"class_list":{"0":"post-45972","1":"product","2":"type-product","3":"status-publish","4":"has-post-thumbnail","6":"product_cat-baterias","7":"product_tag-baterias","8":"product_tag-energia","9":"product_tag-power-sonic","11":"first","12":"instock","13":"sale","14":"shipping-taxable","15":"purchasable","16":"product-type-simple"},"_links":{"self":[{"href":"https:\/\/soydeaqui.ddns.net\/pachuca\/index.php\/wp-json\/wp\/v2\/product\/45972","targetHints":{"allow":["GET"]}}],"collection":[{"href":"https:\/\/soydeaqui.ddns.net\/pachuca\/index.php\/wp-json\/wp\/v2\/product"}],"about":[{"href":"https:\/\/soydeaqui.ddns.net\/pachuca\/index.php\/wp-json\/wp\/v2\/types\/product"}],"replies":[{"embeddable":true,"href":"https:\/\/soydeaqui.ddns.net\/pachuca\/index.php\/wp-json\/wp\/v2\/comments?post=45972"}],"wp:featuredmedia":[{"embeddable":true,"href":"https:\/\/soydeaqui.ddns.net\/pachuca\/index.php\/wp-json\/wp\/v2\/media\/45971"}],"wp:attachment":[{"href":"https:\/\/soydeaqui.ddns.net\/pachuca\/index.php\/wp-json\/wp\/v2\/media?parent=45972"}],"wp:term":[{"taxonomy":"product_brand","embeddable":true,"href":"https:\/\/soydeaqui.ddns.net\/pachuca\/index.php\/wp-json\/wp\/v2\/product_brand?post=45972"},{"taxonomy":"product_cat","embeddable":true,"href":"https:\/\/soydeaqui.ddns.net\/pachuca\/index.php\/wp-json\/wp\/v2\/product_cat?post=45972"},{"taxonomy":"product_tag","embeddable":true,"href":"https:\/\/soydeaqui.ddns.net\/pachuca\/index.php\/wp-json\/wp\/v2\/product_tag?post=45972"}],"curies":[{"name":"wp","href":"https:\/\/api.w.org\/{rel}","templated":true}]}}