{"id":45922,"date":"2026-03-18T20:22:54","date_gmt":"2026-03-18T20:22:54","guid":{"rendered":"https:\/\/soydeaqui.ddns.net\/pachuca\/index.php\/producto\/termometro-infrarrojo-de-doble-laser-201-40-a-650-c\/"},"modified":"2026-03-18T20:23:10","modified_gmt":"2026-03-18T20:23:10","slug":"termometro-infrarrojo-de-doble-laser-201-40-a-650-c","status":"publish","type":"product","link":"https:\/\/soydeaqui.ddns.net\/pachuca\/index.php\/producto\/termometro-infrarrojo-de-doble-laser-201-40-a-650-c\/","title":{"rendered":"Term\u00f3metro Infrarrojo de Doble L\u00e1ser  20:1. (-40\u00b0 a 650\u00b0 C)."},"content":{"rendered":"<div style='width: 100%; max-width: 1200px; margin: 0 auto; font-family: sans-serif; line-height: 1.6; color: inherit; background-color: transparent;'> <!-- Secci\u00f3n de caracter\u00edsticas --> <\/p>\n<div style='display: flex; flex-wrap: wrap; gap: 30px; margin-bottom: 30px;'>\n<div style='flex: 1 1 300px; min-width: 280px;'>\n<h3 style='font-size: 22px; border-bottom: 2px solid currentColor; padding-bottom: 5px; margin-top: 0; color: inherit; opacity: 0.8;'>Caracter\u00edsticas<\/h3>\n<ul style='padding-left: 20px; font-size: 15px; color: inherit;'>\n<li style='margin-bottom: 5px;'>Incorpora la capacidad de medici\u00f3n de temperatura en superficies usando emisiones IR y tambi\u00e9n puede medir temperaturas globales de aire&comma; gases o l\u00edquidos usando una sonda tipo K est\u00e1ndar.<\/li>\n<li style='margin-bottom: 5px;'>Doble l\u00e1ser de enfoque del objetivo que proporcionan una determinaci\u00f3n m\u00e1s precisa del \u00e1rea a probar.<\/li>\n<li style='margin-bottom: 5px;'>Resoluci\u00f3n \u00f3ptica (distancia a objetivo) de 20:1.<\/li>\n<li style='margin-bottom: 5px;'>Rango de medici\u00f3n para IR y sonda tipo K: -40 a 1200 grados Fahrenheit (-40 a 650 grados Celsius).<\/li>\n<li style='margin-bottom: 5px;'>No es un dispositivo m\u00e9dico; el term\u00f3metro NO se debe utilizar en personas ni animales.<\/li>\n<li style='margin-bottom: 5px;'>Ajuste de emisividad de 0&comma;1 a 1&comma;0 que proporciona flexibilidad para m\u00faltiples aplicaciones.<\/li>\n<li style='margin-bottom: 5px;'>Pantalla retroiluminada brillante para trabajar en ambientes poco iluminados.<\/li>\n<li style='margin-bottom: 5px;'>Par\u00e1metros estad\u00edsticos para medici\u00f3n: m\u00e1ximo\/m\u00ednimo\/promedio\/diferencia.<\/li>\n<li style='margin-bottom: 5px;'>L\u00edmites Alto\/Bajo definibles por el usuario con alarmas audibles y visuales cuando se superan los l\u00edmites.<\/li>\n<li style='margin-bottom: 5px;'>Emplea una bater\u00eda alcalina de 9 voltios&comma; cuya vida \u00fatil esperada es de 8 horas de uso continuo con el l\u00e1ser y la retroiluminaci\u00f3n encendidos.<\/li>\n<li style='margin-bottom: 5px;'>Incluye estuche personalizado&comma; sonda tipo K y bater\u00eda.<\/li>\n<li style='margin-bottom: 5px;'>Carcasa sobremoldeada suave al tacto; construido para resistir una ca\u00edda de 9&comma;9&#8242; (3 m).<\/li>\n<li style='margin-bottom: 5px;'>Funci\u00f3n de apagado autom\u00e1tico que preserva y extiende la vida \u00fatil de la bater\u00eda.<\/li>\n<li style='margin-bottom: 5px;'>Protecciones de ingreso IP54 que proporcionan resistencia al agua y al polvo.<\/li>\n<li style='margin-bottom: 5px;'>Patente de EE. UU. n.\u00ba D791 624.<\/li>\n<\/ul><\/div>\n<\/p><\/div>\n<p> <!-- Secci\u00f3n de especificaciones --> <\/p>\n<div style='display: flex; flex-wrap: wrap; gap: 20px; margin-bottom: 30px;'>\n<div style='flex: 1 1 250px; border: 1px solid rgba(150&comma; 150&comma; 150&comma; 0.4); border-radius: 8px; overflow: hidden; display: flex; flex-direction: column;'>\n<div style='padding: 15px; border-bottom: 1px solid rgba(150&comma; 150&comma; 150&comma; 0.2); font-weight: bold; font-size: 18px; color: inherit;'>Dimensiones<\/div>\n<div style='padding: 15px; color: inherit;'>\n<ul style='padding-left: 20px; margin: 0; font-size: 14px; list-style-type: disc;'>\n<li style='margin-bottom: 5px;'>Longitud total: 5.82&#8242; (148 mm)<\/li>\n<li style='margin-bottom: 5px;'>Ancho total: 1.67&#8242; (42 mm)<\/li>\n<li style='margin-bottom: 5px;'>Altura total: .95&#8242; (24 mm)<\/li>\n<li style='margin-bottom: 5px;'>Material: ABS&comma; policarbonato<\/li>\n<li style='margin-bottom: 5px;'>Bater\u00edas: 2 AAA<\/li>\n<\/ul><\/div>\n<\/p><\/div>\n<div style='flex: 1 1 250px; border: 1px solid rgba(150&comma; 150&comma; 150&comma; 0.4); border-radius: 8px; overflow: hidden; display: flex; flex-direction: column;'>\n<div style='padding: 15px; border-bottom: 1px solid rgba(150&comma; 150&comma; 150&comma; 0.2); font-weight: bold; font-size: 18px; color: inherit;'>Especificaciones T\u00e9cnicas<\/div>\n<div style='padding: 15px; color: inherit;'>\n<ul style='padding-left: 20px; margin: 0; font-size: 14px; list-style-type: disc;'>\n<li style='margin-bottom: 5px;'><strong>Rango:<\/strong> -40 a 572 \u00b0F (-40 a 300 \u00b0C)<\/li>\n<li style='margin-bottom: 5px;'><strong>Precisi\u00f3n:<\/strong> -40 a 0 \u00b0C \u00b1 2\u00b0; 1 a 300 \u00b0C \u00b1 2<\/li>\n<li style='margin-bottom: 5px;'><strong>Tiempo de respuesta:<\/strong> Infrarrojo < 500 ms; Sonda < 20 s<\/li>\n<li style='margin-bottom: 5px;'><strong>Formato de grados:<\/strong> Grados Celsius y Fahrenheit<\/li>\n<li style='margin-bottom: 5px;'><strong>Protecci\u00f3n ante ca\u00eddas:<\/strong> 2 m<\/li>\n<li style='margin-bottom: 5px;'><strong>Protecci\u00f3n de ingreso:<\/strong> IP 54<\/li>\n<li style='margin-bottom: 5px;'><strong>Peso:<\/strong> 106.5 g (3.6 oz)<\/li>\n<\/ul><\/div>\n<\/p><\/div>\n<\/p><\/div>\n<p> <!-- Separador --> <\/p>\n<hr style='border: 0; border-top: 1px solid rgba(150&comma; 150&comma; 150&comma; 0.3); margin: 30px 0;'> <!-- Contenedor de video --> <\/p>\n<div style='position: relative; padding-bottom: 56.25%; height: 0; overflow: hidden; margin-bottom: 30px;'>   <\/div>\n<\/p><\/div>\n","protected":false},"excerpt":{"rendered":"<p>Term\u00f3metro Infrarrojo de Doble L\u00e1ser  20:1. (-40\u00b0 a 650\u00b0 C).<\/p>\n","protected":false},"featured_media":45921,"comment_status":"open","ping_status":"closed","template":"","meta":[],"product_brand":[],"product_cat":[24],"product_tag":[26,25,432],"class_list":{"0":"post-45922","1":"product","2":"type-product","3":"status-publish","4":"has-post-thumbnail","6":"product_cat-accesorios-de-instalacion","7":"product_tag-accesorios-de-instalacion","8":"product_tag-herramientas","9":"product_tag-klein-tools","11":"first","12":"instock","13":"sale","14":"shipping-taxable","15":"purchasable","16":"product-type-simple"},"_links":{"self":[{"href":"https:\/\/soydeaqui.ddns.net\/pachuca\/index.php\/wp-json\/wp\/v2\/product\/45922","targetHints":{"allow":["GET"]}}],"collection":[{"href":"https:\/\/soydeaqui.ddns.net\/pachuca\/index.php\/wp-json\/wp\/v2\/product"}],"about":[{"href":"https:\/\/soydeaqui.ddns.net\/pachuca\/index.php\/wp-json\/wp\/v2\/types\/product"}],"replies":[{"embeddable":true,"href":"https:\/\/soydeaqui.ddns.net\/pachuca\/index.php\/wp-json\/wp\/v2\/comments?post=45922"}],"wp:featuredmedia":[{"embeddable":true,"href":"https:\/\/soydeaqui.ddns.net\/pachuca\/index.php\/wp-json\/wp\/v2\/media\/45921"}],"wp:attachment":[{"href":"https:\/\/soydeaqui.ddns.net\/pachuca\/index.php\/wp-json\/wp\/v2\/media?parent=45922"}],"wp:term":[{"taxonomy":"product_brand","embeddable":true,"href":"https:\/\/soydeaqui.ddns.net\/pachuca\/index.php\/wp-json\/wp\/v2\/product_brand?post=45922"},{"taxonomy":"product_cat","embeddable":true,"href":"https:\/\/soydeaqui.ddns.net\/pachuca\/index.php\/wp-json\/wp\/v2\/product_cat?post=45922"},{"taxonomy":"product_tag","embeddable":true,"href":"https:\/\/soydeaqui.ddns.net\/pachuca\/index.php\/wp-json\/wp\/v2\/product_tag?post=45922"}],"curies":[{"name":"wp","href":"https:\/\/api.w.org\/{rel}","templated":true}]}}