{"id":45918,"date":"2026-03-18T20:22:47","date_gmt":"2026-03-18T20:22:47","guid":{"rendered":"https:\/\/soydeaqui.ddns.net\/pachuca\/index.php\/producto\/tubo-conduit-rigido-de-aluminio-de-5-127-mm-con-recubrimiento-de-pvc-de-3-05-m-con-cople\/"},"modified":"2026-03-18T20:22:48","modified_gmt":"2026-03-18T20:22:48","slug":"tubo-conduit-rigido-de-aluminio-de-5-127-mm-con-recubrimiento-de-pvc-de-3-05-m-con-cople","status":"publish","type":"product","link":"https:\/\/soydeaqui.ddns.net\/pachuca\/index.php\/producto\/tubo-conduit-rigido-de-aluminio-de-5-127-mm-con-recubrimiento-de-pvc-de-3-05-m-con-cople\/","title":{"rendered":"Tubo Conduit  r\u00edgido de aluminio de  5\u201d (127 mm) con recubrimiento de PVC de 3.05 m con cople."},"content":{"rendered":"<div style='width: 100%; max-width: 1200px; margin: 0 auto; font-family: sans-serif; line-height: 1.6; color: inherit; background-color: transparent;'>\n<div style='display: flex; flex-wrap: wrap; gap: 30px; margin-bottom: 30px;'>\n<div style='flex: 1 1 300px; min-width: 280px;'>\n<h3 style='font-size: 22px; border-bottom: 2px solid currentColor; padding-bottom: 5px; margin-top: 0; color: inherit; opacity: 0.8;'>Caracter\u00edsticas<\/h3>\n<ul style='padding-left: 20px; font-size: 15px; color: inherit;'>\n<li style='margin-bottom: 5px;'>A prueba de ambientes corrosivos.<\/li>\n<li style='margin-bottom: 5px;'>Ofrece la protecci\u00f3n m\u00e1s efectiva contra la corrosi\u00f3n provocada por ambientes altamente corrosivos.<\/li>\n<li style='margin-bottom: 5px;'>Cuenta con recubrimiento uniforme de PVC (Cloruro de polivinilo).<\/li>\n<li style='margin-bottom: 5px;'>Recubrimiento de PVC: 40 mils m\u00ednimo.<\/li>\n<li style='margin-bottom: 5px;'>Uretano Purpura: 2 mils m\u00ednimo.<\/li>\n<li style='margin-bottom: 5px;'>Recubrimiento de Uretano transparente o p\u00farpura en la rosca incluyendo un protector de pl\u00e1tico.<\/li>\n<li style='margin-bottom: 5px;'>Aleaci\u00f3n de aluminio 6063&comma; sin costura&comma; T1&comma; T5.<\/li>\n<li style='margin-bottom: 5px;'>Cada tubo se surte en longitud de 3.05m (10\u00b4).<\/li>\n<li style='margin-bottom: 5px;'>Ideal para: rastros&comma; refiner\u00edas de petr\u00f3leo&comma; plantas qu\u00edmicas&comma; procesadoras de alimentos&comma; etc.<\/li>\n<\/ul><\/div>\n<div style='flex: 1 1 300px; min-width: 280px;'>\n<h3 style='font-size: 22px; border-bottom: 2px solid currentColor; padding-bottom: 5px; margin-top: 0; color: inherit; opacity: 0.8;'>Especificaciones<\/h3>\n<ul style='padding-left: 20px; font-size: 15px; color: inherit;'>\n<li style='margin-bottom: 5px;'><strong style='color: inherit;'>Medida:<\/strong> 127 mm (5&#8242;).<\/li>\n<li style='margin-bottom: 5px;'><strong style='color: inherit;'>Di\u00e1metro exterior recubierto:<\/strong> 143.33 mm (5.643&#8242;)<\/li>\n<li style='margin-bottom: 5px;'><strong style='color: inherit;'>Di\u00e1metro interior:<\/strong> 128.75 mm (5.069&#8242;)<\/li>\n<li style='margin-bottom: 5px;'><strong style='color: inherit;'>Espesor de pared recubierto:<\/strong> 7.29 mm (0.287&#8242;)<\/li>\n<li style='margin-bottom: 5px;'><strong style='color: inherit;'>Longitud sin cople:<\/strong> 2.995 m (9&#8242; 10)<\/li>\n<li style='margin-bottom: 5px;'><strong style='color: inherit;'>Peso por pieza:<\/strong> 25 kg<\/li>\n<\/ul><\/div>\n<\/p><\/div>\n<\/p><\/div>\n","protected":false},"excerpt":{"rendered":"<p>Tubo Conduit  r\u00edgido de aluminio de  5\u201d (127 mm) con recubrimiento de PVC de 3.05 m con cople.<\/p>\n","protected":false},"featured_media":45917,"comment_status":"open","ping_status":"closed","template":"","meta":[],"product_brand":[],"product_cat":[655],"product_tag":[572,661,656],"class_list":{"0":"post-45918","1":"product","2":"type-product","3":"status-publish","4":"has-post-thumbnail","6":"product_cat-tuberia-metalica-conduit-accesorios","7":"product_tag-canalizacion","8":"product_tag-rawelt","9":"product_tag-tuberia-metalica-conduit-accesorios","11":"first","12":"outofstock","13":"sale","14":"shipping-taxable","15":"purchasable","16":"product-type-simple"},"_links":{"self":[{"href":"https:\/\/soydeaqui.ddns.net\/pachuca\/index.php\/wp-json\/wp\/v2\/product\/45918","targetHints":{"allow":["GET"]}}],"collection":[{"href":"https:\/\/soydeaqui.ddns.net\/pachuca\/index.php\/wp-json\/wp\/v2\/product"}],"about":[{"href":"https:\/\/soydeaqui.ddns.net\/pachuca\/index.php\/wp-json\/wp\/v2\/types\/product"}],"replies":[{"embeddable":true,"href":"https:\/\/soydeaqui.ddns.net\/pachuca\/index.php\/wp-json\/wp\/v2\/comments?post=45918"}],"wp:featuredmedia":[{"embeddable":true,"href":"https:\/\/soydeaqui.ddns.net\/pachuca\/index.php\/wp-json\/wp\/v2\/media\/45917"}],"wp:attachment":[{"href":"https:\/\/soydeaqui.ddns.net\/pachuca\/index.php\/wp-json\/wp\/v2\/media?parent=45918"}],"wp:term":[{"taxonomy":"product_brand","embeddable":true,"href":"https:\/\/soydeaqui.ddns.net\/pachuca\/index.php\/wp-json\/wp\/v2\/product_brand?post=45918"},{"taxonomy":"product_cat","embeddable":true,"href":"https:\/\/soydeaqui.ddns.net\/pachuca\/index.php\/wp-json\/wp\/v2\/product_cat?post=45918"},{"taxonomy":"product_tag","embeddable":true,"href":"https:\/\/soydeaqui.ddns.net\/pachuca\/index.php\/wp-json\/wp\/v2\/product_tag?post=45918"}],"curies":[{"name":"wp","href":"https:\/\/api.w.org\/{rel}","templated":true}]}}