{"id":45840,"date":"2026-03-18T20:20:22","date_gmt":"2026-03-18T20:20:22","guid":{"rendered":"https:\/\/soydeaqui.ddns.net\/pachuca\/index.php\/producto\/termometro-ir-industrial-121-550-oc\/"},"modified":"2026-03-18T20:20:23","modified_gmt":"2026-03-18T20:20:23","slug":"termometro-ir-industrial-121-550-oc","status":"publish","type":"product","link":"https:\/\/soydeaqui.ddns.net\/pachuca\/index.php\/producto\/termometro-ir-industrial-121-550-oc\/","title":{"rendered":"Term\u00f3metro IR Industrial 12:1 550 \u00baC"},"content":{"rendered":"<div style='width: 100%; max-width: 1200px; margin: 0 auto; font-family: sans-serif; line-height: 1.6; color: inherit; background-color: transparent;'> <!-- Logo --> <\/p>\n<div style='margin-bottom: 30px;'> <img style='width: 100%; max-width: 500px; height: auto; border: 1px solid rgba(150&comma;150&comma;150&comma;0.3); border-radius: 8px;' src='https:\/\/www.risoul.com.mx\/hs-fs\/hubfs\/Fluke-Logo.png?width=1557&#038;name=Fluke-Logo.png' alt='Distribuidor productos Fluke'> <\/div>\n<p> <!-- Descripci\u00f3n principal --> <\/p>\n<div style='margin-bottom: 30px;'>\n<h3 style='font-size: 22px; border-bottom: 2px solid currentColor; padding-bottom: 5px; margin-top: 0; color: inherit; opacity: 0.8;'>Caracter\u00edsticas principales<\/h3>\n<p style='margin-top: 0;'><strong>El term\u00f3metro IR y de contacto Fluke 561 satisface las necesidades de la mayor\u00eda de las aplicaciones de temperatura industriales y residenciales<\/strong><\/p>\n<p>El term\u00f3metro de contacto IR Fluke 561 combina las funciones de medici\u00f3n de temperatura que los profesionales industriales&comma; el\u00e9ctricos y HVAC\/R necesitan en una sola herramienta. Es un term\u00f3metro IR para mediciones sin contacto&comma; con capacidad de termopar tipo K para la medici\u00f3n de temperatura por contacto. Es r\u00e1pido&comma; eficiente y f\u00e1cil de usar&comma; lo que le ahorra tiempo y esfuerzo valiosos.<\/p>\n<p>Utilice las capacidades de IR 561 para escanear \u00e1reas grandes u objetos peque\u00f1os de forma r\u00e1pida y eficiente&comma; sin tener que apagar el equipo. Mida instant\u00e1neamente objetos calientes&comma; en movimiento&comma; energizados el\u00e9ctricamente y dif\u00edciles de alcanzar. Revise los motores&comma; el aislamiento&comma; los disyuntores&comma; la calefacci\u00f3n radiante&comma; las tuber\u00edas&comma; las conexiones corro\u00eddas y los cables. Adem\u00e1s&comma; escanee conductos y otros objetos dif\u00edciles de alcanzar desde el piso y deje su escalera en el cami\u00f3n.<\/p>\n<p>Tambi\u00e9n puede utilizar la pr\u00e1ctica sonda de tubo flexible del Fluke 561 (incluida) para medir el sobrecalentamiento o la temperatura interna. O conecte cualquier sonda de termopar con conector mini tipo K est\u00e1ndar de la industria para tomar esas medidas y conservar su inversi\u00f3n en los termopares que ya posee.<\/p>\n<\/p><\/div>\n<p> <!-- Caracter\u00edsticas \u00fatiles --> <\/p>\n<div style='margin-bottom: 30px;'>\n<h3 style='font-size: 22px; border-bottom: 2px solid currentColor; padding-bottom: 5px; margin-top: 0; color: inherit; opacity: 0.8;'>Caracter\u00edsticas \u00fatiles<\/h3>\n<ul style='padding-left: 20px; font-size: 15px; color: inherit;'>\n<li style='margin-bottom: 5px;'>Cuenta con una sonda de tuber\u00eda con cierre de velcro de tela para sobrecalentamiento&comma; subenfriamiento y otras mediciones ambientales y de contacto<\/li>\n<li style='margin-bottom: 5px;'>Proporciona funciones MIN&comma; MAX y DIF para ayudarlo a identificar problemas r\u00e1pidamente<\/li>\n<li style='margin-bottom: 5px;'>Pesa solo 12 onzas\/340 gramos y es extremadamente f\u00e1cil de usar<\/li>\n<\/ul><\/div>\n<p> <!-- Incluye --> <\/p>\n<div style='margin-bottom: 30px;'>\n<h3 style='font-size: 22px; border-bottom: 2px solid currentColor; padding-bottom: 5px; margin-top: 0; color: inherit; opacity: 0.8;'>Incluye<\/h3>\n<ul style='padding-left: 20px; font-size: 15px; color: inherit;'>\n<li style='margin-bottom: 5px;'>2 bater\u00edas AA<\/li>\n<\/ul><\/div>\n<p> <!-- Especificaciones --> <\/p>\n<div style='margin-bottom: 30px;'>\n<h3 style='font-size: 22px; border-bottom: 2px solid currentColor; padding-bottom: 5px; margin-top: 0; color: inherit; opacity: 0.8;'>Especificaciones generales<\/h3>\n<div style='display: flex; flex-wrap: wrap; gap: 20px;'>\n<div style='flex: 1 1 250px; border: 1px solid rgba(150&comma; 150&comma; 150&comma; 0.4); border-radius: 8px; overflow: hidden; display: flex; flex-direction: column;'>\n<div style='padding: 15px; border-bottom: 1px solid rgba(150&comma; 150&comma; 150&comma; 0.2); font-weight: bold; font-size: 18px; color: inherit;'>Rango de temperatura<\/div>\n<div style='padding: 15px; color: inherit;'>\n<ul style='padding-left: 20px; margin: 0; font-size: 14px; list-style-type: disc;'>\n<li style='margin-bottom: 5px;'><strong>Temperatura:<\/strong> -40 a 550\u00b0C (-40 a 1022\u00b0F)<\/li>\n<li style='margin-bottom: 5px;'><strong>Resoluci\u00f3n de pantalla:<\/strong> 0&comma;1 \u00b0C (0&comma;1 \u00b0F) de lectura<\/li>\n<li style='margin-bottom: 5px;'><strong>D:S (distancia al tama\u00f1o del punto):<\/strong> 12:1<\/li>\n<\/ul><\/div>\n<\/p><\/div>\n<div style='flex: 1 1 250px; border: 1px solid rgba(150&comma; 150&comma; 150&comma; 0.4); border-radius: 8px; overflow: hidden; display: flex; flex-direction: column;'>\n<div style='padding: 15px; border-bottom: 1px solid rgba(150&comma; 150&comma; 150&comma; 0.2); font-weight: bold; font-size: 18px; color: inherit;'>Precisi\u00f3n y respuesta<\/div>\n<div style='padding: 15px; color: inherit;'>\n<ul style='padding-left: 20px; margin: 0; font-size: 14px; list-style-type: disc;'>\n<li style='margin-bottom: 5px;'><strong>Precisi\u00f3n de visualizaci\u00f3n:<\/strong> \u00b11&comma;0 % de lectura \u00b11 % de lectura o \u00b11 \u00b0C (\u00b12 \u00b0F)&comma; lo que sea mayor por debajo de 0 \u00b0C\/32 \u00b0F&comma; \u00b11 \u00b0C (\u00b12 \u00b0F) \u00b10&comma;1 \u00b0\/1 \u00b0<\/li>\n<li style='margin-bottom: 5px;'><strong>Tiempo de respuesta:<\/strong> 500 mseg (95% de la lectura)<\/li>\n<li style='margin-bottom: 5px;'><strong>Repetibilidad:<\/strong> \u00b10&comma;5 % de la lectura o \u00b11 \u00b0C (\u00b12 \u00b0F)&comma; lo que sea mayor<\/li>\n<\/ul><\/div>\n<\/p><\/div>\n<div style='flex: 1 1 250px; border: 1px solid rgba(150&comma; 150&comma; 150&comma; 0.4); border-radius: 8px; overflow: hidden; display: flex; flex-direction: column;'>\n<div style='padding: 15px; border-bottom: 1px solid rgba(150&comma; 150&comma; 150&comma; 0.2); font-weight: bold; font-size: 18px; color: inherit;'>Caracter\u00edsticas \u00f3pticas<\/div>\n<div style='padding: 15px; color: inherit;'>\n<ul style='padding-left: 20px; margin: 0; font-size: 14px; list-style-type: disc;'>\n<li style='margin-bottom: 5px;'><strong>Respuesta espectral:<\/strong> 8 micras a 14 micras<\/li>\n<li style='margin-bottom: 5px;'><strong>Avistamiento l\u00e1ser:<\/strong> L\u00e1ser de un solo punto<\/li>\n<li style='margin-bottom: 5px;'><strong>Apagado l\u00e1ser:<\/strong> El l\u00e1ser se apaga por encima de la temperatura ambiente de 40 \u00b0C (104 \u00b0F)<\/li>\n<li style='margin-bottom: 5px;'><strong>Potencia l\u00e1ser:<\/strong> Operaci\u00f3n Clase 2(II); Salida < 1 mW&comma; longitud de onda 630-670 nm<\/li>\n<\/ul><\/div>\n<\/p><\/div>\n<div style='flex: 1 1 250px; border: 1px solid rgba(150&comma; 150&comma; 150&comma; 0.4); border-radius: 8px; overflow: hidden; display: flex; flex-direction: column;'>\n<div style='padding: 15px; border-bottom: 1px solid rgba(150&comma; 150&comma; 150&comma; 0.2); font-weight: bold; font-size: 18px; color: inherit;'>Operaci\u00f3n y almacenamiento<\/div>\n<div style='padding: 15px; color: inherit;'>\n<ul style='padding-left: 20px; margin: 0; font-size: 14px; list-style-type: disc;'>\n<li style='margin-bottom: 5px;'><strong>Humedad relativa:<\/strong> 10 % a 90 % de HR sin condensaci\u00f3n&comma; a < 30 \u00b0C (86 \u00b0F)<\/li>\n<li style='margin-bottom: 5px;'><strong>Temperatura de funcionamiento:<\/strong> 0\u00b0C a 50\u00b0C (32\u00b0F a 120\u00b0F)<\/li>\n<li style='margin-bottom: 5px;'><strong>Temperatura de almacenamiento:<\/strong> -20 \u00b0C a 65 \u00b0C (-25 \u00b0F a 150 \u00b0F)<\/li>\n<\/ul><\/div>\n<\/p><\/div>\n<div style='flex: 1 1 250px; border: 1px solid rgba(150&comma; 150&comma; 150&comma; 0.4); border-radius: 8px; overflow: hidden; display: flex; flex-direction: column;'>\n<div style='padding: 15px; border-bottom: 1px solid rgba(150&comma; 150&comma; 150&comma; 0.2); font-weight: bold; font-size: 18px; color: inherit;'>Alimentaci\u00f3n<\/div>\n<div style='padding: 15px; color: inherit;'>\n<ul style='padding-left: 20px; margin: 0; font-size: 14px; list-style-type: disc;'>\n<li style='margin-bottom: 5px;'><strong>Potencia&comma; duraci\u00f3n de la bater\u00eda:<\/strong> 2 pilas AA (alcalinas o NiCD)<\/li>\n<li style='margin-bottom: 5px;'><strong>Duraci\u00f3n de la bater\u00eda:<\/strong> 12 horas<\/li>\n<li style='margin-bottom: 5px;'><strong>Mostrar espera:<\/strong> 7 segundos<\/li>\n<\/ul><\/div>\n<\/p><\/div>\n<div style='flex: 1 1 250px; border: 1px solid rgba(150&comma; 150&comma; 150&comma; 0.4); border-radius: 8px; overflow: hidden; display: flex; flex-direction: column;'>\n<div style='padding: 15px; border-bottom: 1px solid rgba(150&comma; 150&comma; 150&comma; 0.2); font-weight: bold; font-size: 18px; color: inherit;'>Funciones adicionales<\/div>\n<div style='padding: 15px; color: inherit;'>\n<ul style='padding-left: 20px; margin: 0; font-size: 14px; list-style-type: disc;'>\n<li style='margin-bottom: 5px;'><strong>Temperaturas MAX&comma; MIN&comma; DIF:<\/strong> S\u00ed<\/li>\n<li style='margin-bottom: 5px;'><strong>Entrada de mini adaptador de termopar tipo K:<\/strong> S\u00ed&comma; compatible con las sondas tipo K est\u00e1ndar de la industria con miniconector. Muestra el rango de temperatura del term\u00f3metro.<\/li>\n<li style='margin-bottom: 5px;'><strong>Sonda de tubo con sujetador de velcro de tela tipo K de termopar:<\/strong> S\u00ed&comma; con un rango de temperatura de 0 \u00b0C a 100 \u00b0C (32 \u00b0F a 212 \u00b0F) y una precisi\u00f3n de \u00b12&comma;2 \u00b0C (\u00b14 \u00b0F)<\/li>\n<li style='margin-bottom: 5px;'><strong>Gu\u00eda de medici\u00f3n de climatizaci\u00f3n:<\/strong> S\u00ed<\/li>\n<li style='margin-bottom: 5px;'><strong>Selector de emisividad:<\/strong> Ajustable con tres configuraciones: Bajo (0&comma;3)&comma; medio (0&comma;7)&comma; alto (0.95)<\/li>\n<\/ul><\/div>\n<\/p><\/div>\n<div style='flex: 1 1 250px; border: 1px solid rgba(150&comma; 150&comma; 150&comma; 0.4); border-radius: 8px; overflow: hidden; display: flex; flex-direction: column;'>\n<div style='padding: 15px; border-bottom: 1px solid rgba(150&comma; 150&comma; 150&comma; 0.2); font-weight: bold; font-size: 18px; color: inherit;'>Pantalla<\/div>\n<div style='padding: 15px; color: inherit;'>\n<ul style='padding-left: 20px; margin: 0; font-size: 14px; list-style-type: disc;'>\n<li style='margin-bottom: 5px;'><strong>Pantalla retroiluminada:<\/strong> S\u00ed&comma; LCD con temperatura dual (actual y MAX\/MIN\/DIF\/KTC)&comma; bater\u00eda baja&comma; indicador F\/C y opciones Scan\/Hold<\/li>\n<\/ul><\/div>\n<\/p><\/div>\n<div style='flex: 1 1 250px; border: 1px solid rgba(150&comma; 150&comma; 150&comma; 0.4); border-radius: 8px; overflow: hidden; display: flex; flex-direction: column;'>\n<div style='padding: 15px; border-bottom: 1px solid rgba(150&comma; 150&comma; 150&comma; 0.2); font-weight: bold; font-size: 18px; color: inherit;'>Garant\u00eda<\/div>\n<div style='padding: 15px; color: inherit;'>\n<ul style='padding-left: 20px; margin: 0; font-size: 14px; list-style-type: disc;'>\n<li style='margin-bottom: 5px;'><strong>Garant\u00eda:<\/strong> 2 a\u00f1os<\/li>\n<\/ul><\/div>\n<\/p><\/div>\n<\/p><\/div>\n<\/p><\/div>\n<p> <!-- Separador --> <\/p>\n<hr style='border: 0; border-top: 1px solid rgba(150&comma; 150&comma; 150&comma; 0.3); margin: 30px 0;'> <\/div>\n","protected":false},"excerpt":{"rendered":"<p>Term\u00f3metro IR Industrial 12:1 550 \u00baC<\/p>\n","protected":false},"featured_media":45839,"comment_status":"open","ping_status":"closed","template":"","meta":[],"product_brand":[],"product_cat":[392],"product_tag":[393,25,131],"class_list":{"0":"post-45840","1":"product","2":"type-product","3":"status-publish","4":"has-post-thumbnail","6":"product_cat-herramientas-electricas-herramientas-deteccion-de-fuego","7":"product_tag-fluke","8":"product_tag-herramientas","9":"product_tag-herramientas-electricas","11":"first","12":"outofstock","13":"sale","14":"shipping-taxable","15":"purchasable","16":"product-type-simple"},"_links":{"self":[{"href":"https:\/\/soydeaqui.ddns.net\/pachuca\/index.php\/wp-json\/wp\/v2\/product\/45840","targetHints":{"allow":["GET"]}}],"collection":[{"href":"https:\/\/soydeaqui.ddns.net\/pachuca\/index.php\/wp-json\/wp\/v2\/product"}],"about":[{"href":"https:\/\/soydeaqui.ddns.net\/pachuca\/index.php\/wp-json\/wp\/v2\/types\/product"}],"replies":[{"embeddable":true,"href":"https:\/\/soydeaqui.ddns.net\/pachuca\/index.php\/wp-json\/wp\/v2\/comments?post=45840"}],"wp:featuredmedia":[{"embeddable":true,"href":"https:\/\/soydeaqui.ddns.net\/pachuca\/index.php\/wp-json\/wp\/v2\/media\/45839"}],"wp:attachment":[{"href":"https:\/\/soydeaqui.ddns.net\/pachuca\/index.php\/wp-json\/wp\/v2\/media?parent=45840"}],"wp:term":[{"taxonomy":"product_brand","embeddable":true,"href":"https:\/\/soydeaqui.ddns.net\/pachuca\/index.php\/wp-json\/wp\/v2\/product_brand?post=45840"},{"taxonomy":"product_cat","embeddable":true,"href":"https:\/\/soydeaqui.ddns.net\/pachuca\/index.php\/wp-json\/wp\/v2\/product_cat?post=45840"},{"taxonomy":"product_tag","embeddable":true,"href":"https:\/\/soydeaqui.ddns.net\/pachuca\/index.php\/wp-json\/wp\/v2\/product_tag?post=45840"}],"curies":[{"name":"wp","href":"https:\/\/api.w.org\/{rel}","templated":true}]}}