{"id":45814,"date":"2026-03-18T20:19:32","date_gmt":"2026-03-18T20:19:32","guid":{"rendered":"https:\/\/soydeaqui.ddns.net\/pachuca\/index.php\/producto\/probador-de-tomacorriente-electrico-estandar-o-gfci-con-leds-de-alto-brillo-y-grafico-incluido-para-verificar-rapida-y-facilmente-el-cableado\/"},"modified":"2026-03-18T20:19:49","modified_gmt":"2026-03-18T20:19:49","slug":"probador-de-tomacorriente-electrico-estandar-o-gfci-con-leds-de-alto-brillo-y-grafico-incluido-para-verificar-rapida-y-facilmente-el-cableado","status":"publish","type":"product","link":"https:\/\/soydeaqui.ddns.net\/pachuca\/index.php\/producto\/probador-de-tomacorriente-electrico-estandar-o-gfci-con-leds-de-alto-brillo-y-grafico-incluido-para-verificar-rapida-y-facilmente-el-cableado\/","title":{"rendered":"Probador de Tomacorriente El\u00e9ctrico Est\u00e1ndar o GFCI, Con LEDs de Alto Brillo y Gr\u00e1fico Incluido Para Verificar R\u00e1pida y F\u00e1cilmente el Cableado"},"content":{"rendered":"<div style='width: 100%; max-width: 1200px; margin: 0 auto; font-family: sans-serif; line-height: 1.6; color: inherit; background-color: transparent;'>\n<div style='display: flex; flex-direction: column; align-items: center; margin-bottom: 30px;'> <img style='width: 100%; max-width: 500px; height: auto; border: 1px solid rgba(150&comma;150&comma;150&comma;0.3); border-radius: 8px;' src='https:\/\/www.risoul.com.mx\/hs-fs\/hubfs\/Fluke-Logo.png?width=1557&#038;name=Fluke-Logo.png' alt='Distribuidor productos Fluke'> <\/div>\n<div style='display: flex; flex-wrap: wrap; gap: 30px; margin-bottom: 30px;'>\n<div style='flex: 1 1 300px; min-width: 280px;'>\n<h3 style='font-size: 22px; border-bottom: 2px solid currentColor; padding-bottom: 5px; margin-top: 0; color: inherit; opacity: 0.8;'>Descripci\u00f3n<\/h3>\n<p style='font-size: 15px; color: inherit;'>El comprobador Fluke ST120 GFCI comprueba que los cables de la toma de corriente est\u00e1n conectados correctamente al sistema el\u00e9ctrico del edificio. Mediante los LED de alto brillo y el gr\u00e1fico incluido puede verificar r\u00e1pida y f\u00e1cilmente el cableado de una toma de corriente. Los comprobadores ST120&comma; capaces de identificar diferentes errores comunes de cableado&comma; incluida la inversi\u00f3n de fase y neutro o la conexi\u00f3n abierta de tierra&comma; le proporcionar\u00e1n la m\u00e1xima confianza en su pr\u00f3ximo trabajo.<\/p>\n<\/p><\/div>\n<\/p><\/div>\n<div style='display: flex; flex-wrap: wrap; gap: 30px; margin-bottom: 30px;'>\n<div style='flex: 1 1 300px; min-width: 280px;'>\n<h3 style='font-size: 22px; border-bottom: 2px solid currentColor; padding-bottom: 5px; margin-top: 0; color: inherit; opacity: 0.8;'>Caracter\u00edsticas<\/h3>\n<ul style='padding-left: 20px; font-size: 15px; color: inherit;'>\n<li style='margin-bottom: 5px;'><strong>Comprobaci\u00f3n de GFCI con un solo bot\u00f3n<\/strong><\/li>\n<p style='margin: 10px 0;'>El bot\u00f3n de comprobaci\u00f3n de GFCI incorporado en el comprobador ST120 le permite asegurarse tambi\u00e9n de que el funcionamiento de las tomas de corriente GFCI es correcto. Con una sola pulsaci\u00f3n&comma; el ST120 puede verificar el funcionamiento de una toma de corriente GFCI. Si el GFCI se activa como se espera&comma; perfecto&comma; puede continuar. Si no&comma; es hora de revisarlo con m\u00e1s detalle.<\/p>\n<li style='margin-bottom: 5px;'><strong>Identificaci\u00f3n visual r\u00e1pida de 6 estados de cableado<\/strong><\/li>\n<p style='margin: 10px 0;'>El ST120 dispone de tres indicadores LED brillantes y f\u00e1ciles de ver. De un vistazo podr\u00e1 distinguir uno de los seis supuestos de cableado:<\/p>\n<ul style='padding-left: 20px; margin-top: 10px; margin-bottom: 10px; font-size: 15px; color: inherit;'>\n<li style='margin-bottom: 5px;'>Instalaci\u00f3n correcta<\/li>\n<li style='margin-bottom: 5px;'>Puesta a tierra abierta<\/li>\n<li style='margin-bottom: 5px;'>Neutro abierto<\/li>\n<li style='margin-bottom: 5px;'>Fase abierta<\/li>\n<li style='margin-bottom: 5px;'>Inversi\u00f3n de fase y neutro<\/li>\n<li style='margin-bottom: 5px;'>Inversi\u00f3n de fase y tierra<\/li>\n<\/ul>\n<\/ul><\/div>\n<\/p><\/div>\n<div style='display: flex; flex-wrap: wrap; gap: 20px; margin-bottom: 30px;'>\n<div style='flex: 1 1 250px; border: 1px solid rgba(150&comma; 150&comma; 150&comma; 0.4); border-radius: 8px; overflow: hidden; display: flex; flex-direction: column;'>\n<div style='padding: 15px; border-bottom: 1px solid rgba(150&comma; 150&comma; 150&comma; 0.2); font-weight: bold; font-size: 18px; color: inherit;'>Especificaciones<\/div>\n<div style='padding: 15px; color: inherit;'>\n<ul style='padding-left: 20px; margin: 0; font-size: 14px; list-style-type: disc;'>\n<li style='margin-bottom: 5px;'><strong>Tensi\u00f3n nominal de funcionamiento:<\/strong> 110 &#8211; 125 V CA<\/li>\n<li style='margin-bottom: 5px;'><strong>Potencia:<\/strong> 0&comma;3 W<\/li>\n<li style='margin-bottom: 5px;'><strong>Frecuencia:<\/strong> 50\/60 Hz<\/li>\n<li style='margin-bottom: 5px;'><strong>Prueba de interruptores del circuito de fallos de conexi\u00f3n a tierra:<\/strong> S\u00ed<\/li>\n<li style='margin-bottom: 5px;'><strong>Luces indicadoras:<\/strong> 1 LED rojo y 2 LED verdes<\/li>\n<li style='margin-bottom: 5px;'><strong>Categor\u00eda de seguridad:<\/strong> CAT III 300 V<\/li>\n<li style='margin-bottom: 5px;'><strong>Garant\u00eda:<\/strong> Dos a\u00f1os<\/li>\n<\/ul><\/div>\n<\/p><\/div>\n<\/p><\/div>\n<\/p><\/div>\n","protected":false},"excerpt":{"rendered":"<p>Probador de Tomacorriente El\u00e9ctrico Est\u00e1ndar o GFCI, Con LEDs de Alto Brillo y Gr\u00e1fico Incluido Para Verificar R\u00e1pida y F\u00e1cilmente el Cableado<\/p>\n","protected":false},"featured_media":45813,"comment_status":"open","ping_status":"closed","template":"","meta":[],"product_brand":[],"product_cat":[1140],"product_tag":[1058,393,1141],"class_list":{"0":"post-45814","1":"product","2":"type-product","3":"status-publish","4":"has-post-thumbnail","6":"product_cat-medicion-e-inspeccion-electrica","7":"product_tag-ferreteria","8":"product_tag-fluke","9":"product_tag-medicion-e-inspeccion-electrica","11":"first","12":"outofstock","13":"sale","14":"shipping-taxable","15":"purchasable","16":"product-type-simple"},"_links":{"self":[{"href":"https:\/\/soydeaqui.ddns.net\/pachuca\/index.php\/wp-json\/wp\/v2\/product\/45814","targetHints":{"allow":["GET"]}}],"collection":[{"href":"https:\/\/soydeaqui.ddns.net\/pachuca\/index.php\/wp-json\/wp\/v2\/product"}],"about":[{"href":"https:\/\/soydeaqui.ddns.net\/pachuca\/index.php\/wp-json\/wp\/v2\/types\/product"}],"replies":[{"embeddable":true,"href":"https:\/\/soydeaqui.ddns.net\/pachuca\/index.php\/wp-json\/wp\/v2\/comments?post=45814"}],"wp:featuredmedia":[{"embeddable":true,"href":"https:\/\/soydeaqui.ddns.net\/pachuca\/index.php\/wp-json\/wp\/v2\/media\/45813"}],"wp:attachment":[{"href":"https:\/\/soydeaqui.ddns.net\/pachuca\/index.php\/wp-json\/wp\/v2\/media?parent=45814"}],"wp:term":[{"taxonomy":"product_brand","embeddable":true,"href":"https:\/\/soydeaqui.ddns.net\/pachuca\/index.php\/wp-json\/wp\/v2\/product_brand?post=45814"},{"taxonomy":"product_cat","embeddable":true,"href":"https:\/\/soydeaqui.ddns.net\/pachuca\/index.php\/wp-json\/wp\/v2\/product_cat?post=45814"},{"taxonomy":"product_tag","embeddable":true,"href":"https:\/\/soydeaqui.ddns.net\/pachuca\/index.php\/wp-json\/wp\/v2\/product_tag?post=45814"}],"curies":[{"name":"wp","href":"https:\/\/api.w.org\/{rel}","templated":true}]}}