{"id":45804,"date":"2026-03-18T20:19:11","date_gmt":"2026-03-18T20:19:11","guid":{"rendered":"https:\/\/soydeaqui.ddns.net\/pachuca\/index.php\/producto\/multimetro-digital-de-tamano-compacto-para-medicion-de-corriente-y-tension-uso-con-voltaje-maximo-de-600-v-pantalla-led-retroiluminada\/"},"modified":"2026-03-18T20:19:28","modified_gmt":"2026-03-18T20:19:28","slug":"multimetro-digital-de-tamano-compacto-para-medicion-de-corriente-y-tension-uso-con-voltaje-maximo-de-600-v-pantalla-led-retroiluminada","status":"publish","type":"product","link":"https:\/\/soydeaqui.ddns.net\/pachuca\/index.php\/producto\/multimetro-digital-de-tamano-compacto-para-medicion-de-corriente-y-tension-uso-con-voltaje-maximo-de-600-v-pantalla-led-retroiluminada\/","title":{"rendered":"Mult\u00edmetro Digital de Tama\u00f1o Compacto, Para Medici\u00f3n de Corriente y Tensi\u00f3n, Uso con Voltaje M\u00e1ximo de 600 V, Pantalla LED Retroiluminada"},"content":{"rendered":"<div style='width: 100%; max-width: 1200px; margin: 0 auto; font-family: sans-serif; line-height: 1.6; color: inherit; background-color: transparent;'>\n<div style='display: flex; flex-direction: column; gap: 30px;'>\n<div style='width: 100%;'> <img style='width: 100%; height: auto; border: 1px solid rgba(150&comma;150&comma;150&comma;0.3); border-radius: 8px;' src='https:\/\/www.risoul.com.mx\/hs-fs\/hubfs\/Fluke-Logo.png?width=1557&#038;name=Fluke-Logo.png' alt='Distribuidor productos Fluke'> <\/div>\n<div style='width: 100%;'>\n<p style='font-size: 15px; margin: 0 0 15px 0; color: inherit;'>El Fluke 107 es un mult\u00edmetro digital compacto y f\u00e1cil de usar dise\u00f1ado para adaptarse a su forma de trabajar. Es el instrumento perfecto para la resoluci\u00f3n de problemas a la primera: cabe en el bolsillo o en la bolsa de trabajo y es lo bastante resistente para soportar el uso diario y muy f\u00e1cil de usar. Todo ello sin comprometer la seguridad. Para aplicaciones cotidianas en las que no se necesita precisi\u00f3n de verdadero valor eficaz&comma; el Fluke 107 proporciona medidas fiables en todo momento.<\/p>\n<\/p><\/div>\n<div style='display: flex; flex-wrap: wrap; gap: 30px;'>\n<div style='flex: 1 1 300px; min-width: 280px;'>\n<h3 style='font-size: 22px; border-bottom: 2px solid currentColor; padding-bottom: 5px; margin-top: 0; color: inherit; opacity: 0.8;'>Funciones completas de prueba<\/h3>\n<ul style='padding-left: 20px; font-size: 15px; color: inherit; list-style-type: disc;'>\n<li style='margin-bottom: 5px;'>Medida de tensi\u00f3n CA y CC<\/li>\n<li style='margin-bottom: 5px;'>Medida de corriente CA y CC<\/li>\n<li style='margin-bottom: 5px;'>Medida de resistencia<\/li>\n<li style='margin-bottom: 5px;'>Medida de capacidad<\/li>\n<li style='margin-bottom: 5px;'>Medidas en diodos<\/li>\n<li style='margin-bottom: 5px;'>Prueba de frecuencia y ciclo de trabajo y otras funciones para efectuar satisfactoriamente las aplicaciones b\u00e1sicas de mantenimiento el\u00e9ctrico&comma; medidas el\u00e9ctricas y electr\u00f3nicas<\/li>\n<\/ul><\/div>\n<div style='flex: 1 1 300px; min-width: 280px;'>\n<h3 style='font-size: 22px; border-bottom: 2px solid currentColor; padding-bottom: 5px; margin-top: 0; color: inherit; opacity: 0.8;'>Ergonom\u00eda y resistencia<\/h3>\n<ul style='padding-left: 20px; font-size: 15px; color: inherit; list-style-type: disc;'>\n<li style='margin-bottom: 5px;'>Tiene un agarre c\u00f3modo&comma; solo pesa 200 g y es f\u00e1cil de transportar<\/li>\n<li style='margin-bottom: 5px;'>Carcasa resistente&comma; sometido a pruebas de ca\u00edda desde 1 m<\/li>\n<\/ul><\/div>\n<\/p><\/div>\n<div style='display: flex; flex-wrap: wrap; gap: 30px;'>\n<div style='flex: 1 1 300px; min-width: 280px;'>\n<h3 style='font-size: 22px; border-bottom: 2px solid currentColor; padding-bottom: 5px; margin-top: 0; color: inherit; opacity: 0.8;'>Caracter\u00edsticas t\u00e9cnicas<\/h3>\n<ul style='padding-left: 20px; font-size: 15px; color: inherit; list-style-type: disc;'>\n<li style='margin-bottom: 5px;'>Prueba de rango autom\u00e1tico de par\u00e1metros completos&comma; que resulta c\u00f3moda y r\u00e1pida de probar; al mismo tiempo&comma; reduce el n\u00famero de rotaciones de la l\u00e1mina de onda y prolonga la vida \u00fatil del instrumento.<\/li>\n<li style='margin-bottom: 5px;'>Pantalla LCD retroiluminada de gran tama\u00f1o de 6000 cuentas<\/li>\n<li style='margin-bottom: 5px;'>Alimentaci\u00f3n por bater\u00eda&comma; modo de ahorro de energ\u00eda autom\u00e1tico<\/li>\n<li style='margin-bottom: 5px;'>La funci\u00f3n de retenci\u00f3n de datos facilita la lectura de los resultados de las medidas<\/li>\n<li style='margin-bottom: 5px;'>Incluye correa magn\u00e9tica inteligente multiuso SmartStrap\u2122<\/li>\n<li style='margin-bottom: 5px;'><strong>Incluye puntas de prueba&comma; manual y 2 baterias AAA<\/strong><\/li>\n<\/ul><\/div>\n<div style='flex: 1 1 300px; min-width: 280px;'>\n<h3 style='font-size: 22px; border-bottom: 2px solid currentColor; padding-bottom: 5px; margin-top: 0; color: inherit; opacity: 0.8;'>Caracter\u00edsticas de seguridad<\/h3>\n<ul style='padding-left: 20px; font-size: 15px; color: inherit; list-style-type: disc;'>\n<li style='margin-bottom: 5px;'>Cumple la norma de protecci\u00f3n frente a sobretensi\u00f3n IEC61010-1 CAT III 600 V<\/li>\n<\/ul>\n<h3 style='font-size: 20px; margin-top: 25px; margin-bottom: 15px; color: inherit;'>Suministro est\u00e1ndar<\/h3>\n<ul style='padding-left: 20px; font-size: 15px; color: inherit; list-style-type: disc;'>\n<li style='margin-bottom: 5px;'>Un par de sondas de prueba (roja&comma; negra) de c\u00f3modo agarre<\/li>\n<li style='margin-bottom: 5px;'>Cables de prueba de PVC aislados de 1&comma;22 m (48&#8242;) con conectores cubiertos tipo banana en \u00e1ngulo recto<\/li>\n<li style='margin-bottom: 5px;'>Recomendado para medidas en general<\/li>\n<li style='margin-bottom: 5px;'>Categor\u00eda de seguridad CAT II 1000 V&comma; 10 A<\/li>\n<li style='margin-bottom: 5px;'>CAT IV 600 V&comma; CAT III 1.000 V solo con tapa protectora<\/li>\n<\/ul><\/div>\n<\/p><\/div>\n<\/p><\/div>\n<\/p><\/div>\n","protected":false},"excerpt":{"rendered":"<p>Mult\u00edmetro Digital de Tama\u00f1o Compacto, Para Medici\u00f3n de Corriente y Tensi\u00f3n, Uso con Voltaje M\u00e1ximo de 600 V, Pantalla LED Retroiluminada<\/p>\n","protected":false},"featured_media":45803,"comment_status":"open","ping_status":"closed","template":"","meta":[],"product_brand":[],"product_cat":[130],"product_tag":[393,25,131],"class_list":{"0":"post-45804","1":"product","2":"type-product","3":"status-publish","4":"has-post-thumbnail","6":"product_cat-herramientas-electricas","7":"product_tag-fluke","8":"product_tag-herramientas","9":"product_tag-herramientas-electricas","11":"first","12":"instock","13":"sale","14":"shipping-taxable","15":"purchasable","16":"product-type-simple"},"_links":{"self":[{"href":"https:\/\/soydeaqui.ddns.net\/pachuca\/index.php\/wp-json\/wp\/v2\/product\/45804","targetHints":{"allow":["GET"]}}],"collection":[{"href":"https:\/\/soydeaqui.ddns.net\/pachuca\/index.php\/wp-json\/wp\/v2\/product"}],"about":[{"href":"https:\/\/soydeaqui.ddns.net\/pachuca\/index.php\/wp-json\/wp\/v2\/types\/product"}],"replies":[{"embeddable":true,"href":"https:\/\/soydeaqui.ddns.net\/pachuca\/index.php\/wp-json\/wp\/v2\/comments?post=45804"}],"wp:featuredmedia":[{"embeddable":true,"href":"https:\/\/soydeaqui.ddns.net\/pachuca\/index.php\/wp-json\/wp\/v2\/media\/45803"}],"wp:attachment":[{"href":"https:\/\/soydeaqui.ddns.net\/pachuca\/index.php\/wp-json\/wp\/v2\/media?parent=45804"}],"wp:term":[{"taxonomy":"product_brand","embeddable":true,"href":"https:\/\/soydeaqui.ddns.net\/pachuca\/index.php\/wp-json\/wp\/v2\/product_brand?post=45804"},{"taxonomy":"product_cat","embeddable":true,"href":"https:\/\/soydeaqui.ddns.net\/pachuca\/index.php\/wp-json\/wp\/v2\/product_cat?post=45804"},{"taxonomy":"product_tag","embeddable":true,"href":"https:\/\/soydeaqui.ddns.net\/pachuca\/index.php\/wp-json\/wp\/v2\/product_tag?post=45804"}],"curies":[{"name":"wp","href":"https:\/\/api.w.org\/{rel}","templated":true}]}}