{"id":45793,"date":"2026-03-18T20:18:52","date_gmt":"2026-03-18T20:18:52","guid":{"rendered":"https:\/\/soydeaqui.ddns.net\/pachuca\/index.php\/producto\/medidor-de-distancia-laser-100m-330ft-max\/"},"modified":"2026-03-18T20:18:57","modified_gmt":"2026-03-18T20:18:57","slug":"medidor-de-distancia-laser-100m-330ft-max","status":"publish","type":"product","link":"https:\/\/soydeaqui.ddns.net\/pachuca\/index.php\/producto\/medidor-de-distancia-laser-100m-330ft-max\/","title":{"rendered":"MEDIDOR DE DISTANCIA LASER &#8211; 100M\/330FT MAX"},"content":{"rendered":"<div style='width: 100%; max-width: 1200px; margin: 0 auto; font-family: sans-serif; line-height: 1.6; color: inherit; background-color: transparent;'>\n<div style='display: flex; flex-direction: column; gap: 30px;'>\n<div>\n<h2 style='font-size: 22px; margin: 0 0 15px 0; color: inherit; border-bottom: 2px solid currentColor; padding-bottom: 5px; opacity: 0.8;'>Descripci\u00f3n general<\/h2>\n<p style='font-size: 15px; margin: 0 0 15px 0; color: inherit;'>El 424D de Fluke es nuestro medidor l\u00e1ser de distancia m\u00e1s sofisticado&comma; que incluye distintas funciones que le permiten ahorrar m\u00e1s tiempo en m\u00e1s situaciones. Ampl\u00eda el alcance de medici\u00f3n a 100 metros (330 ft). Ofrece una pantalla m\u00e1s grande de 4 l\u00edneas&comma; una br\u00fajula incorporada y un sensor de inclinaci\u00f3n de 180\u00ba para nivelaciones y monitoreo de altura.<\/p>\n<\/p><\/div>\n<div>\n<h2 style='font-size: 22px; margin: 0 0 15px 0; color: inherit; border-bottom: 2px solid currentColor; padding-bottom: 5px; opacity: 0.8;'>Especificaciones<\/h2>\n<div style='display: flex; flex-wrap: wrap; gap: 20px; margin-top: 20px;'>\n<div style='flex: 1 1 250px; min-width: 280px; border: 1px solid rgba(150&comma; 150&comma; 150&comma; 0.4); border-radius: 8px; overflow: hidden;'>\n<div style='padding: 15px; border-bottom: 1px solid rgba(150&comma; 150&comma; 150&comma; 0.2); font-weight: bold; font-size: 18px; color: inherit;'>Medici\u00f3n de distancias<\/div>\n<div style='padding: 15px; color: inherit;'>\n<ul style='padding-left: 20px; margin: 0; font-size: 14px; list-style-type: disc;'>\n<li style='margin-bottom: 5px;'><strong>Tolerancia t\u00edpica de medici\u00f3n:<\/strong> \u00b11.0 mm\u00b3<\/li>\n<li style='margin-bottom: 5px;'><strong>Tolerancia m\u00e1xima de medici\u00f3n:<\/strong> \u00b12.0 mm\u00b3<\/li>\n<li style='margin-bottom: 5px;'><strong>Alcance en la placa de objetivo Leica GZM26:<\/strong> 100 m \/ 330 ft<\/li>\n<li style='margin-bottom: 5px;'><strong>Alcance t\u00edpico:<\/strong> 80 m \/ 260 ft<\/li>\n<li style='margin-bottom: 5px;'><strong>Alcance en condiciones desfavorables:<\/strong> 60 m \/ 195 ft<\/li>\n<li style='margin-bottom: 5px;'><strong>Unidad m\u00e1s peque\u00f1a mostrada:<\/strong> 6 \/ 30 \/ 60 mm (10 \/ 50 \/ 100 m)<\/li>\n<li style='margin-bottom: 5px;'><strong>\u00d8 del punto l\u00e1ser a distancias:<\/strong> 6 \/ 30 \/ 60 mm (10 \/ 50 \/ 100 m)<\/li>\n<\/ul><\/div>\n<\/p><\/div>\n<div style='flex: 1 1 250px; min-width: 280px; border: 1px solid rgba(150&comma; 150&comma; 150&comma; 0.4); border-radius: 8px; overflow: hidden;'>\n<div style='padding: 15px; border-bottom: 1px solid rgba(150&comma; 150&comma; 150&comma; 0.2); font-weight: bold; font-size: 18px; color: inherit;'>Medici\u00f3n de inclinaci\u00f3n<\/div>\n<div style='padding: 15px; color: inherit;'>\n<ul style='padding-left: 20px; margin: 0; font-size: 14px; list-style-type: disc;'>\n<li style='margin-bottom: 5px;'><strong>Tolerancia de medici\u00f3n al haz de l\u00e1ser:<\/strong> \u00b10.2 \u00b0<\/li>\n<li style='margin-bottom: 5px;'><strong>Tolerancia de medici\u00f3n a la carcasa:<\/strong> \u00b10.2 \u00b0<\/li>\n<li style='margin-bottom: 5px;'><strong>Rango:<\/strong> 360 \u00b0<\/li>\n<\/ul><\/div>\n<\/p><\/div>\n<div style='flex: 1 1 250px; min-width: 280px; border: 1px solid rgba(150&comma; 150&comma; 150&comma; 0.4); border-radius: 8px; overflow: hidden;'>\n<div style='padding: 15px; border-bottom: 1px solid rgba(150&comma; 150&comma; 150&comma; 0.2); font-weight: bold; font-size: 18px; color: inherit;'>General<\/div>\n<div style='padding: 15px; color: inherit;'>\n<ul style='padding-left: 20px; margin: 0; font-size: 14px; list-style-type: disc;'>\n<li style='margin-bottom: 5px;'><strong>Clase de l\u00e1ser:<\/strong> 2<\/li>\n<li style='margin-bottom: 5px;'><strong>Tipo de l\u00e1ser:<\/strong> 635 nm&comma; < 1 mW<\/li>\n<li style='margin-bottom: 5px;'><strong>Clase de protecci\u00f3n:<\/strong> IP54<\/li>\n<li style='margin-bottom: 5px;'><strong>Apagado autom\u00e1tico del l\u00e1ser:<\/strong> Despu\u00e9s de 90 segundos<\/li>\n<li style='margin-bottom: 5px;'><strong>Apagado autom\u00e1tico:<\/strong> Despu\u00e9s de 180 segundos<\/li>\n<li style='margin-bottom: 5px;'><strong>Duraci\u00f3n de la bater\u00eda (2 x AAA) 1.5 V NEDA 24A\/IEC LR03:<\/strong> Hasta 5&comma;000 medidas<\/li>\n<li style='margin-bottom: 5px;'><strong>Tama\u00f1o (long. x anch. x prof.):<\/strong> 127 x 56 x 33 mm<\/li>\n<li style='margin-bottom: 5px;'><strong>Peso (con bater\u00edas):<\/strong> 158 g<\/li>\n<li style='margin-bottom: 5px;'><strong>Rango de temperatura:<\/strong><br \/>Almacenamiento: -25 \u00b0C a +70 \u00b0C (-13 \u00b0F a +158 \u00b0F)<br \/>Funcionamiento: -10 \u00b0C a +50 \u00b0C (14 \u00b0F a +122 \u00b0F)<\/li>\n<li style='margin-bottom: 5px;'><strong>Ciclo de calibraci\u00f3n:<\/strong> Inclinaci\u00f3n y br\u00fajula<\/li>\n<li style='margin-bottom: 5px;'><strong>Altitud m\u00e1xima:<\/strong> 3000 m<\/li>\n<li style='margin-bottom: 5px;'><strong>Humedad relativa m\u00e1xima:<\/strong> 85 % de 20 \u00b0F a 120 \u00b0F (-7 \u00b0C a 50 \u00b0C)<\/li>\n<li style='margin-bottom: 5px;'><strong>Seguridad:<\/strong><br \/>Norma IEC. 61010-1:2001<br \/>EN60825-1:2007 (Clase II)<\/li>\n<li style='margin-bottom: 5px;'><strong>EMC:<\/strong><br \/>EN 55022:2010<br \/>EN 61000-4-3:2010<br \/>EN 61000-4-8:2010<\/li>\n<\/ul><\/div>\n<\/p><\/div>\n<\/p><\/div>\n<\/p><\/div>\n<\/p><\/div>\n<div style='margin-top: 30px; font-size: 14px; color: inherit; opacity: 0.8;'>\n<p style='margin: 0 0 8px 0;'><sup>1<\/sup> Se aplica para un objetivo con coeficiente de reflexi\u00f3n del 100 % (pared pintada de blanco)&comma; baja iluminaci\u00f3n de fondo y 25 \u00b0C.<\/p>\n<p style='margin: 0 0 8px 0;'><sup>2<\/sup> Se aplica para un objetivo con coeficiente de reflexi\u00f3n del 10 % al 500 %&comma; alta iluminaci\u00f3n de fondo y -10 \u00b0C a 50 \u00b0C.<\/p>\n<p style='margin: 0 0 8px 0;'><sup>3<\/sup> Las tolerancias se aplican de 0.05 m a 10 m con un nivel de confianza del 95 %. La tolerancia m\u00e1xima puede deteriorarse a 0.1 mm\/m entre 10 m a 30 m y a 0.15 mm\/m para distancias de m\u00e1s de 30 m.<\/p>\n<p style='margin: 0 0 8px 0;'><sup>4<\/sup> Se aplica para un objetivo con coeficiente de reflexi\u00f3n del 100 % e iluminaci\u00f3n de fondo entre 10&comma;000 lux y 30&comma;000 lux.<\/p>\n<p style='margin: 0;'><sup>5<\/sup> Despu\u00e9s de la calibraci\u00f3n por parte del usuario. Desviaci\u00f3n de \u00e1ngulo adicional de \u00b1 0.01 \u00b0 por grado&comma; hasta \u00b1 45 \u00b0 en cada cuadrante. Se aplica a temperatura ambiente. Para todo rango de temperatura de trabajo&comma; el desv\u00edo m\u00e1ximo aumenta en \u00b1 0.1 \u00b0.<\/p>\n<\/p><\/div>\n<\/p><\/div>\n","protected":false},"excerpt":{"rendered":"<p>MEDIDOR DE DISTANCIA LASER &#8211; 100M\/330FT MAX<\/p>\n","protected":false},"featured_media":45792,"comment_status":"open","ping_status":"closed","template":"","meta":[],"product_brand":[],"product_cat":[1122],"product_tag":[1066,1123,393],"class_list":{"0":"post-45793","1":"product","2":"type-product","3":"status-publish","4":"has-post-thumbnail","6":"product_cat-cableado-electrico","7":"product_tag-area-electrica","8":"product_tag-cableado-electrico","9":"product_tag-fluke","11":"first","12":"outofstock","13":"sale","14":"shipping-taxable","15":"purchasable","16":"product-type-simple"},"_links":{"self":[{"href":"https:\/\/soydeaqui.ddns.net\/pachuca\/index.php\/wp-json\/wp\/v2\/product\/45793","targetHints":{"allow":["GET"]}}],"collection":[{"href":"https:\/\/soydeaqui.ddns.net\/pachuca\/index.php\/wp-json\/wp\/v2\/product"}],"about":[{"href":"https:\/\/soydeaqui.ddns.net\/pachuca\/index.php\/wp-json\/wp\/v2\/types\/product"}],"replies":[{"embeddable":true,"href":"https:\/\/soydeaqui.ddns.net\/pachuca\/index.php\/wp-json\/wp\/v2\/comments?post=45793"}],"wp:featuredmedia":[{"embeddable":true,"href":"https:\/\/soydeaqui.ddns.net\/pachuca\/index.php\/wp-json\/wp\/v2\/media\/45792"}],"wp:attachment":[{"href":"https:\/\/soydeaqui.ddns.net\/pachuca\/index.php\/wp-json\/wp\/v2\/media?parent=45793"}],"wp:term":[{"taxonomy":"product_brand","embeddable":true,"href":"https:\/\/soydeaqui.ddns.net\/pachuca\/index.php\/wp-json\/wp\/v2\/product_brand?post=45793"},{"taxonomy":"product_cat","embeddable":true,"href":"https:\/\/soydeaqui.ddns.net\/pachuca\/index.php\/wp-json\/wp\/v2\/product_cat?post=45793"},{"taxonomy":"product_tag","embeddable":true,"href":"https:\/\/soydeaqui.ddns.net\/pachuca\/index.php\/wp-json\/wp\/v2\/product_tag?post=45793"}],"curies":[{"name":"wp","href":"https:\/\/api.w.org\/{rel}","templated":true}]}}