{"id":45785,"date":"2026-03-18T20:18:40","date_gmt":"2026-03-18T20:18:40","guid":{"rendered":"https:\/\/soydeaqui.ddns.net\/pachuca\/index.php\/producto\/pinza-amperimetrica-de-verdadero-valor-eficaz-de-2000-a-ca-cat-iv-600-v-cat-iii-1000-v\/"},"modified":"2026-03-18T20:18:44","modified_gmt":"2026-03-18T20:18:44","slug":"pinza-amperimetrica-de-verdadero-valor-eficaz-de-2000-a-ca-cat-iv-600-v-cat-iii-1000-v","status":"publish","type":"product","link":"https:\/\/soydeaqui.ddns.net\/pachuca\/index.php\/producto\/pinza-amperimetrica-de-verdadero-valor-eficaz-de-2000-a-ca-cat-iv-600-v-cat-iii-1000-v\/","title":{"rendered":"Pinza Amperim\u00e9trica de Verdadero Valor Eficaz de 2000 A CA. CAT IV 600 V, CAT III 1000 V"},"content":{"rendered":"<div style='width: 100%; max-width: 1200px; margin: 0 auto; font-family: sans-serif; line-height: 1.6; color: inherit; background-color: transparent;'>\n<div style='display: flex; flex-wrap: wrap; gap: 30px; margin-bottom: 30px;'>\n<div style='flex: 1 1 300px; min-width: 280px;'>\n<h3 style='font-size: 22px; border-bottom: 2px solid currentColor; padding-bottom: 5px; margin-top: 0; color: inherit; opacity: 0.8;'>Caracter\u00edsticas principales<\/h3>\n<ul style='padding-left: 20px; font-size: 15px; color: inherit;'>\n<li style='margin-bottom: 5px;'>Maneje con confianza una amplia gama de aplicaciones de corriente elevada con verdadero valor eficaz de 2000 A CA + CC&comma; 1400 A CA y 2000 A CC<\/li>\n<li style='margin-bottom: 5px;'>Gran capacidad de mordaza de 58 mm (2&comma;3 pulg.)&comma; adecuada para conductores m\u00faltiples o grandes<\/li>\n<li style='margin-bottom: 5px;'>Clasificaci\u00f3n CAT IV 600 V&comma; CAT III 1000 V que ofrece una mayor protecci\u00f3n al usuario<\/li>\n<li style='margin-bottom: 5px;'>Medida de corriente de arranque (in-rush) para capturar sobrecorrientes de &#8216;activaci\u00f3n&#8217; con precisi\u00f3n y repetibilidad<\/li>\n<li style='margin-bottom: 5px;'>Medidas de alta tensi\u00f3n de verdadero valor eficaz de 1000 V CA + CC&comma; 600 V CA y 1000 V CC que permiten al usuario realizar diversas pruebas con solo una herramienta<\/li>\n<li style='margin-bottom: 5px;'>Resistencia a 400 K-ohmios unida a una se\u00f1al ac\u00fastica de continuidad que ofrece la comodidad de un mult\u00edmetro en unas pinzas amperim\u00e9tricas<\/li>\n<li style='margin-bottom: 5px;'>Medida precisa de la frecuencia hasta 1 kHz para una \u00f3ptima detecci\u00f3n y resoluci\u00f3n de problemas<\/li>\n<li style='margin-bottom: 5px;'>R\u00e1pido an\u00e1lisis de las lecturas con las funciones de m\u00ednimo&comma; m\u00e1ximo y promedio<\/li>\n<li style='margin-bottom: 5px;'>Una gran pantalla con luz de fondo que facilita la visibilidad en \u00e1reas con poca iluminaci\u00f3n<\/li>\n<li style='margin-bottom: 5px;'>Utiliza la funci\u00f3n de retenci\u00f3n de lectura para capturar lecturas incluso cuando no se puede visualizar la pantalla<\/li>\n<li style='margin-bottom: 5px;'>Utiliza el filtro de paso bajo para suavizar cargas ruidosas y estabilizar lecturas<\/li>\n<\/ul><\/div>\n<\/p><\/div>\n<div style='display: flex; flex-wrap: wrap; gap: 20px; margin-bottom: 30px;'>\n<div style='flex: 1 1 250px; border: 1px solid rgba(150&comma; 150&comma; 150&comma; 0.4); border-radius: 8px; overflow: hidden; display: flex; flex-direction: column;'>\n<div style='padding: 15px; border-bottom: 1px solid rgba(150&comma; 150&comma; 150&comma; 0.2); font-weight: bold; font-size: 18px; color: inherit;'>Incluye<\/div>\n<div style='padding: 15px; color: inherit;'>\n<ul style='padding-left: 20px; margin: 0; font-size: 14px; list-style-type: disc;'>\n<li style='margin-bottom: 5px;'>C43 Estuche Suave de Protecci\u00f3n<\/li>\n<li style='margin-bottom: 5px;'>6 AA Bater\u00edas<\/li>\n<li style='margin-bottom: 5px;'>TL224 1.5 m Juego de Cables de Prueba de Silic\u00f3n<\/li>\n<li style='margin-bottom: 5px;'>TP2 Puntas Extrafinas de Prueba<\/li>\n<li style='margin-bottom: 5px;'>AC285 Terminales tipo Ca\u00edman<\/li>\n<li style='margin-bottom: 5px;'>Manual de Usuario<\/li>\n<\/ul><\/div>\n<\/p><\/div>\n<\/p><\/div>\n<div style='display: flex; flex-wrap: wrap; gap: 20px; margin-bottom: 30px; justify-content: center;'>\n<div style='flex: 1 1 300px; max-width: 800px;'> <img style='width: 100%; height: auto; border: 1px solid rgba(150&comma;150&comma;150&comma;0.3); border-radius: 8px;' src='https:\/\/ftp3.syscom.mx\/usuarios\/fotos\/FLUKE355\/203041-f-355-02a-1500x1000.png' alt=''> <\/div>\n<\/p><\/div>\n<hr style='border: 0; border-top: 1px solid rgba(150&comma; 150&comma; 150&comma; 0.3); margin: 30px 0;'> <\/div>\n","protected":false},"excerpt":{"rendered":"<p>Pinza Amperim\u00e9trica de Verdadero Valor Eficaz de 2000 A CA. CAT IV 600 V, CAT III 1000 V<\/p>\n","protected":false},"featured_media":45784,"comment_status":"open","ping_status":"closed","template":"","meta":[],"product_brand":[],"product_cat":[1140],"product_tag":[1058,393,1141],"class_list":{"0":"post-45785","1":"product","2":"type-product","3":"status-publish","4":"has-post-thumbnail","6":"product_cat-medicion-e-inspeccion-electrica","7":"product_tag-ferreteria","8":"product_tag-fluke","9":"product_tag-medicion-e-inspeccion-electrica","11":"first","12":"outofstock","13":"sale","14":"shipping-taxable","15":"purchasable","16":"product-type-simple"},"_links":{"self":[{"href":"https:\/\/soydeaqui.ddns.net\/pachuca\/index.php\/wp-json\/wp\/v2\/product\/45785","targetHints":{"allow":["GET"]}}],"collection":[{"href":"https:\/\/soydeaqui.ddns.net\/pachuca\/index.php\/wp-json\/wp\/v2\/product"}],"about":[{"href":"https:\/\/soydeaqui.ddns.net\/pachuca\/index.php\/wp-json\/wp\/v2\/types\/product"}],"replies":[{"embeddable":true,"href":"https:\/\/soydeaqui.ddns.net\/pachuca\/index.php\/wp-json\/wp\/v2\/comments?post=45785"}],"wp:featuredmedia":[{"embeddable":true,"href":"https:\/\/soydeaqui.ddns.net\/pachuca\/index.php\/wp-json\/wp\/v2\/media\/45784"}],"wp:attachment":[{"href":"https:\/\/soydeaqui.ddns.net\/pachuca\/index.php\/wp-json\/wp\/v2\/media?parent=45785"}],"wp:term":[{"taxonomy":"product_brand","embeddable":true,"href":"https:\/\/soydeaqui.ddns.net\/pachuca\/index.php\/wp-json\/wp\/v2\/product_brand?post=45785"},{"taxonomy":"product_cat","embeddable":true,"href":"https:\/\/soydeaqui.ddns.net\/pachuca\/index.php\/wp-json\/wp\/v2\/product_cat?post=45785"},{"taxonomy":"product_tag","embeddable":true,"href":"https:\/\/soydeaqui.ddns.net\/pachuca\/index.php\/wp-json\/wp\/v2\/product_tag?post=45785"}],"curies":[{"name":"wp","href":"https:\/\/api.w.org\/{rel}","templated":true}]}}