{"id":45783,"date":"2026-03-18T20:18:37","date_gmt":"2026-03-18T20:18:37","guid":{"rendered":"https:\/\/soydeaqui.ddns.net\/pachuca\/index.php\/producto\/amperimetro-de-gancho-600a-trms-ca-medicion-con-puntas-de-prueba-de-tension-ca-cc-capacitancia-continuidad-y-resistencia\/"},"modified":"2026-03-18T20:18:38","modified_gmt":"2026-03-18T20:18:38","slug":"amperimetro-de-gancho-600a-trms-ca-medicion-con-puntas-de-prueba-de-tension-ca-cc-capacitancia-continuidad-y-resistencia","status":"publish","type":"product","link":"https:\/\/soydeaqui.ddns.net\/pachuca\/index.php\/producto\/amperimetro-de-gancho-600a-trms-ca-medicion-con-puntas-de-prueba-de-tension-ca-cc-capacitancia-continuidad-y-resistencia\/","title":{"rendered":"Amper\u00edmetro de Gancho 600A TRMS CA. Medici\u00f3n con Puntas de Prueba de Tensi\u00f3n CA\/CC, Capacitancia, Continuidad y Resistencia."},"content":{"rendered":"<div style='width: 100%; max-width: 1200px; margin: 0 auto; font-family: sans-serif; line-height: 1.6; color: inherit; background-color: transparent;'>\n<div style='display: flex; flex-wrap: wrap; gap: 30px; margin-bottom: 30px;'>\n<div style='flex: 1 1 300px; min-width: 280px;'> <img style='width: 100%; height: auto; border: 1px solid rgba(150&comma;150&comma;150&comma;0.3); border-radius: 8px;' src='https:\/\/www.risoul.com.mx\/hs-fs\/hubfs\/Fluke-Logo.png?width=1557&#038;name=Fluke-Logo.png' alt='Distribuidor productos Fluke'> <\/div>\n<\/p><\/div>\n<div style='display: flex; flex-wrap: wrap; gap: 30px; margin-bottom: 30px;'>\n<div style='flex: 1 1 300px; min-width: 280px;'>\n<h3 style='font-size: 22px; border-bottom: 2px solid currentColor; padding-bottom: 5px; margin-top: 0; color: inherit; opacity: 0.8;'>Descripci\u00f3n<\/h3>\n<p style='font-size: 15px; color: inherit;'>La pinza amperim\u00e9trica Fluke 373 ofrece un rendimiento mejorado perfecto para cualquier situaci\u00f3n en la que \u00fanicamente hay que medir la corriente CA. Ofrece medidas de voltaje y corriente de CA de verdadero valor eficaz y medida de resistencia de hasta 6000 ? con detecci\u00f3n de continuidad. La pinza Fluke 373 le proporciona incluso m\u00e1s de lo que necesita.<\/p>\n<\/p><\/div>\n<\/p><\/div>\n<div style='display: flex; flex-wrap: wrap; gap: 30px; margin-bottom: 30px;'>\n<div style='flex: 1 1 300px; min-width: 280px;'>\n<h3 style='font-size: 22px; border-bottom: 2px solid currentColor; padding-bottom: 5px; margin-top: 0; color: inherit; opacity: 0.8;'>Incluye<\/h3>\n<ul style='padding-left: 20px; font-size: 15px; color: inherit;'>\n<li style='margin-bottom: 5px;'>Estuche<\/li>\n<li style='margin-bottom: 5px;'>TL75 Juego de cables de prueba de punta dura<\/li>\n<li style='margin-bottom: 5px;'>5 bater\u00edas alcalinas AA<\/li>\n<\/ul><\/div>\n<\/p><\/div>\n<div style='display: flex; flex-wrap: wrap; gap: 20px; margin-bottom: 30px;'>\n<div style='flex: 1 1 250px; border: 1px solid rgba(150&comma; 150&comma; 150&comma; 0.4); border-radius: 8px; overflow: hidden; display: flex; flex-direction: column;'>\n<div style='padding: 15px; border-bottom: 1px solid rgba(150&comma; 150&comma; 150&comma; 0.2); font-weight: bold; font-size: 18px; color: inherit;'>Corriente CA<\/div>\n<div style='padding: 15px; color: inherit;'>\n<ul style='padding-left: 20px; margin: 0; font-size: 14px; list-style-type: disc;'>\n<li style='margin-bottom: 5px;'><strong>Rango:<\/strong> 600&comma;0 A<\/li>\n<li style='margin-bottom: 5px;'><strong>Resoluci\u00f3n:<\/strong> 0&comma;1 A<\/li>\n<li style='margin-bottom: 5px;'><strong>Exactitud:<\/strong> 2 % \u00b1 5 d\u00edgitos (48 a 62 Hz)<\/li>\n<li style='margin-bottom: 5px;'><strong>Factor de cresta (50\/60 Hz):<\/strong> 2&comma;5 a 600 A<\/li>\n<\/ul><\/div>\n<\/p><\/div>\n<div style='flex: 1 1 250px; border: 1px solid rgba(150&comma; 150&comma; 150&comma; 0.4); border-radius: 8px; overflow: hidden; display: flex; flex-direction: column;'>\n<div style='padding: 15px; border-bottom: 1px solid rgba(150&comma; 150&comma; 150&comma; 0.2); font-weight: bold; font-size: 18px; color: inherit;'>Tensi\u00f3n CA<\/div>\n<div style='padding: 15px; color: inherit;'>\n<ul style='padding-left: 20px; margin: 0; font-size: 14px; list-style-type: disc;'>\n<li style='margin-bottom: 5px;'><strong>Rango:<\/strong> 600&comma;0 V<\/li>\n<li style='margin-bottom: 5px;'><strong>Resoluci\u00f3n:<\/strong> 0&comma;1 V<\/li>\n<li style='margin-bottom: 5px;'><strong>Precisi\u00f3n:<\/strong> 1&comma;0 % \u00b1 5 d\u00edgitos (48 a 62 Hz)<\/li>\n<\/ul><\/div>\n<\/p><\/div>\n<div style='flex: 1 1 250px; border: 1px solid rgba(150&comma; 150&comma; 150&comma; 0.4); border-radius: 8px; overflow: hidden; display: flex; flex-direction: column;'>\n<div style='padding: 15px; border-bottom: 1px solid rgba(150&comma; 150&comma; 150&comma; 0.2); font-weight: bold; font-size: 18px; color: inherit;'>Tensi\u00f3n CC<\/div>\n<div style='padding: 15px; color: inherit;'>\n<ul style='padding-left: 20px; margin: 0; font-size: 14px; list-style-type: disc;'>\n<li style='margin-bottom: 5px;'><strong>Rango:<\/strong> 600&comma;0 V<\/li>\n<li style='margin-bottom: 5px;'><strong>Resoluci\u00f3n:<\/strong> 0&comma;1 V<\/li>\n<li style='margin-bottom: 5px;'><strong>Exactitud:<\/strong> 1 % \u00b1 5 d\u00edgitos<\/li>\n<\/ul><\/div>\n<\/p><\/div>\n<div style='flex: 1 1 250px; border: 1px solid rgba(150&comma; 150&comma; 150&comma; 0.4); border-radius: 8px; overflow: hidden; display: flex; flex-direction: column;'>\n<div style='padding: 15px; border-bottom: 1px solid rgba(150&comma; 150&comma; 150&comma; 0.2); font-weight: bold; font-size: 18px; color: inherit;'>Resistencia<\/div>\n<div style='padding: 15px; color: inherit;'>\n<ul style='padding-left: 20px; margin: 0; font-size: 14px; list-style-type: disc;'>\n<li style='margin-bottom: 5px;'><strong>Rango:<\/strong> 600&comma;0 \u03a9\/6000 \u03a9<\/li>\n<li style='margin-bottom: 5px;'><strong>Resoluci\u00f3n:<\/strong> 0&comma;1 \u03a9\/1 \u03a9<\/li>\n<li style='margin-bottom: 5px;'><strong>Exactitud:<\/strong> 1 % \u00b1 5 d\u00edgitos<\/li>\n<li style='margin-bottom: 5px;'><strong>Se\u00f1al ac\u00fastica de continuidad:<\/strong> 30 \u03a9<\/li>\n<\/ul><\/div>\n<\/p><\/div>\n<div style='flex: 1 1 250px; border: 1px solid rgba(150&comma; 150&comma; 150&comma; 0.4); border-radius: 8px; overflow: hidden; display: flex; flex-direction: column;'>\n<div style='padding: 15px; border-bottom: 1px solid rgba(150&comma; 150&comma; 150&comma; 0.2); font-weight: bold; font-size: 18px; color: inherit;'>Capacidad<\/div>\n<div style='padding: 15px; color: inherit;'>\n<ul style='padding-left: 20px; margin: 0; font-size: 14px; list-style-type: disc;'>\n<li style='margin-bottom: 5px;'><strong>Rango:<\/strong> 10&comma;0 a 100&comma;0 \u03bcF\/1.000 \u03bcF<\/li>\n<li style='margin-bottom: 5px;'><strong>Resoluci\u00f3n:<\/strong> 0&comma;1 \u03bcF \/ 1 \u03bcF<\/li>\n<li style='margin-bottom: 5px;'><strong>Exactitud:<\/strong> 1&comma;9 % \u00b1 2 d\u00edgitos<\/li>\n<\/ul><\/div>\n<\/p><\/div>\n<div style='flex: 1 1 250px; border: 1px solid rgba(150&comma; 150&comma; 150&comma; 0.4); border-radius: 8px; overflow: hidden; display: flex; flex-direction: column;'>\n<div style='padding: 15px; border-bottom: 1px solid rgba(150&comma; 150&comma; 150&comma; 0.2); font-weight: bold; font-size: 18px; color: inherit;'>Especificaciones mec\u00e1nicas<\/div>\n<div style='padding: 15px; color: inherit;'>\n<ul style='padding-left: 20px; margin: 0; font-size: 14px; list-style-type: disc;'>\n<li style='margin-bottom: 5px;'><strong>Tama\u00f1o (long. x anch. x alt.):<\/strong> 232 mm x 85 mm x 45 mm<\/li>\n<li style='margin-bottom: 5px;'><strong>Peso:<\/strong> 370 g<\/li>\n<\/ul><\/div>\n<\/p><\/div>\n<div style='flex: 1 1 250px; border: 1px solid rgba(150&comma; 150&comma; 150&comma; 0.4); border-radius: 8px; overflow: hidden; display: flex; flex-direction: column;'>\n<div style='padding: 15px; border-bottom: 1px solid rgba(150&comma; 150&comma; 150&comma; 0.2); font-weight: bold; font-size: 18px; color: inherit;'>Especificaciones ambientales<\/div>\n<div style='padding: 15px; color: inherit;'>\n<ul style='padding-left: 20px; margin: 0; font-size: 14px; list-style-type: disc;'>\n<li style='margin-bottom: 5px;'><strong>Temperatura de funcionamiento:<\/strong> -10 \u00b0C a +50 \u00b0C<\/li>\n<li style='margin-bottom: 5px;'><strong>Temperatura de almacenamiento:<\/strong> -40 \u00b0C a +60 \u00b0C<\/li>\n<li style='margin-bottom: 5px;'><strong>Humedad de funcionamiento:<\/strong> Sin condensaci\u00f3n (< 10 \u00b0C) \u2264 90 % HR (a una temperatura de 10 \u00b0C hasta 30 \u00b0C) \u2264 75 % HR (a una temperatura de 30 \u00b0C hasta 40 \u00b0C) \u2264 45 % HR (a una temperatura de 40 \u00b0C hasta 50 \u00b0C) (sin condensaci\u00f3n)<\/li>\n<li style='margin-bottom: 5px;'><strong>Altitud de funcionamiento:<\/strong> 3.000 metros<\/li>\n<li style='margin-bottom: 5px;'><strong>Altitud de almacenamiento:<\/strong> 12.000 metros<\/li>\n<li style='margin-bottom: 5px;'><strong>EMI&comma; EMC:<\/strong> Cumple todos los requisitos aplicables de la norma EN61326-1:2006<\/li>\n<li style='margin-bottom: 5px;'><strong>Coeficientes de temperatura:<\/strong> Sumar 0&comma;1 x la precisi\u00f3n especificada por cada grado cent\u00edgrado por arriba de 28 \u00b0C o por debajo de 18 \u00b0C.<\/li>\n<li style='margin-bottom: 5px;'><strong>Conformidad de seguridad:<\/strong> ANSI\/ISA S82.02.01:2004 CAN\/CSA-C22.2 No. 61010-1-04 IEC\/EN 61010-1:2001&comma; 600V CAT III&comma; 300V CAT IV Grado de contaminaci\u00f3n 2 EN\/IEC 61010-2-32:2002 EN\/IEC 61010-031:2002\/A1:2008<\/li>\n<li style='margin-bottom: 5px;'><strong>Aprobaciones de agencias regulatorias:<\/strong> &#8211;<\/li>\n<li style='margin-bottom: 5px;'><strong>Bater\u00edas:<\/strong> 2 AA&comma; NEDA 15A&comma; IEC LR6<\/li>\n<\/ul><\/div>\n<\/p><\/div>\n<\/p><\/div>\n<\/p><\/div>\n","protected":false},"excerpt":{"rendered":"<p>Amper\u00edmetro de Gancho 600A TRMS CA. Medici\u00f3n con Puntas de Prueba de Tensi\u00f3n CA\/CC, Capacitancia, Continuidad y Resistencia.<\/p>\n","protected":false},"featured_media":45782,"comment_status":"open","ping_status":"closed","template":"","meta":[],"product_brand":[],"product_cat":[392],"product_tag":[393,25,131],"class_list":{"0":"post-45783","1":"product","2":"type-product","3":"status-publish","4":"has-post-thumbnail","6":"product_cat-herramientas-electricas-herramientas-deteccion-de-fuego","7":"product_tag-fluke","8":"product_tag-herramientas","9":"product_tag-herramientas-electricas","11":"first","12":"outofstock","13":"sale","14":"shipping-taxable","15":"purchasable","16":"product-type-simple"},"_links":{"self":[{"href":"https:\/\/soydeaqui.ddns.net\/pachuca\/index.php\/wp-json\/wp\/v2\/product\/45783","targetHints":{"allow":["GET"]}}],"collection":[{"href":"https:\/\/soydeaqui.ddns.net\/pachuca\/index.php\/wp-json\/wp\/v2\/product"}],"about":[{"href":"https:\/\/soydeaqui.ddns.net\/pachuca\/index.php\/wp-json\/wp\/v2\/types\/product"}],"replies":[{"embeddable":true,"href":"https:\/\/soydeaqui.ddns.net\/pachuca\/index.php\/wp-json\/wp\/v2\/comments?post=45783"}],"wp:featuredmedia":[{"embeddable":true,"href":"https:\/\/soydeaqui.ddns.net\/pachuca\/index.php\/wp-json\/wp\/v2\/media\/45782"}],"wp:attachment":[{"href":"https:\/\/soydeaqui.ddns.net\/pachuca\/index.php\/wp-json\/wp\/v2\/media?parent=45783"}],"wp:term":[{"taxonomy":"product_brand","embeddable":true,"href":"https:\/\/soydeaqui.ddns.net\/pachuca\/index.php\/wp-json\/wp\/v2\/product_brand?post=45783"},{"taxonomy":"product_cat","embeddable":true,"href":"https:\/\/soydeaqui.ddns.net\/pachuca\/index.php\/wp-json\/wp\/v2\/product_cat?post=45783"},{"taxonomy":"product_tag","embeddable":true,"href":"https:\/\/soydeaqui.ddns.net\/pachuca\/index.php\/wp-json\/wp\/v2\/product_tag?post=45783"}],"curies":[{"name":"wp","href":"https:\/\/api.w.org\/{rel}","templated":true}]}}