{"id":45781,"date":"2026-03-18T20:18:34","date_gmt":"2026-03-18T20:18:34","guid":{"rendered":"https:\/\/soydeaqui.ddns.net\/pachuca\/index.php\/producto\/amperimetro-de-gancho-600a-trms-ca-cc-con-fc-medicion-con-puntas-de-prueba-de-tension-ca-cc-capacitancia-continuidad-y-resistencia\/"},"modified":"2026-03-18T20:18:35","modified_gmt":"2026-03-18T20:18:35","slug":"amperimetro-de-gancho-600a-trms-ca-cc-con-fc-medicion-con-puntas-de-prueba-de-tension-ca-cc-capacitancia-continuidad-y-resistencia","status":"publish","type":"product","link":"https:\/\/soydeaqui.ddns.net\/pachuca\/index.php\/producto\/amperimetro-de-gancho-600a-trms-ca-cc-con-fc-medicion-con-puntas-de-prueba-de-tension-ca-cc-capacitancia-continuidad-y-resistencia\/","title":{"rendered":"Amper\u00edmetro de Gancho 600A Trms CA\/CC con FC. Medici\u00f3n con Puntas de Prueba de Tensi\u00f3n CA\/CC, Capacitancia, Continuidad y Resistencia"},"content":{"rendered":"<div style='width: 100%; max-width: 1200px; margin: 0 auto; font-family: sans-serif; line-height: 1.6; color: inherit; background-color: transparent;'>\n<div style='display: flex; flex-direction: column; gap: 20px;'>\n<div style='width: 100%; text-align: center;'> <img style='width: 100%; max-width: 500px; height: auto; border: 1px solid rgba(150&comma;150&comma;150&comma;0.3); border-radius: 8px;' src='https:\/\/www.risoul.com.mx\/hs-fs\/hubfs\/Fluke-Logo.png?width=1557&#038;name=Fluke-Logo.png' alt='Distribuidor productos Fluke'> <\/div>\n<h2 style='font-size: 20px; margin-top: 0; color: inherit; opacity: 0.85;'><strong>Fluke 374 FC ofrece un rendimiento avanzado de resoluci\u00f3n de problemas y conectividad inal\u00e1mbrica<\/strong><\/h2>\n<div style='font-size: 15px; color: inherit;'>\n<p>El Fluke 374 FC&comma; parte de la familia de herramientas de prueba inal\u00e1mbricas Fluke Connect&comma; ofrece las funciones est\u00e1ndar que necesita para la resoluci\u00f3n de problemas cotidianos. Mida corriente CA y CC hasta 600 A con la abrazadera de mordaza fija o agregue una sonda de corriente flexible iFlex\u00ae opcional para medir hasta 2500 A. El di\u00e1metro grande y el dise\u00f1o flexible de la sonda iFlex facilitan la medici\u00f3n alrededor de conductores grandes en espacios reducidos o para acceder a cables apretados. Tambi\u00e9n puede usar el 374 FC para medir voltaje de CA y CC a 1000 V y resistencia a 6000 \u03a9.<\/p>\n<h3 style='font-size: 18px; border-bottom: 2px solid currentColor; padding-bottom: 5px; margin-top: 25px; color: inherit; opacity: 0.8;'>Utilice la conectividad inal\u00e1mbrica para mantener una distancia segura<\/h3>\n<p>El 374 FC est\u00e1 habilitado para Fluke Connect para transmitir resultados de forma inal\u00e1mbrica a trav\u00e9s de Bluetooth a dispositivos Apple y Android. Eso significa que puede leer los resultados fuera de la zona de arco el\u00e9ctrico&comma; usando menos PPE. Incluso puede guardar los resultados en la nube y crear y enviar informes por correo electr\u00f3nico directamente desde el campo. O converse en tiempo real con las videollamadas ShareLive\u2122.<\/p>\n<h3 style='font-size: 18px; border-bottom: 2px solid currentColor; padding-bottom: 5px; margin-top: 25px; color: inherit; opacity: 0.8;'>Conjunto de caracter\u00edsticas vers\u00e1tiles<\/h3>\n<p>Con mediciones de voltaje y corriente CA de verdadero valor eficaz&comma; el 374 FC le permite solucionar con precisi\u00f3n problemas de se\u00f1ales no lineales. Y puede registrar y generar tendencias de las mediciones para identificar las intermitencias mientras realiza otras tareas. La pinza amperim\u00e9trica Fluke 374 FC es el reemplazo directo de la pinza amperim\u00e9trica Fluke 374.<\/p>\n<h3 style='font-size: 18px; border-bottom: 2px solid currentColor; padding-bottom: 5px; margin-top: 25px; color: inherit; opacity: 0.8;'>Otras capacidades \u00fatiles:<\/h3>\n<ul style='padding-left: 20px; font-size: 15px; color: inherit;'>\n<li style='margin-bottom: 5px;'>Compatible con la correa colgante magn\u00e9tica TPAK opcional<\/li>\n<li style='margin-bottom: 5px;'>Viene con estuche de transporte suave&comma; bater\u00edas y tres a\u00f1os de garant\u00eda<\/li>\n<li style='margin-bottom: 5px;'>Mide capacitancia a 1000 \u00b5F<\/li>\n<li style='margin-bottom: 5px;'>Caracter\u00edsticas Clasificaci\u00f3n de seguridad CAT III 1000 V&comma; CAT IV 600 V<\/li>\n<li style='margin-bottom: 5px;'>Proporciona mediciones de voltaje y corriente de verdadero valor eficaz para medir con precisi\u00f3n se\u00f1ales no lineales<\/li>\n<li style='margin-bottom: 5px;'>Incluye m\u00edn.\/m\u00e1x.\/promedio y registro de entrada para capturar variaciones autom\u00e1ticamente<\/li>\n<li style='margin-bottom: 5px;'>Funciona con dos pilas alcalinas AA<\/li>\n<\/ul>\n<h3 style='font-size: 18px; border-bottom: 2px solid currentColor; padding-bottom: 5px; margin-top: 25px; color: inherit; opacity: 0.8;'>Incluye:<\/h3>\n<ul style='padding-left: 20px; font-size: 15px; color: inherit;'>\n<li style='margin-bottom: 5px;'>Estuche<\/li>\n<li style='margin-bottom: 5px;'>TL75 Juego de cables de prueba de punta dura<\/li>\n<li style='margin-bottom: 5px;'>2 bater\u00edas alcalinas AA<\/li>\n<\/ul>\n<p style='font-size: 15px; color: inherit;'><strong>*Celular no incluido<\/strong><\/p>\n<div style='margin-top: 30px; margin-bottom: 30px; border: 1px solid rgba(150&comma;150&comma;150&comma;0.3); border-radius: 8px; overflow: hidden;'>\n<div style='padding: 15px; font-weight: bold; font-size: 16px; border-bottom: 1px solid rgba(150&comma;150&comma;150&comma;0.3); background-color: rgba(204&comma;204&comma;204&comma;0.3); color: inherit;'>Especificaciones generales<\/div>\n<div style='padding: 15px; display: flex; flex-direction: column; gap: 15px;'>\n<div style='display: flex; flex-direction: column; gap: 10px;'>\n<div style='font-weight: bold; color: inherit;'>Corriente CA a trav\u00e9s de la mand\u00edbula<\/div>\n<div style='display: flex; flex-wrap: wrap; gap: 10px;'>\n<div style='flex: 1 1 150px; min-width: 120px; display: flex; flex-direction: column; gap: 5px;'>\n<div style='font-weight: bold; font-size: 14px; color: inherit;'>Rango<\/div>\n<div style='font-size: 14px; color: inherit;'>600&comma;0 A<\/div>\n<\/p><\/div>\n<div style='flex: 1 1 150px; min-width: 120px; display: flex; flex-direction: column; gap: 5px;'>\n<div style='font-weight: bold; font-size: 14px; color: inherit;'>Resoluci\u00f3n<\/div>\n<div style='font-size: 14px; color: inherit;'>0&comma;1 A<\/div>\n<\/p><\/div>\n<div style='flex: 3 1 150px; min-width: 120px; display: flex; flex-direction: column; gap: 5px;'>\n<div style='font-weight: bold; font-size: 14px; color: inherit;'>Exactitud<\/div>\n<div style='font-size: 14px; color: inherit;'>2% \u00b15 d\u00edgitos (10 Hz a 100 Hz)<br \/>2&comma;5% \u00b15 d\u00edgitos (100-500 Hz)<\/div>\n<\/p><\/div>\n<div style='flex: 3 1 150px; min-width: 120px; display: flex; flex-direction: column; gap: 5px;'>\n<div style='font-weight: bold; font-size: 14px; color: inherit;'>Factor de cresta (50 Hz\/60 Hz)<\/div>\n<div style='font-size: 14px; color: inherit;'>2.5 @ 600 A<br \/>Agregar 2% para CF >2<\/div>\n<\/p><\/div>\n<\/p><\/div>\n<\/p><\/div>\n<div style='display: flex; flex-direction: column; gap: 10px;'>\n<div style='font-weight: bold; color: inherit;'>Corriente CA mediante sonda de corriente flexible<\/div>\n<div style='display: flex; flex-wrap: wrap; gap: 10px;'>\n<div style='flex: 1 1 150px; min-width: 120px; display: flex; flex-direction: column; gap: 5px;'>\n<div style='font-weight: bold; font-size: 14px; color: inherit;'>Rango<\/div>\n<div style='font-size: 14px; color: inherit;'>2500A<\/div>\n<\/p><\/div>\n<div style='flex: 1 1 150px; min-width: 120px; display: flex; flex-direction: column; gap: 5px;'>\n<div style='font-weight: bold; font-size: 14px; color: inherit;'>Resoluci\u00f3n<\/div>\n<div style='font-size: 14px; color: inherit;'>0&comma;1 A (\u2264 600 A)<br \/>1 A (\u2264 2500 A)<\/div>\n<\/p><\/div>\n<div style='flex: 3 1 150px; min-width: 120px; display: flex; flex-direction: column; gap: 5px;'>\n<div style='font-weight: bold; font-size: 14px; color: inherit;'>Exactitud<\/div>\n<div style='font-size: 14px; color: inherit;'>3% \u00b15 d\u00edgitos (5 \u2013 500 Hz)<\/div>\n<\/p><\/div>\n<div style='flex: 3 1 150px; min-width: 120px; display: flex; flex-direction: column; gap: 5px;'>\n<div style='font-weight: bold; font-size: 14px; color: inherit;'>Factor de cresta (50\/60 Hz)<\/div>\n<div style='font-size: 14px; color: inherit;'>2&comma;5 a 1400 A<br \/>1&comma;42 a 2500 A<br \/>A\u00f1adir 2% para CF > 2<\/div>\n<\/p><\/div>\n<\/p><\/div>\n<div style='display: flex; flex-wrap: wrap; gap: 10px; align-items: flex-start;'>\n<div style='flex: 1 1 200px; min-width: 150px;'>\n<div style='font-weight: bold; font-size: 14px; color: inherit;'>Sensibilidad de posici\u00f3n<\/div>\n<div style='display: flex; flex-direction: column; gap: 5px;'>\n<div style='font-size: 14px; color: inherit;'>Distancia desde \u00d3ptimo<\/div>\n<div style='display: flex; flex-wrap: wrap; gap: 10px;'>\n<div style='flex: 1 1 100px; min-width: 100px; font-size: 14px; color: inherit;'>i2500-10 flexible<\/div>\n<div style='flex: 1 1 100px; min-width: 100px; font-size: 14px; color: inherit;'>i2500-18 flexible<\/div>\n<div style='flex: 1 1 100px; min-width: 100px; font-size: 14px; color: inherit;'>Error<\/div>\n<\/p><\/div>\n<div style='display: flex; flex-wrap: wrap; gap: 10px;'>\n<div style='flex: 1 1 100px; min-width: 100px; font-size: 14px; color: inherit;'>A<\/div>\n<div style='flex: 2 1 100px; min-width: 100px; font-size: 14px; color: inherit;'>0&comma;5 pulgadas (12&comma;7 mm)<\/div>\n<div style='flex: 2 1 100px; min-width: 100px; font-size: 14px; color: inherit;'>1&comma;4 pulgadas (35&comma;6 mm)<\/div>\n<div style='flex: 1 1 100px; min-width: 100px; font-size: 14px; color: inherit;'>\u00b10&comma;5 %<\/div>\n<\/p><\/div>\n<div style='display: flex; flex-wrap: wrap; gap: 10px;'>\n<div style='flex: 1 1 100px; min-width: 100px; font-size: 14px; color: inherit;'>B<\/div>\n<div style='flex: 2 1 100px; min-width: 100px; font-size: 14px; color: inherit;'>0&comma;8 pulgadas (20&comma;3 mm)<\/div>\n<div style='flex: 2 1 100px; min-width: 100px; font-size: 14px; color: inherit;'>2&comma;0 pulgadas (50&comma;8 mm)<\/div>\n<div style='flex: 1 1 100px; min-width: 100px; font-size: 14px; color: inherit;'>\u00b11&comma;0 %<\/div>\n<\/p><\/div>\n<div style='display: flex; flex-wrap: wrap; gap: 10px;'>\n<div style='flex: 1 1 100px; min-width: 100px; font-size: 14px; color: inherit;'>C<\/div>\n<div style='flex: 2 1 100px; min-width: 100px; font-size: 14px; color: inherit;'>1&comma;4 pulgadas (35&comma;6 mm)<\/div>\n<div style='flex: 2 1 100px; min-width: 100px; font-size: 14px; color: inherit;'>2&comma;5 pulgadas (63&comma;5 mm)<\/div>\n<div style='flex: 1 1 100px; min-width: 100px; font-size: 14px; color: inherit;'>\u00b12&comma;0 %<\/div>\n<\/p><\/div>\n<div style='font-size: 14px; color: inherit; opacity: 0.8;'>La incertidumbre de la medici\u00f3n supone un conductor primario centralizado en una posici\u00f3n \u00f3ptima&comma; sin campo el\u00e9ctrico o magn\u00e9tico externo y dentro del rango de temperatura de funcionamiento.<\/div>\n<\/p><\/div>\n<\/p><\/div>\n<div style='flex: 2 1 200px; min-width: 150px;'> <img style='width: 100%; height: auto; border: 1px solid rgba(150&comma;150&comma;150&comma;0.3); border-radius: 8px;' src='https:\/\/dam-assets.fluke.com\/s3fs-public\/37x_position_sens_100x181.png' alt='Sonda de corriente flexible'> <\/div>\n<\/p><\/div>\n<\/p><\/div>\n<div style='display: flex; flex-direction: column; gap: 10px;'>\n<div style='font-weight: bold; color: inherit;'>Corriente continua<\/div>\n<div style='display: flex; flex-wrap: wrap; gap: 10px;'>\n<div style='flex: 1 1 150px; min-width: 120px; display: flex; flex-direction: column; gap: 5px;'>\n<div style='font-weight: bold; font-size: 14px; color: inherit;'>Rango<\/div>\n<div style='font-size: 14px; color: inherit;'>600&comma;0 A<\/div>\n<\/p><\/div>\n<div style='flex: 1 1 150px; min-width: 120px; display: flex; flex-direction: column; gap: 5px;'>\n<div style='font-weight: bold; font-size: 14px; color: inherit;'>Resoluci\u00f3n<\/div>\n<div style='font-size: 14px; color: inherit;'>0&comma;1 A<\/div>\n<\/p><\/div>\n<div style='flex: 3 1 150px; min-width: 120px; display: flex; flex-direction: column; gap: 5px;'>\n<div style='font-weight: bold; font-size: 14px; color: inherit;'>Exactitud<\/div>\n<div style='font-size: 14px; color: inherit;'>2% \u00b15 d\u00edgitos<\/div>\n<\/p><\/div>\n<\/p><\/div>\n<\/p><\/div>\n<div style='display: flex; flex-direction: column; gap: 10px;'>\n<div style='font-weight: bold; color: inherit;'>Voltaje de corriente alterna<\/div>\n<div style='display: flex; flex-wrap: wrap; gap: 10px;'>\n<div style='flex: 1 1 150px; min-width: 120px; display: flex; flex-direction: column; gap: 5px;'>\n<div style='font-weight: bold; font-size: 14px; color: inherit;'>Rango<\/div>\n<div style='font-size: 14px; color: inherit;'>1000 V<\/div>\n<\/p><\/div>\n<div style='flex: 1 1 150px; min-width: 120px; display: flex; flex-direction: column; gap: 5px;'>\n<div style='font-weight: bold; font-size: 14px; color: inherit;'>Resoluci\u00f3n<\/div>\n<div style='font-size: 14px; color: inherit;'>0&comma;1 V (\u2264600&comma;0 V)<br \/>1 V (\u22641000 V)<\/div>\n<\/p><\/div>\n<div style='flex: 3 1 150px; min-width: 120px; display: flex; flex-direction: column; gap: 5px;'>\n<div style='font-weight: bold; font-size: 14px; color: inherit;'>Exactitud<\/div>\n<div style='font-size: 14px; color: inherit;'>1&comma;5% \u00b15 d\u00edgitos (20 Hz a 500 Hz)<\/div>\n<\/p><\/div>\n<\/p><\/div>\n<\/p><\/div>\n<div style='display: flex; flex-direction: column; gap: 10px;'>\n<div style='font-weight: bold; color: inherit;'>Voltaje CC<\/div>\n<div style='display: flex; flex-wrap: wrap; gap: 10px;'>\n<div style='flex: 1 1 150px; min-width: 120px; display: flex; flex-direction: column; gap: 5px;'>\n<div style='font-weight: bold; font-size: 14px; color: inherit;'>Rango<\/div>\n<div style='font-size: 14px; color: inherit;'>1000 V<\/div>\n<\/p><\/div>\n<div style='flex: 1 1 150px; min-width: 120px; display: flex; flex-direction: column; gap: 5px;'>\n<div style='font-weight: bold; font-size: 14px; color: inherit;'>Resoluci\u00f3n<\/div>\n<div style='font-size: 14px; color: inherit;'>0&comma;1 V (\u2264600&comma;0 V)<br \/>1 V (\u22641000 V)<\/div>\n<\/p><\/div>\n<div style='flex: 3 1 150px; min-width: 120px; display: flex; flex-direction: column; gap: 5px;'>\n<div style='font-weight: bold; font-size: 14px; color: inherit;'>Exactitud<\/div>\n<div style='font-size: 14px; color: inherit;'>1% \u00b15 d\u00edgitos<\/div>\n<\/p><\/div>\n<\/p><\/div>\n<\/p><\/div>\n<div style='display: flex; flex-direction: column; gap: 10px;'>\n<div style='font-weight: bold; color: inherit;'>mV CC<\/div>\n<div style='display: flex; flex-wrap: wrap; gap: 10px;'>\n<div style='flex: 1 1 150px; min-width: 120px; display: flex; flex-direction: column; gap: 5px;'>\n<div style='font-weight: bold; font-size: 14px; color: inherit;'>Rango<\/div>\n<div style='font-size: 14px; color: inherit;'>500&comma;0 mV<\/div>\n<\/p><\/div>\n<div style='flex: 1 1 150px; min-width: 120px; display: flex; flex-direction: column; gap: 5px;'>\n<div style='font-weight: bold; font-size: 14px; color: inherit;'>Resoluci\u00f3n<\/div>\n<div style='font-size: 14px; color: inherit;'>0&comma;1 mV<\/div>\n<\/p><\/div>\n<div style='flex: 3 1 150px; min-width: 120px; display: flex; flex-direction: column; gap: 5px;'>\n<div style='font-weight: bold; font-size: 14px; color: inherit;'>Exactitud<\/div>\n<div style='font-size: 14px; color: inherit;'>1% \u00b15 d\u00edgitos<\/div>\n<\/p><\/div>\n<\/p><\/div>\n<\/p><\/div>\n<div style='display: flex; flex-direction: column; gap: 10px;'>\n<div style='font-weight: bold; color: inherit;'>Resistencia<\/div>\n<div style='display: flex; flex-wrap: wrap; gap: 10px;'>\n<div style='flex: 1 1 150px; min-width: 120px; display: flex; flex-direction: column; gap: 5px;'>\n<div style='font-weight: bold; font-size: 14px; color: inherit;'>Rango<\/div>\n<div style='font-size: 14px; color: inherit;'>6000 \u03a9<\/div>\n<\/p><\/div>\n<div style='flex: 1 1 150px; min-width: 120px; display: flex; flex-direction: column; gap: 5px;'>\n<div style='font-weight: bold; font-size: 14px; color: inherit;'>Resoluci\u00f3n<\/div>\n<div style='font-size: 14px; color: inherit;'>0&comma;1 \u03a9 (\u2264600 \u03a9)<br \/>1 \u03a9 (\u22646000 \u03a9)<\/div>\n<\/p><\/div>\n<div style='flex: 3 1 150px; min-width: 120px; display: flex; flex-direction: column; gap: 5px;'>\n<div style='font-weight: bold; font-size: 14px; color: inherit;'>Exactitud<\/div>\n<div style='font-size: 14px; color: inherit;'>1% \u00b15 d\u00edgitos<\/div>\n<\/p><\/div>\n<\/p><\/div>\n<\/p><\/div>\n<div style='display: flex; flex-direction: column; gap: 10px;'>\n<div style='font-weight: bold; color: inherit;'>Capacidad<\/div>\n<div style='display: flex; flex-wrap: wrap; gap: 10px;'>\n<div style='flex: 1 1 150px; min-width: 120px; display: flex; flex-direction: column; gap: 5px;'>\n<div style='font-weight: bold; font-size: 14px; color: inherit;'>Rango<\/div>\n<div style='font-size: 14px; color: inherit;'>1000 \u03bcF<\/div>\n<\/p><\/div>\n<div style='flex: 1 1 150px; min-width: 120px; display: flex; flex-direction: column; gap: 5px;'>\n<div style='font-weight: bold; font-size: 14px; color: inherit;'>Resoluci\u00f3n<\/div>\n<div style='font-size: 14px; color: inherit;'>0&comma;1 \u03bcF (\u2264 100 \u03bcF)<br \/>1 \u03bcF (\u2264 1000 \u03bcF)<\/div>\n<\/p><\/div>\n<div style='flex: 3 1 150px; min-width: 120px; display: flex; flex-direction: column; gap: 5px;'>\n<div style='font-weight: bold; font-size: 14px; color: inherit;'>Exactitud<\/div>\n<div style='font-size: 14px; color: inherit;'>1% \u00b14 d\u00edgitos<\/div>\n<\/p><\/div>\n<\/p><\/div>\n<\/p><\/div>\n<div style='display: flex; flex-direction: column; gap: 10px;'>\n<div style='font-weight: bold; color: inherit;'>Especificaciones mec\u00e1nicas<\/div>\n<div style='display: flex; flex-wrap: wrap; gap: 10px;'>\n<div style='flex: 1 1 150px; min-width: 120px; display: flex; flex-direction: column; gap: 5px;'>\n<div style='font-weight: bold; font-size: 14px; color: inherit;'>Voltaje m\u00e1ximo entre cualquier terminal y tierra<\/div>\n<div style='font-size: 14px; color: inherit;'>1000 V<\/div>\n<\/p><\/div>\n<div style='flex: 1 1 150px; min-width: 120px; display: flex; flex-direction: column; gap: 5px;'>\n<div style='font-weight: bold; font-size: 14px; color: inherit;'>Bater\u00edas<\/div>\n<div style='font-size: 14px; color: inherit;'>2 pilas AA&comma; NEDA 15A&comma; IEC LR6<\/div>\n<\/p><\/div>\n<div style='flex: 1 1 150px; min-width: 120px; display: flex; flex-direction: column; gap: 5px;'>\n<div style='font-weight: bold; font-size: 14px; color: inherit;'>Temperatura de funcionamiento<\/div>\n<div style='font-size: 14px; color: inherit;'>-10 \u00b0C a +50 \u00b0C<\/div>\n<\/p><\/div>\n<div style='flex: 1 1 150px; min-width: 120px; display: flex; flex-direction: column; gap: 5px;'>\n<div style='font-weight: bold; font-size: 14px; color: inherit;'>Temperatura de almacenamiento<\/div>\n<div style='font-size: 14px; color: inherit;'>-40 \u00b0C a +60 \u00b0C<\/div>\n<\/p><\/div>\n<div style='flex: 1 1 150px; min-width: 120px; display: flex; flex-direction: column; gap: 5px;'>\n<div style='font-weight: bold; font-size: 14px; color: inherit;'>Humedad de funcionamiento<\/div>\n<div style='font-size: 14px; color: inherit;'>\u226490 % de HR (de 10 \u00b0C a 30 \u00b0C)<br \/>\u226475 % de HR (de 30 \u00b0C a 40 \u00b0C)<br \/>\u226445 % de HR (de 40 \u00b0C a 50 \u00b0C)<\/div>\n<\/p><\/div>\n<div style='flex: 1 1 150px; min-width: 120px; display: flex; flex-direction: column; gap: 5px;'>\n<div style='font-weight: bold; font-size: 14px; color: inherit;'>Altitud de funcionamiento<\/div>\n<div style='font-size: 14px; color: inherit;'>3000m<\/div>\n<\/p><\/div>\n<div style='flex: 1 1 150px; min-width: 120px; display: flex; flex-direction: column; gap: 5px;'>\n<div style='font-weight: bold; font-size: 14px; color: inherit;'>Altitud de almacenamiento<\/div>\n<div style='font-size: 14px; color: inherit;'>12.000 m<\/div>\n<\/p><\/div>\n<div style='flex: 1 1 150px; min-width: 120px; display: flex; flex-direction: column; gap: 5px;'>\n<div style='font-weight: bold; font-size: 14px; color: inherit;'>Tama\u00f1o (largo x ancho x alto)<\/div>\n<div style='font-size: 14px; color: inherit;'>249x85x45mm<\/div>\n<\/p><\/div>\n<div style='flex: 1 1 150px; min-width: 120px; display: flex; flex-direction: column; gap: 5px;'>\n<div style='font-weight: bold; font-size: 14px; color: inherit;'>Peso<\/div>\n<div style='font-size: 14px; color: inherit;'>395 gramos<\/div>\n<\/p><\/div>\n<div style='flex: 1 1 150px; min-width: 120px; display: flex; flex-direction: column; gap: 5px;'>\n<div style='font-weight: bold; font-size: 14px; color: inherit;'>Apertura de mand\u00edbula<\/div>\n<div style='font-size: 14px; color: inherit;'>34mm<\/div>\n<\/p><\/div>\n<div style='flex: 1 1 150px; min-width: 120px; display: flex; flex-direction: column; gap: 5px;'>\n<div style='font-weight: bold; font-size: 14px; color: inherit;'>Di\u00e1metro de la sonda de corriente flexible<\/div>\n<div style='font-size: 14px; color: inherit;'>7&comma;5 mm<\/div>\n<\/p><\/div>\n<div style='flex: 1 1 150px; min-width: 120px; display: flex; flex-direction: column; gap: 5px;'>\n<div style='font-weight: bold; font-size: 14px; color: inherit;'>Longitud de cable de sonda de corriente flexible<\/div>\n<div style='font-size: 14px; color: inherit;'>1&comma;8 metros<\/div>\n<\/p><\/div>\n<div style='flex: 1 1 150px; min-width: 120px; display: flex; flex-direction: column; gap: 5px;'>\n<div style='font-weight: bold; font-size: 14px; color: inherit;'>Seguridad<\/div>\n<div style='font-size: 14px; color: inherit;'>IEC 61010-1&comma; grado de contaminaci\u00f3n 2<br \/>IEC 61010-2-032: CAT III 1000 V \/ CAT IV 600 V<br \/>IEC 61010-2-033: CAT III 1000 V \/ CAT IV 600 V<\/div>\n<\/p><\/div>\n<div style='flex: 1 1 150px; min-width: 120px; display: flex; flex-direction: column; gap: 5px;'>\n<div style='font-weight: bold; font-size: 14px; color: inherit;'>Clasificaci\u00f3n del IP<\/div>\n<div style='font-size: 14px; color: inherit;'>IEC 60529: IP30&comma; no operativo<\/div>\n<\/p><\/div>\n<div style='flex: 1 1 150px; min-width: 120px; display: flex; flex-direction: column; gap: 5px;'>\n<div style='font-weight: bold; font-size: 14px; color: inherit;'>Certificaci\u00f3n de radiofrecuencia FCC ID<\/div>\n<div style='font-size: 14px; color: inherit;'>T68-FBLE CI:6627A-FBLE<\/div>\n<\/p><\/div>\n<\/p><\/div>\n<\/p><\/div>\n<div style='display: flex; flex-direction: column; gap: 10px;'>\n<div style='font-weight: bold; color: inherit;'>Compatibilidad electromagn\u00e9tica (CEM)<\/div>\n<div style='display: flex; flex-wrap: wrap; gap: 10px;'>\n<div style='flex: 1 1 150px; min-width: 120px; display: flex; flex-direction: column; gap: 5px;'>\n<div style='font-weight: bold; font-size: 14px; color: inherit;'>Internacional<\/div>\n<div style='font-size: 14px; color: inherit;'>IEC 61326-1: Entorno electromagn\u00e9tico port\u00e1til&comma; IEC 61326-2-2<br \/>CISPR 11: Grupo 1&comma; Clase A<br \/>Grupo 1: El equipo ha generado y\/o utiliza intencionalmente energ\u00eda de radiofrecuencia acoplada conductivamente que es necesaria para el funcionamiento interno del equipo en s\u00ed.<br \/>Clase A: el equipo es adecuado para su uso en todos los establecimientos que no sean dom\u00e9sticos y aquellos conectados directamente a una red de suministro de energ\u00eda de bajo voltaje que alimenta edificios utilizados para fines dom\u00e9sticos.<br \/>Puede haber dificultades potenciales para garantizar la compatibilidad electromagn\u00e9tica en otros entornos debido a las perturbaciones conducidas y radiadas.<br \/>Pueden producirse emisiones que excedan los niveles requeridos por CISPR 11 cuando el equipo est\u00e1 conectado a un objeto de prueba.<\/div>\n<\/p><\/div>\n<div style='flex: 1 1 150px; min-width: 120px; display: flex; flex-direction: column; gap: 5px;'>\n<div style='font-weight: bold; font-size: 14px; color: inherit;'>Corea (KCC)<\/div>\n<div style='font-size: 14px; color: inherit;'>Equipo de Clase A (Equipo de comunicaci\u00f3n y radiodifusi\u00f3n industrial)<br \/>Clase A: El equipo cumple con los requisitos para equipos de ondas electromagn\u00e9ticas industriales y el vendedor o usuario debe tenerlo en cuenta.<br \/>Este equipo est\u00e1 dise\u00f1ado para su uso en entornos comerciales y no para uso dom\u00e9stico.<\/div>\n<\/p><\/div>\n<div style='flex: 1 1 150px; min-width: 120px; display: flex; flex-direction: column; gap: 5px;'>\n<div style='font-weight: bold; font-size: 14px; color: inherit;'>Estados Unidos (FCC)<\/div>\n<div style='font-size: 14px; color: inherit;'>47 CFR 15 subparte B. Este producto se considera un dispositivo exento seg\u00fan la cl\u00e1usula 15.103.<\/div>\n<\/p><\/div>\n<div style='flex: 1 1 150px; min-width: 120px; display: flex; flex-direction: column; gap: 5px;'>\n<div style='font-weight: bold; font-size: 14px; color: inherit;'>Coeficientes de temperatura<\/div>\n<div style='font-size: 14px; color: inherit;'>Agregue 0&comma;1 x la precisi\u00f3n especificada por cada grado C por encima de 28 \u00b0C o por debajo de 18 \u00b0C<\/div>\n<\/p><\/div>\n<\/p><\/div>\n<\/p><\/div>\n<\/p><\/div>\n<\/p><\/div>\n<\/p><\/div>\n<\/p><\/div>\n<\/p><\/div>\n","protected":false},"excerpt":{"rendered":"<p>Amper\u00edmetro de Gancho 600A Trms CA\/CC con FC. Medici\u00f3n con Puntas de Prueba de Tensi\u00f3n CA\/CC, Capacitancia, Continuidad y Resistencia<\/p>\n","protected":false},"featured_media":45780,"comment_status":"open","ping_status":"closed","template":"","meta":[],"product_brand":[],"product_cat":[24],"product_tag":[26,393,25],"class_list":{"0":"post-45781","1":"product","2":"type-product","3":"status-publish","4":"has-post-thumbnail","6":"product_cat-accesorios-de-instalacion","7":"product_tag-accesorios-de-instalacion","8":"product_tag-fluke","9":"product_tag-herramientas","11":"first","12":"outofstock","13":"sale","14":"shipping-taxable","15":"purchasable","16":"product-type-simple"},"_links":{"self":[{"href":"https:\/\/soydeaqui.ddns.net\/pachuca\/index.php\/wp-json\/wp\/v2\/product\/45781","targetHints":{"allow":["GET"]}}],"collection":[{"href":"https:\/\/soydeaqui.ddns.net\/pachuca\/index.php\/wp-json\/wp\/v2\/product"}],"about":[{"href":"https:\/\/soydeaqui.ddns.net\/pachuca\/index.php\/wp-json\/wp\/v2\/types\/product"}],"replies":[{"embeddable":true,"href":"https:\/\/soydeaqui.ddns.net\/pachuca\/index.php\/wp-json\/wp\/v2\/comments?post=45781"}],"wp:featuredmedia":[{"embeddable":true,"href":"https:\/\/soydeaqui.ddns.net\/pachuca\/index.php\/wp-json\/wp\/v2\/media\/45780"}],"wp:attachment":[{"href":"https:\/\/soydeaqui.ddns.net\/pachuca\/index.php\/wp-json\/wp\/v2\/media?parent=45781"}],"wp:term":[{"taxonomy":"product_brand","embeddable":true,"href":"https:\/\/soydeaqui.ddns.net\/pachuca\/index.php\/wp-json\/wp\/v2\/product_brand?post=45781"},{"taxonomy":"product_cat","embeddable":true,"href":"https:\/\/soydeaqui.ddns.net\/pachuca\/index.php\/wp-json\/wp\/v2\/product_cat?post=45781"},{"taxonomy":"product_tag","embeddable":true,"href":"https:\/\/soydeaqui.ddns.net\/pachuca\/index.php\/wp-json\/wp\/v2\/product_tag?post=45781"}],"curies":[{"name":"wp","href":"https:\/\/api.w.org\/{rel}","templated":true}]}}