{"id":45779,"date":"2026-03-18T20:18:29","date_gmt":"2026-03-18T20:18:29","guid":{"rendered":"https:\/\/soydeaqui.ddns.net\/pachuca\/index.php\/producto\/amperimetro-de-gancho-600a-trms-ac-dc-c-filtro-con-fc\/"},"modified":"2026-03-18T20:18:30","modified_gmt":"2026-03-18T20:18:30","slug":"amperimetro-de-gancho-600a-trms-ac-dc-c-filtro-con-fc","status":"publish","type":"product","link":"https:\/\/soydeaqui.ddns.net\/pachuca\/index.php\/producto\/amperimetro-de-gancho-600a-trms-ac-dc-c-filtro-con-fc\/","title":{"rendered":"Amper\u00edmetro de Gancho 600A TRMS AC\/DC C\/Filtro con FC"},"content":{"rendered":"<div style='width: 100%; max-width: 1200px; margin: 0 auto; font-family: sans-serif; line-height: 1.6; color: inherit; background-color: transparent;'>\n<p style='text-align: center; margin: 20px 0;'><img style='width: 100%; max-width: 500px; height: auto; border: 1px solid rgba(150&comma;150&comma;150&comma;0.3); border-radius: 8px;' src='https:\/\/www.risoul.com.mx\/hs-fs\/hubfs\/Fluke-Logo.png?width=1557&#038;name=Fluke-Logo.png' alt='Distribuidor productos Fluke' \/><\/p>\n<div style='display: flex; flex-wrap: wrap; gap: 30px; margin-bottom: 30px;'>\n<div style='flex: 1 1 300px; min-width: 280px;'>\n<h3 style='font-size: 22px; border-bottom: 2px solid currentColor; padding-bottom: 5px; margin-top: 0; color: inherit; opacity: 0.8;'>Descripci\u00f3n<\/h3>\n<p style='font-size: 15px; color: inherit;'>El Fluke 375 FC&comma; parte de la familia de herramientas de prueba inal\u00e1mbricas Fluke Connect&comma; ofrece caracter\u00edsticas de alto rendimiento y facilidad de uso. Cuenta con un filtro de paso bajo VFD para mediciones precisas de motores y comunicaciones inal\u00e1mbricas para transmitir resultados a un tel\u00e9fono inteligente a trav\u00e9s de Fluke Connect.<\/p>\n<p style='font-size: 15px; color: inherit;'>El 375 FC ofrece la mayor\u00eda de las caracter\u00edsticas del Fluke 376 FC&comma; incluida la compatibilidad con la sonda de corriente flexible iFlex pero&comma; a diferencia del 376 FC&comma; no incluye la sonda iFlex\u00ae en el paquete. Puede medir corriente CA y CC hasta 600 A y voltaje hasta 1000 V con la abrazadera de mordaza fija. O conecte una sonda de corriente flexible iFlex\u00ae opcional para expandir su rango de medici\u00f3n a 2500 A CA. El gran di\u00e1metro y el dise\u00f1o flexible de la sonda iFlex facilitan la medici\u00f3n alrededor de grandes conductores en espacios reducidos o el acceso a cables individuales.<\/p>\n<\/p><\/div>\n<\/p><\/div>\n<div style='display: flex; flex-wrap: wrap; gap: 30px; margin-bottom: 30px;'>\n<div style='flex: 1 1 300px; min-width: 280px;'>\n<h3 style='font-size: 22px; border-bottom: 2px solid currentColor; padding-bottom: 5px; margin-top: 0; color: inherit; opacity: 0.8;'>Caracter\u00edsticas<\/h3>\n<ul style='padding-left: 20px; font-size: 15px; color: inherit;'>\n<li style='margin-bottom: 5px;'>Con conectividad inal\u00e1mbrica Bluetooth con dispositivos Apple y Android<\/li>\n<li style='margin-bottom: 5px;'>Permite leer resultados a distancia en su tel\u00e9fono inteligente<\/li>\n<li style='margin-bottom: 5px;'>Permite crear y enviar informes por correo electr\u00f3nico directamente desde el campo<\/li>\n<li style='margin-bottom: 5px;'>Permite guardar resultados en la nube<\/li>\n<li style='margin-bottom: 5px;'>Permite conversar con colegas en tiempo real con las videollamadas ShareLive\u2122<\/li>\n<li style='margin-bottom: 5px;'>Mide corriente y voltaje de CA de verdadero valor eficaz<\/li>\n<li style='margin-bottom: 5px;'>Permite registrar y generar tendencias de las mediciones<\/li>\n<li style='margin-bottom: 5px;'>Compatible con la correa colgante magn\u00e9tica TPAK opcional<\/li>\n<li style='margin-bottom: 5px;'>Viene con bater\u00edas&comma; estuche blando y tres a\u00f1os de garant\u00eda<\/li>\n<\/ul><\/div>\n<div style='flex: 1 1 300px; min-width: 280px;'>\n<h3 style='font-size: 22px; border-bottom: 2px solid currentColor; padding-bottom: 5px; margin-top: 0; color: inherit; opacity: 0.8;'>Incluye<\/h3>\n<ul style='padding-left: 20px; font-size: 15px; color: inherit;'>\n<li style='margin-bottom: 5px;'>Estuche<\/li>\n<li style='margin-bottom: 5px;'>TL75 Juego de cables de prueba de punta dura<\/li>\n<li style='margin-bottom: 5px;'>2 bater\u00edas alcalinas AA<\/li>\n<\/ul>\n<p style='font-size: 15px; color: inherit;'><strong>*Celular no incluido<\/strong><\/p>\n<\/p><\/div>\n<\/p><\/div>\n<div style='display: flex; flex-wrap: wrap; gap: 30px; margin-bottom: 30px;'>\n<div style='flex: 1 1 300px; min-width: 280px;'>\n<h3 style='font-size: 22px; border-bottom: 2px solid currentColor; padding-bottom: 5px; margin-top: 0; color: inherit; opacity: 0.8;'>Especificaciones<\/h3>\n<div style='display: flex; flex-direction: column; gap: 15px; font-size: 14px;'>\n<div style='border: 1px solid rgba(150&comma; 150&comma; 150&comma; 0.4); border-radius: 8px; overflow: hidden;'>\n<div style='padding: 15px; border-bottom: 1px solid rgba(150&comma; 150&comma; 150&comma; 0.2); font-weight: bold; color: inherit;'>Corriente CA a trav\u00e9s de la mand\u00edbula<\/div>\n<div style='padding: 15px; color: inherit;'>\n<ul style='padding-left: 20px; margin: 0; list-style-type: disc;'>\n<li style='margin-bottom: 5px;'><strong>Rango:<\/strong> 600&comma;0 A<\/li>\n<li style='margin-bottom: 5px;'><strong>Resoluci\u00f3n:<\/strong> 0&comma;1 A<\/li>\n<li style='margin-bottom: 5px;'><strong>Exactitud:<\/strong> 2% \u00b15 d\u00edgitos (10 Hz a 100 Hz)<\/li>\n<li style='margin-bottom: 5px;'><strong>Exactitud:<\/strong> 2&comma;5% \u00b15 d\u00edgitos (100-500 Hz)<\/li>\n<li style='margin-bottom: 5px;'><strong>Factor de cresta (50 Hz\/60 Hz):<\/strong> 3 a 500 A<\/li>\n<li style='margin-bottom: 5px;'><strong>Factor de cresta (50 Hz\/60 Hz):<\/strong> 2&comma;5 a 600 A<\/li>\n<li style='margin-bottom: 5px;'><strong>Factor de cresta (50 Hz\/60 Hz):<\/strong> Agregar 2% para CF >2<\/li>\n<\/ul><\/div>\n<\/p><\/div>\n<div style='border: 1px solid rgba(150&comma; 150&comma; 150&comma; 0.4); border-radius: 8px; overflow: hidden;'>\n<div style='padding: 15px; border-bottom: 1px solid rgba(150&comma; 150&comma; 150&comma; 0.2); font-weight: bold; color: inherit;'>Corriente CA mediante sonda de corriente flexible<\/div>\n<div style='padding: 15px; color: inherit;'>\n<ul style='padding-left: 20px; margin: 0; list-style-type: disc;'>\n<li style='margin-bottom: 5px;'><strong>Rango:<\/strong> 2500A<\/li>\n<li style='margin-bottom: 5px;'><strong>Resoluci\u00f3n:<\/strong> 0&comma;1 A (\u2264 600 A)<\/li>\n<li style='margin-bottom: 5px;'><strong>Resoluci\u00f3n:<\/strong> 1 A (\u2264 2500 A)<\/li>\n<li style='margin-bottom: 15px;'><strong>Exactitud:<\/strong> 3% \u00b15 d\u00edgitos (5 \u2013 500 Hz)<\/li>\n<li style='margin-bottom: 5px;'><strong>Factor de cresta (50\/60 Hz):<\/strong> 3.0 a 1100 A<\/li>\n<li style='margin-bottom: 5px;'><strong>Factor de cresta (50\/60 Hz):<\/strong> 2&comma;5 a 1400 A<\/li>\n<li style='margin-bottom: 5px;'><strong>Factor de cresta (50\/60 Hz):<\/strong> 1&comma;42 a 2500 A<\/li>\n<li style='margin-bottom: 5px;'><strong>Factor de cresta (50\/60 Hz):<\/strong> Agregar 2% para CF > 2<\/li>\n<\/ul><\/div>\n<\/p><\/div>\n<div style='border: 1px solid rgba(150&comma; 150&comma; 150&comma; 0.4); border-radius: 8px; overflow: hidden;'>\n<div style='padding: 15px; border-bottom: 1px solid rgba(150&comma; 150&comma; 150&comma; 0.2); font-weight: bold; color: inherit;'>Sensibilidad de posici\u00f3n<\/div>\n<div style='padding: 15px; color: inherit;'>\n<p style='margin: 0 0 15px 0;'><img style='width: 100%; height: auto; border: 1px solid rgba(150&comma;150&comma;150&comma;0.3); border-radius: 8px;' src='https:\/\/dam-assets.fluke.com\/s3fs-public\/37x_position_sens_100x181.png' alt='Sonda de corriente flexible' \/><\/p>\n<ul style='padding-left: 20px; margin: 0; list-style-type: disc;'>\n<li style='margin-bottom: 5px;'><strong>i2500-10 flexible:<\/strong> Distancia desde \u00d3ptimo: 0&comma;5 pulgadas (12&comma;7 mm) &#8211; Error: \u00b10&comma;5 %<\/li>\n<li style='margin-bottom: 5px;'><strong>i2500-18 flexible:<\/strong> Distancia desde \u00d3ptimo: 1&comma;4 pulgadas (35&comma;6 mm) &#8211; Error: \u00b10&comma;5 %<\/li>\n<li style='margin-bottom: 5px;'><strong>i2500-10 flexible:<\/strong> Distancia desde \u00d3ptimo: 0&comma;8 pulgadas (20&comma;3 mm) &#8211; Error: \u00b11&comma;0 %<\/li>\n<li style='margin-bottom: 5px;'><strong>i2500-18 flexible:<\/strong> Distancia desde \u00d3ptimo: 2&comma;0 pulgadas (50&comma;8 mm) &#8211; Error: \u00b11&comma;0 %<\/li>\n<li style='margin-bottom: 5px;'><strong>i2500-10 flexible:<\/strong> Distancia desde \u00d3ptimo: 1&comma;4 pulgadas (35&comma;6 mm) &#8211; Error: \u00b12&comma;0 %<\/li>\n<li style='margin-bottom: 5px;'><strong>i2500-18 flexible:<\/strong> Distancia desde \u00d3ptimo: 2&comma;5 pulgadas (63&comma;5 mm) &#8211; Error: \u00b12&comma;0 %<\/li>\n<\/ul>\n<p style='margin-top: 15px; font-size: 14px;'>La incertidumbre de la medici\u00f3n supone un conductor primario centralizado en una posici\u00f3n \u00f3ptima&comma; sin campo el\u00e9ctrico o magn\u00e9tico externo y dentro del rango de temperatura de funcionamiento.<\/p>\n<\/p><\/div>\n<\/p><\/div>\n<\/p><\/div>\n<\/p><\/div>\n<div style='flex: 1 1 300px; min-width: 280px;'>\n<div style='border: 1px solid rgba(150&comma; 150&comma; 150&comma; 0.4); border-radius: 8px; overflow: hidden; margin-bottom: 15px;'>\n<div style='padding: 15px; border-bottom: 1px solid rgba(150&comma; 150&comma; 150&comma; 0.2); font-weight: bold; color: inherit;'>Corriente continua<\/div>\n<div style='padding: 15px; color: inherit;'>\n<ul style='padding-left: 20px; margin: 0; list-style-type: disc;'>\n<li style='margin-bottom: 5px;'><strong>Rango:<\/strong> 600&comma;0 A<\/li>\n<li style='margin-bottom: 5px;'><strong>Resoluci\u00f3n:<\/strong> 0&comma;1 A<\/li>\n<li style='margin-bottom: 5px;'><strong>Exactitud:<\/strong> 2% \u00b15 d\u00edgitos<\/li>\n<\/ul><\/div>\n<\/p><\/div>\n<div style='border: 1px solid rgba(150&comma; 150&comma; 150&comma; 0.4); border-radius: 8px; overflow: hidden; margin-bottom: 15px;'>\n<div style='padding: 15px; border-bottom: 1px solid rgba(150&comma; 150&comma; 150&comma; 0.2); font-weight: bold; color: inherit;'>Voltaje de corriente alterna<\/div>\n<div style='padding: 15px; color: inherit;'>\n<ul style='padding-left: 20px; margin: 0; list-style-type: disc;'>\n<li style='margin-bottom: 5px;'><strong>Rango:<\/strong> 1000 V<\/li>\n<li style='margin-bottom: 5px;'><strong>Resoluci\u00f3n:<\/strong> 0&comma;1 V (\u2264600&comma;0 V)<\/li>\n<li style='margin-bottom: 5px;'><strong>Resoluci\u00f3n:<\/strong> 1 V (\u22641000 V)<\/li>\n<li style='margin-bottom: 5px;'><strong>Exactitud:<\/strong> 1&comma;5% \u00b15 d\u00edgitos (20 Hz a 500 Hz)<\/li>\n<\/ul><\/div>\n<\/p><\/div>\n<div style='border: 1px solid rgba(150&comma; 150&comma; 150&comma; 0.4); border-radius: 8px; overflow: hidden; margin-bottom: 15px;'>\n<div style='padding: 15px; border-bottom: 1px solid rgba(150&comma; 150&comma; 150&comma; 0.2); font-weight: bold; color: inherit;'>Voltaje CC<\/div>\n<div style='padding: 15px; color: inherit;'>\n<ul style='padding-left: 20px; margin: 0; list-style-type: disc;'>\n<li style='margin-bottom: 5px;'><strong>Rango:<\/strong> 1000 V<\/li>\n<li style='margin-bottom: 5px;'><strong>Resoluci\u00f3n:<\/strong> 0&comma;1 V (\u2264600&comma;0 V)<\/li>\n<li style='margin-bottom: 5px;'><strong>Resoluci\u00f3n:<\/strong> 1 V (\u22641000 V)<\/li>\n<li style='margin-bottom: 5px;'><strong>Exactitud:<\/strong> 1% \u00b15 d\u00edgitos<\/li>\n<\/ul><\/div>\n<\/p><\/div>\n<div style='border: 1px solid rgba(150&comma; 150&comma; 150&comma; 0.4); border-radius: 8px; overflow: hidden; margin-bottom: 15px;'>\n<div style='padding: 15px; border-bottom: 1px solid rgba(150&comma; 150&comma; 150&comma; 0.2); font-weight: bold; color: inherit;'>mV CC<\/div>\n<div style='padding: 15px; color: inherit;'>\n<ul style='padding-left: 20px; margin: 0; list-style-type: disc;'>\n<li style='margin-bottom: 5px;'><strong>Rango:<\/strong> 500&comma;0 mV<\/li>\n<li style='margin-bottom: 5px;'><strong>Resoluci\u00f3n:<\/strong> 0&comma;1 mV<\/li>\n<li style='margin-bottom: 5px;'><strong>Exactitud:<\/strong> 1% \u00b15 d\u00edgitos<\/li>\n<\/ul><\/div>\n<\/p><\/div>\n<\/p><\/div>\n<div style='flex: 1 1 300px; min-width: 280px;'>\n<div style='border: 1px solid rgba(150&comma; 150&comma; 150&comma; 0.4); border-radius: 8px; overflow: hidden; margin-bottom: 15px;'>\n<div style='padding: 15px; border-bottom: 1px solid rgba(150&comma; 150&comma; 150&comma; 0.2); font-weight: bold; color: inherit;'>Frecuencia a trav\u00e9s de la mand\u00edbula<\/div>\n<div style='padding: 15px; color: inherit;'>\n<ul style='padding-left: 20px; margin: 0; list-style-type: disc;'>\n<li style='margin-bottom: 5px;'><strong>Rango:<\/strong> 5&comma;0 Hz a 500&comma;0 Hz<\/li>\n<li style='margin-bottom: 5px;'><strong>Resoluci\u00f3n:<\/strong> 0&comma;1 herzios<\/li>\n<li style='margin-bottom: 5px;'><strong>Exactitud:<\/strong> 0&comma;5% \u00b15 d\u00edgitos<\/li>\n<li style='margin-bottom: 5px;'><strong>Nivel de disparo:<\/strong> 5 Hz a 10 Hz&comma; \u226510 A<\/li>\n<li style='margin-bottom: 5px;'><strong>Nivel de disparo:<\/strong> 10 Hz a 100 Hz&comma; \u22655 A<\/li>\n<\/ul><\/div>\n<\/p><\/div>\n<div style='border: 1px solid rgba(150&comma; 150&comma; 150&comma; 0.4); border-radius: 8px; overflow: hidden; margin-bottom: 15px;'>\n<div style='padding: 15px; border-bottom: 1px solid rgba(150&comma; 150&comma; 150&comma; 0.2); font-weight: bold; color: inherit;'>Frecuencia mediante sonda de corriente flexible<\/div>\n<div style='padding: 15px; color: inherit;'>\n<ul style='padding-left: 20px; margin: 0; list-style-type: disc;'>\n<li style='margin-bottom: 5px;'><strong>Rango:<\/strong> 5&comma;0 Hz a 500&comma;0 Hz<\/li>\n<li style='margin-bottom: 5px;'><strong>Resoluci\u00f3n:<\/strong> 0&comma;1 herzios<\/li>\n<li style='margin-bottom: 5px;'><strong>Exactitud:<\/strong> 0&comma;5% \u00b15 d\u00edgitos<\/li>\n<li style='margin-bottom: 5px;'><strong>Nivel de disparo:<\/strong> 5 Hz a 20 Hz&comma; \u226525 A<\/li>\n<li style='margin-bottom: 5px;'><strong>Nivel de disparo:<\/strong> 20 Hz a 100 Hz&comma; \u226520 A<\/li>\n<li style='margin-bottom: 5px;'><strong>Nivel de disparo:<\/strong> 100 Hz a 500 Hz&comma; \u226525 A<\/li>\n<\/ul><\/div>\n<\/p><\/div>\n<div style='border: 1px solid rgba(150&comma; 150&comma; 150&comma; 0.4); border-radius: 8px; overflow: hidden; margin-bottom: 15px;'>\n<div style='padding: 15px; border-bottom: 1px solid rgba(150&comma; 150&comma; 150&comma; 0.2); font-weight: bold; color: inherit;'>Resistencia<\/div>\n<div style='padding: 15px; color: inherit;'>\n<ul style='padding-left: 20px; margin: 0; list-style-type: disc;'>\n<li style='margin-bottom: 5px;'><strong>Rango:<\/strong> 60 k\u03a9<\/li>\n<li style='margin-bottom: 5px;'><strong>Resoluci\u00f3n:<\/strong> 0&comma;1 \u03a9 (\u2264600 \u03a9)<\/li>\n<li style='margin-bottom: 5px;'><strong>Resoluci\u00f3n:<\/strong> 1 \u03a9 (\u22646000 \u03a9)<\/li>\n<li style='margin-bottom: 5px;'><strong>Resoluci\u00f3n:<\/strong> 10 \u03a9 (\u226460 k\u03a9)<\/li>\n<li style='margin-bottom: 5px;'><strong>Exactitud:<\/strong> 1% \u00b15 d\u00edgitos<\/li>\n<\/ul><\/div>\n<\/p><\/div>\n<div style='border: 1px solid rgba(150&comma; 150&comma; 150&comma; 0.4); border-radius: 8px; overflow: hidden; margin-bottom: 15px;'>\n<div style='padding: 15px; border-bottom: 1px solid rgba(150&comma; 150&comma; 150&comma; 0.2); font-weight: bold; color: inherit;'>Capacidad<\/div>\n<div style='padding: 15px; color: inherit;'>\n<ul style='padding-left: 20px; margin: 0; list-style-type: disc;'>\n<li style='margin-bottom: 5px;'><strong>Rango:<\/strong> 1000 \u03bcF<\/li>\n<li style='margin-bottom: 5px;'><strong>Resoluci\u00f3n:<\/strong> 0&comma;1 \u03bcF (\u2264 100 \u03bcF)<\/li>\n<li style='margin-bottom: 5px;'><strong>Resoluci\u00f3n:<\/strong> 1 \u03bcF (\u2264 1000 \u03bcF)<\/li>\n<li style='margin-bottom: 5px;'><strong>Exactitud:<\/strong> 1% \u00b14 d\u00edgitos<\/li>\n<\/ul><\/div>\n<\/p><\/div>\n<\/p><\/div>\n<div style='flex: 1 1 300px; min-width: 280px;'>\n<div style='border: 1px solid rgba(150&comma; 150&comma; 150&comma; 0.4); border-radius: 8px; overflow: hidden;'>\n<div style='padding: 15px; border-bottom: 1px solid rgba(150&comma; 150&comma; 150&comma; 0.2); font-weight: bold; color: inherit;'>Especificaciones mec\u00e1nicas<\/div>\n<div style='padding: 15px; color: inherit;'>\n<ul style='padding-left: 20px; margin: 0; list-style-type: disc;'>\n<li style='margin-bottom: 5px;'><strong>Voltaje m\u00e1ximo entre cualquier terminal y tierra:<\/strong> 1000 V<\/li>\n<li style='margin-bottom: 5px;'><strong>Bater\u00edas:<\/strong> 2 pilas AA&comma; NEDA 15A&comma; IEC LR6<\/li>\n<li style='margin-bottom: 5px;'><strong>Temperatura de funcionamiento:<\/strong> -10 \u00b0C a +50 \u00b0C<\/li>\n<li style='margin-bottom: 5px;'><strong>Temperatura de almacenamiento:<\/strong> -40 \u00b0C a +60 \u00b0C<\/li>\n<li style='margin-bottom: 5px;'><strong>Humedad de funcionamiento:<\/strong> \u226490% HR (de 10 \u00b0C a 30 \u00b0C)&comma; \u226475% HR (de 30 \u00b0C a 40 \u00b0C)<\/li>\n<li style='margin-bottom: 5px;'><strong>Altitud de funcionamiento:<\/strong> 3000m<\/li>\n<li style='margin-bottom: 5px;'><strong>Altitud de almacenamiento:<\/strong> 12.000 m<\/li>\n<li style='margin-bottom: 5px;'><strong>Tama\u00f1o (largo x ancho x alto):<\/strong> No especificado en el contenido<\/li>\n<\/ul><\/div>\n<\/p><\/div>\n<\/p><\/div>\n<\/p><\/div>\n<hr style='border: 0; border-top: 1px solid rgba(150&comma; 150&comma; 150&comma; 0.3); margin: 30px 0;'> <\/div>\n","protected":false},"excerpt":{"rendered":"<p>Amper\u00edmetro de Gancho 600A TRMS AC\/DC C\/Filtro con FC<\/p>\n","protected":false},"featured_media":45778,"comment_status":"open","ping_status":"closed","template":"","meta":[],"product_brand":[],"product_cat":[462],"product_tag":[393,25,131],"class_list":{"0":"post-45779","1":"product","2":"type-product","3":"status-publish","4":"has-post-thumbnail","6":"product_cat-herramientas-electricas-herramientas","7":"product_tag-fluke","8":"product_tag-herramientas","9":"product_tag-herramientas-electricas","11":"first","12":"outofstock","13":"sale","14":"shipping-taxable","15":"purchasable","16":"product-type-simple"},"_links":{"self":[{"href":"https:\/\/soydeaqui.ddns.net\/pachuca\/index.php\/wp-json\/wp\/v2\/product\/45779","targetHints":{"allow":["GET"]}}],"collection":[{"href":"https:\/\/soydeaqui.ddns.net\/pachuca\/index.php\/wp-json\/wp\/v2\/product"}],"about":[{"href":"https:\/\/soydeaqui.ddns.net\/pachuca\/index.php\/wp-json\/wp\/v2\/types\/product"}],"replies":[{"embeddable":true,"href":"https:\/\/soydeaqui.ddns.net\/pachuca\/index.php\/wp-json\/wp\/v2\/comments?post=45779"}],"wp:featuredmedia":[{"embeddable":true,"href":"https:\/\/soydeaqui.ddns.net\/pachuca\/index.php\/wp-json\/wp\/v2\/media\/45778"}],"wp:attachment":[{"href":"https:\/\/soydeaqui.ddns.net\/pachuca\/index.php\/wp-json\/wp\/v2\/media?parent=45779"}],"wp:term":[{"taxonomy":"product_brand","embeddable":true,"href":"https:\/\/soydeaqui.ddns.net\/pachuca\/index.php\/wp-json\/wp\/v2\/product_brand?post=45779"},{"taxonomy":"product_cat","embeddable":true,"href":"https:\/\/soydeaqui.ddns.net\/pachuca\/index.php\/wp-json\/wp\/v2\/product_cat?post=45779"},{"taxonomy":"product_tag","embeddable":true,"href":"https:\/\/soydeaqui.ddns.net\/pachuca\/index.php\/wp-json\/wp\/v2\/product_tag?post=45779"}],"curies":[{"name":"wp","href":"https:\/\/api.w.org\/{rel}","templated":true}]}}