{"id":45777,"date":"2026-03-18T20:18:26","date_gmt":"2026-03-18T20:18:26","guid":{"rendered":"https:\/\/soydeaqui.ddns.net\/pachuca\/index.php\/producto\/amperimetro-de-gancho-para-medida-de-corriente-en-ca-de-999-a-y-tension-en-ca-y-cc-de-600v-2\/"},"modified":"2026-03-18T20:18:27","modified_gmt":"2026-03-18T20:18:27","slug":"amperimetro-de-gancho-para-medida-de-corriente-en-ca-de-999-a-y-tension-en-ca-y-cc-de-600v-2","status":"publish","type":"product","link":"https:\/\/soydeaqui.ddns.net\/pachuca\/index.php\/producto\/amperimetro-de-gancho-para-medida-de-corriente-en-ca-de-999-a-y-tension-en-ca-y-cc-de-600v-2\/","title":{"rendered":"Amperimetro de Gancho, Para Medida de Corriente en CA de 999 A y Tensi\u00f3n en CA y CC de 600V"},"content":{"rendered":"<div style='width: 100%; max-width: 1200px; margin: 0 auto; font-family: sans-serif; line-height: 1.6; color: inherit; background-color: transparent;'>\n<div style='margin-bottom: 30px;'> <img style='width: 100%; height: auto; border: 1px solid rgba(150&comma;150&comma;150&comma;0.3); border-radius: 8px;' src='https:\/\/www.risoul.com.mx\/hs-fs\/hubfs\/Fluke-Logo.png?width=1557&#038;name=Fluke-Logo.png' alt='Distribuidor productos Fluke'> <\/div>\n<div style='margin-bottom: 30px;'>\n<h3 style='font-size: 22px; border-bottom: 2px solid currentColor; padding-bottom: 5px; margin-top: 0; color: inherit; opacity: 0.8;'>Funciones principales<\/h3>\n<ul style='padding-left: 20px; font-size: 15px; color: inherit;'>\n<li style='margin-bottom: 5px;'>Registrar y observar las tendencias de las mediciones para localizar las fallas intermitentes<\/li>\n<li style='margin-bottom: 5px;'>Transmitir los resultados de manera inal\u00e1mbrica con la aplicaci\u00f3n para mediciones de Fluke Connect\u00ae<\/li>\n<li style='margin-bottom: 5px;'>Crear y enviar informes desde el terreno<\/li>\n<li style='margin-bottom: 5px;'>Permanecer seguro y lejos del \u00e1rea del arco el\u00e9ctrico con conectividad Bluetooth a dispositivos Apple y Android<\/li>\n<\/ul><\/div>\n<div style='margin-bottom: 30px;'>\n<p style='font-size: 15px; color: inherit;'>El modelo Fluke 376 FC es el sustituto directo de la pinza amperim\u00e9trica Fluke 376.<\/p>\n<\/p><\/div>\n<p> <!-- Especificaciones --> <\/p>\n<div style='display: flex; flex-wrap: wrap; gap: 20px; margin-bottom: 30px;'>\n<div style='flex: 1 1 250px; border: 1px solid rgba(150&comma; 150&comma; 150&comma; 0.4); border-radius: 8px; overflow: hidden; display: flex; flex-direction: column;'>\n<div style='padding: 15px; border-bottom: 1px solid rgba(150&comma; 150&comma; 150&comma; 0.2); font-weight: bold; font-size: 18px; color: inherit;'>Especificaciones generales<\/div>\n<div style='padding: 15px; color: inherit;'>\n<ul style='padding-left: 20px; margin: 0; font-size: 14px; list-style-type: disc;'>\n<li style='margin-bottom: 5px;'><strong>Corriente CA por medio de mordaza:<\/strong> 999&comma;9 A<\/li>\n<li style='margin-bottom: 5px;'><strong>Resoluci\u00f3n:<\/strong> 0&comma;1 A<\/li>\n<li style='margin-bottom: 5px;'><strong>Exactitud:<\/strong> 2% \u00b15 d\u00edgitos (10 Hz a 100 Hz)<\/li>\n<li style='margin-bottom: 5px;'><strong>Exactitud:<\/strong> 2&comma;5% \u00b1 5 d\u00edgitos (100 a 500 Hz)<\/li>\n<li style='margin-bottom: 5px;'><strong>Factor de cresta (50\/60 Hz):<\/strong> 3 a 500 A<\/li>\n<li style='margin-bottom: 5px;'><strong>Factor de cresta (50\/60 Hz):<\/strong> 2&comma;5 a 600 A<\/li>\n<li style='margin-bottom: 5px;'><strong>Factor de cresta (50\/60 Hz):<\/strong> Agregar un 2% para C.F. >2<\/li>\n<li style='margin-bottom: 5px;'><strong>Corriente CA por medio de sonda flexible de corriente:<\/strong> 2.500 A<\/li>\n<li style='margin-bottom: 5px;'><strong>Resoluci\u00f3n:<\/strong> 0&comma;1 A (\u2264 600 A)<\/li>\n<li style='margin-bottom: 5px;'><strong>Resoluci\u00f3n:<\/strong> 1 A (\u2264 2500 A)<\/li>\n<li style='margin-bottom: 5px;'><strong>Exactitud:<\/strong> 3 % \u00b1 5 d\u00edgitos (5 &#8211; 500 Hz)<\/li>\n<li style='margin-bottom: 5px;'><strong>Factor de cresta (50\/60Hz):<\/strong> 3&comma;0 a 1.100 A<\/li>\n<li style='margin-bottom: 5px;'><strong>Factor de cresta (50\/60Hz):<\/strong> 2&comma;5 a 1.400 A<\/li>\n<li style='margin-bottom: 5px;'><strong>Factor de cresta (50\/60Hz):<\/strong> 1&comma;42 a 2.500 A<\/li>\n<li style='margin-bottom: 5px;'><strong>Factor de cresta (50\/60Hz):<\/strong> Agregar un 2% para C.F. > 2<\/li>\n<\/ul><\/div>\n<\/p><\/div>\n<div style='flex: 1 1 250px; border: 1px solid rgba(150&comma; 150&comma; 150&comma; 0.4); border-radius: 8px; overflow: hidden; display: flex; flex-direction: column;'>\n<div style='padding: 15px; border-bottom: 1px solid rgba(150&comma; 150&comma; 150&comma; 0.2); font-weight: bold; font-size: 18px; color: inherit;'>Sensibilidad de posici\u00f3n<\/div>\n<div style='padding: 15px; color: inherit;'>\n<div style='margin-bottom: 15px;'> <img style='width: 100%; height: auto; border: 1px solid rgba(150&comma;150&comma;150&comma;0.3); border-radius: 8px;' src='https:\/\/dam-assets.fluke.com\/s3fs-public\/37x_position_sens_100x181.png' alt='Sonda flexible de corriente'> <\/div>\n<ul style='padding-left: 20px; margin: 0; font-size: 14px; list-style-type: disc;'>\n<li style='margin-bottom: 5px;'><strong>i2500-10 Flex<\/strong><\/li>\n<li style='margin-bottom: 5px;'><strong>i2500-18 Flex<\/strong><\/li>\n<li style='margin-bottom: 5px;'><strong>Distancia desde la posici\u00f3n \u00f3ptima:<\/strong> 12&comma;7 mm (0&comma;5 pulg.)<\/li>\n<li style='margin-bottom: 5px;'><strong>Distancia desde la posici\u00f3n \u00f3ptima:<\/strong> 35&comma;6 mm (1&comma;4 pulg.)<\/li>\n<li style='margin-bottom: 5px;'><strong>Error:<\/strong> \u00b10&comma;5 %<\/li>\n<li style='margin-bottom: 5px;'><strong>Error:<\/strong> \u00b10&comma;5 %<\/li>\n<\/ul><\/div>\n<\/p><\/div>\n<div style='flex: 1 1 250px; border: 1px solid rgba(150&comma; 150&comma; 150&comma; 0.4); border-radius: 8px; overflow: hidden; display: flex; flex-direction: column;'>\n<div style='padding: 15px; border-bottom: 1px solid rgba(150&comma; 150&comma; 150&comma; 0.2); font-weight: bold; font-size: 18px; color: inherit;'>Corriente CC<\/div>\n<div style='padding: 15px; color: inherit;'>\n<ul style='padding-left: 20px; margin: 0; font-size: 14px; list-style-type: disc;'>\n<li style='margin-bottom: 5px;'><strong>Rango:<\/strong> 999.9 A<\/li>\n<li style='margin-bottom: 5px;'><strong>Resoluci\u00f3n:<\/strong> 0&comma;1 A<\/li>\n<li style='margin-bottom: 5px;'><strong>Exactitud:<\/strong> 2% \u00b15 d\u00edgitos<\/li>\n<\/ul><\/div>\n<\/p><\/div>\n<div style='flex: 1 1 250px; border: 1px solid rgba(150&comma; 150&comma; 150&comma; 0.4); border-radius: 8px; overflow: hidden; display: flex; flex-direction: column;'>\n<div style='padding: 15px; border-bottom: 1px solid rgba(150&comma; 150&comma; 150&comma; 0.2); font-weight: bold; font-size: 18px; color: inherit;'>Tensi\u00f3n CA<\/div>\n<div style='padding: 15px; color: inherit;'>\n<ul style='padding-left: 20px; margin: 0; font-size: 14px; list-style-type: disc;'>\n<li style='margin-bottom: 5px;'><strong>Rango:<\/strong> 1000 V<\/li>\n<li style='margin-bottom: 5px;'><strong>Resoluci\u00f3n:<\/strong> 0&comma;1 V (\u2264600&comma;0 V)<\/li>\n<li style='margin-bottom: 5px;'><strong>Resoluci\u00f3n:<\/strong> 1 V (\u22641000 V)<\/li>\n<li style='margin-bottom: 5px;'><strong>Precisi\u00f3n:<\/strong> 1&comma;5% \u00b15 d\u00edgitos (20 Hz a 500 Hz)<\/li>\n<\/ul><\/div>\n<\/p><\/div>\n<div style='flex: 1 1 250px; border: 1px solid rgba(150&comma; 150&comma; 150&comma; 0.4); border-radius: 8px; overflow: hidden; display: flex; flex-direction: column;'>\n<div style='padding: 15px; border-bottom: 1px solid rgba(150&comma; 150&comma; 150&comma; 0.2); font-weight: bold; font-size: 18px; color: inherit;'>Tensi\u00f3n CC<\/div>\n<div style='padding: 15px; color: inherit;'>\n<ul style='padding-left: 20px; margin: 0; font-size: 14px; list-style-type: disc;'>\n<li style='margin-bottom: 5px;'><strong>Rango:<\/strong> 1000 V<\/li>\n<li style='margin-bottom: 5px;'><strong>Resoluci\u00f3n:<\/strong> 0&comma;1 V (\u2264600&comma;0 V)<\/li>\n<li style='margin-bottom: 5px;'><strong>Resoluci\u00f3n:<\/strong> 1 V (\u22641000 V)<\/li>\n<li style='margin-bottom: 5px;'><strong>Precisi\u00f3n:<\/strong> 1% \u00b15 d\u00edgitos<\/li>\n<\/ul><\/div>\n<\/p><\/div>\n<div style='flex: 1 1 250px; border: 1px solid rgba(150&comma; 150&comma; 150&comma; 0.4); border-radius: 8px; overflow: hidden; display: flex; flex-direction: column;'>\n<div style='padding: 15px; border-bottom: 1px solid rgba(150&comma; 150&comma; 150&comma; 0.2); font-weight: bold; font-size: 18px; color: inherit;'>mV CC<\/div>\n<div style='padding: 15px; color: inherit;'>\n<ul style='padding-left: 20px; margin: 0; font-size: 14px; list-style-type: disc;'>\n<li style='margin-bottom: 5px;'><strong>Rango:<\/strong> 500&comma;0 mV<\/li>\n<li style='margin-bottom: 5px;'><strong>Resoluci\u00f3n:<\/strong> 0&comma;1 mV<\/li>\n<li style='margin-bottom: 5px;'><strong>Precisi\u00f3n:<\/strong> 1% \u00b15 d\u00edgitos<\/li>\n<\/ul><\/div>\n<\/p><\/div>\n<div style='flex: 1 1 250px; border: 1px solid rgba(150&comma; 150&comma; 150&comma; 0.4); border-radius: 8px; overflow: hidden; display: flex; flex-direction: column;'>\n<div style='padding: 15px; border-bottom: 1px solid rgba(150&comma; 150&comma; 150&comma; 0.2); font-weight: bold; font-size: 18px; color: inherit;'>Frecuencia por medio de mordaza<\/div>\n<div style='padding: 15px; color: inherit;'>\n<ul style='padding-left: 20px; margin: 0; font-size: 14px; list-style-type: disc;'>\n<li style='margin-bottom: 5px;'><strong>Rango:<\/strong> 5&comma;0 Hz a 500&comma;0 Hz<\/li>\n<li style='margin-bottom: 5px;'><strong>Resoluci\u00f3n:<\/strong> 0&comma;1 Hz<\/li>\n<li style='margin-bottom: 5px;'><strong>Precisi\u00f3n:<\/strong> 0&comma;5% \u00b15 d\u00edgitos<\/li>\n<li style='margin-bottom: 5px;'><strong>Nivel de activaci\u00f3n:<\/strong> 5 Hz a 10 Hz&comma; \u226510 A<\/li>\n<li style='margin-bottom: 5px;'><strong>Nivel de activaci\u00f3n:<\/strong> 10 Hz a 100 Hz&comma; \u22655 A<\/li>\n<li style='margin-bottom: 5px;'><strong>Nivel de activaci\u00f3n:<\/strong> 100 Hz a 500 Hz&comma; \u226510 A<\/li>\n<\/ul><\/div>\n<\/p><\/div>\n<div style='flex: 1 1 250px; border: 1px solid rgba(150&comma; 150&comma; 150&comma; 0.4); border-radius: 8px; overflow: hidden; display: flex; flex-direction: column;'>\n<div style='padding: 15px; border-bottom: 1px solid rgba(150&comma; 150&comma; 150&comma; 0.2); font-weight: bold; font-size: 18px; color: inherit;'>Frecuencia por medio de sonda flexible de corriente<\/div>\n<div style='padding: 15px; color: inherit;'>\n<ul style='padding-left: 20px; margin: 0; font-size: 14px; list-style-type: disc;'>\n<li style='margin-bottom: 5px;'><strong>Rango:<\/strong> 5&comma;0 Hz a 500&comma;0 Hz<\/li>\n<li style='margin-bottom: 5px;'><strong>Resoluci\u00f3n:<\/strong> 0&comma;1 Hz<\/li>\n<li style='margin-bottom: 5px;'><strong>Precisi\u00f3n:<\/strong> 0&comma;5% \u00b15 d\u00edgitos<\/li>\n<li style='margin-bottom: 5px;'><strong>Nivel de activaci\u00f3n:<\/strong> 5 Hz a 20 Hz&comma; \u226525 A<\/li>\n<li style='margin-bottom: 5px;'><strong>Nivel de activaci\u00f3n:<\/strong> 20 Hz a 100 Hz&comma; \u226520 A<\/li>\n<li style='margin-bottom: 5px;'><strong>Nivel de activaci\u00f3n:<\/strong> 100 Hz a 500 Hz&comma; \u226525 A<\/li>\n<\/ul><\/div>\n<\/p><\/div>\n<div style='flex: 1 1 250px; border: 1px solid rgba(150&comma; 150&comma; 150&comma; 0.4); border-radius: 8px; overflow: hidden; display: flex; flex-direction: column;'>\n<div style='padding: 15px; border-bottom: 1px solid rgba(150&comma; 150&comma; 150&comma; 0.2); font-weight: bold; font-size: 18px; color: inherit;'>Resistencia<\/div>\n<div style='padding: 15px; color: inherit;'>\n<ul style='padding-left: 20px; margin: 0; font-size: 14px; list-style-type: disc;'>\n<li style='margin-bottom: 5px;'><strong>Rango:<\/strong> 60 k\u03a9<\/li>\n<li style='margin-bottom: 5px;'><strong>Resoluci\u00f3n:<\/strong> 0&comma;1 \u03a9 (\u2264600 \u03a9)<\/li>\n<li style='margin-bottom: 5px;'><strong>Resoluci\u00f3n:<\/strong> 1 \u03a9 (\u22646000 \u03a9)<\/li>\n<li style='margin-bottom: 5px;'><strong>Resoluci\u00f3n:<\/strong> 10 \u03a9 (\u226460 k\u03a9)<\/li>\n<li style='margin-bottom: 5px;'><strong>Precisi\u00f3n:<\/strong> 1% \u00b15 d\u00edgitos<\/li>\n<\/ul><\/div>\n<\/p><\/div>\n<div style='flex: 1 1 250px; border: 1px solid rgba(150&comma; 150&comma; 150&comma; 0.4); border-radius: 8px; overflow: hidden; display: flex; flex-direction: column;'>\n<div style='padding: 15px; border-bottom: 1px solid rgba(150&comma; 150&comma; 150&comma; 0.2); font-weight: bold; font-size: 18px; color: inherit;'>Capacidad<\/div>\n<div style='padding: 15px; color: inherit;'>\n<ul style='padding-left: 20px; margin: 0; font-size: 14px; list-style-type: disc;'>\n<li style='margin-bottom: 5px;'><strong>Rango:<\/strong> 1.000 \u03bcF<\/li>\n<li style='margin-bottom: 5px;'><strong>Resoluci\u00f3n:<\/strong> 0&comma;1 \u03bcF (\u2264 100 \u03bcF)<\/li>\n<li style='margin-bottom: 5px;'><strong>Resoluci\u00f3n:<\/strong> 1 \u03bcF (\u2264 1000 \u03bcF)<\/li>\n<li style='margin-bottom: 5px;'><strong>Precisi\u00f3n:<\/strong> 1% \u00b14 d\u00edgitos<\/li>\n<\/ul><\/div>\n<\/p><\/div>\n<div style='flex: 1 1 250px; border: 1px solid rgba(150&comma; 150&comma; 150&comma; 0.4); border-radius: 8px; overflow: hidden; display: flex; flex-direction: column;'>\n<div style='padding: 15px; border-bottom: 1px solid rgba(150&comma; 150&comma; 150&comma; 0.2); font-weight: bold; font-size: 18px; color: inherit;'>Especificaciones mec\u00e1nicas<\/div>\n<div style='padding: 15px; color: inherit;'>\n<ul style='padding-left: 20px; margin: 0; font-size: 14px; list-style-type: disc;'>\n<li style='margin-bottom: 5px;'><strong>Tensi\u00f3n m\u00e1xima entre cualquier terminal y tierra:<\/strong> 1000 V<\/li>\n<li style='margin-bottom: 5px;'><strong>Bater\u00edas:<\/strong> 2 AA&comma; NEDA 15A&comma; IEC LR6<\/li>\n<li style='margin-bottom: 5px;'><strong>Temperatura de funcionamiento:<\/strong> -10 a +50 \u00b0C<\/li>\n<li style='margin-bottom: 5px;'><strong>Temperatura de almacenamiento:<\/strong> -40 \u00b0C a +60 \u00b0C<\/li>\n<li style='margin-bottom: 5px;'><strong>Humedad de funcionamiento:<\/strong> \u226490% HR (a una temperatura de 10 \u00b0C hasta 30 \u00b0C)<\/li>\n<li style='margin-bottom: 5px;'><strong>Humedad de funcionamiento:<\/strong> \u226475% HR (a una temperatura de 30 \u00b0C hasta 40 \u00b0C)<\/li>\n<li style='margin-bottom: 5px;'><strong>Humedad de funcionamiento:<\/strong> \u226445% HR (a una temperatura de 40 \u00b0C hasta 50 \u00b0C)<\/li>\n<li style='margin-bottom: 5px;'><strong>Altitud de funcionamiento:<\/strong> 2.000 m<\/li>\n<li style='margin-bottom: 5px;'><strong>Altitud de almacenamiento:<\/strong> 12.000 m<\/li>\n<li style='margin-bottom: 5px;'><strong>Tama\u00f1o (long. x anch. x alt.):<\/strong> 249 x 85 x 45 mm<\/li>\n<li style='margin-bottom: 5px;'><strong>Peso:<\/strong> 395 g<\/li>\n<li style='margin-bottom: 5px;'><strong>Apertura de la mordaza:<\/strong> 34 mm<\/li>\n<li style='margin-bottom: 5px;'><strong>Di\u00e1metro de la sonda de corriente flexible:<\/strong> 7&comma;5 mm<\/li>\n<li style='margin-bottom: 5px;'><strong>Largo del cable de la sonda flexible de corriente:<\/strong> 1&comma;8 m<\/li>\n<\/ul><\/div>\n<\/p><\/div>\n<div style='flex: 1 1 250px; border: 1px solid rgba(150&comma; 150&comma; 150&comma; 0.4); border-radius: 8px; overflow: hidden; display: flex; flex-direction: column;'>\n<div style='padding: 15px; border-bottom: 1px solid rgba(150&comma; 150&comma; 150&comma; 0.2); font-weight: bold; font-size: 18px; color: inherit;'>Seguridad<\/div>\n<div style='padding: 15px; color: inherit;'>\n<ul style='padding-left: 20px; margin: 0; font-size: 14px; list-style-type: disc;'>\n<li style='margin-bottom: 5px;'><strong>IEC 61010-1:<\/strong> Grado de contaminaci\u00f3n 2<\/li>\n<li style='margin-bottom: 5px;'><strong>IEC 61010-2-032:<\/strong> CAT III 1000 V \/ CAT IV 600 V<\/li>\n<li style='margin-bottom: 5px;'><strong>IEC 61010-2-033:<\/strong> CAT III 1000 V \/ CAT IV 600 V<\/li>\n<li style='margin-bottom: 5px;'><strong>Clasificaci\u00f3n IP:<\/strong> IEC 60529: IP30&comma; en reposo<\/li>\n<li style='margin-bottom: 5px;'><strong>Certificaci\u00f3n de radio frecuencia FCC ID:<\/strong> T68-FBLE IC:6627A-FBLE<\/li>\n<\/ul><\/div>\n<\/p><\/div>\n<div style='flex: 1 1 250px; border: 1px solid rgba(150&comma; 150&comma; 150&comma; 0.4); border-radius: 8px; overflow: hidden; display: flex; flex-direction: column;'>\n<div style='padding: 15px; border-bottom: 1px solid rgba(150&comma; 150&comma; 150&comma; 0.2); font-weight: bold; font-size: 18px; color: inherit;'>Compatibilidad electromagn\u00e9tica (CEM)<\/div>\n<div style='padding: 15px; color: inherit;'>\n<ul style='padding-left: 20px; margin: 0; font-size: 14px; list-style-type: disc;'>\n<li style='margin-bottom: 5px;'><strong>Internacional:<\/strong> IEC 61326-1: port\u00e1til&comma; entorno electromagn\u00e9tico&comma; IEC 61326-2-2<\/li>\n<li style='margin-bottom: 5px;'><strong>CISPR 11:<\/strong> Grupo 1&comma; clase A<\/li>\n<li style='margin-bottom: 5px;'><strong>Grupo 1:<\/strong> El equipo genera o usa intencionalmente energ\u00eda de radio frecuencia conductivamente acoplada que es necesaria para el funcionamiento interno del equipo.<\/li>\n<li style='margin-bottom: 5px;'><strong>Clase A:<\/strong> El equipo es adecuado para usarlo en todos los establecimientos no dom\u00e9sticos y en aquellos conectados directamente a una red de suministro el\u00e9ctrico de bajo voltaje que suministra a edificios usados para fines dom\u00e9sticos. Puede haber dificultades potenciales para asegurar la compatibilidad electromagn\u00e9tica en otros entornos&comma; debido a perturbaciones conducidas y radiadas. Es posible que se generen emisiones que superen los niveles que requiere CISPR 11 cuando el equipo se conecta a un objeto de prueba.<\/li>\n<li style='margin-bottom: 5px;'><strong>Corea (KCC):<\/strong> Equipo de Clase A (equipo de comunicaci\u00f3n y difusi\u00f3n industrial)<\/li>\n<li style='margin-bottom: 5px;'><strong>Clase A:<\/strong> El equipo cumple con los requisitos para los equipos industriales de onda electromagn\u00e9tica y el vendedor o el usuario deben percatarse de esto. Este equipo est\u00e1 dise\u00f1ado para su uso en entornos comerciales&comma; no dom\u00e9sticos.<\/li>\n<li style='margin-bottom: 5px;'><strong>EE. UU. (FCC):<\/strong> 47 CFR 15 subsecci\u00f3n B. Este producto se considera un dispositivo exento seg\u00fan la cl\u00e1usula 15.103.<\/li>\n<\/ul><\/div>\n<\/p><\/div>\n<div style='flex: 1 1 250px; border: 1px solid rgba(150&comma; 150&comma; 150&comma; 0.4); border-radius: 8px; overflow: hidden; display: flex; flex-direction: column;'>\n<div style='padding: 15px; border-bottom: 1px solid rgba(150&comma; 150&comma; 150&comma; 0.2); font-weight: bold; font-size: 18px; color: inherit;'>Coeficientes de temperatura<\/div>\n<div style='padding: 15px; color: inherit;'>\n<p style='margin: 0; font-size: 14px;'>Sumar 0&comma;1 x la precisi\u00f3n especificada por cada grado cent\u00edgrado por arriba de 28 \u00b0C o por debajo de 18 \u00b0C<\/p>\n<\/p><\/div>\n<\/p><\/div>\n<\/p><\/div>\n<div style='margin-bottom: 30px;'>\n<p style='font-size: 15px; color: inherit;'>En la incertidumbre de medida se asume la presencia de un conductor primario centralizado en una posici\u00f3n \u00f3ptima&comma; sin un campo magn\u00e9tico o el\u00e9ctrico externo&comma; y dentro del rango de temperaturas de trabajo.<\/p>\n<\/p><\/div>\n<hr style='border: 0; border-top: 1px solid rgba(150&comma; 150&comma; 150&comma; 0.3); margin: 30px 0;'> <\/div>\n","protected":false},"excerpt":{"rendered":"<p>Amperimetro de Gancho, Para Medida de Corriente en CA de 999 A y Tensi\u00f3n en CA y CC de 600V<\/p>\n","protected":false},"featured_media":45776,"comment_status":"open","ping_status":"closed","template":"","meta":[],"product_brand":[],"product_cat":[462],"product_tag":[393,25,131],"class_list":{"0":"post-45777","1":"product","2":"type-product","3":"status-publish","4":"has-post-thumbnail","6":"product_cat-herramientas-electricas-herramientas","7":"product_tag-fluke","8":"product_tag-herramientas","9":"product_tag-herramientas-electricas","11":"first","12":"instock","13":"sale","14":"shipping-taxable","15":"purchasable","16":"product-type-simple"},"_links":{"self":[{"href":"https:\/\/soydeaqui.ddns.net\/pachuca\/index.php\/wp-json\/wp\/v2\/product\/45777","targetHints":{"allow":["GET"]}}],"collection":[{"href":"https:\/\/soydeaqui.ddns.net\/pachuca\/index.php\/wp-json\/wp\/v2\/product"}],"about":[{"href":"https:\/\/soydeaqui.ddns.net\/pachuca\/index.php\/wp-json\/wp\/v2\/types\/product"}],"replies":[{"embeddable":true,"href":"https:\/\/soydeaqui.ddns.net\/pachuca\/index.php\/wp-json\/wp\/v2\/comments?post=45777"}],"wp:featuredmedia":[{"embeddable":true,"href":"https:\/\/soydeaqui.ddns.net\/pachuca\/index.php\/wp-json\/wp\/v2\/media\/45776"}],"wp:attachment":[{"href":"https:\/\/soydeaqui.ddns.net\/pachuca\/index.php\/wp-json\/wp\/v2\/media?parent=45777"}],"wp:term":[{"taxonomy":"product_brand","embeddable":true,"href":"https:\/\/soydeaqui.ddns.net\/pachuca\/index.php\/wp-json\/wp\/v2\/product_brand?post=45777"},{"taxonomy":"product_cat","embeddable":true,"href":"https:\/\/soydeaqui.ddns.net\/pachuca\/index.php\/wp-json\/wp\/v2\/product_cat?post=45777"},{"taxonomy":"product_tag","embeddable":true,"href":"https:\/\/soydeaqui.ddns.net\/pachuca\/index.php\/wp-json\/wp\/v2\/product_tag?post=45777"}],"curies":[{"name":"wp","href":"https:\/\/api.w.org\/{rel}","templated":true}]}}