{"id":45761,"date":"2026-03-18T20:17:57","date_gmt":"2026-03-18T20:17:57","guid":{"rendered":"https:\/\/soydeaqui.ddns.net\/pachuca\/index.php\/producto\/registrador-trifasico-de-calidad-electrica-version-avanzada-con-wifi-bleu\/"},"modified":"2026-03-18T20:17:59","modified_gmt":"2026-03-18T20:17:59","slug":"registrador-trifasico-de-calidad-electrica-version-avanzada-con-wifi-bleu","status":"publish","type":"product","link":"https:\/\/soydeaqui.ddns.net\/pachuca\/index.php\/producto\/registrador-trifasico-de-calidad-electrica-version-avanzada-con-wifi-bleu\/","title":{"rendered":"Registrador Trif\u00e1sico de Calidad  El\u00e9ctrica, Versi\u00f3n  Avanzada con  WIFI\/BLEU"},"content":{"rendered":"<div style='width: 100%; max-width: 1200px; margin: 0 auto; font-family: sans-serif; line-height: 1.6; color: inherit; background-color: transparent;'>\n<div style='display: flex; flex-wrap: wrap; gap: 30px; margin-bottom: 30px;'>\n<div style='flex: 1 1 300px; min-width: 280px;'>\n<h3 style='font-size: 22px; border-bottom: 2px solid currentColor; padding-bottom: 5px; margin-top: 0; color: inherit; opacity: 0.8;'>Caracter\u00edsticas principales<\/h3>\n<ul style='padding-left: 20px; font-size: 15px; color: inherit;'>\n<li style='margin-bottom: 5px;'> <strong>Principales medidas:<\/strong> Capture y registre autom\u00e1ticamente los valores de tensi\u00f3n&comma; corriente&comma; energ\u00eda&comma; arm\u00f3nicos y calidad el\u00e9ctrica asociada&comma; y capture ca\u00eddas&comma; subidas y sobrecargas de la corriente con im\u00e1genes de la forma de onda del evento y perfiles de alta resoluci\u00f3n del verdadero valor eficaz. <\/li>\n<li style='margin-bottom: 5px;'> <strong>Alimentaci\u00f3n pr\u00e1ctica del instrumento:<\/strong> Alimentaci\u00f3n directa del instrumento desde el circuito medido <\/li>\n<li style='margin-bottom: 5px;'> <strong>Software de aplicaci\u00f3n Energy Analyze Plus:<\/strong> Descargue y analice cualquier detalle de consumo de energ\u00eda y estado de la calidad el\u00e9ctrica con nuestro informe autom\u00e1tico y utilice el resumen integrado de estado de la calidad el\u00e9ctrica para comprender el estado del sistema en un instante. <\/li>\n<\/ul><\/div>\n<\/p><\/div>\n<div style='display: flex; flex-wrap: wrap; gap: 20px; margin-bottom: 30px;'>\n<div style='flex: 1 1 250px; border: 1px solid rgba(150&comma; 150&comma; 150&comma; 0.4); border-radius: 8px; overflow: hidden; display: flex; flex-direction: column;'>\n<div style='padding: 15px; border-bottom: 1px solid rgba(150&comma; 150&comma; 150&comma; 0.2); font-weight: bold; font-size: 18px; color: inherit;'>Incluye<\/div>\n<div style='padding: 15px; color: inherit;'>\n<ul style='padding-left: 20px; margin: 0; font-size: 14px; list-style-type: disc;'>\n<li style='margin-bottom: 5px;'>Instrumento 1738 de Fluke<\/li>\n<li style='margin-bottom: 5px;'>Juego de cables de prueba para medida de tensi\u00f3n<\/li>\n<li style='margin-bottom: 5px;'>Pinzas de conexi\u00f3n (4x)<\/li>\n<li style='margin-bottom: 5px;'>Sonda de corriente flexible de 1500 A y 12 pulgadas. (4x)<\/li>\n<li style='margin-bottom: 5px;'>Estuche flexible<\/li>\n<li style='margin-bottom: 5px;'>Software Energy Analyze Plus<\/li>\n<li style='margin-bottom: 5px;'>Adaptador Wi-Fi<\/li>\n<li style='margin-bottom: 5px;'>Adaptador Bluetooth<\/li>\n<li style='margin-bottom: 5px;'>Cables de l\u00ednea<\/li>\n<li style='margin-bottom: 5px;'>Juego de codificaci\u00f3n por colores<\/li>\n<\/ul><\/div>\n<\/p><\/div>\n<\/p><\/div>\n<div style='display: flex; flex-wrap: wrap; gap: 20px; margin-bottom: 30px;'>\n<div style='flex: 1 1 300px; min-width: 280px;'> <img style='width: 100%; height: auto; border: 1px solid rgba(150&comma;150&comma;150&comma;0.3); border-radius: 8px;' src='https:\/\/www.risoul.com.mx\/hs-fs\/hubfs\/Fluke-Logo.png?width=1557&#038;name=Fluke-Logo.png' alt='Distribuidor productos Fluke'> <\/div>\n<div style='flex: 1 1 300px; min-width: 280px;'> <img style='width: 100%; height: auto; border: 1px solid rgba(150&comma;150&comma;150&comma;0.3); border-radius: 8px;' src='https:\/\/ftp3.syscom.mx\/usuarios\/fotos\/FLUKE1738\/EUS\/203072-captura_de_pantalla_2022-11-29_a_la(s)_11.32.42.png' alt=''> <\/div>\n<\/p><\/div>\n<\/p><\/div>\n","protected":false},"excerpt":{"rendered":"<p>Registrador Trif\u00e1sico de Calidad  El\u00e9ctrica, Versi\u00f3n  Avanzada con  WIFI\/BLEU<\/p>\n","protected":false},"featured_media":45760,"comment_status":"open","ping_status":"closed","template":"","meta":[],"product_brand":[],"product_cat":[1140],"product_tag":[1058,393,1141],"class_list":{"0":"post-45761","1":"product","2":"type-product","3":"status-publish","4":"has-post-thumbnail","6":"product_cat-medicion-e-inspeccion-electrica","7":"product_tag-ferreteria","8":"product_tag-fluke","9":"product_tag-medicion-e-inspeccion-electrica","11":"first","12":"outofstock","13":"sale","14":"shipping-taxable","15":"purchasable","16":"product-type-simple"},"_links":{"self":[{"href":"https:\/\/soydeaqui.ddns.net\/pachuca\/index.php\/wp-json\/wp\/v2\/product\/45761","targetHints":{"allow":["GET"]}}],"collection":[{"href":"https:\/\/soydeaqui.ddns.net\/pachuca\/index.php\/wp-json\/wp\/v2\/product"}],"about":[{"href":"https:\/\/soydeaqui.ddns.net\/pachuca\/index.php\/wp-json\/wp\/v2\/types\/product"}],"replies":[{"embeddable":true,"href":"https:\/\/soydeaqui.ddns.net\/pachuca\/index.php\/wp-json\/wp\/v2\/comments?post=45761"}],"wp:featuredmedia":[{"embeddable":true,"href":"https:\/\/soydeaqui.ddns.net\/pachuca\/index.php\/wp-json\/wp\/v2\/media\/45760"}],"wp:attachment":[{"href":"https:\/\/soydeaqui.ddns.net\/pachuca\/index.php\/wp-json\/wp\/v2\/media?parent=45761"}],"wp:term":[{"taxonomy":"product_brand","embeddable":true,"href":"https:\/\/soydeaqui.ddns.net\/pachuca\/index.php\/wp-json\/wp\/v2\/product_brand?post=45761"},{"taxonomy":"product_cat","embeddable":true,"href":"https:\/\/soydeaqui.ddns.net\/pachuca\/index.php\/wp-json\/wp\/v2\/product_cat?post=45761"},{"taxonomy":"product_tag","embeddable":true,"href":"https:\/\/soydeaqui.ddns.net\/pachuca\/index.php\/wp-json\/wp\/v2\/product_tag?post=45761"}],"curies":[{"name":"wp","href":"https:\/\/api.w.org\/{rel}","templated":true}]}}