{"id":45744,"date":"2026-03-18T20:17:26","date_gmt":"2026-03-18T20:17:26","guid":{"rendered":"https:\/\/soydeaqui.ddns.net\/pachuca\/index.php\/producto\/medidor-de-vibraciones-con-fluke-conect\/"},"modified":"2026-03-18T20:17:27","modified_gmt":"2026-03-18T20:17:27","slug":"medidor-de-vibraciones-con-fluke-conect","status":"publish","type":"product","link":"https:\/\/soydeaqui.ddns.net\/pachuca\/index.php\/producto\/medidor-de-vibraciones-con-fluke-conect\/","title":{"rendered":"Medidor de Vibraciones con Fluke Conect"},"content":{"rendered":"<div style='width: 100%; max-width: 1200px; margin: 0 auto; font-family: sans-serif; line-height: 1.6; color: inherit; background-color: transparent;'> <!-- Secci\u00f3n de introducci\u00f3n --> <\/p>\n<div style='margin-bottom: 30px;'>\n<h2 style='font-size: 20px; border-bottom: 2px solid currentColor; padding-bottom: 5px; margin-top: 0; color: inherit; opacity: 0.85;'><strong>La forma fiable&comma; repetible y precisa de comprobar los rodamientos y el estado de la m\u00e1quina<\/strong><\/h2>\n<p style='font-size: 15px; color: inherit; margin-top: 15px; margin-bottom: 15px;'>Tome decisiones de mantenimiento con confianza. El medidor de vibraciones Fluke 805 FC es el dispositivo de detecci\u00f3n de vibraciones m\u00e1s confiable disponible para los equipos de soluci\u00f3n de problemas mec\u00e1nicos de primera l\u00ednea que necesitan lecturas repetibles y escaladas de gravedad de la vibraci\u00f3n general&comma; el estado de los cojinetes y el estado de la m\u00e1quina.<\/p>\n<\/p><\/div>\n<p> <!-- Secci\u00f3n de conectividad --> <\/p>\n<div style='margin-bottom: 30px;'>\n<h2 style='font-size: 20px; border-bottom: 2px solid currentColor; padding-bottom: 5px; margin-top: 0; color: inherit; opacity: 0.85;'><strong>Administre y supervise el flujo de trabajo para obtener mejores resultados de mantenimiento<\/strong><\/h2>\n<p style='font-size: 15px; color: inherit; margin-top: 15px; margin-bottom: 15px;'>Con la aplicaci\u00f3n m\u00f3vil Fluke Connect&comma; ahora es m\u00e1s f\u00e1cil que nunca administrar su flujo de trabajo de detecci\u00f3n de vibraciones. La funcionalidad de perfil de m\u00e1quina integrada le permite configurar perfiles de m\u00e1quina usando la aplicaci\u00f3n y luego enviarlos directamente a su medidor de vibraciones 805 FC. Luego&comma; los usuarios pueden usar la lista de perfiles de m\u00e1quinas para crear \u00f3rdenes de trabajo y desarrollar programas de mantenimiento basados en rutas que se pueden enviar din\u00e1micamente a los t\u00e9cnicos en el campo&comma; lo que ayuda a garantizar el enfoque adecuado en los activos cr\u00edticos. Una vez que se prueba una m\u00e1quina&comma; el 805 FC comunica los resultados directamente a la aplicaci\u00f3n y los asocia con el perfil y la ruta adecuados. Estos datos se pueden compartir f\u00e1cilmente entre equipos&comma; para que pueda tomar mejores decisiones de mantenimiento.<\/p>\n<\/p><\/div>\n<p> <!-- Secci\u00f3n de caracter\u00edsticas --> <\/p>\n<div style='margin-bottom: 30px;'>\n<h2 style='font-size: 20px; border-bottom: 2px solid currentColor; padding-bottom: 5px; margin-top: 0; color: inherit; opacity: 0.85;'><strong>Otras caracter\u00edsticas \u00fatiles:<\/strong><\/h2>\n<ul style='padding-left: 20px; font-size: 15px; color: inherit; margin-top: 15px;'>\n<li style='margin-bottom: 5px;'>Dispositivo fiable&comma; repetible y preciso para comprobar los cojinetes y la vibraci\u00f3n general<\/li>\n<li style='margin-bottom: 5px;'>Cuenta con un dise\u00f1o de sensor innovador que minimiza las variaciones de medici\u00f3n causadas por el \u00e1ngulo del dispositivo o la presi\u00f3n de contacto<\/li>\n<li style='margin-bottom: 5px;'>Proporciona una calidad de datos consistente en rangos de frecuencia alta y baja<\/li>\n<li style='margin-bottom: 5px;'>Ofrece una escala de gravedad de cuatro niveles para evaluar la urgencia de los problemas y el estado de los rodamientos<\/li>\n<li style='margin-bottom: 5px;'>Le permite exportar datos a trav\u00e9s de USB o de forma inal\u00e1mbrica&comma; a trav\u00e9s de la aplicaci\u00f3n m\u00f3vil Fluke Connect\u00ae<\/li>\n<li style='margin-bottom: 5px;'>Compatible con la aplicaci\u00f3n m\u00f3vil Fluke Connect\u00ae que puede transmitir mediciones a su tel\u00e9fono inteligente para compartirlas en tiempo real<\/li>\n<li style='margin-bottom: 5px;'>Le permite obtener autorizaci\u00f3n para dar los siguientes pasos en un instante si el estado de la m\u00e1quina est\u00e1 en riesgo a trav\u00e9s de la aplicaci\u00f3n m\u00f3vil Fluke Connect\u2122*<\/li>\n<li style='margin-bottom: 5px;'>Le permite ver las tendencias en Microsoft\u00ae Excel utilizando plantillas predise\u00f1adas<\/li>\n<li style='margin-bottom: 5px;'>Mide la vibraci\u00f3n general (10 Hz a 1000 Hz) para unidades de medida de aceleraci\u00f3n&comma; velocidad y desplazamiento para una amplia variedad de m\u00e1quinas<\/li>\n<li style='margin-bottom: 5px;'>Proporciona la tecnolog\u00eda Crest Factor+ para una evaluaci\u00f3n confiable de rodamientos mediante mediciones directas de la punta del sensor entre 4000 Hz y 20 000 Hz<\/li>\n<li style='margin-bottom: 5px;'>Compara los niveles de vibraci\u00f3n con las escalas de gravedad ISO-10816 y almacena los resultados en Fluke Connect Cloud<\/li>\n<li style='margin-bottom: 5px;'>Presenta un sistema de iluminaci\u00f3n de colores (verde&comma; rojo) y comentarios en pantalla para indicar cu\u00e1nta presi\u00f3n se debe aplicar para tomar medidas<\/li>\n<li style='margin-bottom: 5px;'>Mide la temperatura con el sensor Spot IR para aumentar las capacidades de diagn\u00f3stico<\/li>\n<li style='margin-bottom: 5px;'>Mantiene y guarda hasta 3500 mediciones en la memoria integrada<\/li>\n<li style='margin-bottom: 5px;'>Soporte de aceler\u00f3metro externo (opcional) para lugares de dif\u00edcil acceso<\/li>\n<li style='margin-bottom: 5px;'>Cuenta con una linterna incorporada para ver las ubicaciones de medici\u00f3n en \u00e1reas oscuras<\/li>\n<li style='margin-bottom: 5px;'>Proporciona una gran pantalla de alta resoluci\u00f3n para facilitar la navegaci\u00f3n y la visualizaci\u00f3n<\/li>\n<\/ul><\/div>\n<p> <!-- Secci\u00f3n de especificaciones --> <\/p>\n<div style='margin-bottom: 30px;'>\n<h2 style='font-size: 20px; border-bottom: 2px solid currentColor; padding-bottom: 5px; margin-top: 0; color: inherit; opacity: 0.85;'><strong>Especificaciones<\/strong><\/h2>\n<div style='display: flex; flex-wrap: wrap; gap: 20px; margin-top: 20px;'>\n<div style='flex: 1 1 250px; border: 1px solid rgba(150&comma; 150&comma; 150&comma; 0.4); border-radius: 8px; overflow: hidden; display: flex; flex-direction: column;'>\n<div style='padding: 15px; border-bottom: 1px solid rgba(150&comma; 150&comma; 150&comma; 0.2); font-weight: bold; font-size: 18px; color: inherit;'>Vibraci\u00f3n<\/div>\n<div style='padding: 15px; color: inherit;'>\n<ul style='padding-left: 20px; margin: 0; font-size: 14px; list-style-type: disc;'>\n<li style='margin-bottom: 5px;'><strong>Rango de baja frecuencia:<\/strong> 10 Hz a 1000 Hz<\/li>\n<li style='margin-bottom: 5px;'><strong>Rango de alta frecuencia:<\/strong> 4.000 Hz a 20.000 Hz<\/li>\n<li style='margin-bottom: 5px;'><strong>Niveles de gravedad:<\/strong> Bueno&comma; satisfactorio&comma; insatisfactorio&comma; inaceptable<\/li>\n<li style='margin-bottom: 5px;'><strong>L\u00edmite de vibraci\u00f3n:<\/strong> 50 g pico (100 g pico-pico)<\/li>\n<li style='margin-bottom: 5px;'><strong>Convertidor A\/D:<\/strong> 16 bits<\/li>\n<li style='margin-bottom: 5px;'><strong>Relaci\u00f3n se\u00f1al\/ruido:<\/strong> 80dB<\/li>\n<li style='margin-bottom: 5px;'><strong>Tasa de muestreo:<\/strong> Baja frecuencia: 20.000 Hz \/ Alta frecuencia: 80.000 Hz<\/li>\n<li style='margin-bottom: 5px;'><strong>Copia de seguridad del reloj en tiempo real:<\/strong> bater\u00eda de moneda<\/li>\n<\/ul><\/div>\n<\/p><\/div>\n<div style='flex: 1 1 250px; border: 1px solid rgba(150&comma; 150&comma; 150&comma; 0.4); border-radius: 8px; overflow: hidden; display: flex; flex-direction: column;'>\n<div style='padding: 15px; border-bottom: 1px solid rgba(150&comma; 150&comma; 150&comma; 0.2); font-weight: bold; font-size: 18px; color: inherit;'>Sensor<\/div>\n<div style='padding: 15px; color: inherit;'>\n<ul style='padding-left: 20px; margin: 0; font-size: 14px; list-style-type: disc;'>\n<li style='margin-bottom: 5px;'><strong>Sensibilidad:<\/strong> 100 mV g \u00b1 10 %<\/li>\n<li style='margin-bottom: 5px;'><strong>Rango de medici\u00f3n:<\/strong> 0&comma;01 g a 50 g<\/li>\n<li style='margin-bottom: 5px;'><strong>Resoluci\u00f3n:<\/strong> 0&comma;01 gramos<\/li>\n<li style='margin-bottom: 5px;'><strong>Exactitud:<\/strong> A 100 Hz \u00b1 5 % del valor medido<\/li>\n<\/ul><\/div>\n<\/p><\/div>\n<div style='flex: 1 1 250px; border: 1px solid rgba(150&comma; 150&comma; 150&comma; 0.4); border-radius: 8px; overflow: hidden; display: flex; flex-direction: column;'>\n<div style='padding: 15px; border-bottom: 1px solid rgba(150&comma; 150&comma; 150&comma; 0.2); font-weight: bold; font-size: 18px; color: inherit;'>Unidades de amplitud<\/div>\n<div style='padding: 15px; color: inherit;'>\n<ul style='padding-left: 20px; margin: 0; font-size: 14px; list-style-type: disc;'>\n<li style='margin-bottom: 5px;'><strong>Aceleraci\u00f3n:<\/strong> g&comma; m\/seg\u00b2<\/li>\n<li style='margin-bottom: 5px;'><strong>Velocidad:<\/strong> pulgadas\/seg&comma; mm\/seg<\/li>\n<li style='margin-bottom: 5px;'><strong>Desplazamiento:<\/strong> mil\u00e9simas de pulgada<\/li>\n<\/ul><\/div>\n<\/p><\/div>\n<div style='flex: 1 1 250px; border: 1px solid rgba(150&comma; 150&comma; 150&comma; 0.4); border-radius: 8px; overflow: hidden; display: flex; flex-direction: column;'>\n<div style='padding: 15px; border-bottom: 1px solid rgba(150&comma; 150&comma; 150&comma; 0.2); font-weight: bold; font-size: 18px; color: inherit;'>Term\u00f3metro infrarrojo<\/div>\n<div style='padding: 15px; color: inherit;'>\n<ul style='padding-left: 20px; margin: 0; font-size: 14px; list-style-type: disc;'>\n<li style='margin-bottom: 5px;'><strong>Rango:<\/strong> -20 \u00b0C a 200 \u00b0C (-4 \u00b0F a 392 \u00b0F)<\/li>\n<li style='margin-bottom: 5px;'><strong>Exactitud:<\/strong> \u00b12 \u00b0C (4 \u00b0F)<\/li>\n<li style='margin-bottom: 5px;'><strong>Longitud focal:<\/strong> Fijo&comma; a ~3&comma;8 cm (1&comma;5&#8242;)<\/li>\n<\/ul><\/div>\n<\/p><\/div>\n<div style='flex: 1 1 250px; border: 1px solid rgba(150&comma; 150&comma; 150&comma; 0.4); border-radius: 8px; overflow: hidden; display: flex; flex-direction: column;'>\n<div style='padding: 15px; border-bottom: 1px solid rgba(150&comma; 150&comma; 150&comma; 0.2); font-weight: bold; font-size: 18px; color: inherit;'>Sensor externo<\/div>\n<div style='padding: 15px; color: inherit;'>\n<ul style='padding-left: 20px; margin: 0; font-size: 14px; list-style-type: disc;'>\n<li style='margin-bottom: 5px;'><strong>Rango de frecuencia:<\/strong> 10 Hz a 1000 Hz<\/li>\n<li style='margin-bottom: 5px;'><strong>Tensi\u00f3n de polarizaci\u00f3n:<\/strong> 20 V CC a 22 V CC<\/li>\n<li style='margin-bottom: 5px;'><strong>Corriente de polarizaci\u00f3n:<\/strong> M\u00e1ximo 5mA<\/li>\n<li style='margin-bottom: 5px;'><strong>Nota:<\/strong> Fluke admite pero no proporciona sensores externos<\/li>\n<\/ul><\/div>\n<\/p><\/div>\n<div style='flex: 1 1 250px; border: 1px solid rgba(150&comma; 150&comma; 150&comma; 0.4); border-radius: 8px; overflow: hidden; display: flex; flex-direction: column;'>\n<div style='padding: 15px; border-bottom: 1px solid rgba(150&comma; 150&comma; 150&comma; 0.2); font-weight: bold; font-size: 18px; color: inherit;'>Firmware<\/div>\n<div style='padding: 15px; color: inherit;'>\n<ul style='padding-left: 20px; margin: 0; font-size: 14px; list-style-type: disc;'>\n<li style='margin-bottom: 5px;'><strong>Interfaces externas:<\/strong> Comunicaci\u00f3n USB 2.0 (velocidad completa)<\/li>\n<li style='margin-bottom: 5px;'><strong>Capacidad de datos:<\/strong> Base de datos en memoria flash interna<\/li>\n<li style='margin-bottom: 5px;'><strong>Mejora:<\/strong> A trav\u00e9s de USB<\/li>\n<li style='margin-bottom: 5px;'><strong>Memoria:<\/strong> Hasta 3.500 mediciones<\/li>\n<\/ul><\/div>\n<\/p><\/div>\n<div style='flex: 1 1 250px; border: 1px solid rgba(150&comma; 150&comma; 150&comma; 0.4); border-radius: 8px; overflow: hidden; display: flex; flex-direction: column;'>\n<div style='padding: 15px; border-bottom: 1px solid rgba(150&comma; 150&comma; 150&comma; 0.2); font-weight: bold; font-size: 18px; color: inherit;'>Especificaciones generales<\/div>\n<div style='padding: 15px; color: inherit;'>\n<ul style='padding-left: 20px; margin: 0; font-size: 14px; list-style-type: disc;'>\n<li style='margin-bottom: 5px;'><strong>Tipo de Bater\u00eda:<\/strong> AA (2) Disulfuro de hierro y litio<\/li>\n<li style='margin-bottom: 5px;'><strong>Duraci\u00f3n de la bater\u00eda:<\/strong> 250 medidas<\/li>\n<li style='margin-bottom: 5px;'><strong>Tama\u00f1o:<\/strong> 24&comma;1 cm x 7&comma;1 cm x 5&comma;8 cm (9&comma;5 x 2&comma;8 x 2&comma;3 pulgadas)<\/li>\n<li style='margin-bottom: 5px;'><strong>Peso:<\/strong> 0&comma;40 kg (0&comma;89 libras)<\/li>\n<li style='margin-bottom: 5px;'><strong>Conectores:<\/strong> USB mini-B de 7 pines&comma; conector de sensor externo (conector SMB)<\/li>\n<\/ul><\/div>\n<\/p><\/div>\n<div style='flex: 1 1 250px; border: 1px solid rgba(150&comma; 150&comma; 150&comma; 0.4); border-radius: 8px; overflow: hidden; display: flex; flex-direction: column;'>\n<div style='padding: 15px; border-bottom: 1px solid rgba(150&comma; 150&comma; 150&comma; 0.2); font-weight: bold; font-size: 18px; color: inherit;'>Emisi\u00f3n radiada<\/div>\n<div style='padding: 15px; color: inherit;'>\n<ul style='padding-left: 20px; margin: 0; font-size: 14px; list-style-type: disc;'>\n<li style='margin-bottom: 5px;'><strong>Descarga electrost\u00e1tica:<\/strong> Norma EN 61000-4-2<\/li>\n<li style='margin-bottom: 5px;'><strong>Interferencia electromagn\u00e9tica:<\/strong> Norma EN 61000-4-3<\/li>\n<li style='margin-bottom: 5px;'><strong>RE:<\/strong> Est\u00e1ndar CISPR 11&comma; Clase A<\/li>\n<\/ul><\/div>\n<\/p><\/div>\n<div style='flex: 1 1 250px; border: 1px solid rgba(150&comma; 150&comma; 150&comma; 0.4); border-radius: 8px; overflow: hidden; display: flex; flex-direction: column;'>\n<div style='padding: 15px; border-bottom: 1px solid rgba(150&comma; 150&comma; 150&comma; 0.2); font-weight: bold; font-size: 18px; color: inherit;'>Ambiental<\/div>\n<div style='padding: 15px; color: inherit;'>\n<ul style='padding-left: 20px; margin: 0; font-size: 14px; list-style-type: disc;'>\n<li style='margin-bottom: 5px;'><strong>Temperatura de funcionamiento:<\/strong> -20 \u00b0C a 50 \u00b0C (-4 \u00b0F a 122 \u00b0F)<\/li>\n<li style='margin-bottom: 5px;'><strong>Temperatura de almacenamiento:<\/strong> -30 \u00b0C a 80 \u00b0C (-22 \u00b0F a 176 \u00b0F)<\/li>\n<li style='margin-bottom: 5px;'><strong>Humedad de funcionamiento:<\/strong> 10% a 95% HR (sin condensaci\u00f3n)<\/li>\n<li style='margin-bottom: 5px;'><strong>Altitud:<\/strong> Nivel del mar a 3.048 metros (10.000 pies)<\/li>\n<li style='margin-bottom: 5px;'><strong>Clasificaci\u00f3n del IP:<\/strong> IP54<\/li>\n<li style='margin-bottom: 5px;'><strong>L\u00edmite de vibraci\u00f3n:<\/strong> pico de 500g<\/li>\n<li style='margin-bottom: 5px;'><strong>Prueba de ca\u00edda:<\/strong> 1 metro<\/li>\n<\/ul><\/div>\n<\/p><\/div>\n<\/p><\/div>\n<\/p><\/div>\n<p> <!-- Separador --> <\/p>\n<hr style='border: 0; border-top: 1px solid rgba(150&comma; 150&comma; 150&comma; 0.3); margin: 30px 0;'> <\/div>\n","protected":false},"excerpt":{"rendered":"<p>Medidor de Vibraciones con Fluke Conect<\/p>\n","protected":false},"featured_media":45743,"comment_status":"open","ping_status":"closed","template":"","meta":[],"product_brand":[],"product_cat":[392],"product_tag":[393,25,131],"class_list":{"0":"post-45744","1":"product","2":"type-product","3":"status-publish","4":"has-post-thumbnail","6":"product_cat-herramientas-electricas-herramientas-deteccion-de-fuego","7":"product_tag-fluke","8":"product_tag-herramientas","9":"product_tag-herramientas-electricas","11":"first","12":"outofstock","13":"sale","14":"shipping-taxable","15":"purchasable","16":"product-type-simple"},"_links":{"self":[{"href":"https:\/\/soydeaqui.ddns.net\/pachuca\/index.php\/wp-json\/wp\/v2\/product\/45744","targetHints":{"allow":["GET"]}}],"collection":[{"href":"https:\/\/soydeaqui.ddns.net\/pachuca\/index.php\/wp-json\/wp\/v2\/product"}],"about":[{"href":"https:\/\/soydeaqui.ddns.net\/pachuca\/index.php\/wp-json\/wp\/v2\/types\/product"}],"replies":[{"embeddable":true,"href":"https:\/\/soydeaqui.ddns.net\/pachuca\/index.php\/wp-json\/wp\/v2\/comments?post=45744"}],"wp:featuredmedia":[{"embeddable":true,"href":"https:\/\/soydeaqui.ddns.net\/pachuca\/index.php\/wp-json\/wp\/v2\/media\/45743"}],"wp:attachment":[{"href":"https:\/\/soydeaqui.ddns.net\/pachuca\/index.php\/wp-json\/wp\/v2\/media?parent=45744"}],"wp:term":[{"taxonomy":"product_brand","embeddable":true,"href":"https:\/\/soydeaqui.ddns.net\/pachuca\/index.php\/wp-json\/wp\/v2\/product_brand?post=45744"},{"taxonomy":"product_cat","embeddable":true,"href":"https:\/\/soydeaqui.ddns.net\/pachuca\/index.php\/wp-json\/wp\/v2\/product_cat?post=45744"},{"taxonomy":"product_tag","embeddable":true,"href":"https:\/\/soydeaqui.ddns.net\/pachuca\/index.php\/wp-json\/wp\/v2\/product_tag?post=45744"}],"curies":[{"name":"wp","href":"https:\/\/api.w.org\/{rel}","templated":true}]}}