{"id":45734,"date":"2026-03-18T20:17:09","date_gmt":"2026-03-18T20:17:09","guid":{"rendered":"https:\/\/soydeaqui.ddns.net\/pachuca\/index.php\/producto\/comprobador-de-aislamiento-fluke-5-kv\/"},"modified":"2026-03-18T20:17:12","modified_gmt":"2026-03-18T20:17:12","slug":"comprobador-de-aislamiento-fluke-5-kv","status":"publish","type":"product","link":"https:\/\/soydeaqui.ddns.net\/pachuca\/index.php\/producto\/comprobador-de-aislamiento-fluke-5-kv\/","title":{"rendered":"Comprobador de aislamiento Fluke 5 kV"},"content":{"rendered":"<div style='width: 100%; max-width: 1200px; margin: 0 auto; font-family: sans-serif; line-height: 1.6; color: inherit; background-color: transparent;'>\n<div style='display: flex; flex-direction: column; align-items: center; margin-bottom: 30px;'> <img style='width: 100%; max-width: 500px; height: auto; border: 1px solid rgba(150&comma;150&comma;150&comma;0.3); border-radius: 8px;' src='https:\/\/www.risoul.com.mx\/hs-fs\/hubfs\/Fluke-Logo.png?width=1557&#038;name=Fluke-Logo.png' alt='Distribuidor productos Fluke'> <\/div>\n<div style='display: flex; flex-wrap: wrap; gap: 30px; margin-bottom: 30px;'>\n<div style='flex: 1 1 300px; min-width: 280px;'>\n<h3 style='font-size: 22px; border-bottom: 2px solid currentColor; padding-bottom: 5px; margin-top: 0; color: inherit; opacity: 0.8;'>Caracter\u00edsticas principales<\/h3>\n<ul style='padding-left: 20px; font-size: 15px; color: inherit;'>\n<li style='margin-bottom: 5px;'>Permite realizar una comprobaci\u00f3n digital del aislamiento de hasta 5 kV&comma; por lo que resultan id\u00f3neos para una amplia gama de equipos de alto voltaje&comma; como disyuntores&comma; motores&comma; generadores y cables.<\/li>\n<li style='margin-bottom: 5px;'>Los medidores de aislamiento Fluke ahora pueden comprobar toda la gama de voltajes de prueba que se especifican en la norma IEEE 43-2000 con una garant\u00eda de 3 a\u00f1os.<\/li>\n<\/ul><\/div>\n<\/p><\/div>\n<div style='display: flex; flex-wrap: wrap; gap: 20px; margin-bottom: 30px;'>\n<div style='flex: 1 1 250px; border: 1px solid rgba(150&comma; 150&comma; 150&comma; 0.4); border-radius: 8px; overflow: hidden; display: flex; flex-direction: column;'>\n<div style='padding: 15px; border-bottom: 1px solid rgba(150&comma; 150&comma; 150&comma; 0.2); font-weight: bold; font-size: 18px; color: inherit;'>Especificaciones el\u00e9ctricas<\/div>\n<div style='padding: 15px; color: inherit;'>\n<p style='margin: 0; font-size: 14px;'>La precisi\u00f3n del comprobador se especifica por un a\u00f1o despu\u00e9s de calibrar a temperaturas de funcionamiento entre 0 \u00b0C y 35 \u00b0C. Para temperaturas de funcionamiento que se encuentren fuera del rango (de -20 \u00b0C a 0 \u00b0C y de 35 \u00b0C a 50 \u00b0C)&comma; sume el \u00b1 0.25 % por \u00b0C&comma; excepto en las bandas con un 20 %&comma; donde deber\u00e1 sumar el \u00b11 % por \u00b0C.<\/p>\n<\/p><\/div>\n<\/p><\/div>\n<div style='flex: 1 1 250px; border: 1px solid rgba(150&comma; 150&comma; 150&comma; 0.4); border-radius: 8px; overflow: hidden; display: flex; flex-direction: column;'>\n<div style='padding: 15px; border-bottom: 1px solid rgba(150&comma; 150&comma; 150&comma; 0.2); font-weight: bold; font-size: 18px; color: inherit;'>Medici\u00f3n de resistencia de aislamiento<\/div>\n<div style='padding: 15px; color: inherit;'>\n<ul style='padding-left: 20px; margin: 0; font-size: 14px; list-style-type: disc;'>\n<li style='margin-bottom: 5px;'><strong>Voltaje de prueba (CC):<\/strong> 250 V&comma; 500 V&comma; 1000 V&comma; 2500 V&comma; 5000 V<\/li>\n<li style='margin-bottom: 5px;'><strong>Rango de medici\u00f3n:<\/strong> Hasta 1 T\u03a9 (5000 V)<\/li>\n<li style='margin-bottom: 5px;'><strong>Precisi\u00f3n:<\/strong> \u00b15% para rangos intermedios&comma; \u00b120% para rangos extremos<\/li>\n<li style='margin-bottom: 5px;'><strong>Exactitud de voltaje:<\/strong> -0 %&comma; +10 % en una corriente de carga de 1 mA<\/li>\n<\/ul><\/div>\n<\/p><\/div>\n<div style='flex: 1 1 250px; border: 1px solid rgba(150&comma; 150&comma; 150&comma; 0.4); border-radius: 8px; overflow: hidden; display: flex; flex-direction: column;'>\n<div style='padding: 15px; border-bottom: 1px solid rgba(150&comma; 150&comma; 150&comma; 0.2); font-weight: bold; font-size: 18px; color: inherit;'>Caracter\u00edsticas adicionales<\/div>\n<div style='padding: 15px; color: inherit;'>\n<ul style='padding-left: 20px; margin: 0; font-size: 14px; list-style-type: disc;'>\n<li style='margin-bottom: 5px;'><strong>Supresi\u00f3n de corriente de alimentaci\u00f3n CA inducida:<\/strong> 2 mA m\u00e1ximo<\/li>\n<li style='margin-bottom: 5px;'><strong>Velocidad de carga capacitiva:<\/strong> 5 segundos por \u03bcF<\/li>\n<li style='margin-bottom: 5px;'><strong>Velocidad de descarga capacitiva:<\/strong> 1.5 s\/\u03bcF<\/li>\n<li style='margin-bottom: 5px;'><strong>Rango de temporizador:<\/strong> 0 a 99 minutos<\/li>\n<li style='margin-bottom: 5px;'><strong>Advertencia de circuito energizado:<\/strong> 30 V a 660 V CA\/CC&comma; 50\/60 Hz<\/li>\n<\/ul><\/div>\n<\/p><\/div>\n<div style='flex: 1 1 250px; border: 1px solid rgba(150&comma; 150&comma; 150&comma; 0.4); border-radius: 8px; overflow: hidden; display: flex; flex-direction: column;'>\n<div style='padding: 15px; border-bottom: 1px solid rgba(150&comma; 150&comma; 150&comma; 0.2); font-weight: bold; font-size: 18px; color: inherit;'>Mediciones complementarias<\/div>\n<div style='padding: 15px; color: inherit;'>\n<ul style='padding-left: 20px; margin: 0; font-size: 14px; list-style-type: disc;'>\n<li style='margin-bottom: 5px;'><strong>Corriente de fuga:<\/strong> Rango de 1 nA a 2 mA&comma; precisi\u00f3n \u00b1(5% + 2 nA)<\/li>\n<li style='margin-bottom: 5px;'><strong>Capacitancia:<\/strong> Rango de 0.01 \u03bcF a 15.00 \u03bcF&comma; precisi\u00f3n \u00b1(15% rdg + 0.03 \u00b5F)<\/li>\n<li style='margin-bottom: 5px;'><strong>Resoluci\u00f3n de temporizador:<\/strong> 1 minuto ajustable&comma; indicaci\u00f3n de 1 segundo<\/li>\n<\/ul><\/div>\n<\/p><\/div>\n<div style='flex: 1 1 250px; border: 1px solid rgba(150&comma; 150&comma; 150&comma; 0.4); border-radius: 8px; overflow: hidden; display: flex; flex-direction: column;'>\n<div style='padding: 15px; border-bottom: 1px solid rgba(150&comma; 150&comma; 150&comma; 0.2); font-weight: bold; font-size: 18px; color: inherit;'>Requisitos del sistema<\/div>\n<div style='padding: 15px; color: inherit;'>\n<p style='margin: 0; font-size: 14px;'>El software b\u00e1sico Fluke ViewForms\u2122 requiere de una PC con Windows XP&comma; Windows Vista&comma; Windows 7 o Windows 8.<\/p>\n<\/p><\/div>\n<\/p><\/div>\n<\/p><\/div>\n<\/p><\/div>\n","protected":false},"excerpt":{"rendered":"<p>Comprobador de aislamiento Fluke 5 kV<\/p>\n","protected":false},"featured_media":45733,"comment_status":"open","ping_status":"closed","template":"","meta":[],"product_brand":[],"product_cat":[392],"product_tag":[393,25,131],"class_list":{"0":"post-45734","1":"product","2":"type-product","3":"status-publish","4":"has-post-thumbnail","6":"product_cat-herramientas-electricas-herramientas-deteccion-de-fuego","7":"product_tag-fluke","8":"product_tag-herramientas","9":"product_tag-herramientas-electricas","11":"first","12":"outofstock","13":"sale","14":"shipping-taxable","15":"purchasable","16":"product-type-simple"},"_links":{"self":[{"href":"https:\/\/soydeaqui.ddns.net\/pachuca\/index.php\/wp-json\/wp\/v2\/product\/45734","targetHints":{"allow":["GET"]}}],"collection":[{"href":"https:\/\/soydeaqui.ddns.net\/pachuca\/index.php\/wp-json\/wp\/v2\/product"}],"about":[{"href":"https:\/\/soydeaqui.ddns.net\/pachuca\/index.php\/wp-json\/wp\/v2\/types\/product"}],"replies":[{"embeddable":true,"href":"https:\/\/soydeaqui.ddns.net\/pachuca\/index.php\/wp-json\/wp\/v2\/comments?post=45734"}],"wp:featuredmedia":[{"embeddable":true,"href":"https:\/\/soydeaqui.ddns.net\/pachuca\/index.php\/wp-json\/wp\/v2\/media\/45733"}],"wp:attachment":[{"href":"https:\/\/soydeaqui.ddns.net\/pachuca\/index.php\/wp-json\/wp\/v2\/media?parent=45734"}],"wp:term":[{"taxonomy":"product_brand","embeddable":true,"href":"https:\/\/soydeaqui.ddns.net\/pachuca\/index.php\/wp-json\/wp\/v2\/product_brand?post=45734"},{"taxonomy":"product_cat","embeddable":true,"href":"https:\/\/soydeaqui.ddns.net\/pachuca\/index.php\/wp-json\/wp\/v2\/product_cat?post=45734"},{"taxonomy":"product_tag","embeddable":true,"href":"https:\/\/soydeaqui.ddns.net\/pachuca\/index.php\/wp-json\/wp\/v2\/product_tag?post=45734"}],"curies":[{"name":"wp","href":"https:\/\/api.w.org\/{rel}","templated":true}]}}