{"id":45728,"date":"2026-03-18T20:17:00","date_gmt":"2026-03-18T20:17:00","guid":{"rendered":"https:\/\/soydeaqui.ddns.net\/pachuca\/index.php\/producto\/juego-de-multimetro-fluke-117-y-amperimetro-de-gancho-fluke-323\/"},"modified":"2026-03-18T20:17:01","modified_gmt":"2026-03-18T20:17:01","slug":"juego-de-multimetro-fluke-117-y-amperimetro-de-gancho-fluke-323","status":"publish","type":"product","link":"https:\/\/soydeaqui.ddns.net\/pachuca\/index.php\/producto\/juego-de-multimetro-fluke-117-y-amperimetro-de-gancho-fluke-323\/","title":{"rendered":"Juego de Mult\u00edmetro FLUKE-117 y Amper\u00edmetro de Gancho Fluke-323"},"content":{"rendered":"<div style='width: 100%; max-width: 1200px; margin: 0 auto; font-family: sans-serif; line-height: 1.6; color: inherit; background-color: transparent;'>\n<div style='display: flex; flex-direction: column; align-items: center; margin-bottom: 30px;'> <img style='width: 100%; max-width: 500px; height: auto; border: 1px solid rgba(150&comma;150&comma;150&comma;0.3); border-radius: 8px;' src='https:\/\/www.risoul.com.mx\/hs-fs\/hubfs\/Fluke-Logo.png?width=1557&#038;name=Fluke-Logo.png' alt='Distribuidor productos Fluke'> <\/div>\n<div style='margin-bottom: 30px;'>\n<p style='font-size: 16px; margin-bottom: 15px; color: inherit;'>Tener las herramientas adecuadas para el trabajo es esencial. Tenerlos cuando los necesitas es a\u00fan mejor. Llegue a cada lugar de trabajo preparado con el kit combinado de mult\u00edmetro y pinza amperim\u00e9trica para electricistas Fluke 117\/323. Las dos herramientas de prueba le brindan el poder de un mult\u00edmetro resistente y vers\u00e1til combinado con una pinza amperim\u00e9trica de uso general y acci\u00f3n r\u00e1pida.<\/p>\n<p style='font-size: 16px; margin-bottom: 15px; color: inherit;'>Ya sea que trabaje en electricidad residencial o comercial&comma; estas dos herramientas de prueba son una buena opci\u00f3n para el trabajo que necesita completar. El equipo incluye:<\/p>\n<ul style='font-size: 16px; margin-left: 20px; padding: 0; color: inherit;'>\n<li style='margin-bottom: 8px;'>Mult\u00edmetro digital Fluke 117<\/li>\n<li style='margin-bottom: 8px;'>Pinza amperim\u00e9trica Fluke 323<\/li>\n<li style='margin-bottom: 8px;'>Cables de prueba TI175<\/li>\n<li style='margin-bottom: 8px;'>Suspensi\u00f3n de medidor magn\u00e9tico TPAK ToolPak<\/li>\n<li style='margin-bottom: 8px;'>Estuche de transporte blando<\/li>\n<\/ul><\/div>\n<div style='margin-bottom: 30px;'>\n<h3 style='font-size: 20px; border-bottom: 2px solid currentColor; padding-bottom: 5px; margin-top: 0; margin-bottom: 15px; color: inherit; opacity: 0.8;'>El mult\u00edmetro digital Fluke 117<\/h3>\n<p style='font-size: 16px; margin-bottom: 15px; color: inherit;'>Est\u00e1 dise\u00f1ado para facilitarle la vida con caracter\u00edsticas como:<\/p>\n<ul style='font-size: 16px; margin-left: 20px; padding: 0; color: inherit;'>\n<li style='margin-bottom: 8px;'>Detecci\u00f3n de tensi\u00f3n sin contacto<\/li>\n<li style='margin-bottom: 8px;'>Funci\u00f3n AutoV\/LoZ<\/li>\n<li style='margin-bottom: 8px;'>Lecturas m\u00edn.\/m\u00e1x.\/promedio<\/li>\n<li style='margin-bottom: 8px;'>Mediciones de frecuencia<\/li>\n<li style='margin-bottom: 8px;'>Mediciones de capacitancia<\/li>\n<\/ul>\n<p style='font-size: 16px; margin-top: 20px; margin-bottom: 15px; color: inherit;'>Para garantizar que est\u00e9 listo para ir a muchos sitios de trabajo&comma; el 117 est\u00e1 certificado para su uso en entornos CAT III 600 V.<\/p>\n<\/p><\/div>\n<div style='margin-bottom: 30px;'>\n<h3 style='font-size: 20px; border-bottom: 2px solid currentColor; padding-bottom: 5px; margin-top: 0; margin-bottom: 15px; color: inherit; opacity: 0.8;'>La pinza amperim\u00e9trica Fluke 323<\/h3>\n<p style='font-size: 16px; margin-bottom: 15px; color: inherit;'>Es una buena herramienta b\u00e1sica de resoluci\u00f3n de problemas para electricistas comerciales y residenciales. Incluye medidas de verdadero valor eficaz&comma; ergonom\u00eda optimizada y una pantalla grande para una soluci\u00f3n de problemas eficiente. La pinza peque\u00f1a est\u00e1 dise\u00f1ada para facilitarle las mediciones en compartimentos de cables estrechos y es ideal para mediciones de corriente de hasta 400 A o mediciones de voltaje de hasta 600 V.<\/p>\n<\/p><\/div>\n<div style='margin-bottom: 30px;'>\n<p style='font-size: 16px; color: inherit;'>Juntos&comma; el mult\u00edmetro para electricistas Fluke 117 y la pinza amperim\u00e9trica de verdadero valor eficaz 323 brindan a los electricistas herramientas f\u00e1ciles de usar y que ahorran tiempo para su trabajo.<\/p>\n<\/p><\/div>\n<hr style='border: 0; border-top: 1px solid rgba(150&comma; 150&comma; 150&comma; 0.3); margin: 30px 0;'>\n<div style='margin-bottom: 30px;'>\n<h3 style='font-size: 20px; border-bottom: 2px solid currentColor; padding-bottom: 5px; margin-top: 0; margin-bottom: 15px; color: inherit; opacity: 0.8;'>Mult\u00edmetro digital Fluke 117 &#8211; Especificaciones<\/h3>\n<div style='display: flex; flex-wrap: wrap; gap: 20px; margin-top: 20px;'>\n<div style='flex: 1 1 250px; border: 1px solid rgba(150&comma; 150&comma; 150&comma; 0.4); border-radius: 8px; overflow: hidden; display: flex; flex-direction: column;'>\n<div style='padding: 15px; border-bottom: 1px solid rgba(150&comma; 150&comma; 150&comma; 0.2); font-weight: bold; font-size: 18px; color: inherit;'>Especificaciones Generales<\/div>\n<div style='padding: 15px; color: inherit;'>\n<ul style='padding-left: 20px; margin: 0; font-size: 14px; list-style-type: disc;'>\n<li style='margin-bottom: 5px;'><strong>Voltaje m\u00e1ximo entre cualquier terminal y tierra:<\/strong> 600 V<\/li>\n<li style='margin-bottom: 5px;'><strong>Protecci\u00f3n contra sobretensiones:<\/strong> Pico de 6 kV seg\u00fan IEC 61010-1 600 VCAT III&comma; grado de contaminaci\u00f3n 2<\/li>\n<li style='margin-bottom: 5px;'><strong>Fusible para entrada A:<\/strong> Fusible R\u00c1PIDO de 11 A&comma; 1000 V (Fluke PN 803293)<\/li>\n<li style='margin-bottom: 5px;'><strong>Mostrar:<\/strong> Digital: 6000 conteos&comma; actualizaciones 4 por segundo<\/li>\n<li style='margin-bottom: 5px;'><strong>Gr\u00e1fico de barras:<\/strong> 33 segmentos&comma; actualizaciones 32 por segundo<\/li>\n<li style='margin-bottom: 5px;'><strong>Temperatura de funcionamiento:<\/strong> -10 \u00b0C a +50 \u00b0C<\/li>\n<li style='margin-bottom: 5px;'><strong>Temperatura de almacenamiento:<\/strong> -40 \u00b0C a +60 \u00b0C<\/li>\n<li style='margin-bottom: 5px;'><strong>Tipo de Bater\u00eda:<\/strong> Alcalina de 9 voltios&comma; NEDA 1604A\/ IEC 6LR61<\/li>\n<li style='margin-bottom: 5px;'><strong>Duraci\u00f3n de la bater\u00eda:<\/strong> 400 horas t\u00edpicas&comma; sin retroiluminaci\u00f3n<\/li>\n<\/ul><\/div>\n<\/p><\/div>\n<div style='flex: 1 1 250px; border: 1px solid rgba(150&comma; 150&comma; 150&comma; 0.4); border-radius: 8px; overflow: hidden; display: flex; flex-direction: column;'>\n<div style='padding: 15px; border-bottom: 1px solid rgba(150&comma; 150&comma; 150&comma; 0.2); font-weight: bold; font-size: 18px; color: inherit;'>Especificaciones de precisi\u00f3n<\/div>\n<div style='padding: 15px; color: inherit;'>\n<ul style='padding-left: 20px; margin: 0; font-size: 14px; list-style-type: disc;'>\n<li style='margin-bottom: 5px;'><strong>Milivoltios de CC:<\/strong> \u00b1([% de lectura] + [cuentas]): 0&comma;5% + 2<\/li>\n<li style='margin-bottom: 5px;'><strong>Voltios CC:<\/strong> \u00b1([% de lectura] + [cuentas]): 0&comma;5% + 2<\/li>\n<li style='margin-bottom: 5px;'><strong>Voltios autom\u00e1ticos:<\/strong> 2&comma;0% + 3 (CC&comma; 45 Hz a 500 Hz)<\/li>\n<li style='margin-bottom: 5px;'><strong>AC milivoltios\u00b9 True RMS:<\/strong> 1&comma;0% + 3 (CC&comma; 45 Hz a 500 Hz)<\/li>\n<li style='margin-bottom: 5px;'><strong>Voltios de CA\u00b9 RMS real:<\/strong> 1&comma;0% + 3 (CC&comma; 45 Hz a 500 Hz)<\/li>\n<li style='margin-bottom: 5px;'><strong>Continuidad:<\/strong> Zumbador encendido < 20 \u03a9&comma; apagado > 250 \u03a9; detecta aperturas o cortocircuitos de 500 \u03bcs o m\u00e1s<\/li>\n<li style='margin-bottom: 5px;'><strong>Ohmios:<\/strong> 0&comma;9% + 1<\/li>\n<li style='margin-bottom: 5px;'><strong>Prueba de diodo:<\/strong> 0&comma;9% + 2<\/li>\n<li style='margin-bottom: 5px;'><strong>Capacidad:<\/strong> 1&comma;9% + 2<\/li>\n<li style='margin-bottom: 5px;'><strong>Amperios de CA True RMS:<\/strong> 1&comma;5% + 3<\/li>\n<li style='margin-bottom: 5px;'><strong>Amperios de CC:<\/strong> 1&comma;0% + 3<\/li>\n<li style='margin-bottom: 5px;'><strong>Frecuencia:<\/strong> 0&comma;1% + 2<\/li>\n<\/ul><\/div>\n<\/p><\/div>\n<\/p><\/div>\n<\/p><\/div>\n<div style='margin-bottom: 30px;'>\n<p style='font-size: 14px; margin: 0; color: inherit; line-height: 1.4;'>1. Todos los rangos de voltaje de CA excepto Auto-V\/LoZ se especifican del 1 % al 100 % del rango. Auto-V\/LoZ se especifica a partir de 0&comma;0 V.<\/p>\n<p style='font-size: 14px; margin: 15px 0 0; color: inherit; line-height: 1.4;'>2. La incertidumbre de la temperatura (precisi\u00f3n) no incluye el error de la sonda del termopar.<\/p>\n<\/p><\/div>\n<div style='margin-bottom: 30px;'>\n<p style='font-size: 14px; margin: 0; color: inherit; line-height: 1.4;'>La frecuencia est\u00e1 acoplada a CA&comma; de 5 Hz a 50 kHz para voltaje de CA. La frecuencia est\u00e1 acoplada a CC&comma; de 45 Hz a 5 kHz para corriente CA.<\/p>\n<\/p><\/div>\n<\/p><\/div>\n","protected":false},"excerpt":{"rendered":"<p>Juego de Mult\u00edmetro FLUKE-117 y Amper\u00edmetro de Gancho Fluke-323<\/p>\n","protected":false},"featured_media":45727,"comment_status":"open","ping_status":"closed","template":"","meta":[],"product_brand":[],"product_cat":[462],"product_tag":[393,25,131],"class_list":{"0":"post-45728","1":"product","2":"type-product","3":"status-publish","4":"has-post-thumbnail","6":"product_cat-herramientas-electricas-herramientas","7":"product_tag-fluke","8":"product_tag-herramientas","9":"product_tag-herramientas-electricas","11":"first","12":"outofstock","13":"sale","14":"shipping-taxable","15":"purchasable","16":"product-type-simple"},"_links":{"self":[{"href":"https:\/\/soydeaqui.ddns.net\/pachuca\/index.php\/wp-json\/wp\/v2\/product\/45728","targetHints":{"allow":["GET"]}}],"collection":[{"href":"https:\/\/soydeaqui.ddns.net\/pachuca\/index.php\/wp-json\/wp\/v2\/product"}],"about":[{"href":"https:\/\/soydeaqui.ddns.net\/pachuca\/index.php\/wp-json\/wp\/v2\/types\/product"}],"replies":[{"embeddable":true,"href":"https:\/\/soydeaqui.ddns.net\/pachuca\/index.php\/wp-json\/wp\/v2\/comments?post=45728"}],"wp:featuredmedia":[{"embeddable":true,"href":"https:\/\/soydeaqui.ddns.net\/pachuca\/index.php\/wp-json\/wp\/v2\/media\/45727"}],"wp:attachment":[{"href":"https:\/\/soydeaqui.ddns.net\/pachuca\/index.php\/wp-json\/wp\/v2\/media?parent=45728"}],"wp:term":[{"taxonomy":"product_brand","embeddable":true,"href":"https:\/\/soydeaqui.ddns.net\/pachuca\/index.php\/wp-json\/wp\/v2\/product_brand?post=45728"},{"taxonomy":"product_cat","embeddable":true,"href":"https:\/\/soydeaqui.ddns.net\/pachuca\/index.php\/wp-json\/wp\/v2\/product_cat?post=45728"},{"taxonomy":"product_tag","embeddable":true,"href":"https:\/\/soydeaqui.ddns.net\/pachuca\/index.php\/wp-json\/wp\/v2\/product_tag?post=45728"}],"curies":[{"name":"wp","href":"https:\/\/api.w.org\/{rel}","templated":true}]}}