{"id":45717,"date":"2026-03-18T20:16:38","date_gmt":"2026-03-18T20:16:38","guid":{"rendered":"https:\/\/soydeaqui.ddns.net\/pachuca\/index.php\/producto\/analizador-avanzado-de-baterias-con-medicion-de-temperatura-resistencia-tension-corriente-cc-o-ca-y-frecuencia\/"},"modified":"2026-03-18T20:16:46","modified_gmt":"2026-03-18T20:16:46","slug":"analizador-avanzado-de-baterias-con-medicion-de-temperatura-resistencia-tension-corriente-cc-o-ca-y-frecuencia","status":"publish","type":"product","link":"https:\/\/soydeaqui.ddns.net\/pachuca\/index.php\/producto\/analizador-avanzado-de-baterias-con-medicion-de-temperatura-resistencia-tension-corriente-cc-o-ca-y-frecuencia\/","title":{"rendered":"Analizador Avanzado de Bater\u00edas, con Medici\u00f3n de Temperatura, Resistencia, Tensi\u00f3n, Corriente CC o CA, y Frecuencia"},"content":{"rendered":"<div style='width: 100%; max-width: 1200px; margin: 0 auto; font-family: sans-serif; line-height: 1.6; color: inherit; background-color: transparent;'> <!-- Logo --> <\/p>\n<div style='text-align: center; margin: 20px 0;'> <img style='width: 100%; max-width: 500px; height: auto; border: 1px solid rgba(150&comma;150&comma;150&comma;0.3); border-radius: 8px;' src='https:\/\/www.risoul.com.mx\/hs-fs\/hubfs\/Fluke-Logo.png?width=1557&#038;name=Fluke-Logo.png' alt='Distribuidor productos Fluke'> <\/div>\n<p> <!-- Descripci\u00f3n general --> <\/p>\n<div style='display: flex; flex-wrap: wrap; gap: 30px; margin-top: 30px;'>\n<div style='flex: 1 1 300px; min-width: 280px;'>\n<h3 style='font-size: 22px; border-bottom: 2px solid currentColor; padding-bottom: 5px; margin-top: 0; color: inherit; opacity: 0.8;'>Descripci\u00f3n general<\/h3>\n<p style='font-size: 15px; color: inherit;'>Reduce la complejidad de la comprobaci\u00f3n&comma; simplifica el flujo de trabajo y la intuitiva interfaz de usuario de estos equipos facilita enormemente la comprobaci\u00f3n de bater\u00edas.<\/p>\n<ul style='padding-left: 20px; font-size: 15px; color: inherit;'>\n<li style='margin-bottom: 5px;'>El instrumento de prueba ideal para trabajos de mantenimiento&comma; resoluci\u00f3n de problemas y comprobaci\u00f3n del estado de bater\u00edas estacionarias individuales y bancos de bater\u00edas utilizados en aplicaciones cr\u00edticas de respaldo.<\/li>\n<li style='margin-bottom: 5px;'>Una interfaz de usuario intuitiva&comma; el dise\u00f1o compacto y la estructura robusta garantizan unas prestaciones y unos resultados \u00f3ptimos&comma; as\u00ed como una gran fiabilidad.<\/li>\n<li style='margin-bottom: 5px;'>Ofrece una amplia gama de funciones de comprobaci\u00f3n de bater\u00edas que van desde comprobaciones de resistencia y tensi\u00f3n CC a la comprobaci\u00f3n del estado en general mediante un proceso automatizado&comma; adem\u00e1s de integrar una sonda para la medida de temperatura por infrarrojos.<\/li>\n<li style='margin-bottom: 5px;'>Dise\u00f1ado para realizar medidas en todo tipo de bater\u00edas estacionarias.<\/li>\n<\/ul><\/div>\n<\/p><\/div>\n<p> <!-- Umbrales de tensi\u00f3n y resistencia --> <\/p>\n<div style='display: flex; flex-wrap: wrap; gap: 30px; margin-top: 30px;'>\n<div style='flex: 1 1 300px; min-width: 280px;'>\n<h3 style='font-size: 22px; border-bottom: 2px solid currentColor; padding-bottom: 5px; margin-top: 0; color: inherit; opacity: 0.8;'>Umbrales de tensi\u00f3n y resistencia<\/h3>\n<p style='font-size: 15px; color: inherit;'>Los analizadores de bater\u00edas de Fluke permiten definir de una forma r\u00e1pida y sencilla los umbrales superior e inferior de las medidas o los rangos de tolerancia. Durante el proceso de comprobaci\u00f3n&comma; los valores medidos se comparan autom\u00e1ticamente con los umbrales predefinidos produciendo una indicaci\u00f3n de PASA&comma; NO PASA o ALARMA despu\u00e9s de cada medida. Puede almacenarse un m\u00e1ximo de 10 conjuntos de umbrales y las indicaciones de umbral se determinan en funci\u00f3n de los siguientes criterios:<\/p>\n<p> <!-- Tabla --> <\/p>\n<div style='overflow-x: auto; margin-top: 20px;'>\n<table style='width: 100%; border-collapse: collapse; border: 1px solid rgba(150&comma;150&comma;150&comma;0.3); margin-top: 15px; background-color: rgba(234&comma;234&comma;234&comma;0.3);'>\n<thead>\n<tr style='background-color: rgba(234&comma;234&comma;234&comma;0.3);'>\n<th style='padding: 0.4rem; border: 1px solid rgba(150&comma;150&comma;150&comma;0.3); font-weight: bold; text-align: center;' colspan='2'>Tensi\u00f3n<\/th>\n<th style='padding: 0.4rem; border: 1px solid rgba(150&comma;150&comma;150&comma;0.3); font-weight: bold; text-align: center;' colspan='3'>Resistencia<\/th>\n<\/tr>\n<\/thead>\n<tbody>\n<tr>\n<td style='padding: 0.4rem; border: 1px solid rgba(150&comma;150&comma;150&comma;0.3); text-align: center;'>> Tensi\u00f3n m\u00e1s baja<\/td>\n<td style='padding: 0.4rem; border: 1px solid rgba(150&comma;150&comma;150&comma;0.3); text-align: center;'>< Tensi\u00f3n m\u00e1s baja<\/td>\n<td style='padding: 0.4rem; border: 1px solid rgba(150&comma;150&comma;150&comma;0.3); text-align: center;'>< Referencia<\/td>\n<td style='padding: 0.4rem; border: 1px solid rgba(150&comma;150&comma;150&comma;0.3); text-align: center;'>> Referencia y Referencia x (1+Alarma %)<\/td>\n<td style='padding: 0.4rem; border: 1px solid rgba(150&comma;150&comma;150&comma;0.3); text-align: center;'>> Referencia x (1+No pasa)<\/td>\n<\/tr>\n<tr>\n<td style='padding: 0.4rem; border: 1px solid rgba(150&comma;150&comma;150&comma;0.3); text-align: center;'>Pasa<\/td>\n<td style='padding: 0.4rem; border: 1px solid rgba(150&comma;150&comma;150&comma;0.3); text-align: center;'>No pasa<\/td>\n<td style='padding: 0.4rem; border: 1px solid rgba(150&comma;150&comma;150&comma;0.3); text-align: center;'>Pasa<\/td>\n<td style='padding: 0.4rem; border: 1px solid rgba(150&comma;150&comma;150&comma;0.3); text-align: center;'>Alarma<\/td>\n<td style='padding: 0.4rem; border: 1px solid rgba(150&comma;150&comma;150&comma;0.3); text-align: center;'>No pasa<\/td>\n<\/tr>\n<\/tbody>\n<\/table><\/div>\n<\/p><\/div>\n<\/p><\/div>\n<p> <!-- Software de gesti\u00f3n --> <\/p>\n<div style='display: flex; flex-wrap: wrap; gap: 30px; margin-top: 30px;'>\n<div style='flex: 1 1 300px; min-width: 280px;'>\n<h3 style='font-size: 22px; border-bottom: 2px solid currentColor; padding-bottom: 5px; margin-top: 0; color: inherit; opacity: 0.8;'>Software de gesti\u00f3n de bater\u00edas de Fluke<\/h3>\n<p style='font-size: 15px; color: inherit;'>El software de gesti\u00f3n de bater\u00edas de Fluke permite al usuario importar datos del analizador de bater\u00edas a un PC de forma r\u00e1pida y sencilla. Los datos de las medidas y la informaci\u00f3n sobre el perfil de la bater\u00eda se almacenan y archivan con el software de gesti\u00f3n y se pueden utilizar para comparar resultados&comma; cambiar los resultados de las lecturas de conductancia y resistencia&comma; y analizar tendencias. Los datos de las medidas&comma; el perfil de la bater\u00eda y la informaci\u00f3n de los an\u00e1lisis pueden utilizarse para generar informes de manera sencilla.<\/p>\n<ul style='padding-left: 20px; font-size: 15px; color: inherit;'>\n<li style='margin-bottom: 5px;'>Vista r\u00e1pida de las lecturas guardadas<\/li>\n<li style='margin-bottom: 5px;'>Gesti\u00f3n de perfiles<\/li>\n<li style='margin-bottom: 5px;'>Histograma de una serie de bater\u00edas con umbral definido por el usuario final<\/li>\n<li style='margin-bottom: 5px;'>Datos hist\u00f3ricos de tendencias de las bater\u00edas<\/li>\n<li style='margin-bottom: 5px;'>Varias rondas de tensi\u00f3n de descarga<\/li>\n<li style='margin-bottom: 5px;'>Generaci\u00f3n r\u00e1pida de informes<\/li>\n<li style='margin-bottom: 5px;'>Actualizar el firmware del analizador de bater\u00edas de Fluke<\/li>\n<li style='margin-bottom: 5px;'>Cambiar los resultados de las lecturas de conductancia y resistencia<\/li>\n<\/ul><\/div>\n<\/p><\/div>\n<p> <!-- App m\u00f3vil --> <\/p>\n<div style='display: flex; flex-wrap: wrap; gap: 30px; margin-top: 30px;'>\n<div style='flex: 1 1 300px; min-width: 280px;'>\n<h3 style='font-size: 22px; border-bottom: 2px solid currentColor; padding-bottom: 5px; margin-top: 0; color: inherit; opacity: 0.8;'>App para m\u00f3viles Fluke Battery Analyze<\/h3>\n<p style='font-size: 15px; color: inherit;'>El BT521 ofrece comunicaci\u00f3n inal\u00e1mbrica para descarga de datos y visualizaci\u00f3n remota mientras se toman medidas a trav\u00e9s de la app para m\u00f3viles Fluke Battery Analyze (tenga en cuenta que el Fluke BT521 actualmente no es compatible con Fluke Connect). La app para m\u00f3viles Fluke Battery Analyze:<\/p>\n<ul style='padding-left: 20px; font-size: 15px; color: inherit;'>\n<li style='margin-bottom: 5px;'>Examinar perfiles<\/li>\n<li style='margin-bottom: 5px;'>Revisar los datos del modo de comprobaci\u00f3n secuencial<\/li>\n<li style='margin-bottom: 5px;'>Enviar por correo electr\u00f3nico los datos de comprobaci\u00f3n de secuencia<\/li>\n<\/ul><\/div>\n<\/p><\/div>\n<p> <!-- Incluye --> <\/p>\n<div style='display: flex; flex-wrap: wrap; gap: 30px; margin-top: 30px;'>\n<div style='flex: 1 1 300px; min-width: 280px;'>\n<h3 style='font-size: 22px; border-bottom: 2px solid currentColor; padding-bottom: 5px; margin-top: 0; color: inherit; opacity: 0.8;'>Incluye<\/h3>\n<ul style='padding-left: 20px; font-size: 15px; color: inherit;'>\n<li style='margin-bottom: 5px;'>Analizador de bater\u00edas<\/li>\n<li style='margin-bottom: 5px;'>Dispositivo de prueba de 4 hilos (juego)<\/li>\n<li style='margin-bottom: 5px;'>Cable b\u00e1sico de prueba BTL10 (juego)<\/li>\n<li style='margin-bottom: 5px;'>Cables de prueba TL175 TwistGuard\u2122 con adaptador<\/li>\n<li style='margin-bottom: 5px;'>Juego de sondas de prueba inteligentes BTL21&comma; con extensor y sensor de temperatura<\/li>\n<li style='margin-bottom: 5px;'>Pinza amperim\u00e9trica i410 para CA\/CC<\/li>\n<li style='margin-bottom: 5px;'>Bater\u00eda de i\u00f3n-litio BP500<\/li>\n<li style='margin-bottom: 5px;'>Cargador de CA BC500<\/li>\n<li style='margin-bottom: 5px;'>Cable mini-USB<\/li>\n<li style='margin-bottom: 5px;'>Correa para el hombro<\/li>\n<li style='margin-bottom: 5px;'>Correa para cintur\u00f3n<\/li>\n<li style='margin-bottom: 5px;'>Correa con im\u00e1n para colgar<\/li>\n<li style='margin-bottom: 5px;'>Software de gesti\u00f3n de bater\u00edas FlukeView\u00ae<\/li>\n<li style='margin-bottom: 5px;'>Estuche flexible de transporte<\/li>\n<li style='margin-bottom: 5px;'>Fusibles de repuesto (2)<\/li>\n<li style='margin-bottom: 5px;'>Etiquetas de bater\u00eda<\/li>\n<li style='margin-bottom: 5px;'>Resistencia de calibraci\u00f3n de cero ohmios<\/li>\n<\/ul><\/div>\n<\/p><\/div>\n<p> <!-- Separador final --> <\/p>\n<hr style='border: 0; border-top: 1px solid rgba(150&comma; 150&comma; 150&comma; 0.3); margin: 30px 0;'> <\/div>\n","protected":false},"excerpt":{"rendered":"<p>Analizador Avanzado de Bater\u00edas, con Medici\u00f3n de Temperatura, Resistencia, Tensi\u00f3n, Corriente CC o CA, y Frecuencia<\/p>\n","protected":false},"featured_media":45716,"comment_status":"open","ping_status":"closed","template":"","meta":[],"product_brand":[],"product_cat":[1140],"product_tag":[1058,393,1141],"class_list":{"0":"post-45717","1":"product","2":"type-product","3":"status-publish","4":"has-post-thumbnail","6":"product_cat-medicion-e-inspeccion-electrica","7":"product_tag-ferreteria","8":"product_tag-fluke","9":"product_tag-medicion-e-inspeccion-electrica","11":"first","12":"outofstock","13":"sale","14":"shipping-taxable","15":"purchasable","16":"product-type-simple"},"_links":{"self":[{"href":"https:\/\/soydeaqui.ddns.net\/pachuca\/index.php\/wp-json\/wp\/v2\/product\/45717","targetHints":{"allow":["GET"]}}],"collection":[{"href":"https:\/\/soydeaqui.ddns.net\/pachuca\/index.php\/wp-json\/wp\/v2\/product"}],"about":[{"href":"https:\/\/soydeaqui.ddns.net\/pachuca\/index.php\/wp-json\/wp\/v2\/types\/product"}],"replies":[{"embeddable":true,"href":"https:\/\/soydeaqui.ddns.net\/pachuca\/index.php\/wp-json\/wp\/v2\/comments?post=45717"}],"wp:featuredmedia":[{"embeddable":true,"href":"https:\/\/soydeaqui.ddns.net\/pachuca\/index.php\/wp-json\/wp\/v2\/media\/45716"}],"wp:attachment":[{"href":"https:\/\/soydeaqui.ddns.net\/pachuca\/index.php\/wp-json\/wp\/v2\/media?parent=45717"}],"wp:term":[{"taxonomy":"product_brand","embeddable":true,"href":"https:\/\/soydeaqui.ddns.net\/pachuca\/index.php\/wp-json\/wp\/v2\/product_brand?post=45717"},{"taxonomy":"product_cat","embeddable":true,"href":"https:\/\/soydeaqui.ddns.net\/pachuca\/index.php\/wp-json\/wp\/v2\/product_cat?post=45717"},{"taxonomy":"product_tag","embeddable":true,"href":"https:\/\/soydeaqui.ddns.net\/pachuca\/index.php\/wp-json\/wp\/v2\/product_tag?post=45717"}],"curies":[{"name":"wp","href":"https:\/\/api.w.org\/{rel}","templated":true}]}}