{"id":45715,"date":"2026-03-18T20:16:34","date_gmt":"2026-03-18T20:16:34","guid":{"rendered":"https:\/\/soydeaqui.ddns.net\/pachuca\/index.php\/producto\/detector-de-voltaje-voltalert-rango-de-90-a-1000-vca-con-luz-roja-al-detectar-existencia-de-tension-siempre-encendido-y-listo\/"},"modified":"2026-03-18T20:16:36","modified_gmt":"2026-03-18T20:16:36","slug":"detector-de-voltaje-voltalert-rango-de-90-a-1000-vca-con-luz-roja-al-detectar-existencia-de-tension-siempre-encendido-y-listo","status":"publish","type":"product","link":"https:\/\/soydeaqui.ddns.net\/pachuca\/index.php\/producto\/detector-de-voltaje-voltalert-rango-de-90-a-1000-vca-con-luz-roja-al-detectar-existencia-de-tension-siempre-encendido-y-listo\/","title":{"rendered":"Detector de Voltaje VoltAlert\u2122, Rango de 90 a 1000 Vca, Con Luz Roja al Detectar Existencia de Tensi\u00f3n. Siempre Encendido y Listo"},"content":{"rendered":"<div style='width: 100%; max-width: 1200px; margin: 0 auto; font-family: sans-serif; line-height: 1.6; color: inherit; background-color: transparent;'>\n<div style='margin-bottom: 30px;'> <img style='width: 100%; max-width: 500px; height: auto; border: 1px solid rgba(150&comma;150&comma;150&comma;0.3); border-radius: 8px; display: block; margin: 0 auto;' src='https:\/\/www.risoul.com.mx\/hs-fs\/hubfs\/Fluke-Logo.png?width=1557&#038;name=Fluke-Logo.png' alt='Distribuidor productos Fluke'> <\/div>\n<div style='margin-bottom: 30px; font-size: 15px;'>\n<p>El Fluke 2AC es la \u00faltima incorporaci\u00f3n a la familia de comprobadores de tensi\u00f3n sin contacto de CA VoltAlert\u2122.<\/p>\n<p>Est\u00e1 dise\u00f1ado para ser de bolsillo y f\u00e1cil de usar.<\/p>\n<p>La punta del probador de bolsillo se iluminar\u00e1 en rojo cuando est\u00e9 cerca de un tomacorriente&comma; tira de terminales o cable de alimentaci\u00f3n donde haya voltaje.<\/p>\n<p>El 2 AC siempre est\u00e1 encendido&comma; con una funci\u00f3n de verificaci\u00f3n de bater\u00eda para asegurarse de que el probador est\u00e9 funcionando correctamente.<\/p>\n<p>El 2AC prueba los circuitos energizados y las conexiones a tierra defectuosas&comma; ya sea para un electricista en la planta de producci\u00f3n o para el que lo hace por s\u00ed mismo en la casa.<\/p>\n<\/p><\/div>\n<div style='margin-bottom: 30px; font-size: 15px;'>\n<h3 style='font-size: 22px; border-bottom: 2px solid currentColor; padding-bottom: 5px; margin-top: 0; color: inherit; opacity: 0.8;'>Caracter\u00edsticas principales<\/h3>\n<ul style='padding-left: 20px; margin-top: 15px;'>\n<li style='margin-bottom: 5px;'>Producto con clasificaci\u00f3n de sobrevoltaje CAT IV 1000 V para la mejor protecci\u00f3n del usuario en su clase<\/li>\n<li style='margin-bottom: 5px;'>Adecuado para una amplia gama de necesidades residenciales&comma; comerciales e industriales.<\/li>\n<li style='margin-bottom: 5px;'>Robustez y confiabilidad de Fluke con una garant\u00eda de dos a\u00f1os<\/li>\n<\/ul><\/div>\n<div style='margin-bottom: 30px; font-size: 15px;'>\n<p>El uso de la funci\u00f3n de verificaci\u00f3n de la bater\u00eda es opcional y solo por conveniencia&comma; no pretende sustituir la verificaci\u00f3n de la unidad en una fuente viva conocida antes y despu\u00e9s del uso.<\/p>\n<\/p><\/div>\n<div style='margin-bottom: 30px; font-size: 15px;'>\n<h3 style='font-size: 22px; border-bottom: 2px solid currentColor; padding-bottom: 5px; margin-top: 0; color: inherit; opacity: 0.8;'>Incluye<\/h3>\n<ul style='padding-left: 20px; margin-top: 15px;'>\n<li>2 bater\u00edas AAA<\/li>\n<\/ul><\/div>\n<div style='margin-bottom: 30px;'>\n<h3 style='font-size: 22px; border-bottom: 2px solid currentColor; padding-bottom: 5px; margin-top: 0; color: inherit; opacity: 0.8;'>Especificaciones<\/h3>\n<div style='display: flex; flex-wrap: wrap; gap: 20px; margin-top: 20px;'>\n<div style='flex: 1 1 250px; border: 1px solid rgba(150&comma;150&comma;150&comma;0.4); border-radius: 8px; overflow: hidden; display: flex; flex-direction: column;'>\n<div style='padding: 15px; border-bottom: 1px solid rgba(150&comma;150&comma;150&comma;0.2); font-weight: bold; font-size: 18px; color: inherit;'>Principio de operaci\u00f3n<\/div>\n<div style='padding: 15px; color: inherit;'>\n<ul style='padding-left: 20px; margin: 0; font-size: 14px; list-style-type: disc;'>\n<li style='margin-bottom: 5px;'>Detecta el campo electrost\u00e1tico de estado estable producido por el voltaje de CA a trav\u00e9s del aislamiento sin necesidad de contacto con el conductor desnudo.<\/li>\n<li style='margin-bottom: 5px;'>Un brillo rojo en la punta indica la presencia de voltaje.<\/li>\n<\/ul><\/div>\n<\/p><\/div>\n<div style='flex: 1 1 250px; border: 1px solid rgba(150&comma;150&comma;150&comma;0.4); border-radius: 8px; overflow: hidden; display: flex; flex-direction: column;'>\n<div style='padding: 15px; border-bottom: 1px solid rgba(150&comma;150&comma;150&comma;0.2); font-weight: bold; font-size: 18px; color: inherit;'>Cumplimiento de seguridad<\/div>\n<div style='padding: 15px; color: inherit;'>\n<ul style='padding-left: 20px; margin: 0; font-size: 14px; list-style-type: disc;'>\n<li style='margin-bottom: 5px;'>Cumple con IEC 61010-1:2001<\/li>\n<li style='margin-bottom: 5px;'>UL 61010-1 (2nd ed.)<\/li>\n<li style='margin-bottom: 5px;'>CAN\/CSA-C22.2 No. 61010-1-04<\/li>\n<li style='margin-bottom: 5px;'>ISA-82.02.01 Grado de contaminaci\u00f3n 2<\/li>\n<\/ul><\/div>\n<\/p><\/div>\n<div style='flex: 1 1 250px; border: 1px solid rgba(150&comma;150&comma;150&comma;0.4); border-radius: 8px; overflow: hidden; display: flex; flex-direction: column;'>\n<div style='padding: 15px; border-bottom: 1px solid rgba(150&comma;150&comma;150&comma;0.2); font-weight: bold; font-size: 18px; color: inherit;'>Cumplimiento EMC<\/div>\n<div style='padding: 15px; color: inherit;'>\n<p style='margin: 0;'>Cumple con la norma IEC 61326-1:2006<\/p>\n<\/p><\/div>\n<\/p><\/div>\n<div style='flex: 1 1 250px; border: 1px solid rgba(150&comma;150&comma;150&comma;0.4); border-radius: 8px; overflow: hidden; display: flex; flex-direction: column;'>\n<div style='padding: 15px; border-bottom: 1px solid rgba(150&comma;150&comma;150&comma;0.2); font-weight: bold; font-size: 18px; color: inherit;'>Operaci\u00f3n<\/div>\n<div style='padding: 15px; color: inherit;'>\n<ul style='padding-left: 20px; margin: 0; font-size: 14px; list-style-type: disc;'>\n<li style='margin-bottom: 5px;'>90 V CA a 1000 V CA<\/li>\n<li style='margin-bottom: 5px;'>Clasificaci\u00f3n CAT IV 1000 V<\/li>\n<\/ul><\/div>\n<\/p><\/div>\n<div style='flex: 1 1 250px; border: 1px solid rgba(150&comma;150&comma;150&comma;0.4); border-radius: 8px; overflow: hidden; display: flex; flex-direction: column;'>\n<div style='padding: 15px; border-bottom: 1px solid rgba(150&comma;150&comma;150&comma;0.2); font-weight: bold; font-size: 18px; color: inherit;'>Temperatura<\/div>\n<div style='padding: 15px; color: inherit;'>\n<ul style='padding-left: 20px; margin: 0; font-size: 14px; list-style-type: disc;'>\n<li style='margin-bottom: 5px;'>Operaci\u00f3n y almacenamiento: -10 \u00b0C a 50 \u00b0C (-14 \u00b0F a 122 \u00b0F)<\/li>\n<\/ul><\/div>\n<\/p><\/div>\n<div style='flex: 1 1 250px; border: 1px solid rgba(150&comma;150&comma;150&comma;0.4); border-radius: 8px; overflow: hidden; display: flex; flex-direction: column;'>\n<div style='padding: 15px; border-bottom: 1px solid rgba(150&comma;150&comma;150&comma;0.2); font-weight: bold; font-size: 18px; color: inherit;'>Rango de humedad de funcionamiento<\/div>\n<div style='padding: 15px; color: inherit;'>\n<ul style='padding-left: 20px; margin: 0; font-size: 14px; list-style-type: disc;'>\n<li style='margin-bottom: 5px;'>0% a 95% (0\u00b0C a 30\u00b0C)<\/li>\n<li style='margin-bottom: 5px;'>0% a 75% (30\u00b0C a 40\u00b0C)<\/li>\n<li style='margin-bottom: 5px;'>0% a 45% (40\u00b0C a 55\u00b0C)<\/li>\n<\/ul><\/div>\n<\/p><\/div>\n<div style='flex: 1 1 250px; border: 1px solid rgba(150&comma;150&comma;150&comma;0.4); border-radius: 8px; overflow: hidden; display: flex; flex-direction: column;'>\n<div style='padding: 15px; border-bottom: 1px solid rgba(150&comma;150&comma;150&comma;0.2); font-weight: bold; font-size: 18px; color: inherit;'>Altitud<\/div>\n<div style='padding: 15px; color: inherit;'>\n<p style='margin: 0;'>2000 m (CAT IV 1000 V)<\/p>\n<\/p><\/div>\n<\/p><\/div>\n<div style='flex: 1 1 250px; border: 1px solid rgba(150&comma;150&comma;150&comma;0.4); border-radius: 8px; overflow: hidden; display: flex; flex-direction: column;'>\n<div style='padding: 15px; border-bottom: 1px solid rgba(150&comma;150&comma;150&comma;0.2); font-weight: bold; font-size: 18px; color: inherit;'>Limpieza<\/div>\n<div style='padding: 15px; color: inherit;'>\n<p style='margin: 0;'>Limpiar con pa\u00f1o h\u00famedo<\/p>\n<\/p><\/div>\n<\/p><\/div>\n<div style='flex: 1 1 250px; border: 1px solid rgba(150&comma;150&comma;150&comma;0.4); border-radius: 8px; overflow: hidden; display: flex; flex-direction: column;'>\n<div style='padding: 15px; border-bottom: 1px solid rgba(150&comma;150&comma;150&comma;0.2); font-weight: bold; font-size: 18px; color: inherit;'>Duraci\u00f3n de la bater\u00eda<\/div>\n<div style='padding: 15px; color: inherit;'>\n<p style='margin: 0;'>Duraci\u00f3n t\u00edpica de la bater\u00eda de m\u00e1s de un a\u00f1o<\/p>\n<\/p><\/div>\n<\/p><\/div>\n<div style='flex: 1 1 250px; border: 1px solid rgba(150&comma;150&comma;150&comma;0.4); border-radius: 8px; overflow: hidden; display: flex; flex-direction: column;'>\n<div style='padding: 15px; border-bottom: 1px solid rgba(150&comma;150&comma;150&comma;0.2); font-weight: bold; font-size: 18px; color: inherit;'>Per\u00edodo de garant\u00eda<\/div>\n<div style='padding: 15px; color: inherit;'>\n<p style='margin: 0;'>Dos a\u00f1os<\/p>\n<\/p><\/div>\n<\/p><\/div>\n<\/p><\/div>\n<\/p><\/div>\n<\/p><\/div>\n","protected":false},"excerpt":{"rendered":"<p>Detector de Voltaje VoltAlert\u2122, Rango de 90 a 1000 Vca, Con Luz Roja al Detectar Existencia de Tensi\u00f3n. Siempre Encendido y Listo<\/p>\n","protected":false},"featured_media":45714,"comment_status":"open","ping_status":"closed","template":"","meta":[],"product_brand":[],"product_cat":[462],"product_tag":[393,25,131],"class_list":{"0":"post-45715","1":"product","2":"type-product","3":"status-publish","4":"has-post-thumbnail","6":"product_cat-herramientas-electricas-herramientas","7":"product_tag-fluke","8":"product_tag-herramientas","9":"product_tag-herramientas-electricas","11":"first","12":"instock","13":"sale","14":"shipping-taxable","15":"purchasable","16":"product-type-simple"},"_links":{"self":[{"href":"https:\/\/soydeaqui.ddns.net\/pachuca\/index.php\/wp-json\/wp\/v2\/product\/45715","targetHints":{"allow":["GET"]}}],"collection":[{"href":"https:\/\/soydeaqui.ddns.net\/pachuca\/index.php\/wp-json\/wp\/v2\/product"}],"about":[{"href":"https:\/\/soydeaqui.ddns.net\/pachuca\/index.php\/wp-json\/wp\/v2\/types\/product"}],"replies":[{"embeddable":true,"href":"https:\/\/soydeaqui.ddns.net\/pachuca\/index.php\/wp-json\/wp\/v2\/comments?post=45715"}],"wp:featuredmedia":[{"embeddable":true,"href":"https:\/\/soydeaqui.ddns.net\/pachuca\/index.php\/wp-json\/wp\/v2\/media\/45714"}],"wp:attachment":[{"href":"https:\/\/soydeaqui.ddns.net\/pachuca\/index.php\/wp-json\/wp\/v2\/media?parent=45715"}],"wp:term":[{"taxonomy":"product_brand","embeddable":true,"href":"https:\/\/soydeaqui.ddns.net\/pachuca\/index.php\/wp-json\/wp\/v2\/product_brand?post=45715"},{"taxonomy":"product_cat","embeddable":true,"href":"https:\/\/soydeaqui.ddns.net\/pachuca\/index.php\/wp-json\/wp\/v2\/product_cat?post=45715"},{"taxonomy":"product_tag","embeddable":true,"href":"https:\/\/soydeaqui.ddns.net\/pachuca\/index.php\/wp-json\/wp\/v2\/product_tag?post=45715"}],"curies":[{"name":"wp","href":"https:\/\/api.w.org\/{rel}","templated":true}]}}