{"id":45653,"date":"2026-03-18T20:14:42","date_gmt":"2026-03-18T20:14:42","guid":{"rendered":"https:\/\/soydeaqui.ddns.net\/pachuca\/index.php\/producto\/caja-para-areas-peligrosas-con-tapa-de-2-51-mm-al-libre-de-cu-tipo-grl\/"},"modified":"2026-03-18T20:14:43","modified_gmt":"2026-03-18T20:14:43","slug":"caja-para-areas-peligrosas-con-tapa-de-2-51-mm-al-libre-de-cu-tipo-grl","status":"publish","type":"product","link":"https:\/\/soydeaqui.ddns.net\/pachuca\/index.php\/producto\/caja-para-areas-peligrosas-con-tapa-de-2-51-mm-al-libre-de-cu-tipo-grl\/","title":{"rendered":"Caja para \u00c1reas Peligrosas con Tapa de 2&#8243; (51 mm) \/ Al Libre de Cu\/ Tipo GRL."},"content":{"rendered":"<div style='width: 100%; max-width: 1200px; margin: 0 auto; font-family: sans-serif; line-height: 1.6; color: inherit; background-color: transparent;'>\n<div style='display: flex; flex-wrap: wrap; gap: 30px; margin-bottom: 30px;'>\n<div style='flex: 1 1 300px; min-width: 280px;'>\n<h3 style='font-size: 22px; border-bottom: 2px solid currentColor; padding-bottom: 5px; margin-top: 0; color: inherit; opacity: 0.8;'>Caracter\u00edsticas principales<\/h3>\n<ul style='padding-left: 20px; font-size: 15px; color: inherit;'>\n<li style='margin-bottom: 5px;'>Material del cuerpo y tapa: Aluminio libre de cobre&comma; inyectado a presi\u00f3n (diecast)&comma; con control de porosidad.<\/li>\n<li style='margin-bottom: 5px;'>A prueba de explosi\u00f3n de gases: \u00e9ter&comma; et\u00edlico&comma; etileno&comma; hidr\u00f3geno&comma; butano&comma; propano&comma; metano y gasolina.<\/li>\n<li style='margin-bottom: 5px;'>A prueba de presi\u00f3n hidrost\u00e1tica.<\/li>\n<li style='margin-bottom: 5px;'>A prueba de polvos.<\/li>\n<li style='margin-bottom: 5px;'>A prueba de chorro de agua directo.<\/li>\n<li style='margin-bottom: 5px;'>A prueba de ambiente h\u00famedos.<\/li>\n<li style='margin-bottom: 5px;'>&#8216;O&#8217; ring de Neopreno a prueba de humedad.<\/li>\n<li style='margin-bottom: 5px;'>Acabados: Pintura electroest\u00e1tica Ep\u00f3xica\/Poli\u00e9ster polimerizada para reforzar la resistencia natural al medio ambiente.<\/li>\n<li style='margin-bottom: 5px;'>Boca interior de entrada sin filos para proteger el forro del cableado.<\/li>\n<li style='margin-bottom: 5px;'>Tornillo de tierra pasivado incluido.<\/li>\n<li style='margin-bottom: 5px;'>Arosello a prueba de agua&comma; dentro de normas NEMA.<\/li>\n<li style='margin-bottom: 5px;'>Rosca de la tapa fabricada especialmente para permitir la salida de gases en fr\u00edo.<\/li>\n<li style='margin-bottom: 5px;'>Dos bases para la fijaci\u00f3n de elementos el\u00e9ctricos en su interior.<\/li>\n<li style='margin-bottom: 5px;'>Rosca NPT para usarse con tubo conduit r\u00edgido o IMC.<\/li>\n<\/ul><\/div>\n<\/p><\/div>\n<div style='display: flex; flex-wrap: wrap; gap: 20px; margin-bottom: 30px;'>\n<div style='flex: 1 1 250px; border: 1px solid rgba(150&comma; 150&comma; 150&comma; 0.4); border-radius: 8px; overflow: hidden; display: flex; flex-direction: column;'>\n<div style='padding: 15px; border-bottom: 1px solid rgba(150&comma; 150&comma; 150&comma; 0.2); font-weight: bold; font-size: 18px; color: inherit;'>Aplicaciones<\/div>\n<div style='padding: 15px; color: inherit;'>\n<ul style='padding-left: 20px; margin: 0; font-size: 14px; list-style-type: disc;'>\n<li style='margin-bottom: 5px;'>Aprobado para \u00e1reas peligrosas:<\/li>\n<li style='margin-bottom: 5px;'>Clase I: Div. 1 &#038; 2&comma; grupo B&comma; C&comma; D<\/li>\n<li style='margin-bottom: 5px;'>Clase II: Div. 1&comma; grupos E&comma; F&comma; G<\/li>\n<li style='margin-bottom: 5px;'>Clase II: Div. 2&comma; grupos F&comma; G<\/li>\n<li style='margin-bottom: 5px;'>Clase III: NEMA 3&comma; 4&comma; 4X&comma; 7&comma; C&comma; D&comma; 9 E&comma; F&comma; G<\/li>\n<\/ul><\/div>\n<\/p><\/div>\n<div style='flex: 1 1 250px; border: 1px solid rgba(150&comma; 150&comma; 150&comma; 0.4); border-radius: 8px; overflow: hidden; display: flex; flex-direction: column;'>\n<div style='padding: 15px; border-bottom: 1px solid rgba(150&comma; 150&comma; 150&comma; 0.2); font-weight: bold; font-size: 18px; color: inherit;'>Especificaciones<\/div>\n<div style='padding: 15px; color: inherit;'>\n<ul style='padding-left: 20px; margin: 0; font-size: 14px; list-style-type: disc;'>\n<li style='margin-bottom: 5px;'>Fabricaci\u00f3n en base a: UL 886 y UL 1203&comma; CAN\/CAS-C22.2 No.30<\/li>\n<li style='margin-bottom: 5px;'>Medida: 51 mm (2&#8242;)<\/li>\n<li style='margin-bottom: 5px;'>Abertura: 127 mm (5&#8242;)<\/li>\n<li style='margin-bottom: 5px;'>Salidas: 2<\/li>\n<li style='margin-bottom: 5px;'>Volumen: 1259 cm\u00b3<\/li>\n<li style='margin-bottom: 5px;'>Peso: 2.29 Kg<\/li>\n<\/ul><\/div>\n<\/p><\/div>\n<\/p><\/div>\n<\/p><\/div>\n","protected":false},"excerpt":{"rendered":"<p>Caja para \u00c1reas Peligrosas con Tapa de 2&#8243; (51 mm) \/ Al Libre de Cu\/ Tipo GRL.<\/p>\n","protected":false},"featured_media":45652,"comment_status":"open","ping_status":"closed","template":"","meta":[],"product_brand":[],"product_cat":[655],"product_tag":[572,661,656],"class_list":{"0":"post-45653","1":"product","2":"type-product","3":"status-publish","4":"has-post-thumbnail","6":"product_cat-tuberia-metalica-conduit-accesorios","7":"product_tag-canalizacion","8":"product_tag-rawelt","9":"product_tag-tuberia-metalica-conduit-accesorios","11":"first","12":"outofstock","13":"sale","14":"shipping-taxable","15":"purchasable","16":"product-type-simple"},"_links":{"self":[{"href":"https:\/\/soydeaqui.ddns.net\/pachuca\/index.php\/wp-json\/wp\/v2\/product\/45653","targetHints":{"allow":["GET"]}}],"collection":[{"href":"https:\/\/soydeaqui.ddns.net\/pachuca\/index.php\/wp-json\/wp\/v2\/product"}],"about":[{"href":"https:\/\/soydeaqui.ddns.net\/pachuca\/index.php\/wp-json\/wp\/v2\/types\/product"}],"replies":[{"embeddable":true,"href":"https:\/\/soydeaqui.ddns.net\/pachuca\/index.php\/wp-json\/wp\/v2\/comments?post=45653"}],"wp:featuredmedia":[{"embeddable":true,"href":"https:\/\/soydeaqui.ddns.net\/pachuca\/index.php\/wp-json\/wp\/v2\/media\/45652"}],"wp:attachment":[{"href":"https:\/\/soydeaqui.ddns.net\/pachuca\/index.php\/wp-json\/wp\/v2\/media?parent=45653"}],"wp:term":[{"taxonomy":"product_brand","embeddable":true,"href":"https:\/\/soydeaqui.ddns.net\/pachuca\/index.php\/wp-json\/wp\/v2\/product_brand?post=45653"},{"taxonomy":"product_cat","embeddable":true,"href":"https:\/\/soydeaqui.ddns.net\/pachuca\/index.php\/wp-json\/wp\/v2\/product_cat?post=45653"},{"taxonomy":"product_tag","embeddable":true,"href":"https:\/\/soydeaqui.ddns.net\/pachuca\/index.php\/wp-json\/wp\/v2\/product_tag?post=45653"}],"curies":[{"name":"wp","href":"https:\/\/api.w.org\/{rel}","templated":true}]}}