{"id":45639,"date":"2026-03-18T20:14:21","date_gmt":"2026-03-18T20:14:21","guid":{"rendered":"https:\/\/soydeaqui.ddns.net\/pachuca\/index.php\/producto\/tubo-conduit-pvc-ligero-de-1-1-4-32-mm-de-3-m\/"},"modified":"2026-03-18T20:14:22","modified_gmt":"2026-03-18T20:14:22","slug":"tubo-conduit-pvc-ligero-de-1-1-4-32-mm-de-3-m","status":"publish","type":"product","link":"https:\/\/soydeaqui.ddns.net\/pachuca\/index.php\/producto\/tubo-conduit-pvc-ligero-de-1-1-4-32-mm-de-3-m\/","title":{"rendered":"Tubo Conduit PVC Ligero de 1 1\/4&#8243; (32 mm)  de 3 m."},"content":{"rendered":"<div style='width: 100%; max-width: 1200px; margin: 0 auto; font-family: sans-serif; line-height: 1.6; color: inherit; background-color: transparent;'>\n<div style='display: flex; flex-wrap: wrap; gap: 30px; margin-bottom: 30px;'>\n<div style='flex: 1 1 300px; min-width: 280px;'>\n<h3 style='font-size: 22px; border-bottom: 2px solid currentColor; padding-bottom: 5px; margin-top: 0; color: inherit; opacity: 0.8;'>Aplicaciones<\/h3>\n<p style='font-size: 15px; color: inherit; margin-bottom: 15px;'>La tuber\u00eda conduit tipo ligero est\u00e1 especialmente dise\u00f1ada para la conducci\u00f3n de cables el\u00e9ctricos&comma; en usos como instalaciones el\u00e9ctricas&comma; industriales&comma; dom\u00e9sticas&comma; de voz y datos en una casa habitaci\u00f3n&comma; comercio&comma; etc. Propio para instalaciones en obras donde el concreto lo cubrir\u00e1.<\/p>\n<p style='font-size: 15px; color: inherit; margin-bottom: 15px;'>La tuber\u00eda conduit tipo ligero se elabora mediante un compuesto de Policloruro de vinilo (PVC) sin plastificante&comma; con celda de clasificaci\u00f3n 12454 de acuerdo a la NMX-E-031.<\/p>\n<p style='font-size: 15px; color: inherit; margin-bottom: 15px;'>La tuber\u00eda conduit tipo ligero se fabrica de acuerdo a la NMX-E-012-SCFI vigente.<\/p>\n<p style='font-size: 15px; color: inherit; margin-bottom: 15px;'>La uni\u00f3n de estas tuber\u00edas se lleva a cabo por medio de la interconexi\u00f3n directa de un casquillo termoformado e integrado al tubo&comma; o por medio de un cople de PVC inyectado que facilita su inserci\u00f3n.<\/p>\n<p style='font-size: 15px; color: inherit; margin-bottom: 15px;'>El cumplimiento de todo lo antes mencionado garantiza completamente el correcto funcionamiento del producto&comma; as\u00ed como su vida \u00fatil. Cumple con los m\u00e1s altos est\u00e1ndares de seguridad y gracias a su rigidez diel\u00e9ctrica es un buen aislante en las instalaciones&comma; evitando cortocircuitos y\/o fugas de potencial el\u00e9ctrico del cable al ducto.<\/p>\n<\/p><\/div>\n<\/p><\/div>\n<div style='display: flex; flex-wrap: wrap; gap: 20px; margin-bottom: 30px;'>\n<div style='flex: 1 1 250px; border: 1px solid rgba(150&comma; 150&comma; 150&comma; 0.4); border-radius: 8px; overflow: hidden; display: flex; flex-direction: column;'>\n<div style='padding: 15px; border-bottom: 1px solid rgba(150&comma; 150&comma; 150&comma; 0.2); font-weight: bold; font-size: 18px; color: inherit;'>Caracter\u00edsticas<\/div>\n<div style='padding: 15px; color: inherit;'>\n<ul style='padding-left: 20px; margin: 0; font-size: 14px; list-style-type: disc;'>\n<li style='margin-bottom: 5px;'><strong>Di\u00e1metro Nominal:<\/strong> 1 1\/4&#8242; (32 mm)<\/li>\n<li style='margin-bottom: 5px;'><strong>Di\u00e1metro Exterior:<\/strong> 38 &#8211; 38.2 mm<\/li>\n<li style='margin-bottom: 5px;'><strong>Espesor de Pared:<\/strong> 1.4 &#8211; 1.7 mm<\/li>\n<li style='margin-bottom: 5px;'><strong>Di\u00e1metro de entrada casquillo:<\/strong> 38.3 &#8211; 38.7 mm<\/li>\n<li style='margin-bottom: 5px;'><strong>Di\u00e1metro terminal de casquillo:<\/strong> 37.9 &#8211; 38.3 mm<\/li>\n<li style='margin-bottom: 5px;'><strong>Longitud Casquillo:<\/strong> 23.8 mm<\/li>\n<\/ul>\n<p style='margin-top: 15px; font-size: 14px; color: inherit; opacity: 0.8;'>Nota: La longitud de la tuber\u00eda es de 3 000 mm \u00b1 0.5% (15 mm)<\/p>\n<\/p><\/div>\n<\/p><\/div>\n<\/p><\/div>\n<hr style='border: 0; border-top: 1px solid rgba(150&comma; 150&comma; 150&comma; 0.3); margin: 30px 0;'> <\/div>\n","protected":false},"excerpt":{"rendered":"<p>Tubo Conduit PVC Ligero de 1 1\/4&#8243; (32 mm)  de 3 m.<\/p>\n","protected":false},"featured_media":45638,"comment_status":"open","ping_status":"closed","template":"","meta":[],"product_brand":[],"product_cat":[648],"product_tag":[703,572,649],"class_list":{"0":"post-45639","1":"product","2":"type-product","3":"status-publish","4":"has-post-thumbnail","6":"product_cat-tuberia-pvc-registros-pvc","7":"product_tag-amanco-wavin","8":"product_tag-canalizacion","9":"product_tag-tuberia-pvc-registros-pvc","11":"first","12":"instock","13":"sale","14":"shipping-taxable","15":"purchasable","16":"product-type-simple"},"_links":{"self":[{"href":"https:\/\/soydeaqui.ddns.net\/pachuca\/index.php\/wp-json\/wp\/v2\/product\/45639","targetHints":{"allow":["GET"]}}],"collection":[{"href":"https:\/\/soydeaqui.ddns.net\/pachuca\/index.php\/wp-json\/wp\/v2\/product"}],"about":[{"href":"https:\/\/soydeaqui.ddns.net\/pachuca\/index.php\/wp-json\/wp\/v2\/types\/product"}],"replies":[{"embeddable":true,"href":"https:\/\/soydeaqui.ddns.net\/pachuca\/index.php\/wp-json\/wp\/v2\/comments?post=45639"}],"wp:featuredmedia":[{"embeddable":true,"href":"https:\/\/soydeaqui.ddns.net\/pachuca\/index.php\/wp-json\/wp\/v2\/media\/45638"}],"wp:attachment":[{"href":"https:\/\/soydeaqui.ddns.net\/pachuca\/index.php\/wp-json\/wp\/v2\/media?parent=45639"}],"wp:term":[{"taxonomy":"product_brand","embeddable":true,"href":"https:\/\/soydeaqui.ddns.net\/pachuca\/index.php\/wp-json\/wp\/v2\/product_brand?post=45639"},{"taxonomy":"product_cat","embeddable":true,"href":"https:\/\/soydeaqui.ddns.net\/pachuca\/index.php\/wp-json\/wp\/v2\/product_cat?post=45639"},{"taxonomy":"product_tag","embeddable":true,"href":"https:\/\/soydeaqui.ddns.net\/pachuca\/index.php\/wp-json\/wp\/v2\/product_tag?post=45639"}],"curies":[{"name":"wp","href":"https:\/\/api.w.org\/{rel}","templated":true}]}}