{"id":45625,"date":"2026-03-18T20:13:48","date_gmt":"2026-03-18T20:13:48","guid":{"rendered":"https:\/\/soydeaqui.ddns.net\/pachuca\/index.php\/producto\/conector-para-tuberia-conduit-pvc-ligero-de-1-1-4-32-mm\/"},"modified":"2026-03-18T20:13:49","modified_gmt":"2026-03-18T20:13:49","slug":"conector-para-tuberia-conduit-pvc-ligero-de-1-1-4-32-mm","status":"publish","type":"product","link":"https:\/\/soydeaqui.ddns.net\/pachuca\/index.php\/producto\/conector-para-tuberia-conduit-pvc-ligero-de-1-1-4-32-mm\/","title":{"rendered":"Conector para Tuber\u00eda Conduit PVC Ligero de 1 1\/4&#8243; (32 mm)."},"content":{"rendered":"<div style='width: 100%; max-width: 1200px; margin: 0 auto; font-family: sans-serif; line-height: 1.6; color: inherit; background-color: transparent;'> <!-- Secci\u00f3n de aplicaciones --> <\/p>\n<div style='margin-bottom: 30px;'>\n<h3 style='font-size: 22px; border-bottom: 2px solid currentColor; padding-bottom: 5px; margin-top: 0; color: inherit; opacity: 0.8;'>Aplicaciones<\/h3>\n<p style='font-size: 15px; color: inherit; margin-top: 15px; margin-bottom: 15px;'>La tuber\u00eda conduit tipo ligero est\u00e1 especialmente dise\u00f1ada para la conducci\u00f3n de cables el\u00e9ctricos&comma; en usos como instalaciones el\u00e9ctricas&comma; industriales&comma; dom\u00e9sticas&comma; de voz y datos en una casa habitaci\u00f3n&comma; comercio&comma; etc. Propio para instalaciones en obras donde el concreto lo cubrir\u00e1.<\/p>\n<p style='font-size: 15px; color: inherit; margin-top: 15px; margin-bottom: 15px;'>La tuber\u00eda conduit tipo ligero se elabora mediante un compuesto de Policloruro de vinilo (PVC) sin plastificante&comma; con celda de clasificaci\u00f3n 12454 de acuerdo a la NMX-E-031. La tuber\u00eda conduit tipo ligero se fabrica de acuerdo a la NMX-E-012-SCFI vigente.<\/p>\n<p style='font-size: 15px; color: inherit; margin-top: 15px; margin-bottom: 15px;'>La uni\u00f3n de estas tuber\u00edas se lleva a cabo por medio de la interconexi\u00f3n directa de un casquillo termoformado e integrado al tubo&comma; o por medio de un cople de PVC inyectado y que facilita su inserci\u00f3n.<\/p>\n<p style='font-size: 15px; color: inherit; margin-top: 15px; margin-bottom: 15px;'>El cumplimiento de todo lo antes mencionado&comma; garantiza completamente el correcto funcionamiento del producto&comma; as\u00ed como su vida \u00fatil. Cumple con los m\u00e1s altos est\u00e1ndares de seguridad y gracias a su rigidez diel\u00e9ctrica son un buen aislante en las instalaciones&comma; evitando cortocircuitos y\/o fugas de potencial el\u00e9ctrico del cable al ducto.<\/p>\n<\/p><\/div>\n<p> <!-- Secci\u00f3n de caracter\u00edsticas --> <\/p>\n<div style='margin-bottom: 30px;'>\n<h3 style='font-size: 22px; border-bottom: 2px solid currentColor; padding-bottom: 5px; margin-top: 0; color: inherit; opacity: 0.8;'>Caracter\u00edsticas<\/h3>\n<ul style='padding-left: 20px; font-size: 15px; color: inherit; margin-top: 15px;'>\n<li style='margin-bottom: 5px;'>Auto extinguible<\/li>\n<li style='margin-bottom: 5px;'>Duraci\u00f3n<\/li>\n<li style='margin-bottom: 5px;'>Seguridad en el cableado<\/li>\n<li style='margin-bottom: 5px;'>Ligero<\/li>\n<\/ul><\/div>\n<\/p><\/div>\n","protected":false},"excerpt":{"rendered":"<p>Conector para Tuber\u00eda Conduit PVC Ligero de 1 1\/4&#8243; (32 mm).<\/p>\n","protected":false},"featured_media":45624,"comment_status":"open","ping_status":"closed","template":"","meta":[],"product_brand":[],"product_cat":[648],"product_tag":[703,572,649],"class_list":{"0":"post-45625","1":"product","2":"type-product","3":"status-publish","4":"has-post-thumbnail","6":"product_cat-tuberia-pvc-registros-pvc","7":"product_tag-amanco-wavin","8":"product_tag-canalizacion","9":"product_tag-tuberia-pvc-registros-pvc","11":"first","12":"instock","13":"sale","14":"shipping-taxable","15":"purchasable","16":"product-type-simple"},"_links":{"self":[{"href":"https:\/\/soydeaqui.ddns.net\/pachuca\/index.php\/wp-json\/wp\/v2\/product\/45625","targetHints":{"allow":["GET"]}}],"collection":[{"href":"https:\/\/soydeaqui.ddns.net\/pachuca\/index.php\/wp-json\/wp\/v2\/product"}],"about":[{"href":"https:\/\/soydeaqui.ddns.net\/pachuca\/index.php\/wp-json\/wp\/v2\/types\/product"}],"replies":[{"embeddable":true,"href":"https:\/\/soydeaqui.ddns.net\/pachuca\/index.php\/wp-json\/wp\/v2\/comments?post=45625"}],"wp:featuredmedia":[{"embeddable":true,"href":"https:\/\/soydeaqui.ddns.net\/pachuca\/index.php\/wp-json\/wp\/v2\/media\/45624"}],"wp:attachment":[{"href":"https:\/\/soydeaqui.ddns.net\/pachuca\/index.php\/wp-json\/wp\/v2\/media?parent=45625"}],"wp:term":[{"taxonomy":"product_brand","embeddable":true,"href":"https:\/\/soydeaqui.ddns.net\/pachuca\/index.php\/wp-json\/wp\/v2\/product_brand?post=45625"},{"taxonomy":"product_cat","embeddable":true,"href":"https:\/\/soydeaqui.ddns.net\/pachuca\/index.php\/wp-json\/wp\/v2\/product_cat?post=45625"},{"taxonomy":"product_tag","embeddable":true,"href":"https:\/\/soydeaqui.ddns.net\/pachuca\/index.php\/wp-json\/wp\/v2\/product_tag?post=45625"}],"curies":[{"name":"wp","href":"https:\/\/api.w.org\/{rel}","templated":true}]}}