{"id":45598,"date":"2026-03-18T20:12:58","date_gmt":"2026-03-18T20:12:58","guid":{"rendered":"https:\/\/soydeaqui.ddns.net\/pachuca\/index.php\/producto\/regulador-de-voltaje-industrial-bifasico-ferrorresonante-7-5-kva-7-5-kw-220-v-entrada-176-264-v-vca-salida-215-6-224-4-vca\/"},"modified":"2026-03-18T20:13:07","modified_gmt":"2026-03-18T20:13:07","slug":"regulador-de-voltaje-industrial-bifasico-ferrorresonante-7-5-kva-7-5-kw-220-v-entrada-176-264-v-vca-salida-215-6-224-4-vca","status":"publish","type":"product","link":"https:\/\/soydeaqui.ddns.net\/pachuca\/index.php\/producto\/regulador-de-voltaje-industrial-bifasico-ferrorresonante-7-5-kva-7-5-kw-220-v-entrada-176-264-v-vca-salida-215-6-224-4-vca\/","title":{"rendered":"Regulador de Voltaje Industrial Bif\u00e1sico Ferrorresonante 7.5 kVA\/7.5 kW 220 V \/ Entrada 176-264 V Vca \/ Salida 215.6-224.4 Vca"},"content":{"rendered":"<div style='width: 100%; max-width: 1200px; margin: 0 auto; font-family: sans-serif; line-height: 1.6; color: inherit; background-color: transparent;'>\n<h2 style='font-size: 24px; margin-top: 0; margin-bottom: 15px; font-weight: 600; color: inherit; border-bottom: 2px solid rgba(150&comma;150&comma;150&comma;0.3); padding-bottom: 5px;'>Regulador de Voltaje Industrial tipo Ferrorresonante EPL7K52FVR de epcom Powerline<\/h2>\n<p> <!-- Caracter\u00edsticas Principales --> <\/p>\n<div style='margin-bottom: 30px;'>\n<h3 style='font-size: 20px; margin-top: 0; margin-bottom: 15px; color: inherit; opacity: 0.8; border-bottom: 2px solid rgba(150&comma;150&comma;150&comma;0.3); padding-bottom: 5px;'>Caracter\u00edsticas Principales<\/h3>\n<ul style='padding-left: 20px; font-size: 15px; color: inherit; list-style-type: disc;'>\n<li style='margin-bottom: 5px;'><strong>Potencia Nominal<\/strong>: 7.5KVA \/ 7.5KW&comma; 100% de capacidad con cableado de cobre.<\/li>\n<li style='margin-bottom: 5px;'><strong>Dise\u00f1o Inteligente<\/strong>: Control inteligente de CPU para soportar todo tipo de cargas.<\/li>\n<li style='margin-bottom: 5px;'><strong>Componentes de Calidad<\/strong>: PCB con proceso SMT y componentes electr\u00f3nicos de marcas importadas.<\/li>\n<li style='margin-bottom: 5px;'><strong>Pantalla LCD<\/strong>: F\u00e1cil configuraci\u00f3n y monitoreo en tiempo real.<\/li>\n<li style='margin-bottom: 5px;'><strong>Protecci\u00f3n Avanzada<\/strong>: Contra sobrevoltaje&comma; bajo voltaje&comma; sobrecarga&comma; cortocircuito&comma; y bypass.<\/li>\n<li style='margin-bottom: 5px;'><strong>Control Remoto Opcional<\/strong><\/li>\n<\/ul><\/div>\n<p> <!-- Especificaciones T\u00e9cnicas --> <\/p>\n<div style='margin-bottom: 30px;'>\n<h3 style='font-size: 20px; margin-top: 0; margin-bottom: 15px; color: inherit; opacity: 0.8; border-bottom: 2px solid rgba(150&comma;150&comma;150&comma;0.3); padding-bottom: 5px;'>Especificaciones T\u00e9cnicas<\/h3>\n<ul style='padding-left: 20px; font-size: 15px; color: inherit; list-style-type: disc;'>\n<li style='margin-bottom: 5px;'><strong>Modelo<\/strong>: EPL7K52FVR<\/li>\n<li style='margin-bottom: 5px;'><strong>Metodolog\u00eda de Control<\/strong>: Servo Motor con microprocesador CPU.<\/li>\n<li style='margin-bottom: 5px;'><strong>Estabilizaci\u00f3n<\/strong>: \u00b12% Ajustable.<\/li>\n<li style='margin-bottom: 5px;'><strong>Factor de Potencia<\/strong>: PF \u2265 1<\/li>\n<li style='margin-bottom: 5px;'><strong>Eficiencia<\/strong>: \u2265 98%.<\/li>\n<li style='margin-bottom: 5px;'><strong>Tiempo de Respuesta<\/strong>: \u2264 0.5S.<\/li>\n<li style='margin-bottom: 5px;'><strong>Tiempo de Retardo [ON]<\/strong>: \u2264 5s [Opcional].<\/li>\n<li style='margin-bottom: 5px;'><strong>Distorsi\u00f3n de Onda<\/strong>: \u2264 1%.<\/li>\n<\/ul><\/div>\n<p> <!-- Entrada --> <\/p>\n<div style='margin-bottom: 30px;'>\n<h3 style='font-size: 20px; margin-top: 0; margin-bottom: 15px; color: inherit; opacity: 0.8; border-bottom: 2px solid rgba(150&comma;150&comma;150&comma;0.3); padding-bottom: 5px;'>Entrada<\/h3>\n<ul style='padding-left: 20px; font-size: 15px; color: inherit; list-style-type: disc;'>\n<li style='margin-bottom: 5px;'><strong>Tensi\u00f3n Nominal<\/strong>: 2 x 120VAC [2F + N].<\/li>\n<li style='margin-bottom: 5px;'><strong>Rango de Voltaje<\/strong>: 176VAC &#8211; 264VAC.<\/li>\n<li style='margin-bottom: 5px;'><strong>Frecuencia<\/strong>: 50\/60 Hz.<\/li>\n<\/ul><\/div>\n<p> <!-- Salida --> <\/p>\n<div style='margin-bottom: 30px;'>\n<h3 style='font-size: 20px; margin-top: 0; margin-bottom: 15px; color: inherit; opacity: 0.8; border-bottom: 2px solid rgba(150&comma;150&comma;150&comma;0.3); padding-bottom: 5px;'>Salida<\/h3>\n<ul style='padding-left: 20px; font-size: 15px; color: inherit; list-style-type: disc;'>\n<li style='margin-bottom: 5px;'><strong>Tensi\u00f3n Nominal<\/strong>: 2 x 120VAC [2F + N].<\/li>\n<li style='margin-bottom: 5px;'><strong>Estabilizaci\u00f3n<\/strong>: \u00b12% Ajustable.<\/li>\n<li style='margin-bottom: 5px;'><span style='color: #e74c3c;'>No cuenta con salida en fase dividida.<\/span><\/li>\n<\/ul><\/div>\n<p> <!-- Sistema de Protecci\u00f3n --> <\/p>\n<div style='margin-bottom: 30px;'>\n<h3 style='font-size: 20px; margin-top: 0; margin-bottom: 15px; color: inherit; opacity: 0.8; border-bottom: 2px solid rgba(150&comma;150&comma;150&comma;0.3); padding-bottom: 5px;'>Sistema de Protecci\u00f3n<\/h3>\n<ul style='padding-left: 20px; font-size: 15px; color: inherit; list-style-type: disc;'>\n<li style='margin-bottom: 5px;'><strong>Sobre Voltaje<\/strong>: Corte de salida cuando el voltaje de salida es superior a 10% [ajustable]&comma; en 3 &#8211; 5 s.<\/li>\n<li style='margin-bottom: 5px;'><strong>Bajo Voltaje<\/strong>: Corte de salida cuando el voltaje de salida es inferior a 10% [ajustable]&comma; en 3 &#8211; 5 s.<\/li>\n<li style='margin-bottom: 5px;'><strong>Sobrecarga<\/strong>: Corte de salida en caso de sobrecorriente&comma; en 3 &#8211; 5 s.<\/li>\n<li style='margin-bottom: 5px;'><strong>Corto Circuito<\/strong>: Corte de salida cuando hay cortocircuito&comma; en 3 &#8211; 5 s.<\/li>\n<li style='margin-bottom: 5px;'><strong>Bypass<\/strong>: Transferencia manual a bypass cuando el AVR falla o se repara.<\/li>\n<\/ul><\/div>\n<p> <!-- Pantalla LCD --> <\/p>\n<div style='margin-bottom: 30px;'>\n<h3 style='font-size: 20px; margin-top: 0; margin-bottom: 15px; color: inherit; opacity: 0.8; border-bottom: 2px solid rgba(150&comma;150&comma;150&comma;0.3); padding-bottom: 5px;'>Pantalla LCD<\/h3>\n<ul style='padding-left: 20px; font-size: 15px; color: inherit; list-style-type: disc;'>\n<li style='margin-bottom: 5px;'><strong>Voltaje de Entrada<\/strong>: Visualizaci\u00f3n en tiempo real.<\/li>\n<li style='margin-bottom: 5px;'><strong>Voltaje de Salida<\/strong>: Visualizaci\u00f3n en tiempo real.<\/li>\n<li style='margin-bottom: 5px;'><strong>Corriente de Entrada<\/strong>: Visualizaci\u00f3n en tiempo real.<\/li>\n<li style='margin-bottom: 5px;'><strong>Protecciones<\/strong>: Indicador de protecciones activas.<\/li>\n<\/ul><\/div>\n<p> <!-- Otros --> <\/p>\n<div style='margin-bottom: 30px;'>\n<h3 style='font-size: 20px; margin-top: 0; margin-bottom: 15px; color: inherit; opacity: 0.8; border-bottom: 2px solid rgba(150&comma;150&comma;150&comma;0.3); padding-bottom: 5px;'>Otros<\/h3>\n<ul style='padding-left: 20px; font-size: 15px; color: inherit; list-style-type: disc;'>\n<li style='margin-bottom: 5px;'><strong>Sistema de Enfriado<\/strong>: Convecci\u00f3n.<\/li>\n<li style='margin-bottom: 5px;'><strong>Resistencia de Aislamiento<\/strong>: \u22652M\u03a9.<\/li>\n<li style='margin-bottom: 5px;'><strong>Resistencia al Voltaje<\/strong>: 2000VAC\/min sin desperfectos.<\/li>\n<li style='margin-bottom: 5px;'><strong>Nivel de Ruido<\/strong>: <65dB\/m<\/li>\n<\/ul><\/div>\n<p> <!-- Ambiente de Trabajo --> <\/p>\n<div style='margin-bottom: 30px;'>\n<h3 style='font-size: 20px; margin-top: 0; margin-bottom: 15px; color: inherit; opacity: 0.8; border-bottom: 2px solid rgba(150&comma;150&comma;150&comma;0.3); padding-bottom: 5px;'>Ambiente de Trabajo<\/h3>\n<ul style='padding-left: 20px; font-size: 15px; color: inherit; list-style-type: disc;'>\n<li style='margin-bottom: 5px;'><strong>Temperatura de Operaci\u00f3n<\/strong>: 0\u00b0C-45\u00b0C (sin condensaci\u00f3n).<\/li>\n<li style='margin-bottom: 5px;'><strong>Humedad de Trabajo<\/strong>: 20%-90%.<\/li>\n<\/ul><\/div>\n<p> <!-- Dimensiones y Peso --> <\/p>\n<div style='margin-bottom: 30px;'>\n<h3 style='font-size: 20px; margin-top: 0; margin-bottom: 15px; color: inherit; opacity: 0.8; border-bottom: 2px solid rgba(150&comma;150&comma;150&comma;0.3); padding-bottom: 5px;'>Dimensiones y Peso<\/h3>\n<ul style='padding-left: 20px; font-size: 15px; color: inherit; list-style-type: disc;'>\n<li style='margin-bottom: 5px;'><strong>Dimensiones (AxHaxL)<\/strong>: 400 x 615 x 400 mm.<\/li>\n<li style='margin-bottom: 5px;'><strong>Peso Neto<\/strong>: 39.5 kg.<\/li>\n<li style='margin-bottom: 5px;'><strong>Peso Bruto<\/strong>: 64 kg.<\/li>\n<\/ul><\/div>\n<p> <!-- Notas importantes --> <\/p>\n<div style='margin-bottom: 30px;'>\n<h3 style='font-size: 20px; margin-top: 0; margin-bottom: 15px; color: inherit; opacity: 0.8; border-bottom: 2px solid rgba(150&comma;150&comma;150&comma;0.3); padding-bottom: 5px;'>Notas Importantes<\/h3>\n<ul style='padding-left: 20px; font-size: 15px; color: inherit; list-style-type: disc;'>\n<li style='margin-bottom: 5px;'><span style='color: #e74c3c;'><strong>NOTA 1:<\/strong><\/span> Se recomienda hacer un estudio previo para revisar las condiciones de la instalaci\u00f3n el\u00e9ctrica<\/li>\n<li style='margin-bottom: 5px;'><span style='color: #e74c3c;'><strong>NOTA 2:<\/strong><\/span> En caso que el regulador sea alimentado con un voltaje alto y a la salida se tenga un voltaje a\u00fan m\u00e1s alto&comma; esto es sintoma de un desfase en el \u00e1ngulo de las fases de las que se alimenta el regulador. Esto se debe corregir alimentando el regulador de un transformador aislado.<\/li>\n<li style='margin-bottom: 5px;'><span style='color: #e74c3c;'><strong>NOTA 3:<\/strong><\/span> No cuenta con cable de alimentaci\u00f3n.&comma; es necesario armarlo con calibre y clavija correspodiente a voltaje y capacidad.<\/li>\n<\/ul><\/div>\n<\/p><\/div>\n","protected":false},"excerpt":{"rendered":"<p>Regulador de Voltaje Industrial Bif\u00e1sico Ferrorresonante 7.5 kVA\/7.5 kW 220 V \/ Entrada 176-264 V Vca \/ Salida 215.6-224.4 Vca<\/p>\n","protected":false},"featured_media":45597,"comment_status":"open","ping_status":"closed","template":"","meta":[],"product_brand":[],"product_cat":[1240],"product_tag":[1088,454,1241],"class_list":{"0":"post-45598","1":"product","2":"type-product","3":"status-publish","4":"has-post-thumbnail","6":"product_cat-reguladores","7":"product_tag-calidad-de-la-energia","8":"product_tag-epcom-powerline","9":"product_tag-reguladores","11":"first","12":"instock","13":"sale","14":"shipping-taxable","15":"purchasable","16":"product-type-simple"},"_links":{"self":[{"href":"https:\/\/soydeaqui.ddns.net\/pachuca\/index.php\/wp-json\/wp\/v2\/product\/45598","targetHints":{"allow":["GET"]}}],"collection":[{"href":"https:\/\/soydeaqui.ddns.net\/pachuca\/index.php\/wp-json\/wp\/v2\/product"}],"about":[{"href":"https:\/\/soydeaqui.ddns.net\/pachuca\/index.php\/wp-json\/wp\/v2\/types\/product"}],"replies":[{"embeddable":true,"href":"https:\/\/soydeaqui.ddns.net\/pachuca\/index.php\/wp-json\/wp\/v2\/comments?post=45598"}],"wp:featuredmedia":[{"embeddable":true,"href":"https:\/\/soydeaqui.ddns.net\/pachuca\/index.php\/wp-json\/wp\/v2\/media\/45597"}],"wp:attachment":[{"href":"https:\/\/soydeaqui.ddns.net\/pachuca\/index.php\/wp-json\/wp\/v2\/media?parent=45598"}],"wp:term":[{"taxonomy":"product_brand","embeddable":true,"href":"https:\/\/soydeaqui.ddns.net\/pachuca\/index.php\/wp-json\/wp\/v2\/product_brand?post=45598"},{"taxonomy":"product_cat","embeddable":true,"href":"https:\/\/soydeaqui.ddns.net\/pachuca\/index.php\/wp-json\/wp\/v2\/product_cat?post=45598"},{"taxonomy":"product_tag","embeddable":true,"href":"https:\/\/soydeaqui.ddns.net\/pachuca\/index.php\/wp-json\/wp\/v2\/product_tag?post=45598"}],"curies":[{"name":"wp","href":"https:\/\/api.w.org\/{rel}","templated":true}]}}