{"id":45595,"date":"2026-03-18T20:12:54","date_gmt":"2026-03-18T20:12:54","guid":{"rendered":"https:\/\/soydeaqui.ddns.net\/pachuca\/index.php\/producto\/ferrule-aislado-para-cables-4-awg-pin-de-16-mm-de-longitud-mango-color-amarillo-paquete-de-50pz\/"},"modified":"2026-03-18T20:12:56","modified_gmt":"2026-03-18T20:12:56","slug":"ferrule-aislado-para-cables-4-awg-pin-de-16-mm-de-longitud-mango-color-amarillo-paquete-de-50pz","status":"publish","type":"product","link":"https:\/\/soydeaqui.ddns.net\/pachuca\/index.php\/producto\/ferrule-aislado-para-cables-4-awg-pin-de-16-mm-de-longitud-mango-color-amarillo-paquete-de-50pz\/","title":{"rendered":"Ferrule Aislado Para Cables 4 AWG, PIN de 16 mm de Longitud, Mango Color Amarillo, Paquete de 50pz"},"content":{"rendered":"<div style='width: 100%; max-width: 1200px; margin: 0 auto; font-family: sans-serif; line-height: 1.6; color: inherit; background-color: transparent;'> <!-- Imagen logo --> <\/p>\n<div style='width: 100%; margin-bottom: 20px;'> <img style='width: 100%; max-width: 300px; height: auto; border: 1px solid rgba(150&comma;150&comma;150&comma;0.3); border-radius: 8px;' src='https:\/\/ftp3.syscom.mx\/usuarios\/fotos\/SCL2\/0X\/214870-217843-panduit-logo-tm-negro-fondo_trans30-01_(002)_(1).png' alt=''> <\/div>\n<p> <!-- T\u00edtulo principal --> <\/p>\n<h1 style='font-size: 30px; margin: 0 0 13px; color: rgba(48&comma; 48&comma; 48&comma; 0.8); font-weight: 500; line-height: 1.1; display: inline-block; background-color: transparent; border-bottom: 2px solid currentColor; padding-bottom: 5px;'> F\u00e9rulas con aislamiento&comma; cable individual&comma; Pan-Term\u2122 <\/h1>\n<p> <!-- Contenido principal --> <\/p>\n<div style='margin-bottom: 30px;'>\n<h3 style='font-size: 21px; margin: 0; color: rgba(48&comma; 48&comma; 48&comma; 0.8); font-weight: 500; line-height: 1.1; border-bottom: 2px solid currentColor; padding-bottom: 5px;'> FSD85-16-L <\/h3>\n<p style='margin: 15px 0; font-size: 15px; color: inherit;'> La f\u00e9rula aislada del manguito final de DIN de cable individual de color amarillo tiene una acceso tipo embudo para la inserci\u00f3n m\u00e1s r\u00e1pida y menos costos de instalaci\u00f3n. Fue dise\u00f1ada para las f\u00e9rulas de cableado n.\u00b0 4 (25&comma;0 mm\u00b2) de la American Wire Gauge (AWG) y compat. c\/di\u00e1metro m\u00e1ximo de aislamiento de cable de 0&comma;43 (11&comma;0 mm). La f\u00e9rula con aislamiento es de 1&comma;14 (29&comma;0 mm) de largo y una longitud de la banda de cable de 0&comma;750 (19&comma;1 mm). Se ofrece en paquetes est\u00e1ndar de 50 unidades. <\/p>\n<\/p><\/div>\n<p> <!-- Imagen del producto --> <\/p>\n<div style='width: 100%; margin-bottom: 30px;'> <img style='width: 100%; height: auto; border: 1px solid rgba(150&comma;150&comma;150&comma;0.3); border-radius: 8px;' src='https:\/\/ftp3.syscom.mx\/usuarios\/fotos\/FSD8516L\/225077-captura_de_pantalla_2024-02-19_a_la(s)_5.38.15 p.m..png' alt=''> <\/div>\n<\/p><\/div>\n","protected":false},"excerpt":{"rendered":"<p>Ferrule Aislado Para Cables 4 AWG, PIN de 16 mm de Longitud, Mango Color Amarillo, Paquete de 50pz<\/p>\n","protected":false},"featured_media":45594,"comment_status":"open","ping_status":"closed","template":"","meta":[],"product_brand":[],"product_cat":[1095],"product_tag":[1058,445,1096],"class_list":{"0":"post-45595","1":"product","2":"type-product","3":"status-publish","4":"has-post-thumbnail","6":"product_cat-terminales-y-conectores-electricos","7":"product_tag-ferreteria","8":"product_tag-panduit","9":"product_tag-terminales-y-conectores-electricos","11":"first","12":"instock","13":"sale","14":"shipping-taxable","15":"purchasable","16":"product-type-simple"},"_links":{"self":[{"href":"https:\/\/soydeaqui.ddns.net\/pachuca\/index.php\/wp-json\/wp\/v2\/product\/45595","targetHints":{"allow":["GET"]}}],"collection":[{"href":"https:\/\/soydeaqui.ddns.net\/pachuca\/index.php\/wp-json\/wp\/v2\/product"}],"about":[{"href":"https:\/\/soydeaqui.ddns.net\/pachuca\/index.php\/wp-json\/wp\/v2\/types\/product"}],"replies":[{"embeddable":true,"href":"https:\/\/soydeaqui.ddns.net\/pachuca\/index.php\/wp-json\/wp\/v2\/comments?post=45595"}],"wp:featuredmedia":[{"embeddable":true,"href":"https:\/\/soydeaqui.ddns.net\/pachuca\/index.php\/wp-json\/wp\/v2\/media\/45594"}],"wp:attachment":[{"href":"https:\/\/soydeaqui.ddns.net\/pachuca\/index.php\/wp-json\/wp\/v2\/media?parent=45595"}],"wp:term":[{"taxonomy":"product_brand","embeddable":true,"href":"https:\/\/soydeaqui.ddns.net\/pachuca\/index.php\/wp-json\/wp\/v2\/product_brand?post=45595"},{"taxonomy":"product_cat","embeddable":true,"href":"https:\/\/soydeaqui.ddns.net\/pachuca\/index.php\/wp-json\/wp\/v2\/product_cat?post=45595"},{"taxonomy":"product_tag","embeddable":true,"href":"https:\/\/soydeaqui.ddns.net\/pachuca\/index.php\/wp-json\/wp\/v2\/product_tag?post=45595"}],"curies":[{"name":"wp","href":"https:\/\/api.w.org\/{rel}","templated":true}]}}