{"id":45581,"date":"2026-03-18T20:12:30","date_gmt":"2026-03-18T20:12:30","guid":{"rendered":"https:\/\/soydeaqui.ddns.net\/pachuca\/index.php\/producto\/controlador-solar-mppt-20a-12-24v-maximo-voltaje-de-circuito-abierto-voc-100vcc-configurable-para-baterias-de-litio\/"},"modified":"2026-03-18T20:12:31","modified_gmt":"2026-03-18T20:12:31","slug":"controlador-solar-mppt-20a-12-24v-maximo-voltaje-de-circuito-abierto-voc-100vcc-configurable-para-baterias-de-litio","status":"publish","type":"product","link":"https:\/\/soydeaqui.ddns.net\/pachuca\/index.php\/producto\/controlador-solar-mppt-20a-12-24v-maximo-voltaje-de-circuito-abierto-voc-100vcc-configurable-para-baterias-de-litio\/","title":{"rendered":"Controlador Solar MPPT 20A 12\/24V, M\u00e1ximo Voltaje de Circuito Abierto Voc 100Vcc, Configurable para Bater\u00edas de Litio"},"content":{"rendered":"<div style='width: 100%; max-width: 1200px; margin: 0 auto; font-family: sans-serif; line-height: 1.6; color: inherit; background-color: transparent;'>\n<div style='display: flex; flex-direction: column; align-items: center; margin-bottom: 30px;'> <img style='width: 450px; height: auto; border: 1px solid rgba(150&comma;150&comma;150&comma;0.3); border-radius: 8px;' src='ftp:\/\/anavarro@172.31.13.99\/EPEVER\/IPOWER\/LOGOEPEVER.png' alt=''> <img style='width: 450px; height: auto; border: 1px solid rgba(150&comma;150&comma;150&comma;0.3); border-radius: 8px;' src='https:\/\/ftp3.syscom.mx\/usuarios\/anavarro\/EPEVER\/IPOWER\/LOGOEPEVER.png' alt='Logo EPEVER' width='450' height='109'> <\/div>\n<div style='margin-bottom: 30px;'>\n<p style='text-align: justify;'>La serie Tracer-BP adopta m\u00e9todos de carga avanzados MPPT (seguimiento del punto de m\u00e1xima potencia) que dar\u00e1n como resultado un aumento de la eficiencia de carga de hasta un 30 % en comparaci\u00f3n con los controladores de carga PWM. La interfaz RS485 con protocolo de comunicaci\u00f3n MODBUS est\u00e1ndar y fuente de alimentaci\u00f3n de 5 V y 150 mA facilita al cliente ampliar la aplicaci\u00f3n. Con accesorios como MT50&comma; m\u00f3dulo WiFi&comma; adaptador Bluetooth y m\u00f3dulo IoT&comma; los usuarios pueden realizar monitoreo y control remotos del sistema solar a trav\u00e9s de una aplicaci\u00f3n y una plataforma en la nube.<\/p>\n<\/p><\/div>\n<div style='margin-bottom: 30px;'>\n<h3 style='font-size: 22px; border-bottom: 2px solid currentColor; padding-bottom: 5px; margin-top: 0; color: inherit; opacity: 0.8;'>Caracter\u00edsticas serie TRACER-BP<\/h3>\n<ul style='padding-left: 20px; font-size: 15px; color: inherit;'>\n<li style='margin-bottom: 5px;'>Controlador con Tecnolog\u00eda Avanzada MPPT&comma; tierra negativo com\u00fan.<\/li>\n<li style='margin-bottom: 5px;'>Dise\u00f1o a prueba de polvo e impermeable con clase IP68.<\/li>\n<li style='margin-bottom: 5px;'>Amplio rango de voltaje de operaci\u00f3n MPP.<\/li>\n<li style='margin-bottom: 5px;'>M\u00faltiples modos de trabajo de carga.<\/li>\n<li style='margin-bottom: 5px;'>Con la interfaz del bus de comunicaci\u00f3n RS-485.<\/li>\n<li style='margin-bottom: 5px;'>Amplia protecci\u00f3n electr\u00f3nica.<\/li>\n<\/ul><\/div>\n<div style='margin-bottom: 30px;'> <img style='width: 100%; height: auto; border: 1px solid rgba(150&comma;150&comma;150&comma;0.3); border-radius: 8px;' src='https:\/\/www.epever.com\/wp-content\/uploads\/2021\/05\/w_Tracer-BP-Front.jpg' width='400' height='400' alt='Controlador Solar EPEVER Tracer-BP'> <\/div>\n<div style='margin-bottom: 30px;'>\n<h3 style='font-size: 20px; border-bottom: 2px solid currentColor; padding-bottom: 5px; margin-top: 0; color: inherit; opacity: 0.8;'>Configuraci\u00f3n<\/h3>\n<p style='margin-bottom: 15px;'><strong>Para configurar par\u00e1metros de carga se requiere un monitor o el cable de comunicaci\u00f3n EPEVER:<\/strong><\/p>\n<ul style='padding-left: 20px; font-size: 15px; color: inherit;'>\n<li style='margin-bottom: 5px;'><a title='MT52' href='https:\/\/www.syscom.mx\/producto\/MT52-EPEVER-233340.html' target='_blank' rel='noopener' style='color: #1d4e8f; text-decoration: none; font-weight: bold;'>MT52<\/a> Monitor remoto para controladores EPEVER.<\/li>\n<li style='margin-bottom: 5px;'><a title='CCRS485150U' href='https:\/\/www.syscom.mx\/producto\/CCRS485150U-EPEVER-208785.html' target='_blank' rel='noopener' style='color: #1d4e8f; text-decoration: none; font-weight: bold;'>CCRS485150U<\/a> Cable de comunicaci\u00f3n para controladores EPEVER.<\/li>\n<\/ul><\/div>\n<div style='margin-bottom: 30px;'>\n<div style='padding: 15px; border: 1px solid rgba(150&comma;150&comma;150&comma;0.4); border-radius: 8px; background-color: rgba(255&comma; 255&comma; 255&comma; 0.05); margin-bottom: 15px;'>\n<p style='margin: 0; font-size: 16px; font-weight: bold; color: inherit;'>\u00a1Importante!<\/p>\n<\/p><\/div>\n<div style='padding: 15px; border: 1px solid rgba(150&comma;150&comma;150&comma;0.4); border-radius: 8px; background-color: rgba(255&comma; 255&comma; 255&comma; 0.05); margin-bottom: 15px;'>\n<p style='margin: 0 0 10px 0; color: inherit;'>-La carga y descarga de esta bater\u00eda de Litio (LiFePO<span style='font-size: 10.5px; line-height: 0; position: relative; vertical-align: baseline; bottom: -0.25em;'>4<\/span>) se deber\u00e1 hacer respetando los par\u00e1metros en la especificaci\u00f3n del producto.<\/p>\n<p style='margin: 0 0 10px 0; color: inherit;'>&#8211; Para sistemas de energ\u00eda solar se recomienda utilizar controlador de carga marca EPEVER Serie XTRA-XXXX-N&comma; se requieren programaci\u00f3n de par\u00e1metros para bater\u00eda (LiFePO<span style='font-size: 10.5px; line-height: 0; position: relative; vertical-align: baseline; bottom: -0.25em;'>4<\/span>)<\/p>\n<p style='margin: 0 0 10px 0; color: inherit;'>&#8211; Para programaci\u00f3n y cuidados se deber\u00e1n seguir las instrucciones de los documentos anexos en pesta\u00f1a de descarga.<\/p>\n<p style='margin: 0 0 10px 0; color: inherit;'> <span style='color: #2880b9;'> Manual-Lithium-iron-phosphate-(LiFePO4)_<\/span><\/p>\n<p style='margin: 0 0 10px 0; color: inherit;'> <span style='color: #2880b9;'>Programaci\u00f3n de Par\u00e1metros de Controlador XTRA-XXXX-N para Bater\u00eda de Litio (LiFePO4)_<\/span><\/p>\n<\/p><\/div>\n<div style='padding: 15px; border: 1px solid rgba(150&comma;150&comma;150&comma;0.4); border-radius: 8px; background-color: rgba(255&comma; 255&comma; 255&comma; 0.05);'>\n<p style='margin: 0; color: inherit;'><strong>Nota:<\/strong> Cuando se usa una bater\u00eda de litio&comma; el voltaje del sistema no se puede identificar autom\u00e1ticamente&comma; requiere programaci\u00f3n manual<\/p>\n<\/p><\/div>\n<\/p><\/div>\n<div style='margin-bottom: 30px;'>\n<p style='margin: 0 0 15px 0; text-align: center; font-weight: bold; font-size: 18px; color: inherit;'>Consulte con nuestro departamento de Ingenier\u00eda para su instalaci\u00f3n<\/p>\n<\/p><\/div>\n<div style='margin-bottom: 30px;'>\n<h3 style='font-size: 20px; border-bottom: 2px solid currentColor; padding-bottom: 5px; margin-top: 0; margin-bottom: 15px; color: inherit; opacity: 0.8;'>Certificados<\/h3>\n<p> <img style='width: 100%; height: auto; border: 1px solid rgba(150&comma;150&comma;150&comma;0.3); border-radius: 8px;' src='https:\/\/ftp3.syscom.mx\/usuarios\/anavarro\/EPEVER\/XTRA-N\/Certificados%20XTRA-N.png' alt='Certificados del controlador solar EPEVER Tracer-BP' width='890' height='45'> <\/div>\n<div style='margin-bottom: 30px;'>\n<p style='margin: 0; color: inherit;'>Para soporte t\u00e9cnico y consultas t\u00e9cnicas&comma; no dude en contactar a nuestro departamento de Ingenier\u00eda.<\/p>\n<\/p><\/div>\n<\/p><\/div>\n","protected":false},"excerpt":{"rendered":"<p>Controlador Solar MPPT 20A 12\/24V, M\u00e1ximo Voltaje de Circuito Abierto Voc 100Vcc, Configurable para Bater\u00edas de Litio<\/p>\n","protected":false},"featured_media":45580,"comment_status":"open","ping_status":"closed","template":"","meta":[],"product_brand":[],"product_cat":[1117],"product_tag":[1118,964,1182],"class_list":{"0":"post-45581","1":"product","2":"type-product","3":"status-publish","4":"has-post-thumbnail","6":"product_cat-controladores-de-carga-mppt","7":"product_tag-controladores-de-carga-mppt","8":"product_tag-energia-solar","9":"product_tag-epever","11":"first","12":"instock","13":"sale","14":"shipping-taxable","15":"purchasable","16":"product-type-simple"},"_links":{"self":[{"href":"https:\/\/soydeaqui.ddns.net\/pachuca\/index.php\/wp-json\/wp\/v2\/product\/45581","targetHints":{"allow":["GET"]}}],"collection":[{"href":"https:\/\/soydeaqui.ddns.net\/pachuca\/index.php\/wp-json\/wp\/v2\/product"}],"about":[{"href":"https:\/\/soydeaqui.ddns.net\/pachuca\/index.php\/wp-json\/wp\/v2\/types\/product"}],"replies":[{"embeddable":true,"href":"https:\/\/soydeaqui.ddns.net\/pachuca\/index.php\/wp-json\/wp\/v2\/comments?post=45581"}],"wp:featuredmedia":[{"embeddable":true,"href":"https:\/\/soydeaqui.ddns.net\/pachuca\/index.php\/wp-json\/wp\/v2\/media\/45580"}],"wp:attachment":[{"href":"https:\/\/soydeaqui.ddns.net\/pachuca\/index.php\/wp-json\/wp\/v2\/media?parent=45581"}],"wp:term":[{"taxonomy":"product_brand","embeddable":true,"href":"https:\/\/soydeaqui.ddns.net\/pachuca\/index.php\/wp-json\/wp\/v2\/product_brand?post=45581"},{"taxonomy":"product_cat","embeddable":true,"href":"https:\/\/soydeaqui.ddns.net\/pachuca\/index.php\/wp-json\/wp\/v2\/product_cat?post=45581"},{"taxonomy":"product_tag","embeddable":true,"href":"https:\/\/soydeaqui.ddns.net\/pachuca\/index.php\/wp-json\/wp\/v2\/product_tag?post=45581"}],"curies":[{"name":"wp","href":"https:\/\/api.w.org\/{rel}","templated":true}]}}