{"id":45577,"date":"2026-03-18T20:12:24","date_gmt":"2026-03-18T20:12:24","guid":{"rendered":"https:\/\/soydeaqui.ddns.net\/pachuca\/index.php\/producto\/curva-para-conduit-cedula-40-de-1-2\/"},"modified":"2026-03-18T20:12:25","modified_gmt":"2026-03-18T20:12:25","slug":"curva-para-conduit-cedula-40-de-1-2","status":"publish","type":"product","link":"https:\/\/soydeaqui.ddns.net\/pachuca\/index.php\/producto\/curva-para-conduit-cedula-40-de-1-2\/","title":{"rendered":"Curva para Conduit C\u00e9dula 40 de 1\/2&#8243;."},"content":{"rendered":"<div style='width: 100%; max-width: 1200px; margin: 0 auto; font-family: sans-serif; line-height: 1.6; color: inherit; background-color: transparent;'>\n<div style='display: flex; flex-wrap: wrap; gap: 30px; margin-bottom: 30px;'>\n<div style='flex: 1 1 300px; min-width: 280px;'>\n<h3 style='font-size: 22px; border-bottom: 2px solid currentColor; padding-bottom: 5px; margin-top: 0; color: inherit; opacity: 0.8;'>Aplicaciones<\/h3>\n<p style='font-size: 15px; color: inherit; margin: 15px 0;'>Esta tuber\u00eda est\u00e1 especialmente dise\u00f1ada para la conducci\u00f3n de cables el\u00e9ctricos&comma; en usos como instalaciones el\u00e9ctricas&comma; industriales o dom\u00e9sticas. En instalaciones el\u00e9ctricas de sistemas subterr\u00e1neos&comma; ahogados en concreto o directamente enterrados&comma; o en sistemas expuestos a la intemperie para alojar y proteger los cables que conducen la energ\u00eda el\u00e9ctrica&comma; para su uso en centros comerciales&comma; naves industriales&comma; etc.<\/p>\n<p style='font-size: 15px; color: inherit; margin: 15px 0;'>La tuber\u00eda conduit c\u00e9dula 40 es elaborada mediante un compuesto de Policloruro de vinilo (PVC) sin plastificante&comma; con celda de clasificaci\u00f3n 12454 de acuerdo a la NMX-E-031.<\/p>\n<p style='font-size: 15px; color: inherit; margin: 15px 0;'>La uni\u00f3n de estas tuber\u00edas se lleva a cabo por medio de la interconexi\u00f3n directa de un casquillo termoformado e integrado al tubo&comma; o por medio de un cople de PVC inyectado y que facilita su inserci\u00f3n. Su sistema de uni\u00f3n cementar&comma; forma un conjunto homog\u00e9neo que desarrolla m\u00e1xima resistencia y un sello herm\u00e9tico.<\/p>\n<p style='font-size: 15px; color: inherit; margin: 15px 0;'>Esta tuber\u00eda cumple plenamente con la norma de especificaci\u00f3n UL 651&comma; como lo avala su certificaci\u00f3n para instalaciones el\u00e9ctricas que trabajan a una temperatura m\u00e1xima de 60 \u00b0C.<\/p>\n<p style='font-size: 15px; color: inherit; margin: 15px 0;'>El cumplimiento de todo lo antes mencionado&comma; garantiza completamente el correcto funcionamiento del producto&comma; as\u00ed como su vida \u00fatil. Cumple con los m\u00e1s altos est\u00e1ndares de seguridad y gracias a su rigidez diel\u00e9ctrica son un buen aislante en las instalaciones&comma; evitando cortocircuitos y\/o fugas de potencial el\u00e9ctrico del cable al ducto.<\/p>\n<p style='font-size: 15px; color: inherit; margin: 15px 0;'>La uni\u00f3n de los accesorios se lleva a cabo por medio de la interconexi\u00f3n directa de su casquillo termoformado. Su sistema de uni\u00f3n cementar forma un conjunto homog\u00e9neo que desarrolla m\u00e1xima resistencia y sello herm\u00e9tico.<\/p>\n<\/p><\/div>\n<\/p><\/div>\n<\/p><\/div>\n","protected":false},"excerpt":{"rendered":"<p>Curva para Conduit C\u00e9dula 40 de 1\/2&#8243;.<\/p>\n","protected":false},"featured_media":45576,"comment_status":"open","ping_status":"closed","template":"","meta":[],"product_brand":[],"product_cat":[648],"product_tag":[703,572,649],"class_list":{"0":"post-45577","1":"product","2":"type-product","3":"status-publish","4":"has-post-thumbnail","6":"product_cat-tuberia-pvc-registros-pvc","7":"product_tag-amanco-wavin","8":"product_tag-canalizacion","9":"product_tag-tuberia-pvc-registros-pvc","11":"first","12":"instock","13":"sale","14":"shipping-taxable","15":"purchasable","16":"product-type-simple"},"_links":{"self":[{"href":"https:\/\/soydeaqui.ddns.net\/pachuca\/index.php\/wp-json\/wp\/v2\/product\/45577","targetHints":{"allow":["GET"]}}],"collection":[{"href":"https:\/\/soydeaqui.ddns.net\/pachuca\/index.php\/wp-json\/wp\/v2\/product"}],"about":[{"href":"https:\/\/soydeaqui.ddns.net\/pachuca\/index.php\/wp-json\/wp\/v2\/types\/product"}],"replies":[{"embeddable":true,"href":"https:\/\/soydeaqui.ddns.net\/pachuca\/index.php\/wp-json\/wp\/v2\/comments?post=45577"}],"wp:featuredmedia":[{"embeddable":true,"href":"https:\/\/soydeaqui.ddns.net\/pachuca\/index.php\/wp-json\/wp\/v2\/media\/45576"}],"wp:attachment":[{"href":"https:\/\/soydeaqui.ddns.net\/pachuca\/index.php\/wp-json\/wp\/v2\/media?parent=45577"}],"wp:term":[{"taxonomy":"product_brand","embeddable":true,"href":"https:\/\/soydeaqui.ddns.net\/pachuca\/index.php\/wp-json\/wp\/v2\/product_brand?post=45577"},{"taxonomy":"product_cat","embeddable":true,"href":"https:\/\/soydeaqui.ddns.net\/pachuca\/index.php\/wp-json\/wp\/v2\/product_cat?post=45577"},{"taxonomy":"product_tag","embeddable":true,"href":"https:\/\/soydeaqui.ddns.net\/pachuca\/index.php\/wp-json\/wp\/v2\/product_tag?post=45577"}],"curies":[{"name":"wp","href":"https:\/\/api.w.org\/{rel}","templated":true}]}}