{"id":45559,"date":"2026-03-18T20:11:51","date_gmt":"2026-03-18T20:11:51","guid":{"rendered":"https:\/\/soydeaqui.ddns.net\/pachuca\/index.php\/producto\/regulador-de-voltaje-industrial-bifasico-ferroresonante-2-kva-2-kw-220-v-entrada-176-264-v-vca-salida-215-6-224-4-vca\/"},"modified":"2026-03-18T20:11:56","modified_gmt":"2026-03-18T20:11:56","slug":"regulador-de-voltaje-industrial-bifasico-ferroresonante-2-kva-2-kw-220-v-entrada-176-264-v-vca-salida-215-6-224-4-vca","status":"publish","type":"product","link":"https:\/\/soydeaqui.ddns.net\/pachuca\/index.php\/producto\/regulador-de-voltaje-industrial-bifasico-ferroresonante-2-kva-2-kw-220-v-entrada-176-264-v-vca-salida-215-6-224-4-vca\/","title":{"rendered":"Regulador de Voltaje Industrial Bif\u00e1sico Ferroresonante 2 kVA\/2 kW 220 V \/ Entrada 176-264 V Vca \/ Salida 215.6-224.4 Vca"},"content":{"rendered":"<div style='width: 100%; max-width: 1200px; margin: 0 auto; font-family: sans-serif; line-height: 1.6; color: inherit; background-color: transparent;'> <!-- T\u00edtulo principal --> <\/p>\n<h2 style='font-size: 24px; margin: 0 0 20px; color: inherit; font-weight: 600; border-bottom: 2px solid rgba(150&comma;150&comma;150&comma;0.3); padding-bottom: 10px;'> Regulador de Voltaje Industrial tipo Ferroresonante EPL2K2FVR de epcom Powerline <\/h2>\n<p> <!-- Secci\u00f3n de caracter\u00edsticas principales --> <\/p>\n<div style='display: flex; flex-wrap: wrap; gap: 30px; margin-bottom: 30px;'>\n<div style='flex: 1 1 300px; min-width: 280px;'>\n<h3 style='font-size: 22px; border-bottom: 2px solid currentColor; padding-bottom: 5px; margin-top: 0; color: inherit; opacity: 0.8;'>Caracter\u00edsticas Principales<\/h3>\n<ul style='padding-left: 20px; font-size: 15px; color: inherit;'>\n<li style='margin-bottom: 5px;'><strong>Potencia Nominal:<\/strong> 2KVA \/ 2KW&comma; 100% de capacidad con cableado de cobre.<\/li>\n<li style='margin-bottom: 5px;'><strong>Dise\u00f1o Inteligente:<\/strong> Control inteligente de CPU para soportar todo tipo de cargas.<\/li>\n<li style='margin-bottom: 5px;'><strong>Componentes de Calidad:<\/strong> PCB con proceso SMT y componentes electr\u00f3nicos de marcas importadas.<\/li>\n<li style='margin-bottom: 5px;'><strong>Pantalla LCD:<\/strong> F\u00e1cil configuraci\u00f3n y monitoreo en tiempo real.<\/li>\n<li style='margin-bottom: 5px;'><strong>Protecci\u00f3n Avanzada:<\/strong> Contra sobrevoltaje&comma; bajo voltaje&comma; sobrecarga&comma; cortocircuito&comma; y bypass.<\/li>\n<li style='margin-bottom: 5px;'><strong>Control Remoto Opcional<\/strong><\/li>\n<\/ul><\/div>\n<\/p><\/div>\n<p> <!-- Secci\u00f3n de especificaciones t\u00e9cnicas --> <\/p>\n<div style='display: flex; flex-wrap: wrap; gap: 20px; margin-bottom: 30px;'>\n<div style='flex: 1 1 250px; border: 1px solid rgba(150&comma; 150&comma; 150&comma; 0.4); border-radius: 8px; overflow: hidden; display: flex; flex-direction: column;'>\n<div style='padding: 15px; border-bottom: 1px solid rgba(150&comma; 150&comma; 150&comma; 0.2); font-weight: bold; font-size: 18px; color: inherit;'>Especificaciones T\u00e9cnicas<\/div>\n<div style='padding: 15px; color: inherit;'>\n<ul style='padding-left: 20px; margin: 0; font-size: 14px; list-style-type: disc;'>\n<li style='margin-bottom: 5px;'><strong>Modelo:<\/strong> EPL2K2FVR<\/li>\n<li style='margin-bottom: 5px;'><strong>Metodolog\u00eda de Control:<\/strong> Servo Motor con microprocesador CPU.<\/li>\n<li style='margin-bottom: 5px;'><strong>Estabilizaci\u00f3n:<\/strong> \u00b12% Ajustable.<\/li>\n<li style='margin-bottom: 5px;'><strong>Factor de Potencia:<\/strong> PF \u2265 1<\/li>\n<li style='margin-bottom: 5px;'><strong>Eficiencia:<\/strong> \u2265 98%.<\/li>\n<li style='margin-bottom: 5px;'><strong>Tiempo de Respuesta:<\/strong> \u2264 0.5S.<\/li>\n<li style='margin-bottom: 5px;'><strong>Tiempo de Retardo [ON]:<\/strong> \u2264 5s [Opcional].<\/li>\n<li style='margin-bottom: 5px;'><strong>Distorsi\u00f3n de Onda:<\/strong> \u2264 1%.<\/li>\n<\/ul><\/div>\n<\/p><\/div>\n<p> <!-- Secci\u00f3n de Entrada --> <\/p>\n<div style='flex: 1 1 250px; border: 1px solid rgba(150&comma; 150&comma; 150&comma; 0.4); border-radius: 8px; overflow: hidden; display: flex; flex-direction: column;'>\n<div style='padding: 15px; border-bottom: 1px solid rgba(150&comma; 150&comma; 150&comma; 0.2); font-weight: bold; font-size: 18px; color: inherit;'>Entrada<\/div>\n<div style='padding: 15px; color: inherit;'>\n<ul style='padding-left: 20px; margin: 0; font-size: 14px; list-style-type: disc;'>\n<li style='margin-bottom: 5px;'><strong>Tensi\u00f3n Nominal:<\/strong> 2 x 120VAC [2F + N].<\/li>\n<li style='margin-bottom: 5px;'><strong>Rango de Voltaje:<\/strong> 176VAC &#8211; 264VAC.<\/li>\n<li style='margin-bottom: 5px;'><strong>Frecuencia:<\/strong> 50\/60 Hz.<\/li>\n<\/ul><\/div>\n<\/p><\/div>\n<p> <!-- Secci\u00f3n de Salida --> <\/p>\n<div style='flex: 1 1 250px; border: 1px solid rgba(150&comma; 150&comma; 150&comma; 0.4); border-radius: 8px; overflow: hidden; display: flex; flex-direction: column;'>\n<div style='padding: 15px; border-bottom: 1px solid rgba(150&comma; 150&comma; 150&comma; 0.2); font-weight: bold; font-size: 18px; color: inherit;'>Salida<\/div>\n<div style='padding: 15px; color: inherit;'>\n<ul style='padding-left: 20px; margin: 0; font-size: 14px; list-style-type: disc;'>\n<li style='margin-bottom: 5px;'><strong>Tensi\u00f3n Nominal:<\/strong> 2 x 120VAC [2F + N].<\/li>\n<li style='margin-bottom: 5px;'><strong>Estabilizaci\u00f3n:<\/strong> \u00b12% Ajustable.<\/li>\n<li style='margin-bottom: 5px;'><span style='color: inherit;'><strong>Nota:<\/strong> No cuenta con salida en fase dividida.<\/span><\/li>\n<\/ul><\/div>\n<\/p><\/div>\n<p> <!-- Secci\u00f3n de Sistema de Protecci\u00f3n --> <\/p>\n<div style='flex: 1 1 250px; border: 1px solid rgba(150&comma; 150&comma; 150&comma; 0.4); border-radius: 8px; overflow: hidden; display: flex; flex-direction: column;'>\n<div style='padding: 15px; border-bottom: 1px solid rgba(150&comma; 150&comma; 150&comma; 0.2); font-weight: bold; font-size: 18px; color: inherit;'>Sistema de Protecci\u00f3n<\/div>\n<div style='padding: 15px; color: inherit;'>\n<ul style='padding-left: 20px; margin: 0; font-size: 14px; list-style-type: disc;'>\n<li style='margin-bottom: 5px;'><strong>Sobre Voltaje:<\/strong> Corte de salida cuando el voltaje de salida es superior a 10% [ajustable]&comma; en 3 &#8211; 5 s.<\/li>\n<li style='margin-bottom: 5px;'><strong>Bajo Voltaje:<\/strong> Corte de salida cuando el voltaje de salida es inferior a 10% [ajustable]&comma; en 3 &#8211; 5 s.<\/li>\n<li style='margin-bottom: 5px;'><strong>Sobrecarga:<\/strong> Corte de salida en caso de sobrecorriente&comma; en 3 &#8211; 5 s.<\/li>\n<li style='margin-bottom: 5px;'><strong>Corto Circuito:<\/strong> Corte de salida cuando hay cortocircuito&comma; en 3 &#8211; 5 s.<\/li>\n<li style='margin-bottom: 5px;'><strong>Bypass:<\/strong> Transferencia manual a bypass cuando el AVR falla o se repara.<\/li>\n<\/ul><\/div>\n<\/p><\/div>\n<p> <!-- Secci\u00f3n de Pantalla LCD --> <\/p>\n<div style='flex: 1 1 250px; border: 1px solid rgba(150&comma; 150&comma; 150&comma; 0.4); border-radius: 8px; overflow: hidden; display: flex; flex-direction: column;'>\n<div style='padding: 15px; border-bottom: 1px solid rgba(150&comma; 150&comma; 150&comma; 0.2); font-weight: bold; font-size: 18px; color: inherit;'>Pantalla LCD<\/div>\n<div style='padding: 15px; color: inherit;'>\n<ul style='padding-left: 20px; margin: 0; font-size: 14px; list-style-type: disc;'>\n<li style='margin-bottom: 5px;'><strong>Voltaje de Entrada:<\/strong> Visualizaci\u00f3n en tiempo real.<\/li>\n<li style='margin-bottom: 5px;'><strong>Voltaje de Salida:<\/strong> Visualizaci\u00f3n en tiempo real.<\/li>\n<li style='margin-bottom: 5px;'><strong>Corriente de Entrada:<\/strong> Visualizaci\u00f3n en tiempo real.<\/li>\n<li style='margin-bottom: 5px;'><strong>Protecciones:<\/strong> Indicador de protecciones activas.<\/li>\n<\/ul><\/div>\n<\/p><\/div>\n<p> <!-- Secci\u00f3n de Otros --> <\/p>\n<div style='flex: 1 1 250px; border: 1px solid rgba(150&comma; 150&comma; 150&comma; 0.4); border-radius: 8px; overflow: hidden; display: flex; flex-direction: column;'>\n<div style='padding: 15px; border-bottom: 1px solid rgba(150&comma; 150&comma; 150&comma; 0.2); font-weight: bold; font-size: 18px; color: inherit;'>Otros<\/div>\n<div style='padding: 15px; color: inherit;'>\n<ul style='padding-left: 20px; margin: 0; font-size: 14px; list-style-type: disc;'>\n<li style='margin-bottom: 5px;'><strong>Sistema de Enfriado:<\/strong> Convecci\u00f3n.<\/li>\n<li style='margin-bottom: 5px;'><strong>Resistencia de Aislamiento:<\/strong> \u22652M\u03a9.<\/li>\n<li style='margin-bottom: 5px;'><strong>Resistencia al Voltaje:<\/strong> 2000VAC\/min sin desperfectos.<\/li>\n<li style='margin-bottom: 5px;'><strong>Nivel de Ruido:<\/strong> <65dB\/m.<\/li>\n<\/ul><\/div>\n<\/p><\/div>\n<p> <!-- Secci\u00f3n de Ambiente de Trabajo --> <\/p>\n<div style='flex: 1 1 250px; border: 1px solid rgba(150&comma; 150&comma; 150&comma; 0.4); border-radius: 8px; overflow: hidden; display: flex; flex-direction: column;'>\n<div style='padding: 15px; border-bottom: 1px solid rgba(150&comma; 150&comma; 150&comma; 0.2); font-weight: bold; font-size: 18px; color: inherit;'>Ambiente de Trabajo<\/div>\n<div style='padding: 15px; color: inherit;'>\n<ul style='padding-left: 20px; margin: 0; font-size: 14px; list-style-type: disc;'>\n<li style='margin-bottom: 5px;'><strong>Temperatura de Operaci\u00f3n:<\/strong> 0\u00b0C-45\u00b0C (sin condensaci\u00f3n).<\/li>\n<li style='margin-bottom: 5px;'><strong>Humedad de Trabajo:<\/strong> 20%-90%.<\/li>\n<\/ul><\/div>\n<\/p><\/div>\n<p> <!-- Secci\u00f3n de Dimensiones y Peso --> <\/p>\n<div style='flex: 1 1 250px; border: 1px solid rgba(150&comma; 150&comma; 150&comma; 0.4); border-radius: 8px; overflow: hidden; display: flex; flex-direction: column;'>\n<div style='padding: 15px; border-bottom: 1px solid rgba(150&comma; 150&comma; 150&comma; 0.2); font-weight: bold; font-size: 18px; color: inherit;'>Dimensiones y Peso<\/div>\n<div style='padding: 15px; color: inherit;'>\n<ul style='padding-left: 20px; margin: 0; font-size: 14px; list-style-type: disc;'>\n<li style='margin-bottom: 5px;'><strong>Dimensiones (AxHaxL):<\/strong> 280 x 320 x 530 mm.<\/li>\n<li style='margin-bottom: 5px;'><strong>Peso Neto:<\/strong> 19.5 kg.<\/li>\n<li style='margin-bottom: 5px;'><strong>Peso Bruto:<\/strong> 28.5 kg.<\/li>\n<\/ul><\/div>\n<\/p><\/div>\n<\/p><\/div>\n<p> <!-- Separador --> <\/p>\n<hr style='border: 0; border-top: 1px solid rgba(150&comma; 150&comma; 150&comma; 0.3); margin: 30px 0;'> <!-- Notas importantes --> <\/p>\n<div style='margin-top: 30px;'>\n<div style='padding: 15px; border-left: 4px solid #e74c3c; margin-bottom: 15px; background-color: rgba(231&comma; 76&comma; 60&comma; 0.05);'>\n<p style='margin: 0; color: #e74c3c; font-weight: bold; font-size: 16px;'><strong>NOTA 1:<\/strong> Se recomienda hacer un estudio previo para revisar las condiciones de la instalaci\u00f3n el\u00e9ctrica<\/p>\n<\/p><\/div>\n<div style='padding: 15px; border-left: 4px solid #e74c3c; margin-bottom: 15px; background-color: rgba(231&comma; 76&comma; 60&comma; 0.05);'>\n<p style='margin: 0; color: #e74c3c; font-weight: bold; font-size: 16px;'><strong>NOTA 2:<\/strong> En caso que el regulador sea alimentado con un voltaje alto y a la salida se tenga un voltaje a\u00fan m\u00e1s alto&comma; esto es sintoma de un desfase en el \u00e1ngulo de las fases de las que se alimenta el regulador. Esto se debe corregir alimentando el regulador de un transformador aislado.<\/p>\n<\/p><\/div>\n<div style='padding: 15px; border-left: 4px solid #e74c3c; margin-bottom: 15px; background-color: rgba(231&comma; 76&comma; 60&comma; 0.05);'>\n<p style='margin: 0; color: #e74c3c; font-weight: bold; font-size: 16px;'><strong>NOTA 3:<\/strong> No cuenta con cable de alimentaci\u00f3n&comma; es necesario armarlo con calibre y clavija correspondiente a voltaje y capacidad.<\/p>\n<\/p><\/div>\n<\/p><\/div>\n<\/p><\/div>\n","protected":false},"excerpt":{"rendered":"<p>Regulador de Voltaje Industrial Bif\u00e1sico Ferroresonante 2 kVA\/2 kW 220 V \/ Entrada 176-264 V Vca \/ Salida 215.6-224.4 Vca<\/p>\n","protected":false},"featured_media":45558,"comment_status":"open","ping_status":"closed","template":"","meta":[],"product_brand":[],"product_cat":[1240],"product_tag":[1088,454,1241],"class_list":{"0":"post-45559","1":"product","2":"type-product","3":"status-publish","4":"has-post-thumbnail","6":"product_cat-reguladores","7":"product_tag-calidad-de-la-energia","8":"product_tag-epcom-powerline","9":"product_tag-reguladores","11":"first","12":"instock","13":"sale","14":"shipping-taxable","15":"purchasable","16":"product-type-simple"},"_links":{"self":[{"href":"https:\/\/soydeaqui.ddns.net\/pachuca\/index.php\/wp-json\/wp\/v2\/product\/45559","targetHints":{"allow":["GET"]}}],"collection":[{"href":"https:\/\/soydeaqui.ddns.net\/pachuca\/index.php\/wp-json\/wp\/v2\/product"}],"about":[{"href":"https:\/\/soydeaqui.ddns.net\/pachuca\/index.php\/wp-json\/wp\/v2\/types\/product"}],"replies":[{"embeddable":true,"href":"https:\/\/soydeaqui.ddns.net\/pachuca\/index.php\/wp-json\/wp\/v2\/comments?post=45559"}],"wp:featuredmedia":[{"embeddable":true,"href":"https:\/\/soydeaqui.ddns.net\/pachuca\/index.php\/wp-json\/wp\/v2\/media\/45558"}],"wp:attachment":[{"href":"https:\/\/soydeaqui.ddns.net\/pachuca\/index.php\/wp-json\/wp\/v2\/media?parent=45559"}],"wp:term":[{"taxonomy":"product_brand","embeddable":true,"href":"https:\/\/soydeaqui.ddns.net\/pachuca\/index.php\/wp-json\/wp\/v2\/product_brand?post=45559"},{"taxonomy":"product_cat","embeddable":true,"href":"https:\/\/soydeaqui.ddns.net\/pachuca\/index.php\/wp-json\/wp\/v2\/product_cat?post=45559"},{"taxonomy":"product_tag","embeddable":true,"href":"https:\/\/soydeaqui.ddns.net\/pachuca\/index.php\/wp-json\/wp\/v2\/product_tag?post=45559"}],"curies":[{"name":"wp","href":"https:\/\/api.w.org\/{rel}","templated":true}]}}