{"id":45547,"date":"2026-03-18T20:11:32","date_gmt":"2026-03-18T20:11:32","guid":{"rendered":"https:\/\/soydeaqui.ddns.net\/pachuca\/index.php\/producto\/cincho-de-nylon-6-6-dome-top-con-lengueta-de-bloqueo-de-acero-inoxidable-620-mm-largo-x-7mm-ancho-color-negro-exterior-resistente-a-rayos-uv-paquete-de-100pz\/"},"modified":"2026-03-18T20:11:36","modified_gmt":"2026-03-18T20:11:36","slug":"cincho-de-nylon-6-6-dome-top-con-lengueta-de-bloqueo-de-acero-inoxidable-620-mm-largo-x-7mm-ancho-color-negro-exterior-resistente-a-rayos-uv-paquete-de-100pz","status":"publish","type":"product","link":"https:\/\/soydeaqui.ddns.net\/pachuca\/index.php\/producto\/cincho-de-nylon-6-6-dome-top-con-lengueta-de-bloqueo-de-acero-inoxidable-620-mm-largo-x-7mm-ancho-color-negro-exterior-resistente-a-rayos-uv-paquete-de-100pz\/","title":{"rendered":"Cincho de Nylon 6.6 Dome-Top\u00ae, Con Leng\u00fceta de Bloqueo de Acero Inoxidable, 620 mm largo x 7mm ancho, Color Negro, Exterior Resistente a Rayos UV, Paquete de 100pz"},"content":{"rendered":"<div style='width: 100%; max-width: 1200px; margin: 0 auto; font-family: sans-serif; line-height: 1.6; color: inherit; background-color: transparent;'>\n<div style='display: flex; flex-direction: column; gap: 20px;'> <img style='width: 100%; height: auto; border: 1px solid rgba(150&comma;150&comma;150&comma;0.3); border-radius: 8px;' src='https:\/\/ftp3.syscom.mx\/usuarios\/fotos\/SCL2\/0X\/214870-217843-panduit-logo-tm-negro-fondo_trans30-01_(002)_(1).png' alt=''> <\/p>\n<div style='font-size: 21px; color: rgba(48&comma; 48&comma; 48&comma; 0.8); opacity: 0.8; font-weight: 500; margin-top: 0; border-bottom: 2px solid currentColor; padding-bottom: 5px;'> BT7LH-C0 <\/div>\n<p style='margin: 0 0 15px; color: inherit; font-size: 15px;'> El cincho BT7LH-C0 Dome-Top\u00ae presenta un dise\u00f1o \u00fanico patentado con bordes redondeados y lisos. Junto con la leng\u00fceta de bloqueo de acero inoxidable&comma; brinda un rendimiento constante&comma; confiabilidad y capacidad de ajuste. Es secci\u00f3n transversal est\u00e1ndar ligera\/pesado&comma; de 24.4 in (620 mm) de longitud. Apropiado para uso en interior\/exterior&comma; hecho de Nylon 6.6 resistente a la intemperie con alta resistencia a la luz ultravioleta. <\/p>\n<p> <img style='width: 100%; height: auto; border: 1px solid rgba(150&comma;150&comma;150&comma;0.3); border-radius: 8px;' src='https:\/\/ftp3.syscom.mx\/usuarios\/fotos\/BT7LHC0\/224721-captura_de_pantalla_2023-11-24_a_la(s)_2.49.12 p.m..png' alt=''> <\/div>\n<\/p><\/div>\n","protected":false},"excerpt":{"rendered":"<p>Cincho de Nylon 6.6 Dome-Top\u00ae, Con Leng\u00fceta de Bloqueo de Acero Inoxidable, 620 mm largo x 7mm ancho, Color Negro, Exterior Resistente a Rayos UV, Paquete de 100pz<\/p>\n","protected":false},"featured_media":45546,"comment_status":"open","ping_status":"closed","template":"","meta":[],"product_brand":[],"product_cat":[574],"product_tag":[572,575,445],"class_list":{"0":"post-45547","1":"product","2":"type-product","3":"status-publish","4":"has-post-thumbnail","6":"product_cat-fijacion","7":"product_tag-canalizacion","8":"product_tag-fijacion","9":"product_tag-panduit","11":"first","12":"instock","13":"sale","14":"shipping-taxable","15":"purchasable","16":"product-type-simple"},"_links":{"self":[{"href":"https:\/\/soydeaqui.ddns.net\/pachuca\/index.php\/wp-json\/wp\/v2\/product\/45547","targetHints":{"allow":["GET"]}}],"collection":[{"href":"https:\/\/soydeaqui.ddns.net\/pachuca\/index.php\/wp-json\/wp\/v2\/product"}],"about":[{"href":"https:\/\/soydeaqui.ddns.net\/pachuca\/index.php\/wp-json\/wp\/v2\/types\/product"}],"replies":[{"embeddable":true,"href":"https:\/\/soydeaqui.ddns.net\/pachuca\/index.php\/wp-json\/wp\/v2\/comments?post=45547"}],"wp:featuredmedia":[{"embeddable":true,"href":"https:\/\/soydeaqui.ddns.net\/pachuca\/index.php\/wp-json\/wp\/v2\/media\/45546"}],"wp:attachment":[{"href":"https:\/\/soydeaqui.ddns.net\/pachuca\/index.php\/wp-json\/wp\/v2\/media?parent=45547"}],"wp:term":[{"taxonomy":"product_brand","embeddable":true,"href":"https:\/\/soydeaqui.ddns.net\/pachuca\/index.php\/wp-json\/wp\/v2\/product_brand?post=45547"},{"taxonomy":"product_cat","embeddable":true,"href":"https:\/\/soydeaqui.ddns.net\/pachuca\/index.php\/wp-json\/wp\/v2\/product_cat?post=45547"},{"taxonomy":"product_tag","embeddable":true,"href":"https:\/\/soydeaqui.ddns.net\/pachuca\/index.php\/wp-json\/wp\/v2\/product_tag?post=45547"}],"curies":[{"name":"wp","href":"https:\/\/api.w.org\/{rel}","templated":true}]}}