{"id":45520,"date":"2026-03-18T20:10:47","date_gmt":"2026-03-18T20:10:47","guid":{"rendered":"https:\/\/soydeaqui.ddns.net\/pachuca\/index.php\/producto\/bateria-de-litio-lifepo4-ciclo-profundo-12-8vcc-120-ah-1-53kwh-para-exterior-libre-de-mantenimiento\/"},"modified":"2026-03-18T20:10:54","modified_gmt":"2026-03-18T20:10:54","slug":"bateria-de-litio-lifepo4-ciclo-profundo-12-8vcc-120-ah-1-53kwh-para-exterior-libre-de-mantenimiento","status":"publish","type":"product","link":"https:\/\/soydeaqui.ddns.net\/pachuca\/index.php\/producto\/bateria-de-litio-lifepo4-ciclo-profundo-12-8vcc-120-ah-1-53kwh-para-exterior-libre-de-mantenimiento\/","title":{"rendered":"Bater\u00eda de Litio LiFePO4 Ciclo Profundo 12.8Vcc, 120 Ah, 1.53Kwh, para Exterior, Libre de Mantenimiento"},"content":{"rendered":"<div style='width: 100%; max-width: 1200px; margin: 0 auto; font-family: sans-serif; line-height: 1.6; color: inherit; background-color: transparent;'>\n<div style='width: 100%; text-align: center; margin-bottom: 30px;'>\n<h1 style='font-size: 24px; color: inherit; margin-bottom: 15px;'>Especificaciones de Bater\u00eda EPEVER LFP120EP12.8<\/h1>\n<p style='font-size: 16px; color: inherit; background-color: transparent;'>Se trata de una bater\u00eda de alta calidad dise\u00f1ada para proporcionar una soluci\u00f3n energ\u00e9tica confiable y eficiente en una variedad de aplicaciones. Con una capacidad nominal de 120AH y un voltaje nominal de 12.8V&comma; esta bater\u00eda ofrece un rendimiento excepcional y una larga vida \u00fatil. Con caracter\u00edsticas f\u00edsicas y el\u00e9ctricas cuidadosamente dise\u00f1adas&comma; as\u00ed como funciones avanzadas de seguridad y certificaciones relevantes&comma; esta bater\u00eda es una opci\u00f3n ideal para aquellos que buscan una fuente de energ\u00eda vers\u00e1til y de alto rendimiento.<\/p>\n<\/p><\/div>\n<div style='display: flex; flex-wrap: wrap; gap: 30px; margin-bottom: 30px;'>\n<div style='flex: 1 1 300px; min-width: 280px;'>\n<div style='border: 1px solid rgba(150&comma; 150&comma; 150&comma; 0.4); border-radius: 8px; overflow: hidden; display: flex; flex-direction: column;'>\n<div style='padding: 15px; border-bottom: 1px solid rgba(150&comma; 150&comma; 150&comma; 0.2); font-weight: bold; font-size: 18px; color: inherit; background-color: rgba(0&comma; 0&comma; 0&comma; 0.05);'>Caracter\u00edsticas Principales:<\/div>\n<div style='padding: 15px; color: inherit;'>\n<ul style='padding-left: 20px; margin: 0; font-size: 14px; list-style-type: disc; color: inherit;'>\n<li style='margin-bottom: 5px;'><strong>Capacidad Nominal:<\/strong> 120AH<\/li>\n<li style='margin-bottom: 5px;'><strong>Voltaje Nominal:<\/strong> 12.8V<\/li>\n<li style='margin-bottom: 5px;'><strong>Energ\u00eda Total:<\/strong> 1536WH<\/li>\n<li style='margin-bottom: 5px;'><strong>Ciclo de Vida:<\/strong> >4000 a 80% DOD<\/li>\n<\/ul><\/div>\n<\/p><\/div>\n<\/p><\/div>\n<div style='flex: 1 1 300px; min-width: 280px;'>\n<div style='border: 1px solid rgba(150&comma; 150&comma; 150&comma; 0.4); border-radius: 8px; overflow: hidden; display: flex; flex-direction: column;'>\n<div style='padding: 15px; border-bottom: 1px solid rgba(150&comma; 150&comma; 150&comma; 0.2); font-weight: bold; font-size: 18px; color: inherit; background-color: rgba(0&comma; 0&comma; 0&comma; 0.05);'>Caracter\u00edsticas F\u00edsicas y El\u00e9ctricas:<\/div>\n<div style='padding: 15px; color: inherit;'>\n<ul style='padding-left: 20px; margin: 0; font-size: 14px; list-style-type: disc; color: inherit;'>\n<li style='margin-bottom: 5px;'><strong>Dimensiones:<\/strong> 339x185x218 mm<\/li>\n<li style='margin-bottom: 5px;'><strong>Peso:<\/strong> 19\u00b10.5 Kg<\/li>\n<li style='margin-bottom: 5px;'><strong>Terminal:<\/strong> M8<\/li>\n<\/ul><\/div>\n<\/p><\/div>\n<\/p><\/div>\n<div style='flex: 1 1 300px; min-width: 280px;'>\n<div style='border: 1px solid rgba(150&comma; 150&comma; 150&comma; 0.4); border-radius: 8px; overflow: hidden; display: flex; flex-direction: column;'>\n<div style='padding: 15px; border-bottom: 1px solid rgba(150&comma; 150&comma; 150&comma; 0.2); font-weight: bold; font-size: 18px; color: inherit; background-color: rgba(0&comma; 0&comma; 0&comma; 0.05);'>Caracter\u00edsticas Destacadas:<\/div>\n<div style='padding: 15px; color: inherit;'>\n<ul style='padding-left: 20px; margin: 0; font-size: 14px; list-style-type: disc; color: inherit;'>\n<li style='margin-bottom: 5px;'><strong>Funci\u00f3n de Balanceo de Celdas<\/strong><\/li>\n<li style='margin-bottom: 5px;'><strong>Protecciones Avanzadas de Seguridad<\/strong><\/li>\n<li style='margin-bottom: 5px;'><strong>Certificaciones:<\/strong> UN38.3&comma; MSDS<\/li>\n<li style='margin-bottom: 5px;'><strong>Clase IP:<\/strong> IP65 (se recomienda almacenar en gabinete)<\/li>\n<li style='margin-bottom: 5px;'><strong>Conexi\u00f3n en Serie:<\/strong> Hasta 4 Unidades<\/li>\n<li style='margin-bottom: 5px;'><strong>Conexi\u00f3n en Paralelo:<\/strong> Hasta 4 Unidades<\/li>\n<\/ul><\/div>\n<\/p><\/div>\n<\/p><\/div>\n<\/p><\/div>\n<hr style='border: 0; border-top: 1px solid rgba(150&comma; 150&comma; 150&comma; 0.3); margin: 30px 0;'> <\/div>\n","protected":false},"excerpt":{"rendered":"<p>Bater\u00eda de Litio LiFePO4 Ciclo Profundo 12.8Vcc, 120 Ah, 1.53Kwh, para Exterior, Libre de Mantenimiento<\/p>\n","protected":false},"featured_media":45519,"comment_status":"open","ping_status":"closed","template":"","meta":[],"product_brand":[],"product_cat":[1084],"product_tag":[143,1085,1182],"class_list":{"0":"post-45520","1":"product","2":"type-product","3":"status-publish","4":"has-post-thumbnail","6":"product_cat-baterias-baterias-y-cargadores","7":"product_tag-baterias","8":"product_tag-baterias-y-cargadores","9":"product_tag-epever","11":"first","12":"outofstock","13":"sale","14":"shipping-taxable","15":"purchasable","16":"product-type-simple"},"_links":{"self":[{"href":"https:\/\/soydeaqui.ddns.net\/pachuca\/index.php\/wp-json\/wp\/v2\/product\/45520","targetHints":{"allow":["GET"]}}],"collection":[{"href":"https:\/\/soydeaqui.ddns.net\/pachuca\/index.php\/wp-json\/wp\/v2\/product"}],"about":[{"href":"https:\/\/soydeaqui.ddns.net\/pachuca\/index.php\/wp-json\/wp\/v2\/types\/product"}],"replies":[{"embeddable":true,"href":"https:\/\/soydeaqui.ddns.net\/pachuca\/index.php\/wp-json\/wp\/v2\/comments?post=45520"}],"wp:featuredmedia":[{"embeddable":true,"href":"https:\/\/soydeaqui.ddns.net\/pachuca\/index.php\/wp-json\/wp\/v2\/media\/45519"}],"wp:attachment":[{"href":"https:\/\/soydeaqui.ddns.net\/pachuca\/index.php\/wp-json\/wp\/v2\/media?parent=45520"}],"wp:term":[{"taxonomy":"product_brand","embeddable":true,"href":"https:\/\/soydeaqui.ddns.net\/pachuca\/index.php\/wp-json\/wp\/v2\/product_brand?post=45520"},{"taxonomy":"product_cat","embeddable":true,"href":"https:\/\/soydeaqui.ddns.net\/pachuca\/index.php\/wp-json\/wp\/v2\/product_cat?post=45520"},{"taxonomy":"product_tag","embeddable":true,"href":"https:\/\/soydeaqui.ddns.net\/pachuca\/index.php\/wp-json\/wp\/v2\/product_tag?post=45520"}],"curies":[{"name":"wp","href":"https:\/\/api.w.org\/{rel}","templated":true}]}}