{"id":45486,"date":"2026-03-18T20:09:54","date_gmt":"2026-03-18T20:09:54","guid":{"rendered":"https:\/\/soydeaqui.ddns.net\/pachuca\/index.php\/producto\/tubo-conduit-cedula-40-de-1-1-4-35-mm\/"},"modified":"2026-03-18T20:09:55","modified_gmt":"2026-03-18T20:09:55","slug":"tubo-conduit-cedula-40-de-1-1-4-35-mm","status":"publish","type":"product","link":"https:\/\/soydeaqui.ddns.net\/pachuca\/index.php\/producto\/tubo-conduit-cedula-40-de-1-1-4-35-mm\/","title":{"rendered":"Tubo Conduit C\u00e9dula 40 de 1 1\/4&#8243; (35 mm)."},"content":{"rendered":"<div style='width: 100%; max-width: 1200px; margin: 0 auto; font-family: sans-serif; line-height: 1.6; color: inherit; background-color: transparent;'> <!-- Secci\u00f3n de aplicaciones --> <\/p>\n<div style='margin-bottom: 30px;'>\n<h3 style='font-size: 22px; border-bottom: 2px solid currentColor; padding-bottom: 5px; margin-top: 0; color: inherit; opacity: 0.8;'>Aplicaciones<\/h3>\n<p style='font-size: 15px; margin-top: 15px; color: inherit;'> Esta tuber\u00eda est\u00e1 especialmente dise\u00f1ada para la conducci\u00f3n de cables el\u00e9ctricos&comma; en usos como instalaciones el\u00e9ctricas&comma; industriales o dom\u00e9sticas. En instalaciones el\u00e9ctricas de sistemas subterr\u00e1neos&comma; ahogados en concreto o directamente enterrados&comma; o en sistemas expuestos a la intemperie para alojar y proteger los cables que conducen la energ\u00eda el\u00e9ctrica&comma; para su uso en centros comerciales&comma; naves industriales&comma; etc. <\/p>\n<p style='font-size: 15px; margin-top: 15px; color: inherit;'> La tuber\u00eda conduit c\u00e9dula 40 es elaborada mediante un compuesto de Policloruro de vinilo (PVC) sin plastificante&comma; con celda de clasificaci\u00f3n 12454 de acuerdo a la NMX-E-031. <\/p>\n<p style='font-size: 15px; margin-top: 15px; color: inherit;'> La uni\u00f3n de estas tuber\u00edas se lleva a cabo por medio de la interconexi\u00f3n directa de un casquillo termoformado e integrado al tubo&comma; o por medio de un cople de PVC inyectado y que facilita su inserci\u00f3n. Su sistema de uni\u00f3n cementar&comma; forma un conjunto homog\u00e9neo que desarrolla m\u00e1xima resistencia y un sello herm\u00e9tico. <\/p>\n<p style='font-size: 15px; margin-top: 15px; color: inherit;'> Esta tuber\u00eda cumple plenamente con la norma de especificaci\u00f3n UL 651&comma; como lo avala su certificaci\u00f3n para instalaciones el\u00e9ctricas que trabajan a una temperatura m\u00e1xima de 60 \u00b0C. <\/p>\n<p style='font-size: 15px; margin-top: 15px; color: inherit;'> El cumplimiento de todo lo antes mencionado&comma; garantiza completamente el correcto funcionamiento del producto&comma; as\u00ed como su vida \u00fatil. Cumple con los m\u00e1s altos est\u00e1ndares de seguridad y gracias a su rigidez diel\u00e9ctrica son un buen aislante en las instalaciones&comma; evitando cortocircuitos y\/o fugas de potencial el\u00e9ctrico del cable al ducto. <\/p>\n<\/p><\/div>\n<p> <!-- Secci\u00f3n de caracter\u00edsticas --> <\/p>\n<div style='margin-bottom: 30px;'>\n<h3 style='font-size: 22px; border-bottom: 2px solid currentColor; padding-bottom: 5px; margin-top: 0; color: inherit; opacity: 0.8;'>Caracter\u00edsticas<\/h3>\n<ul style='padding-left: 20px; font-size: 15px; margin-top: 15px; color: inherit;'>\n<li style='margin-bottom: 5px;'>Auto extinguible<\/li>\n<li style='margin-bottom: 5px;'>Di\u00e1metro Nominal: 1 1\/4&#8242;<\/li>\n<li style='margin-bottom: 5px;'>Di\u00e1metro exterior promedio:\n<ul style='padding-left: 25px; margin-top: 5px; margin-bottom: 5px; color: inherit;'>\n<li style='margin-bottom: 5px;'>M\u00ednimo: 41.86 mm (1.65&#8242;)<\/li>\n<li style='margin-bottom: 5px;'>M\u00e1ximo: 42.47 mm (1.67&#8242;)<\/li>\n<\/ul>\n<\/li>\n<li style='margin-bottom: 5px;'>Espesor m\u00ednimo de pared: 3.56 mm (0.14&#8242;)<\/li>\n<li style='margin-bottom: 5px;'>Di\u00e1metro de entrada casquillo:\n<ul style='padding-left: 25px; margin-top: 5px; margin-bottom: 5px; color: inherit;'>\n<li style='margin-bottom: 5px;'>M\u00ednimo: 42.30 mm (1.66&#8242;)<\/li>\n<li style='margin-bottom: 5px;'>M\u00e1ximo: 42.90 mm (1.69&#8242;)<\/li>\n<\/ul>\n<\/li>\n<li style='margin-bottom: 5px;'>Di\u00e1metro de terminal casquillo:\n<ul style='padding-left: 25px; margin-top: 5px; margin-bottom: 5px; color: inherit;'>\n<li style='margin-bottom: 5px;'>M\u00ednimo: 41.73 mm (1.64&#8242;)<\/li>\n<li style='margin-bottom: 5px;'>M\u00e1ximo: 42.34 mm (1.67&#8242;)<\/li>\n<\/ul>\n<\/li>\n<li style='margin-bottom: 5px;'>Longitud m\u00ednima de casquillo: 23.83 mm (0.94&#8242;)<\/li>\n<\/ul><\/div>\n<p> <!-- Nota sobre longitud --> <\/p>\n<div style='margin-bottom: 30px;'>\n<p style='font-size: 15px; color: inherit; margin-top: 0;'> NOTA: La longitud de las tuber\u00edas&comma; en ambos tipos es de 3&comma;000 mm +\/- 0.5% (15 mm). <\/p>\n<\/p><\/div>\n<p> <!-- Separador --> <\/p>\n<hr style='border: 0; border-top: 1px solid rgba(150&comma; 150&comma; 150&comma; 0.3); margin: 30px 0;'> <\/div>\n","protected":false},"excerpt":{"rendered":"<p>Tubo Conduit C\u00e9dula 40 de 1 1\/4&#8243; (35 mm).<\/p>\n","protected":false},"featured_media":45485,"comment_status":"open","ping_status":"closed","template":"","meta":[],"product_brand":[],"product_cat":[648],"product_tag":[703,572,649],"class_list":{"0":"post-45486","1":"product","2":"type-product","3":"status-publish","4":"has-post-thumbnail","6":"product_cat-tuberia-pvc-registros-pvc","7":"product_tag-amanco-wavin","8":"product_tag-canalizacion","9":"product_tag-tuberia-pvc-registros-pvc","11":"first","12":"instock","13":"sale","14":"shipping-taxable","15":"purchasable","16":"product-type-simple"},"_links":{"self":[{"href":"https:\/\/soydeaqui.ddns.net\/pachuca\/index.php\/wp-json\/wp\/v2\/product\/45486","targetHints":{"allow":["GET"]}}],"collection":[{"href":"https:\/\/soydeaqui.ddns.net\/pachuca\/index.php\/wp-json\/wp\/v2\/product"}],"about":[{"href":"https:\/\/soydeaqui.ddns.net\/pachuca\/index.php\/wp-json\/wp\/v2\/types\/product"}],"replies":[{"embeddable":true,"href":"https:\/\/soydeaqui.ddns.net\/pachuca\/index.php\/wp-json\/wp\/v2\/comments?post=45486"}],"wp:featuredmedia":[{"embeddable":true,"href":"https:\/\/soydeaqui.ddns.net\/pachuca\/index.php\/wp-json\/wp\/v2\/media\/45485"}],"wp:attachment":[{"href":"https:\/\/soydeaqui.ddns.net\/pachuca\/index.php\/wp-json\/wp\/v2\/media?parent=45486"}],"wp:term":[{"taxonomy":"product_brand","embeddable":true,"href":"https:\/\/soydeaqui.ddns.net\/pachuca\/index.php\/wp-json\/wp\/v2\/product_brand?post=45486"},{"taxonomy":"product_cat","embeddable":true,"href":"https:\/\/soydeaqui.ddns.net\/pachuca\/index.php\/wp-json\/wp\/v2\/product_cat?post=45486"},{"taxonomy":"product_tag","embeddable":true,"href":"https:\/\/soydeaqui.ddns.net\/pachuca\/index.php\/wp-json\/wp\/v2\/product_tag?post=45486"}],"curies":[{"name":"wp","href":"https:\/\/api.w.org\/{rel}","templated":true}]}}